{"id":6551,"date":"2023-07-12T00:06:18","date_gmt":"2023-07-12T00:06:18","guid":{"rendered":"https:\/\/institutounao.com.mx\/?page_id=6551"},"modified":"2023-07-12T15:45:22","modified_gmt":"2023-07-12T15:45:22","slug":"se23-35-taller-de-habilidades-investigativas-construccion-del-objeto-de-estudio","status":"publish","type":"page","link":"https:\/\/institutounao.com.mx\/index.php\/se23-35-taller-de-habilidades-investigativas-construccion-del-objeto-de-estudio\/","title":{"rendered":"SE23.35 Taller de Habilidades Investigativas: Construcci\u00f3n del Objeto De Estudio"},"content":{"rendered":"\t\t<div data-elementor-type=\"wp-page\" data-elementor-id=\"6551\" class=\"elementor elementor-6551\">\n\t\t\t\t\t\t<section class=\"elementor-section elementor-top-section elementor-element elementor-element-63d3457 elementor-section-boxed elementor-section-height-default elementor-section-height-default\" data-id=\"63d3457\" data-element_type=\"section\" data-e-type=\"section\">\n\t\t\t\t\t\t<div class=\"elementor-container elementor-column-gap-default\">\n\t\t\t\t\t<div class=\"elementor-column elementor-col-100 elementor-top-column elementor-element elementor-element-5976f66\" data-id=\"5976f66\" data-element_type=\"column\" data-e-type=\"column\">\n\t\t\t<div class=\"elementor-widget-wrap elementor-element-populated\">\n\t\t\t\t\t\t<div class=\"elementor-element elementor-element-2c1ed82 elementor-widget elementor-widget-heading\" data-id=\"2c1ed82\" data-element_type=\"widget\" data-e-type=\"widget\" data-widget_type=\"heading.default\">\n\t\t\t\t<div class=\"elementor-widget-container\">\n\t\t\t\t\t<h2 class=\"elementor-heading-title elementor-size-default\">Taller de Habilidades Investigativas - Construcci\u00f3n del Objeto De Estudio<\/h2>\t\t\t\t<\/div>\n\t\t\t\t<\/div>\n\t\t\t\t\t<\/div>\n\t\t<\/div>\n\t\t\t\t\t<\/div>\n\t\t<\/section>\n\t\t\t\t<section class=\"elementor-section elementor-top-section elementor-element elementor-element-0a01152 elementor-section-boxed elementor-section-height-default elementor-section-height-default\" data-id=\"0a01152\" data-element_type=\"section\" data-e-type=\"section\">\n\t\t\t\t\t\t<div class=\"elementor-container elementor-column-gap-default\">\n\t\t\t\t\t<div class=\"elementor-column elementor-col-100 elementor-top-column elementor-element elementor-element-20363fd\" data-id=\"20363fd\" data-element_type=\"column\" data-e-type=\"column\">\n\t\t\t<div class=\"elementor-widget-wrap elementor-element-populated\">\n\t\t\t\t\t\t<div class=\"elementor-element elementor-element-3f72e62 elementor-widget elementor-widget-text-editor\" data-id=\"3f72e62\" data-element_type=\"widget\" data-e-type=\"widget\" data-widget_type=\"text-editor.default\">\n\t\t\t\t<div class=\"elementor-widget-container\">\n\t\t\t\t\t\t\t\t\t<h4><strong>Acreditaci\u00f3n de Actividades<\/strong><\/h4>\t\t\t\t\t\t\t\t<\/div>\n\t\t\t\t<\/div>\n\t\t\t\t\t<\/div>\n\t\t<\/div>\n\t\t\t\t\t<\/div>\n\t\t<\/section>\n\t\t\t\t<section class=\"elementor-section elementor-top-section elementor-element elementor-element-6fffd0b elementor-section-boxed elementor-section-height-default elementor-section-height-default\" data-id=\"6fffd0b\" data-element_type=\"section\" data-e-type=\"section\">\n\t\t\t\t\t\t<div class=\"elementor-container elementor-column-gap-default\">\n\t\t\t\t\t<div class=\"elementor-column elementor-col-100 elementor-top-column elementor-element elementor-element-8a11055\" data-id=\"8a11055\" data-element_type=\"column\" data-e-type=\"column\">\n\t\t\t<div class=\"elementor-widget-wrap elementor-element-populated\">\n\t\t\t\t\t\t<div class=\"elementor-element elementor-element-8ff7ecd elementor-widget elementor-widget-text-editor\" data-id=\"8ff7ecd\" data-element_type=\"widget\" data-e-type=\"widget\" data-widget_type=\"text-editor.default\">\n\t\t\t\t<div class=\"elementor-widget-container\">\n\t\t\t\t\t\t\t\t\t<p>Instituci\u00f3n: Instituto Universitario Antequera de Oaxaca.\u00a0<br \/>Ciclo Escolar: enero &#8211; junio de 2023.<br \/>Programa: Maestr\u00eda en Pedagog\u00eda.<br \/>Semestre: Segundo.<br \/>Modalidad: Virtual.<br \/>Horas lectivas: 20 horas lectivas.<br \/>Imparte: Mtra. ALICIA CONCEPCION SOLANO FELIX.<\/p><p>Participantes que acreditaron:\u00a0<\/p><ul><li><p>PMP1 2023-1 JOSE DE JESUS JUAREZ GONZALEZ.<\/p><\/li><li><p>PMP3 2023-1 SAHARA YASHIB ZAMORA FARIAS.<\/p><\/li><li><p>PMP4 2023-1 ERICK EDWIN VASQUEZ OCAMPO.<\/p><\/li><li><p>PMP5 2023-1 PAULINA VICTORIANO MARTINEZ.<\/p><\/li><li><p>PMP6 2023-1 MAYARI MIJANGOS VALERIO.<\/p><\/li><li><p>PMP7 2023-1 ANA MARIA GASPAR HERNANDEZ.<\/p><\/li><li><p>PMP8 2023-1 KAROL VAZQUEZ ROMERO.<\/p><\/li><li><p>PMP 2023-1 ITZEL SELENE GINEZ CONTRERAS.<\/p><\/li><li><p>PMP10 2023-1 PAOLA MARTINEZ GUZMAN.<\/p><\/li><li><p>PMP11 2023-1 BERTHA RUIZ RAMOS.<\/p><\/li><li><p>PMP12 2023-1 ARELI NAVA LIMA.<\/p><\/li><li><p>PMP14 2023-1 FERNANDO BOLA\u00d1OS GARCIA.<\/p><\/li><li><p>PMP15 2023-1 LORENA AGUILAR CORTES.<\/p><\/li><li><p>PMP16 2023-1 JOSE MARTIN MU\u00d1OZ SOLORZA.<\/p><\/li><li><p>PMP2 2022-2 IRMA VANESSA OLIVERA PERALTA.<\/p><\/li><\/ul>\t\t\t\t\t\t\t\t<\/div>\n\t\t\t\t<\/div>\n\t\t\t\t\t<\/div>\n\t\t<\/div>\n\t\t\t\t\t<\/div>\n\t\t<\/section>\n\t\t\t\t<\/div>\n\t\t","protected":false},"excerpt":{"rendered":"<p>Taller de Habilidades Investigativas &#8211; Construcci\u00f3n del Objeto De Estudio Acreditaci\u00f3n de Actividades Instituci\u00f3n: Instituto Universitario Antequera de Oaxaca.\u00a0Ciclo Escolar: enero &#8211; junio de 2023.Programa: Maestr\u00eda en Pedagog\u00eda.Semestre: Segundo.Modalidad: Virtual.Horas lectivas: 20 horas lectivas.Imparte: Mtra. ALICIA CONCEPCION SOLANO FELIX. Participantes que acreditaron:\u00a0 PMP1 2023-1 JOSE DE JESUS JUAREZ GONZALEZ. PMP3 <a class=\"read-more\" href=\"https:\/\/institutounao.com.mx\/index.php\/se23-35-taller-de-habilidades-investigativas-construccion-del-objeto-de-estudio\/\">Read More&#8230;<\/a><\/p>\n","protected":false},"author":1,"featured_media":0,"parent":0,"menu_order":0,"comment_status":"closed","ping_status":"closed","template":"","meta":{"_joinchat":[],"footnotes":""},"class_list":["post-6551","page","type-page","status-publish","hentry"],"jetpack_sharing_enabled":true,"_links":{"self":[{"href":"https:\/\/institutounao.com.mx\/index.php\/wp-json\/wp\/v2\/pages\/6551","targetHints":{"allow":["GET"]}}],"collection":[{"href":"https:\/\/institutounao.com.mx\/index.php\/wp-json\/wp\/v2\/pages"}],"about":[{"href":"https:\/\/institutounao.com.mx\/index.php\/wp-json\/wp\/v2\/types\/page"}],"author":[{"embeddable":true,"href":"https:\/\/institutounao.com.mx\/index.php\/wp-json\/wp\/v2\/users\/1"}],"replies":[{"embeddable":true,"href":"https:\/\/institutounao.com.mx\/index.php\/wp-json\/wp\/v2\/comments?post=6551"}],"version-history":[{"count":5,"href":"https:\/\/institutounao.com.mx\/index.php\/wp-json\/wp\/v2\/pages\/6551\/revisions"}],"predecessor-version":[{"id":7515,"href":"https:\/\/institutounao.com.mx\/index.php\/wp-json\/wp\/v2\/pages\/6551\/revisions\/7515"}],"wp:attachment":[{"href":"https:\/\/institutounao.com.mx\/index.php\/wp-json\/wp\/v2\/media?parent=6551"}],"curies":[{"name":"wp","href":"https:\/\/api.w.org\/{rel}","templated":true}]}}