{"id":6449,"date":"2023-07-08T17:59:08","date_gmt":"2023-07-08T17:59:08","guid":{"rendered":"https:\/\/institutounao.com.mx\/?page_id=6449"},"modified":"2023-07-11T20:44:57","modified_gmt":"2023-07-11T20:44:57","slug":"se23-29-maestria-en-pedagogia-acreditacion","status":"publish","type":"page","link":"https:\/\/institutounao.com.mx\/index.php\/se23-29-maestria-en-pedagogia-acreditacion\/","title":{"rendered":"SE23.29 Maestr\u00eda en Pedagog\u00eda &#8211; Acreditaci\u00f3n"},"content":{"rendered":"\t\t<div data-elementor-type=\"wp-page\" data-elementor-id=\"6449\" class=\"elementor elementor-6449\">\n\t\t\t\t\t\t<section class=\"elementor-section elementor-top-section elementor-element elementor-element-244495d elementor-section-boxed elementor-section-height-default elementor-section-height-default\" data-id=\"244495d\" data-element_type=\"section\" data-e-type=\"section\">\n\t\t\t\t\t\t<div class=\"elementor-container elementor-column-gap-default\">\n\t\t\t\t\t<div class=\"elementor-column elementor-col-100 elementor-top-column elementor-element elementor-element-aaff0e6\" data-id=\"aaff0e6\" data-element_type=\"column\" data-e-type=\"column\">\n\t\t\t<div class=\"elementor-widget-wrap elementor-element-populated\">\n\t\t\t\t\t\t<div class=\"elementor-element elementor-element-ab533e4 elementor-widget elementor-widget-heading\" data-id=\"ab533e4\" data-element_type=\"widget\" data-e-type=\"widget\" data-widget_type=\"heading.default\">\n\t\t\t\t<div class=\"elementor-widget-container\">\n\t\t\t\t\t<h2 class=\"elementor-heading-title elementor-size-default\">Maestr\u00eda en Pedagog\u00eda.<\/h2>\t\t\t\t<\/div>\n\t\t\t\t<\/div>\n\t\t\t\t\t<\/div>\n\t\t<\/div>\n\t\t\t\t\t<\/div>\n\t\t<\/section>\n\t\t\t\t<section class=\"elementor-section elementor-top-section elementor-element elementor-element-36c05f7 elementor-section-boxed elementor-section-height-default elementor-section-height-default\" data-id=\"36c05f7\" data-element_type=\"section\" data-e-type=\"section\">\n\t\t\t\t\t\t<div class=\"elementor-container elementor-column-gap-default\">\n\t\t\t\t\t<div class=\"elementor-column elementor-col-100 elementor-top-column elementor-element elementor-element-a39513c\" data-id=\"a39513c\" data-element_type=\"column\" data-e-type=\"column\">\n\t\t\t<div class=\"elementor-widget-wrap elementor-element-populated\">\n\t\t\t\t\t\t<div class=\"elementor-element elementor-element-7a5165d elementor-widget elementor-widget-text-editor\" data-id=\"7a5165d\" data-element_type=\"widget\" data-e-type=\"widget\" data-widget_type=\"text-editor.default\">\n\t\t\t\t<div class=\"elementor-widget-container\">\n\t\t\t\t\t\t\t\t\t<p><strong>\u00a0Taller de Habilidades Investigativas: Investigaci\u00f3n y An\u00e1lisis de Textos Acad\u00e9micos.<br \/>Ciclo Escolar enero &#8211; junio 2023 (2023-2).<\/strong><\/p>\t\t\t\t\t\t\t\t<\/div>\n\t\t\t\t<\/div>\n\t\t\t\t\t<\/div>\n\t\t<\/div>\n\t\t\t\t\t<\/div>\n\t\t<\/section>\n\t\t\t\t<section class=\"elementor-section elementor-top-section elementor-element elementor-element-2eb0db6 elementor-section-boxed elementor-section-height-default elementor-section-height-default\" data-id=\"2eb0db6\" data-element_type=\"section\" data-e-type=\"section\">\n\t\t\t\t\t\t<div class=\"elementor-container elementor-column-gap-default\">\n\t\t\t\t\t<div class=\"elementor-column elementor-col-100 elementor-top-column elementor-element elementor-element-0c1bfc2\" data-id=\"0c1bfc2\" data-element_type=\"column\" data-e-type=\"column\">\n\t\t\t<div class=\"elementor-widget-wrap elementor-element-populated\">\n\t\t\t\t\t\t<div class=\"elementor-element elementor-element-a566cf0 elementor-widget elementor-widget-text-editor\" data-id=\"a566cf0\" data-element_type=\"widget\" data-e-type=\"widget\" data-widget_type=\"text-editor.default\">\n\t\t\t\t<div class=\"elementor-widget-container\">\n\t\t\t\t\t\t\t\t\t<p>Estudiantes acreditados \/ no acreditados en el taller de habilidades investigativ<span style=\"font-family: var( --e-global-typography-text-font-family ), Sans-serif; font-weight: var( --e-global-typography-text-font-weight );\">as.\u00a0<br \/>Primer Semestre.<\/span><\/p>\t\t\t\t\t\t\t\t<\/div>\n\t\t\t\t<\/div>\n\t\t\t\t\t<\/div>\n\t\t<\/div>\n\t\t\t\t\t<\/div>\n\t\t<\/section>\n\t\t\t\t<section class=\"elementor-section elementor-top-section elementor-element elementor-element-4a713a3 elementor-section-boxed elementor-section-height-default elementor-section-height-default\" data-id=\"4a713a3\" data-element_type=\"section\" data-e-type=\"section\">\n\t\t\t\t\t\t<div class=\"elementor-container elementor-column-gap-default\">\n\t\t\t\t\t<div class=\"elementor-column elementor-col-100 elementor-top-column elementor-element elementor-element-6b226f0\" data-id=\"6b226f0\" data-element_type=\"column\" data-e-type=\"column\">\n\t\t\t<div class=\"elementor-widget-wrap elementor-element-populated\">\n\t\t\t\t\t\t<div class=\"elementor-element elementor-element-8e66177 elementor-widget elementor-widget-image\" data-id=\"8e66177\" data-element_type=\"widget\" data-e-type=\"widget\" data-widget_type=\"image.default\">\n\t\t\t\t<div class=\"elementor-widget-container\">\n\t\t\t\t\t\t\t\t\t\t\t\t\t\t\t<img fetchpriority=\"high\" decoding=\"async\" width=\"637\" height=\"247\" src=\"https:\/\/institutounao.com.mx\/wp-content\/uploads\/2023\/07\/BOLETA-DE-TALLER-DE-HABILIDADES-INVESTIGATIVAS-INVESTIGACION-Y-ANALISIS-DE-TEXTOS-ACADEMICOS.png\" class=\"attachment-large size-large wp-image-6495\" alt=\"\" srcset=\"https:\/\/institutounao.com.mx\/wp-content\/uploads\/2023\/07\/BOLETA-DE-TALLER-DE-HABILIDADES-INVESTIGATIVAS-INVESTIGACION-Y-ANALISIS-DE-TEXTOS-ACADEMICOS.png 637w, https:\/\/institutounao.com.mx\/wp-content\/uploads\/2023\/07\/BOLETA-DE-TALLER-DE-HABILIDADES-INVESTIGATIVAS-INVESTIGACION-Y-ANALISIS-DE-TEXTOS-ACADEMICOS-300x116.png 300w\" sizes=\"(max-width: 637px) 100vw, 637px\" \/>\t\t\t\t\t\t\t\t\t\t\t\t\t\t\t<\/div>\n\t\t\t\t<\/div>\n\t\t\t\t\t<\/div>\n\t\t<\/div>\n\t\t\t\t\t<\/div>\n\t\t<\/section>\n\t\t\t\t<\/div>\n\t\t","protected":false},"excerpt":{"rendered":"<p>Maestr\u00eda en Pedagog\u00eda. \u00a0Taller de Habilidades Investigativas: Investigaci\u00f3n y An\u00e1lisis de Textos Acad\u00e9micos.Ciclo Escolar enero &#8211; junio 2023 (2023-2). Estudiantes acreditados \/ no acreditados en el taller de habilidades investigativas.\u00a0Primer Semestre.<\/p>\n","protected":false},"author":1,"featured_media":0,"parent":0,"menu_order":0,"comment_status":"closed","ping_status":"closed","template":"","meta":{"_joinchat":[],"footnotes":""},"class_list":["post-6449","page","type-page","status-publish","hentry"],"jetpack_sharing_enabled":true,"_links":{"self":[{"href":"https:\/\/institutounao.com.mx\/index.php\/wp-json\/wp\/v2\/pages\/6449","targetHints":{"allow":["GET"]}}],"collection":[{"href":"https:\/\/institutounao.com.mx\/index.php\/wp-json\/wp\/v2\/pages"}],"about":[{"href":"https:\/\/institutounao.com.mx\/index.php\/wp-json\/wp\/v2\/types\/page"}],"author":[{"embeddable":true,"href":"https:\/\/institutounao.com.mx\/index.php\/wp-json\/wp\/v2\/users\/1"}],"replies":[{"embeddable":true,"href":"https:\/\/institutounao.com.mx\/index.php\/wp-json\/wp\/v2\/comments?post=6449"}],"version-history":[{"count":22,"href":"https:\/\/institutounao.com.mx\/index.php\/wp-json\/wp\/v2\/pages\/6449\/revisions"}],"predecessor-version":[{"id":6498,"href":"https:\/\/institutounao.com.mx\/index.php\/wp-json\/wp\/v2\/pages\/6449\/revisions\/6498"}],"wp:attachment":[{"href":"https:\/\/institutounao.com.mx\/index.php\/wp-json\/wp\/v2\/media?parent=6449"}],"curies":[{"name":"wp","href":"https:\/\/api.w.org\/{rel}","templated":true}]}}