{"id":6202,"date":"2023-07-06T16:39:18","date_gmt":"2023-07-06T16:39:18","guid":{"rendered":"https:\/\/institutounao.com.mx\/?page_id=6202"},"modified":"2023-07-06T17:39:48","modified_gmt":"2023-07-06T17:39:48","slug":"se23-24-constancia-de-culminacion-de-estudios-especialidad-en-intervencion-pedagogica-en-el-lenguaje","status":"publish","type":"page","link":"https:\/\/institutounao.com.mx\/index.php\/se23-24-constancia-de-culminacion-de-estudios-especialidad-en-intervencion-pedagogica-en-el-lenguaje\/","title":{"rendered":"SE23.24 Constancia de Culminaci\u00f3n de Estudios &#8211; Especialidad en Intervenci\u00f3n Pedag\u00f3gica en el Lenguaje"},"content":{"rendered":"\t\t<div data-elementor-type=\"wp-page\" data-elementor-id=\"6202\" class=\"elementor elementor-6202\">\n\t\t\t\t\t\t<section class=\"elementor-section elementor-top-section elementor-element elementor-element-ed230f6 elementor-section-boxed elementor-section-height-default elementor-section-height-default\" data-id=\"ed230f6\" data-element_type=\"section\" data-e-type=\"section\">\n\t\t\t\t\t\t<div class=\"elementor-container elementor-column-gap-default\">\n\t\t\t\t\t<div class=\"elementor-column elementor-col-100 elementor-top-column elementor-element elementor-element-7dab7c2\" data-id=\"7dab7c2\" data-element_type=\"column\" data-e-type=\"column\">\n\t\t\t<div class=\"elementor-widget-wrap elementor-element-populated\">\n\t\t\t\t\t\t<div class=\"elementor-element elementor-element-ee3066e elementor-widget elementor-widget-heading\" data-id=\"ee3066e\" data-element_type=\"widget\" data-e-type=\"widget\" data-widget_type=\"heading.default\">\n\t\t\t\t<div class=\"elementor-widget-container\">\n\t\t\t\t\t<h2 class=\"elementor-heading-title elementor-size-default\">Constancias de Culminaci\u00f3n de Estudios<\/h2>\t\t\t\t<\/div>\n\t\t\t\t<\/div>\n\t\t\t\t\t<\/div>\n\t\t<\/div>\n\t\t\t\t\t<\/div>\n\t\t<\/section>\n\t\t\t\t<section class=\"elementor-section elementor-top-section elementor-element elementor-element-dab519e elementor-section-boxed elementor-section-height-default elementor-section-height-default\" data-id=\"dab519e\" data-element_type=\"section\" data-e-type=\"section\">\n\t\t\t\t\t\t<div class=\"elementor-container elementor-column-gap-default\">\n\t\t\t\t\t<div class=\"elementor-column elementor-col-100 elementor-top-column elementor-element elementor-element-8cb0efc\" data-id=\"8cb0efc\" data-element_type=\"column\" data-e-type=\"column\">\n\t\t\t<div class=\"elementor-widget-wrap elementor-element-populated\">\n\t\t\t\t\t\t<div class=\"elementor-element elementor-element-786b71f elementor-widget elementor-widget-text-editor\" data-id=\"786b71f\" data-element_type=\"widget\" data-e-type=\"widget\" data-widget_type=\"text-editor.default\">\n\t\t\t\t<div class=\"elementor-widget-container\">\n\t\t\t\t\t\t\t\t\t<h4 class=\"elementor-heading-title elementor-size-default elementor-inline-editing pen\" data-elementor-setting-key=\"title\" data-pen-placeholder=\"Teclea aqu\u00ed...\" style=\"font-family: Poppins, sans-serif; font-weight: 600; color: rgb(0, 0, 0); text-shadow: rgba(0, 0, 0, 0.3) 0px 0px 10px; text-align: center;\">Plan de Estudios: Especialidad en Intervenci\u00f3n Pedag\u00f3gica en el Lenguaje<\/h4>\t\t\t\t\t\t\t\t<\/div>\n\t\t\t\t<\/div>\n\t\t\t\t\t<\/div>\n\t\t<\/div>\n\t\t\t\t\t<\/div>\n\t\t<\/section>\n\t\t\t\t<section class=\"elementor-section elementor-top-section elementor-element elementor-element-cb9db60 elementor-section-boxed elementor-section-height-default elementor-section-height-default\" data-id=\"cb9db60\" data-element_type=\"section\" data-e-type=\"section\">\n\t\t\t\t\t\t<div class=\"elementor-container elementor-column-gap-default\">\n\t\t\t\t\t<div class=\"elementor-column elementor-col-100 elementor-top-column elementor-element elementor-element-dd66893\" data-id=\"dd66893\" data-element_type=\"column\" data-e-type=\"column\">\n\t\t\t<div class=\"elementor-widget-wrap elementor-element-populated\">\n\t\t\t\t\t\t<div class=\"elementor-element elementor-element-b8ae353 elementor-widget elementor-widget-image\" data-id=\"b8ae353\" data-element_type=\"widget\" data-e-type=\"widget\" data-widget_type=\"image.default\">\n\t\t\t\t<div class=\"elementor-widget-container\">\n\t\t\t\t\t\t\t\t\t\t\t\t\t\t\t<img fetchpriority=\"high\" decoding=\"async\" width=\"576\" height=\"539\" src=\"https:\/\/institutounao.com.mx\/wp-content\/uploads\/2023\/07\/Intervencion-culminacion.png\" class=\"attachment-large size-large wp-image-6219\" alt=\"\" srcset=\"https:\/\/institutounao.com.mx\/wp-content\/uploads\/2023\/07\/Intervencion-culminacion.png 576w, https:\/\/institutounao.com.mx\/wp-content\/uploads\/2023\/07\/Intervencion-culminacion-300x281.png 300w\" sizes=\"(max-width: 576px) 100vw, 576px\" \/>\t\t\t\t\t\t\t\t\t\t\t\t\t\t\t<\/div>\n\t\t\t\t<\/div>\n\t\t\t\t\t<\/div>\n\t\t<\/div>\n\t\t\t\t\t<\/div>\n\t\t<\/section>\n\t\t\t\t<\/div>\n\t\t","protected":false},"excerpt":{"rendered":"<p>Constancias de Culminaci\u00f3n de Estudios Plan de Estudios: Especialidad en Intervenci\u00f3n Pedag\u00f3gica en el Lenguaje<\/p>\n","protected":false},"author":1,"featured_media":0,"parent":0,"menu_order":0,"comment_status":"closed","ping_status":"closed","template":"","meta":{"_joinchat":[],"footnotes":""},"class_list":["post-6202","page","type-page","status-publish","hentry"],"jetpack_sharing_enabled":true,"_links":{"self":[{"href":"https:\/\/institutounao.com.mx\/index.php\/wp-json\/wp\/v2\/pages\/6202","targetHints":{"allow":["GET"]}}],"collection":[{"href":"https:\/\/institutounao.com.mx\/index.php\/wp-json\/wp\/v2\/pages"}],"about":[{"href":"https:\/\/institutounao.com.mx\/index.php\/wp-json\/wp\/v2\/types\/page"}],"author":[{"embeddable":true,"href":"https:\/\/institutounao.com.mx\/index.php\/wp-json\/wp\/v2\/users\/1"}],"replies":[{"embeddable":true,"href":"https:\/\/institutounao.com.mx\/index.php\/wp-json\/wp\/v2\/comments?post=6202"}],"version-history":[{"count":7,"href":"https:\/\/institutounao.com.mx\/index.php\/wp-json\/wp\/v2\/pages\/6202\/revisions"}],"predecessor-version":[{"id":6222,"href":"https:\/\/institutounao.com.mx\/index.php\/wp-json\/wp\/v2\/pages\/6202\/revisions\/6222"}],"wp:attachment":[{"href":"https:\/\/institutounao.com.mx\/index.php\/wp-json\/wp\/v2\/media?parent=6202"}],"curies":[{"name":"wp","href":"https:\/\/api.w.org\/{rel}","templated":true}]}}