{"id":6165,"date":"2023-07-04T19:54:02","date_gmt":"2023-07-04T19:54:02","guid":{"rendered":"https:\/\/institutounao.com.mx\/?page_id=6165"},"modified":"2024-09-19T17:27:47","modified_gmt":"2024-09-19T17:27:47","slug":"ecp23-43-proyectos-educativos-integracion-de-campos-formativos","status":"publish","type":"page","link":"https:\/\/institutounao.com.mx\/index.php\/ecp23-43-proyectos-educativos-integracion-de-campos-formativos\/","title":{"rendered":"ECP23.43 Proyectos Educativos: Integraci\u00f3n de Campos Formativos"},"content":{"rendered":"\t\t<div data-elementor-type=\"wp-page\" data-elementor-id=\"6165\" class=\"elementor elementor-6165\">\n\t\t\t\t\t\t<section class=\"elementor-section elementor-top-section elementor-element elementor-element-a65f076 elementor-section-boxed elementor-section-height-default elementor-section-height-default\" data-id=\"a65f076\" data-element_type=\"section\" data-e-type=\"section\">\n\t\t\t\t\t\t<div class=\"elementor-container elementor-column-gap-default\">\n\t\t\t\t\t<div class=\"elementor-column elementor-col-100 elementor-top-column elementor-element elementor-element-e402ce0\" data-id=\"e402ce0\" data-element_type=\"column\" data-e-type=\"column\">\n\t\t\t<div class=\"elementor-widget-wrap elementor-element-populated\">\n\t\t\t\t\t\t<div class=\"elementor-element elementor-element-202576c elementor-widget elementor-widget-heading\" data-id=\"202576c\" data-element_type=\"widget\" data-e-type=\"widget\" data-widget_type=\"heading.default\">\n\t\t\t\t<div class=\"elementor-widget-container\">\n\t\t\t\t\t<h2 class=\"elementor-heading-title elementor-size-default\">Proyectos Educativos: Integraci\u00f3n de Campos Formativos<\/h2>\t\t\t\t<\/div>\n\t\t\t\t<\/div>\n\t\t\t\t\t<\/div>\n\t\t<\/div>\n\t\t\t\t\t<\/div>\n\t\t<\/section>\n\t\t\t\t<section class=\"elementor-section elementor-top-section elementor-element elementor-element-e6ade95 elementor-section-boxed elementor-section-height-default elementor-section-height-default\" data-id=\"e6ade95\" data-element_type=\"section\" data-e-type=\"section\">\n\t\t\t\t\t\t<div class=\"elementor-container elementor-column-gap-default\">\n\t\t\t\t\t<div class=\"elementor-column elementor-col-100 elementor-top-column elementor-element elementor-element-052c9d1\" data-id=\"052c9d1\" data-element_type=\"column\" data-e-type=\"column\">\n\t\t\t<div class=\"elementor-widget-wrap elementor-element-populated\">\n\t\t\t\t\t\t<div class=\"elementor-element elementor-element-d275fc6 elementor-widget elementor-widget-text-editor\" data-id=\"d275fc6\" data-element_type=\"widget\" data-e-type=\"widget\" data-widget_type=\"text-editor.default\">\n\t\t\t\t<div class=\"elementor-widget-container\">\n\t\t\t\t\t\t\t\t\t<h4><strong>Acreditaci\u00f3n de Actividades<\/strong><\/h4>\t\t\t\t\t\t\t\t<\/div>\n\t\t\t\t<\/div>\n\t\t\t\t\t<\/div>\n\t\t<\/div>\n\t\t\t\t\t<\/div>\n\t\t<\/section>\n\t\t\t\t<section class=\"elementor-section elementor-top-section elementor-element elementor-element-b666f2a elementor-section-boxed elementor-section-height-default elementor-section-height-default\" data-id=\"b666f2a\" data-element_type=\"section\" data-e-type=\"section\">\n\t\t\t\t\t\t<div class=\"elementor-container elementor-column-gap-default\">\n\t\t\t\t\t<div class=\"elementor-column elementor-col-100 elementor-top-column elementor-element elementor-element-5de5cdb\" data-id=\"5de5cdb\" data-element_type=\"column\" data-e-type=\"column\">\n\t\t\t<div class=\"elementor-widget-wrap elementor-element-populated\">\n\t\t\t\t\t\t<div class=\"elementor-element elementor-element-961fc2f elementor-widget elementor-widget-text-editor\" data-id=\"961fc2f\" data-element_type=\"widget\" data-e-type=\"widget\" data-widget_type=\"text-editor.default\">\n\t\t\t\t<div class=\"elementor-widget-container\">\n\t\t\t\t\t\t\t\t\t<p><strong>Datos Generales:<\/strong><\/p><p>Instituci\u00f3n: Instituto Universitario Antequera de Oaxaca.<br \/><span style=\"font-size: 16px;\">Clave de Plantel: 20MSY0104Y<\/span>.<br \/><span style=\"font-size: 16px;\">Periodo: 01 de julio de 2023.<\/span><br \/>Modalidad: Virtual.<br \/>Horas lectivas: 10 horas lectivas.<br \/>Imparte: MTRA. CONCEPCION MARTINEZ CAMACHO<\/p><p><strong>Participantes que acreditaron:\u00a0<\/strong><\/p><ul><li><p>JESSICA ALEJANDRA RIVERA MENDOZA<\/p><\/li><li><p>DENIA ESPINOSA CORRO<\/p><\/li><li><p>FLORINDA ROSALDO LOPEZ<\/p><\/li><li><p>ANNA KAREN MARAVILLA LOPEZ<\/p><\/li><li><p>NOEMI DE LA ROSA ESTRADA<\/p><\/li><li><p>EDGAR MAURICIO ESQUIVEL YAMA<\/p><\/li><li><p>ELIZABETH VARA DELGADILLO<\/p><\/li><li><p>CRISTINA ONIRIA SUAREZ MEJIA<\/p><\/li><li><p>MARIA MAGDALENA GARCIA TOVAR<\/p><\/li><li><p>ROBERTO CARLOS ESPINOSA OSORIO<\/p><\/li><li><p>PAOLA YURITZI GONZALEZ REYES<\/p><\/li><li><p>DULCE ELIZABETH MORALES SOLIS<\/p><\/li><li><p>ANA LILIA GLORIA GRANDE<\/p><\/li><li><p>ALEJANDRA MARIN VARA<\/p><\/li><li><p>FRANCISCO JAVIER GARRIDO MORALES<\/p><\/li><li><p>YESSICA AMAIRANI HERRERA BRAMASCO<\/p><\/li><li><p>MARIA ALEJANDRA JOSEFINA RODRIGUEZ TORRES<\/p><\/li><li><p>MERCY IRASEMA UC CANCHE<\/p><\/li><li><p>ANA GABRIELA HERNANDEZ GOMEZ<\/p><\/li><li>GONZALO MARTINEZ CARRASCO<\/li><li>JAVIER GUTIERREZ HERNANDEZ<\/li><li><span data-sheets-value=\"{&quot;1&quot;:2,&quot;2&quot;:&quot;SONIA GUADALUPE VELAZQUEZ CONSILCO&quot;}\" data-sheets-userformat=\"{&quot;2&quot;:13247,&quot;3&quot;:{&quot;1&quot;:0},&quot;4&quot;:{&quot;1&quot;:2,&quot;2&quot;:13041518},&quot;5&quot;:{&quot;1&quot;:[{&quot;1&quot;:2,&quot;2&quot;:0,&quot;5&quot;:{&quot;1&quot;:2,&quot;2&quot;:0}},{&quot;1&quot;:0,&quot;2&quot;:0,&quot;3&quot;:3},{&quot;1&quot;:1,&quot;2&quot;:0,&quot;4&quot;:1}]},&quot;6&quot;:{&quot;1&quot;:[{&quot;1&quot;:2,&quot;2&quot;:0,&quot;5&quot;:{&quot;1&quot;:2,&quot;2&quot;:0}},{&quot;1&quot;:0,&quot;2&quot;:0,&quot;3&quot;:3},{&quot;1&quot;:1,&quot;2&quot;:0,&quot;4&quot;:1}]},&quot;7&quot;:{&quot;1&quot;:[{&quot;1&quot;:2,&quot;2&quot;:0,&quot;5&quot;:{&quot;1&quot;:2,&quot;2&quot;:0}},{&quot;1&quot;:0,&quot;2&quot;:0,&quot;3&quot;:3},{&quot;1&quot;:1,&quot;2&quot;:0,&quot;4&quot;:1}]},&quot;8&quot;:{&quot;1&quot;:[{&quot;1&quot;:2,&quot;2&quot;:0,&quot;5&quot;:{&quot;1&quot;:2,&quot;2&quot;:0}},{&quot;1&quot;:0,&quot;2&quot;:0,&quot;3&quot;:3},{&quot;1&quot;:1,&quot;2&quot;:0,&quot;4&quot;:1}]},&quot;10&quot;:1,&quot;11&quot;:4,&quot;12&quot;:0,&quot;15&quot;:&quot;Calibri&quot;,&quot;16&quot;:9}\">SONIA GUADALUPE VELAZQUEZ CONSILCO<\/span><\/li><li><span data-sheets-value=\"{&quot;1&quot;:2,&quot;2&quot;:&quot;BRENDA VERONICA GOMEZ IBARRA&quot;}\" data-sheets-userformat=\"{&quot;2&quot;:12995,&quot;3&quot;:{&quot;1&quot;:0},&quot;4&quot;:{&quot;1&quot;:2,&quot;2&quot;:16370588},&quot;9&quot;:0,&quot;10&quot;:1,&quot;12&quot;:0,&quot;15&quot;:&quot;Calibri&quot;,&quot;16&quot;:9}\">BRENDA VERONICA GOMEZ IBARRA<\/span><\/li><li>MARISOL MONTIEL GONZALEZ<\/li><\/ul>\t\t\t\t\t\t\t\t<\/div>\n\t\t\t\t<\/div>\n\t\t\t\t\t<\/div>\n\t\t<\/div>\n\t\t\t\t\t<\/div>\n\t\t<\/section>\n\t\t\t\t<\/div>\n\t\t","protected":false},"excerpt":{"rendered":"<p>Proyectos Educativos: Integraci\u00f3n de Campos Formativos Acreditaci\u00f3n de Actividades Datos Generales: Instituci\u00f3n: Instituto Universitario Antequera de Oaxaca.Clave de Plantel: 20MSY0104Y.Periodo: 01 de julio de 2023.Modalidad: Virtual.Horas lectivas: 10 horas lectivas.Imparte: MTRA. CONCEPCION MARTINEZ CAMACHO Participantes que acreditaron:\u00a0 JESSICA ALEJANDRA RIVERA MENDOZA DENIA ESPINOSA CORRO FLORINDA ROSALDO LOPEZ ANNA KAREN MARAVILLA <a class=\"read-more\" href=\"https:\/\/institutounao.com.mx\/index.php\/ecp23-43-proyectos-educativos-integracion-de-campos-formativos\/\">Read More&#8230;<\/a><\/p>\n","protected":false},"author":1,"featured_media":0,"parent":0,"menu_order":0,"comment_status":"closed","ping_status":"closed","template":"","meta":{"_joinchat":[],"footnotes":""},"class_list":["post-6165","page","type-page","status-publish","hentry"],"jetpack_sharing_enabled":true,"_links":{"self":[{"href":"https:\/\/institutounao.com.mx\/index.php\/wp-json\/wp\/v2\/pages\/6165","targetHints":{"allow":["GET"]}}],"collection":[{"href":"https:\/\/institutounao.com.mx\/index.php\/wp-json\/wp\/v2\/pages"}],"about":[{"href":"https:\/\/institutounao.com.mx\/index.php\/wp-json\/wp\/v2\/types\/page"}],"author":[{"embeddable":true,"href":"https:\/\/institutounao.com.mx\/index.php\/wp-json\/wp\/v2\/users\/1"}],"replies":[{"embeddable":true,"href":"https:\/\/institutounao.com.mx\/index.php\/wp-json\/wp\/v2\/comments?post=6165"}],"version-history":[{"count":25,"href":"https:\/\/institutounao.com.mx\/index.php\/wp-json\/wp\/v2\/pages\/6165\/revisions"}],"predecessor-version":[{"id":8644,"href":"https:\/\/institutounao.com.mx\/index.php\/wp-json\/wp\/v2\/pages\/6165\/revisions\/8644"}],"wp:attachment":[{"href":"https:\/\/institutounao.com.mx\/index.php\/wp-json\/wp\/v2\/media?parent=6165"}],"curies":[{"name":"wp","href":"https:\/\/api.w.org\/{rel}","templated":true}]}}