{"id":6125,"date":"2023-06-21T20:29:35","date_gmt":"2023-06-21T20:29:35","guid":{"rendered":"https:\/\/institutounao.com.mx\/?page_id=6125"},"modified":"2023-06-21T20:33:17","modified_gmt":"2023-06-21T20:33:17","slug":"ecp23-41-problemas-de-atencion-en-el-adolescente-herramientas-de-intervencion-en-el-aula","status":"publish","type":"page","link":"https:\/\/institutounao.com.mx\/index.php\/ecp23-41-problemas-de-atencion-en-el-adolescente-herramientas-de-intervencion-en-el-aula\/","title":{"rendered":"ECP23.41 Problemas de Atenci\u00f3n en el Adolescente: Herramientas de Intervenci\u00f3n en el Aula"},"content":{"rendered":"\t\t<div data-elementor-type=\"wp-page\" data-elementor-id=\"6125\" class=\"elementor elementor-6125\">\n\t\t\t\t\t\t<section class=\"elementor-section elementor-top-section elementor-element elementor-element-ca3d269 elementor-section-boxed elementor-section-height-default elementor-section-height-default\" data-id=\"ca3d269\" data-element_type=\"section\" data-e-type=\"section\">\n\t\t\t\t\t\t<div class=\"elementor-container elementor-column-gap-default\">\n\t\t\t\t\t<div class=\"elementor-column elementor-col-100 elementor-top-column elementor-element elementor-element-2dc6548\" data-id=\"2dc6548\" data-element_type=\"column\" data-e-type=\"column\">\n\t\t\t<div class=\"elementor-widget-wrap elementor-element-populated\">\n\t\t\t\t\t\t<div class=\"elementor-element elementor-element-2478b38 elementor-widget elementor-widget-heading\" data-id=\"2478b38\" data-element_type=\"widget\" data-e-type=\"widget\" data-widget_type=\"heading.default\">\n\t\t\t\t<div class=\"elementor-widget-container\">\n\t\t\t\t\t<h2 class=\"elementor-heading-title elementor-size-default\">Problemas de Atenci\u00f3n en el Adolescente: Herramientas de Intervenci\u00f3n en el Aula<\/h2>\t\t\t\t<\/div>\n\t\t\t\t<\/div>\n\t\t\t\t\t<\/div>\n\t\t<\/div>\n\t\t\t\t\t<\/div>\n\t\t<\/section>\n\t\t\t\t<section class=\"elementor-section elementor-top-section elementor-element elementor-element-28e5c3b elementor-section-boxed elementor-section-height-default elementor-section-height-default\" data-id=\"28e5c3b\" data-element_type=\"section\" data-e-type=\"section\">\n\t\t\t\t\t\t<div class=\"elementor-container elementor-column-gap-default\">\n\t\t\t\t\t<div class=\"elementor-column elementor-col-100 elementor-top-column elementor-element elementor-element-c8d5506\" data-id=\"c8d5506\" data-element_type=\"column\" data-e-type=\"column\">\n\t\t\t<div class=\"elementor-widget-wrap elementor-element-populated\">\n\t\t\t\t\t\t<div class=\"elementor-element elementor-element-b65e90a elementor-widget elementor-widget-text-editor\" data-id=\"b65e90a\" data-element_type=\"widget\" data-e-type=\"widget\" data-widget_type=\"text-editor.default\">\n\t\t\t\t<div class=\"elementor-widget-container\">\n\t\t\t\t\t\t\t\t\t<h4><strong>Acreditaci\u00f3n de Actividades<\/strong><\/h4>\t\t\t\t\t\t\t\t<\/div>\n\t\t\t\t<\/div>\n\t\t\t\t\t<\/div>\n\t\t<\/div>\n\t\t\t\t\t<\/div>\n\t\t<\/section>\n\t\t\t\t<section class=\"elementor-section elementor-top-section elementor-element elementor-element-9345097 elementor-section-boxed elementor-section-height-default elementor-section-height-default\" data-id=\"9345097\" data-element_type=\"section\" data-e-type=\"section\">\n\t\t\t\t\t\t<div class=\"elementor-container elementor-column-gap-default\">\n\t\t\t\t\t<div class=\"elementor-column elementor-col-100 elementor-top-column elementor-element elementor-element-daad15a\" data-id=\"daad15a\" data-element_type=\"column\" data-e-type=\"column\">\n\t\t\t<div class=\"elementor-widget-wrap elementor-element-populated\">\n\t\t\t\t\t\t<div class=\"elementor-element elementor-element-b6790bf elementor-widget elementor-widget-text-editor\" data-id=\"b6790bf\" data-element_type=\"widget\" data-e-type=\"widget\" data-widget_type=\"text-editor.default\">\n\t\t\t\t<div class=\"elementor-widget-container\">\n\t\t\t\t\t\t\t\t\t<p><strong>Datos Generales:<\/strong><\/p><p>Instituci\u00f3n: Instituto Universitario Antequera de Oaxaca.<br \/><span style=\"font-size: 16px;\">Clave de Plantel: 20MSY0104Y<\/span>.<br \/><span style=\"font-size: 16px;\">Periodo: 18 de junio de 2023.<\/span><br \/>Modalidad: Virtual.<br \/>Horas lectivas: 10 horas lectivas.<br \/>Imparte: MTRA. BARBARA MU\u00d1OZ ALONSO REYES.<\/p><p><strong>Participantes que acreditaron:\u00a0<\/strong><\/p><ul><li><p>ELIZABETH CALZADA AYALA<\/p><\/li><li><p>FORTINO AMBROSIO PINEDA<\/p><\/li><li><p>JUAN FRANCISCO PALMEROS RIVERA<\/p><\/li><li><p>DANIEL MARTINEZ HERNANDEZ<\/p><\/li><li><p>RUBEN GUILLERMO MARTINEZ HERNANDEZ<\/p><\/li><li>PRIMITIVO JOSE GARCIA<\/li><li>SOFIA SANCHEZ SILVA<\/li><li><p>MARITZA DONAJI FUENTES GARCIA<\/p><\/li><li><p>CARMEN ALEJANDRA CRUZ PEREZ<\/p><\/li><li><p>MA SALOME MORLAN SUAREZ<\/p><\/li><li><p>EMIGDIO COSME OROZCO SANCHEZ<\/p><\/li><li><p>MARIA ELENA GARCIA ANDRES<\/p><\/li><li><p>MANUEL RAMIREZ ACU\u00d1A<\/p><\/li><li><p>XOCHITL MATEOS LOPEZ<\/p><\/li><li><p>JONATHAN DE JESUS CEBALLOS SANTIAGO<\/p><\/li><li><p>JOSE MARTIN MU\u00d1OZ SOLORZA<\/p><\/li><li><p>LUZ MARIA TEPACH CHAPOL<\/p><\/li><li><p>ROCIO DEL CARMEN MAURICIO GONZALEZ<\/p><\/li><li><p>ELIDETH CARLOS HERNANDEZ<\/p><\/li><li><p>MARISOL GALLEGOS CRUZ<\/p><\/li><li><p>SATURNINA NERI TOLEDO<\/p><\/li><li><p>MARIA DEL PILAR LOPEZ MURILLO<\/p><\/li><\/ul>\t\t\t\t\t\t\t\t<\/div>\n\t\t\t\t<\/div>\n\t\t\t\t\t<\/div>\n\t\t<\/div>\n\t\t\t\t\t<\/div>\n\t\t<\/section>\n\t\t\t\t<\/div>\n\t\t","protected":false},"excerpt":{"rendered":"<p>Problemas de Atenci\u00f3n en el Adolescente: Herramientas de Intervenci\u00f3n en el Aula Acreditaci\u00f3n de Actividades Datos Generales: Instituci\u00f3n: Instituto Universitario Antequera de Oaxaca.Clave de Plantel: 20MSY0104Y.Periodo: 18 de junio de 2023.Modalidad: Virtual.Horas lectivas: 10 horas lectivas.Imparte: MTRA. BARBARA MU\u00d1OZ ALONSO REYES. Participantes que acreditaron:\u00a0 ELIZABETH CALZADA AYALA FORTINO AMBROSIO PINEDA <a class=\"read-more\" href=\"https:\/\/institutounao.com.mx\/index.php\/ecp23-41-problemas-de-atencion-en-el-adolescente-herramientas-de-intervencion-en-el-aula\/\">Read More&#8230;<\/a><\/p>\n","protected":false},"author":1,"featured_media":0,"parent":0,"menu_order":0,"comment_status":"closed","ping_status":"closed","template":"","meta":{"_joinchat":[],"footnotes":""},"class_list":["post-6125","page","type-page","status-publish","hentry"],"jetpack_sharing_enabled":true,"_links":{"self":[{"href":"https:\/\/institutounao.com.mx\/index.php\/wp-json\/wp\/v2\/pages\/6125","targetHints":{"allow":["GET"]}}],"collection":[{"href":"https:\/\/institutounao.com.mx\/index.php\/wp-json\/wp\/v2\/pages"}],"about":[{"href":"https:\/\/institutounao.com.mx\/index.php\/wp-json\/wp\/v2\/types\/page"}],"author":[{"embeddable":true,"href":"https:\/\/institutounao.com.mx\/index.php\/wp-json\/wp\/v2\/users\/1"}],"replies":[{"embeddable":true,"href":"https:\/\/institutounao.com.mx\/index.php\/wp-json\/wp\/v2\/comments?post=6125"}],"version-history":[{"count":4,"href":"https:\/\/institutounao.com.mx\/index.php\/wp-json\/wp\/v2\/pages\/6125\/revisions"}],"predecessor-version":[{"id":6129,"href":"https:\/\/institutounao.com.mx\/index.php\/wp-json\/wp\/v2\/pages\/6125\/revisions\/6129"}],"wp:attachment":[{"href":"https:\/\/institutounao.com.mx\/index.php\/wp-json\/wp\/v2\/media?parent=6125"}],"curies":[{"name":"wp","href":"https:\/\/api.w.org\/{rel}","templated":true}]}}