{"id":6117,"date":"2023-06-18T19:58:15","date_gmt":"2023-06-18T19:58:15","guid":{"rendered":"https:\/\/institutounao.com.mx\/?page_id=6117"},"modified":"2023-06-18T20:02:08","modified_gmt":"2023-06-18T20:02:08","slug":"ecc23-15-estrategias-de-liberacion-emocional","status":"publish","type":"page","link":"https:\/\/institutounao.com.mx\/index.php\/ecc23-15-estrategias-de-liberacion-emocional\/","title":{"rendered":"ECC23.15 Estrategias de Liberaci\u00f3n Emocional"},"content":{"rendered":"\t\t<div data-elementor-type=\"wp-page\" data-elementor-id=\"6117\" class=\"elementor elementor-6117\">\n\t\t\t\t\t\t<section class=\"elementor-section elementor-top-section elementor-element elementor-element-4cf138c elementor-section-boxed elementor-section-height-default elementor-section-height-default\" data-id=\"4cf138c\" data-element_type=\"section\" data-e-type=\"section\">\n\t\t\t\t\t\t<div class=\"elementor-container elementor-column-gap-default\">\n\t\t\t\t\t<div class=\"elementor-column elementor-col-100 elementor-top-column elementor-element elementor-element-3bb417b\" data-id=\"3bb417b\" data-element_type=\"column\" data-e-type=\"column\">\n\t\t\t<div class=\"elementor-widget-wrap elementor-element-populated\">\n\t\t\t\t\t\t<div class=\"elementor-element elementor-element-9ef5e5d elementor-widget elementor-widget-heading\" data-id=\"9ef5e5d\" data-element_type=\"widget\" data-e-type=\"widget\" data-widget_type=\"heading.default\">\n\t\t\t\t<div class=\"elementor-widget-container\">\n\t\t\t\t\t<h2 class=\"elementor-heading-title elementor-size-default\">Estrategias de Liberaci\u00f3n Emocional<\/h2>\t\t\t\t<\/div>\n\t\t\t\t<\/div>\n\t\t\t\t\t<\/div>\n\t\t<\/div>\n\t\t\t\t\t<\/div>\n\t\t<\/section>\n\t\t\t\t<section class=\"elementor-section elementor-top-section elementor-element elementor-element-9d2d35e elementor-section-boxed elementor-section-height-default elementor-section-height-default\" data-id=\"9d2d35e\" data-element_type=\"section\" data-e-type=\"section\">\n\t\t\t\t\t\t<div class=\"elementor-container elementor-column-gap-default\">\n\t\t\t\t\t<div class=\"elementor-column elementor-col-100 elementor-top-column elementor-element elementor-element-10107cf\" data-id=\"10107cf\" data-element_type=\"column\" data-e-type=\"column\">\n\t\t\t<div class=\"elementor-widget-wrap elementor-element-populated\">\n\t\t\t\t\t\t<div class=\"elementor-element elementor-element-0237f91 elementor-widget elementor-widget-text-editor\" data-id=\"0237f91\" data-element_type=\"widget\" data-e-type=\"widget\" data-widget_type=\"text-editor.default\">\n\t\t\t\t<div class=\"elementor-widget-container\">\n\t\t\t\t\t\t\t\t\t<h4><strong>Acreditaci\u00f3n de Actividades<\/strong><\/h4>\t\t\t\t\t\t\t\t<\/div>\n\t\t\t\t<\/div>\n\t\t\t\t\t<\/div>\n\t\t<\/div>\n\t\t\t\t\t<\/div>\n\t\t<\/section>\n\t\t\t\t<section class=\"elementor-section elementor-top-section elementor-element elementor-element-b8f402d elementor-section-boxed elementor-section-height-default elementor-section-height-default\" data-id=\"b8f402d\" data-element_type=\"section\" data-e-type=\"section\">\n\t\t\t\t\t\t<div class=\"elementor-container elementor-column-gap-default\">\n\t\t\t\t\t<div class=\"elementor-column elementor-col-100 elementor-top-column elementor-element elementor-element-e24f087\" data-id=\"e24f087\" data-element_type=\"column\" data-e-type=\"column\">\n\t\t\t<div class=\"elementor-widget-wrap elementor-element-populated\">\n\t\t\t\t\t\t<div class=\"elementor-element elementor-element-daafcfe elementor-widget elementor-widget-text-editor\" data-id=\"daafcfe\" data-element_type=\"widget\" data-e-type=\"widget\" data-widget_type=\"text-editor.default\">\n\t\t\t\t<div class=\"elementor-widget-container\">\n\t\t\t\t\t\t\t\t\t<p><strong>Datos Generales:<\/strong><\/p><p>Instituci\u00f3n: Instituto Universitario Antequera de Oaxaca.<br \/><span style=\"font-size: 16px;\">Clave de Plantel: 20MSY0104Y<\/span>.<br \/><span style=\"font-size: 16px;\">Periodo: 13 y 14 de junio de 2023.<\/span><br \/>Modalidad: Virtual.<br \/>Horas lectivas: 10 horas lectivas.<br \/>Imparte: MTRA. PATRICIA REYES SANCHEZ<\/p><p><strong>Participantes que acreditaron:\u00a0<\/strong><\/p><ul><li><p>IRMA ROSALIA ROCHA CISNEROS<\/p><\/li><li><p>LUIS FABIAN SALAZAR MU\u00d1OZ<\/p><\/li><li><p>GLADYS CORONEL ECHEVERRIA<\/p><\/li><li><p>ANA MARIA SANTIBA\u00d1EZ ANDONEGUI<\/p><\/li><li><p>EMILIO RAFAEL SANTIAGO CORTES<\/p><\/li><li><p>FLORY JULLEY MARTINEZ GONZALEZ<\/p><\/li><li><p>AMANDA TOLEDO ALFONZO<\/p><\/li><li><p>CARLOS DE GANTE REYNA<\/p><\/li><li><p>MARTHA LETICIA HERRERA MARES<\/p><\/li><li><p>GLORIA DOLORES MAY COCOM<\/p><\/li><\/ul>\t\t\t\t\t\t\t\t<\/div>\n\t\t\t\t<\/div>\n\t\t\t\t\t<\/div>\n\t\t<\/div>\n\t\t\t\t\t<\/div>\n\t\t<\/section>\n\t\t\t\t<\/div>\n\t\t","protected":false},"excerpt":{"rendered":"<p>Estrategias de Liberaci\u00f3n Emocional Acreditaci\u00f3n de Actividades Datos Generales: Instituci\u00f3n: Instituto Universitario Antequera de Oaxaca.Clave de Plantel: 20MSY0104Y.Periodo: 13 y 14 de junio de 2023.Modalidad: Virtual.Horas lectivas: 10 horas lectivas.Imparte: MTRA. PATRICIA REYES SANCHEZ Participantes que acreditaron:\u00a0 IRMA ROSALIA ROCHA CISNEROS LUIS FABIAN SALAZAR MU\u00d1OZ GLADYS CORONEL ECHEVERRIA ANA MARIA <a class=\"read-more\" href=\"https:\/\/institutounao.com.mx\/index.php\/ecc23-15-estrategias-de-liberacion-emocional\/\">Read More&#8230;<\/a><\/p>\n","protected":false},"author":1,"featured_media":0,"parent":0,"menu_order":0,"comment_status":"closed","ping_status":"closed","template":"","meta":{"_joinchat":[],"footnotes":""},"class_list":["post-6117","page","type-page","status-publish","hentry"],"jetpack_sharing_enabled":true,"_links":{"self":[{"href":"https:\/\/institutounao.com.mx\/index.php\/wp-json\/wp\/v2\/pages\/6117","targetHints":{"allow":["GET"]}}],"collection":[{"href":"https:\/\/institutounao.com.mx\/index.php\/wp-json\/wp\/v2\/pages"}],"about":[{"href":"https:\/\/institutounao.com.mx\/index.php\/wp-json\/wp\/v2\/types\/page"}],"author":[{"embeddable":true,"href":"https:\/\/institutounao.com.mx\/index.php\/wp-json\/wp\/v2\/users\/1"}],"replies":[{"embeddable":true,"href":"https:\/\/institutounao.com.mx\/index.php\/wp-json\/wp\/v2\/comments?post=6117"}],"version-history":[{"count":4,"href":"https:\/\/institutounao.com.mx\/index.php\/wp-json\/wp\/v2\/pages\/6117\/revisions"}],"predecessor-version":[{"id":6121,"href":"https:\/\/institutounao.com.mx\/index.php\/wp-json\/wp\/v2\/pages\/6117\/revisions\/6121"}],"wp:attachment":[{"href":"https:\/\/institutounao.com.mx\/index.php\/wp-json\/wp\/v2\/media?parent=6117"}],"curies":[{"name":"wp","href":"https:\/\/api.w.org\/{rel}","templated":true}]}}