{"id":6102,"date":"2023-06-15T20:52:09","date_gmt":"2023-06-15T20:52:09","guid":{"rendered":"https:\/\/institutounao.com.mx\/?page_id=6102"},"modified":"2023-06-15T21:00:29","modified_gmt":"2023-06-15T21:00:29","slug":"se23-20-coloquio-de-posgrado-maestria-en-pedagogia","status":"publish","type":"page","link":"https:\/\/institutounao.com.mx\/index.php\/se23-20-coloquio-de-posgrado-maestria-en-pedagogia\/","title":{"rendered":"SE23.20 Coloquio de Posgrado &#8211; Maestr\u00eda en Pedagog\u00eda"},"content":{"rendered":"\t\t<div data-elementor-type=\"wp-page\" data-elementor-id=\"6102\" class=\"elementor elementor-6102\">\n\t\t\t\t\t\t<section class=\"elementor-section elementor-top-section elementor-element elementor-element-732f8d8 elementor-section-boxed elementor-section-height-default elementor-section-height-default\" data-id=\"732f8d8\" data-element_type=\"section\" data-e-type=\"section\">\n\t\t\t\t\t\t<div class=\"elementor-container elementor-column-gap-default\">\n\t\t\t\t\t<div class=\"elementor-column elementor-col-100 elementor-top-column elementor-element elementor-element-5ff8a7f\" data-id=\"5ff8a7f\" data-element_type=\"column\" data-e-type=\"column\">\n\t\t\t<div class=\"elementor-widget-wrap elementor-element-populated\">\n\t\t\t\t\t\t<div class=\"elementor-element elementor-element-f59e19b elementor-widget elementor-widget-heading\" data-id=\"f59e19b\" data-element_type=\"widget\" data-e-type=\"widget\" data-widget_type=\"heading.default\">\n\t\t\t\t<div class=\"elementor-widget-container\">\n\t\t\t\t\t<h2 class=\"elementor-heading-title elementor-size-default\">Coloquio de Posgrado de Maestr\u00eda en Pedagog\u00eda<\/h2>\t\t\t\t<\/div>\n\t\t\t\t<\/div>\n\t\t\t\t\t<\/div>\n\t\t<\/div>\n\t\t\t\t\t<\/div>\n\t\t<\/section>\n\t\t\t\t<section class=\"elementor-section elementor-top-section elementor-element elementor-element-757ea8e elementor-section-boxed elementor-section-height-default elementor-section-height-default\" data-id=\"757ea8e\" data-element_type=\"section\" data-e-type=\"section\">\n\t\t\t\t\t\t<div class=\"elementor-container elementor-column-gap-default\">\n\t\t\t\t\t<div class=\"elementor-column elementor-col-100 elementor-top-column elementor-element elementor-element-2b93e35\" data-id=\"2b93e35\" data-element_type=\"column\" data-e-type=\"column\">\n\t\t\t<div class=\"elementor-widget-wrap elementor-element-populated\">\n\t\t\t\t\t\t<div class=\"elementor-element elementor-element-5d30920 elementor-widget elementor-widget-text-editor\" data-id=\"5d30920\" data-element_type=\"widget\" data-e-type=\"widget\" data-widget_type=\"text-editor.default\">\n\t\t\t\t<div class=\"elementor-widget-container\">\n\t\t\t\t\t\t\t\t\t<p>Enero &#8211; junio 2023<\/p>\t\t\t\t\t\t\t\t<\/div>\n\t\t\t\t<\/div>\n\t\t\t\t\t<\/div>\n\t\t<\/div>\n\t\t\t\t\t<\/div>\n\t\t<\/section>\n\t\t\t\t<section class=\"elementor-section elementor-top-section elementor-element elementor-element-d7ec312 elementor-section-boxed elementor-section-height-default elementor-section-height-default\" data-id=\"d7ec312\" data-element_type=\"section\" data-e-type=\"section\">\n\t\t\t\t\t\t<div class=\"elementor-container elementor-column-gap-default\">\n\t\t\t\t\t<div class=\"elementor-column elementor-col-100 elementor-top-column elementor-element elementor-element-4358db6\" data-id=\"4358db6\" data-element_type=\"column\" data-e-type=\"column\">\n\t\t\t<div class=\"elementor-widget-wrap elementor-element-populated\">\n\t\t\t\t\t\t<div class=\"elementor-element elementor-element-b769264 elementor-widget elementor-widget-text-editor\" data-id=\"b769264\" data-element_type=\"widget\" data-e-type=\"widget\" data-widget_type=\"text-editor.default\">\n\t\t\t\t<div class=\"elementor-widget-container\">\n\t\t\t\t\t\t\t\t\t<p><strong>Datos Generales:<\/strong><\/p><p>Instituci\u00f3n: Instituto Universitario Antequera de Oaxaca.<br \/><span style=\"font-size: 16px;\">Clave de Plantel: 20MSY0104Y<\/span>.<br \/><span style=\"font-size: 16px;\">Periodo: 17 de junio de 2023.<br \/>Semestre: Tercero.<br \/><\/span>Modalidad: Virtual.<\/p><p><strong style=\"font-size: 1rem;\">Tercer semestre:<\/strong><\/p><ul><li>GABRIELA PACHECO CRUZ<\/li><li>PORFIRIO GARCIA SAN PEDRO<\/li><li>FABIOLA VALDIVIEZO LOPEZ<\/li><li>RAQUEL HENRIQUEZ JIMENEZ<\/li><\/ul><div><p style=\"margin-top: 16px; font-size: 16px;\"><span style=\"font-weight: bold; line-height: inherit;\">Cuarto semestre:<\/span><\/p><ul><li>MARIA GUADALUPE SILENCIO CONTRERAS<\/li><li>ELIDETH CARLOS HERNANDEZ<\/li><li>KAREN DANIELA CRUZ QUERO<\/li><li>LINDAFLOR MARTINEZ SANDOVAL<\/li><li>NORMA ITZEL GONZALEZ MENDEZ<\/li><li>EINA MAYRENI LOPEZ VASQUEZ<\/li><\/ul><div><span style=\"font-weight: bold; line-height: inherit;\">\u00a0<\/span><\/div><\/div>\t\t\t\t\t\t\t\t<\/div>\n\t\t\t\t<\/div>\n\t\t\t\t\t<\/div>\n\t\t<\/div>\n\t\t\t\t\t<\/div>\n\t\t<\/section>\n\t\t\t\t<\/div>\n\t\t","protected":false},"excerpt":{"rendered":"<p>Coloquio de Posgrado de Maestr\u00eda en Pedagog\u00eda Enero &#8211; junio 2023 Datos Generales: Instituci\u00f3n: Instituto Universitario Antequera de Oaxaca.Clave de Plantel: 20MSY0104Y.Periodo: 17 de junio de 2023.Semestre: Tercero.Modalidad: Virtual. Tercer semestre: GABRIELA PACHECO CRUZ PORFIRIO GARCIA SAN PEDRO FABIOLA VALDIVIEZO LOPEZ RAQUEL HENRIQUEZ JIMENEZ Cuarto semestre: MARIA GUADALUPE SILENCIO CONTRERAS <a class=\"read-more\" href=\"https:\/\/institutounao.com.mx\/index.php\/se23-20-coloquio-de-posgrado-maestria-en-pedagogia\/\">Read More&#8230;<\/a><\/p>\n","protected":false},"author":1,"featured_media":0,"parent":0,"menu_order":0,"comment_status":"closed","ping_status":"closed","template":"","meta":{"_joinchat":[],"footnotes":""},"class_list":["post-6102","page","type-page","status-publish","hentry"],"jetpack_sharing_enabled":true,"_links":{"self":[{"href":"https:\/\/institutounao.com.mx\/index.php\/wp-json\/wp\/v2\/pages\/6102","targetHints":{"allow":["GET"]}}],"collection":[{"href":"https:\/\/institutounao.com.mx\/index.php\/wp-json\/wp\/v2\/pages"}],"about":[{"href":"https:\/\/institutounao.com.mx\/index.php\/wp-json\/wp\/v2\/types\/page"}],"author":[{"embeddable":true,"href":"https:\/\/institutounao.com.mx\/index.php\/wp-json\/wp\/v2\/users\/1"}],"replies":[{"embeddable":true,"href":"https:\/\/institutounao.com.mx\/index.php\/wp-json\/wp\/v2\/comments?post=6102"}],"version-history":[{"count":13,"href":"https:\/\/institutounao.com.mx\/index.php\/wp-json\/wp\/v2\/pages\/6102\/revisions"}],"predecessor-version":[{"id":6116,"href":"https:\/\/institutounao.com.mx\/index.php\/wp-json\/wp\/v2\/pages\/6102\/revisions\/6116"}],"wp:attachment":[{"href":"https:\/\/institutounao.com.mx\/index.php\/wp-json\/wp\/v2\/media?parent=6102"}],"curies":[{"name":"wp","href":"https:\/\/api.w.org\/{rel}","templated":true}]}}