{"id":6090,"date":"2023-06-14T23:05:28","date_gmt":"2023-06-14T23:05:28","guid":{"rendered":"https:\/\/institutounao.com.mx\/?page_id=6090"},"modified":"2023-06-20T17:16:23","modified_gmt":"2023-06-20T17:16:23","slug":"ecp23-39-diplomado-en-didactica-de-la-lectoescritura-en-educacion-basica","status":"publish","type":"page","link":"https:\/\/institutounao.com.mx\/index.php\/ecp23-39-diplomado-en-didactica-de-la-lectoescritura-en-educacion-basica\/","title":{"rendered":"ECP23.39 Diplomado en Did\u00e1ctica de la Lectoescritura en Educaci\u00f3n B\u00e1sica"},"content":{"rendered":"\t\t<div data-elementor-type=\"wp-page\" data-elementor-id=\"6090\" class=\"elementor elementor-6090\">\n\t\t\t\t\t\t<section class=\"elementor-section elementor-top-section elementor-element elementor-element-8f01364 elementor-section-boxed elementor-section-height-default elementor-section-height-default\" data-id=\"8f01364\" data-element_type=\"section\" data-e-type=\"section\">\n\t\t\t\t\t\t<div class=\"elementor-container elementor-column-gap-default\">\n\t\t\t\t\t<div class=\"elementor-column elementor-col-100 elementor-top-column elementor-element elementor-element-6a7ab5c\" data-id=\"6a7ab5c\" data-element_type=\"column\" data-e-type=\"column\">\n\t\t\t<div class=\"elementor-widget-wrap elementor-element-populated\">\n\t\t\t\t\t\t<div class=\"elementor-element elementor-element-b8e3ccb elementor-widget elementor-widget-heading\" data-id=\"b8e3ccb\" data-element_type=\"widget\" data-e-type=\"widget\" data-widget_type=\"heading.default\">\n\t\t\t\t<div class=\"elementor-widget-container\">\n\t\t\t\t\t<h2 class=\"elementor-heading-title elementor-size-default\">Diplomado en Did\u00e1ctica de la Lectoescritura en Educaci\u00f3n B\u00e1sica<\/h2>\t\t\t\t<\/div>\n\t\t\t\t<\/div>\n\t\t\t\t\t<\/div>\n\t\t<\/div>\n\t\t\t\t\t<\/div>\n\t\t<\/section>\n\t\t\t\t<section class=\"elementor-section elementor-top-section elementor-element elementor-element-5bebda1 elementor-section-boxed elementor-section-height-default elementor-section-height-default\" data-id=\"5bebda1\" data-element_type=\"section\" data-e-type=\"section\">\n\t\t\t\t\t\t<div class=\"elementor-container elementor-column-gap-default\">\n\t\t\t\t\t<div class=\"elementor-column elementor-col-100 elementor-top-column elementor-element elementor-element-3074e50\" data-id=\"3074e50\" data-element_type=\"column\" data-e-type=\"column\">\n\t\t\t<div class=\"elementor-widget-wrap elementor-element-populated\">\n\t\t\t\t\t\t<div class=\"elementor-element elementor-element-0841bac elementor-widget elementor-widget-text-editor\" data-id=\"0841bac\" data-element_type=\"widget\" data-e-type=\"widget\" data-widget_type=\"text-editor.default\">\n\t\t\t\t<div class=\"elementor-widget-container\">\n\t\t\t\t\t\t\t\t\t<h4><strong>Acreditaci\u00f3n de Actividades<\/strong><\/h4>\t\t\t\t\t\t\t\t<\/div>\n\t\t\t\t<\/div>\n\t\t\t\t\t<\/div>\n\t\t<\/div>\n\t\t\t\t\t<\/div>\n\t\t<\/section>\n\t\t\t\t<section class=\"elementor-section elementor-top-section elementor-element elementor-element-f7d5860 elementor-section-boxed elementor-section-height-default elementor-section-height-default\" data-id=\"f7d5860\" data-element_type=\"section\" data-e-type=\"section\">\n\t\t\t\t\t\t<div class=\"elementor-container elementor-column-gap-default\">\n\t\t\t\t\t<div class=\"elementor-column elementor-col-100 elementor-top-column elementor-element elementor-element-b16a165\" data-id=\"b16a165\" data-element_type=\"column\" data-e-type=\"column\">\n\t\t\t<div class=\"elementor-widget-wrap elementor-element-populated\">\n\t\t\t\t\t\t<div class=\"elementor-element elementor-element-abc7c3d elementor-widget elementor-widget-text-editor\" data-id=\"abc7c3d\" data-element_type=\"widget\" data-e-type=\"widget\" data-widget_type=\"text-editor.default\">\n\t\t\t\t<div class=\"elementor-widget-container\">\n\t\t\t\t\t\t\t\t\t<p><strong>Datos Generales:<\/strong><\/p><p>Instituci\u00f3n: Instituto Universitario Antequera de Oaxaca.<br \/><span style=\"font-size: 16px;\">Clave de Plantel: 20MSY0104Y<\/span>.<br \/><span style=\"font-size: 16px;\">Periodo: del 03 de enero al 05 de junio de 2023.<\/span><br \/>Modalidad: Virtual.<br \/>Horas lectivas: 120 horas lectivas.<br \/>Imparte: MTRA. PATRICIA GABRIELA CORTES CARRION.<\/p><p><strong>Participantes que acreditaron:\u00a0<\/strong><\/p><ul><li>NORMA ISABEL ROJAS JUAREZ<\/li><li>MA. GUADALUPE AQUINO ESTRADA<\/li><li>MARIA DE LOS ANGELES MARTINEZ ANTONIO<\/li><li>MARIA DE LA PAZ ALONSO REYES<\/li><li>BEATRIZ HERNANDEZ VASCONCELOS<\/li><li>VANIA ZARATE LOPEZ<\/li><li>IRENE MARTINA JANDETTE SALAS<\/li><li>MONICA MIRANDA GOMEZ<\/li><li>GUADALUPE YANETH MORALES CRUZ<\/li><li>MARIELA FUENTES CHAVEZ<\/li><li>IGNACIO RIOS DIAZ<\/li><li>JULUEL VAZQUEZ ROSEL<\/li><li>REYNA GONZALEZ MENDEZ<\/li><li>ELIAS MEDINA CUEVAS<\/li><li>VALERIA SARAHI RAMIREZ BRIONES<\/li><li>ANA BERTA MARTINEZ JUAREZ<\/li><li>CASSANDRA ISABELA SALAZAR PEREZ<\/li><li>DIANA EDITH GRANADOS ELIAS<\/li><li>GEMA BRAVO TOLEDO<\/li><li>PATRICIA AVILA ESPINOSA<\/li><li>ALMA ERIKA MARTINEZ CHAVEZ<\/li><li>ANTONIA PEREZ ALFARO<\/li><li>SONIA CASTILLO HERNANDEZ<\/li><li>CELISFLORA CRUZ LOPEZ<\/li><li>HECTOR DANIEL CRUZ LOPEZ<\/li><li>MIRIAM DEL ROCIO MENA ARROYO<\/li><li>ARIANA DE JESUS FARIAS ENRIQUEZ<\/li><li>GABRIELA RENATA SALAS MARQUEZ <\/li><li>NUBIA SANTIAGO MEJIA <\/li><li>SHEYLA BETZABETH ALTAMIRANO VELASCO<\/li><\/ul>\t\t\t\t\t\t\t\t<\/div>\n\t\t\t\t<\/div>\n\t\t\t\t\t<\/div>\n\t\t<\/div>\n\t\t\t\t\t<\/div>\n\t\t<\/section>\n\t\t\t\t<\/div>\n\t\t","protected":false},"excerpt":{"rendered":"<p>Diplomado en Did\u00e1ctica de la Lectoescritura en Educaci\u00f3n B\u00e1sica Acreditaci\u00f3n de Actividades Datos Generales: Instituci\u00f3n: Instituto Universitario Antequera de Oaxaca.Clave de Plantel: 20MSY0104Y.Periodo: del 03 de enero al 05 de junio de 2023.Modalidad: Virtual.Horas lectivas: 120 horas lectivas.Imparte: MTRA. PATRICIA GABRIELA CORTES CARRION. Participantes que acreditaron:\u00a0 NORMA ISABEL ROJAS JUAREZ <a class=\"read-more\" href=\"https:\/\/institutounao.com.mx\/index.php\/ecp23-39-diplomado-en-didactica-de-la-lectoescritura-en-educacion-basica\/\">Read More&#8230;<\/a><\/p>\n","protected":false},"author":1,"featured_media":0,"parent":0,"menu_order":0,"comment_status":"closed","ping_status":"closed","template":"","meta":{"_joinchat":[],"footnotes":""},"class_list":["post-6090","page","type-page","status-publish","hentry"],"jetpack_sharing_enabled":true,"_links":{"self":[{"href":"https:\/\/institutounao.com.mx\/index.php\/wp-json\/wp\/v2\/pages\/6090","targetHints":{"allow":["GET"]}}],"collection":[{"href":"https:\/\/institutounao.com.mx\/index.php\/wp-json\/wp\/v2\/pages"}],"about":[{"href":"https:\/\/institutounao.com.mx\/index.php\/wp-json\/wp\/v2\/types\/page"}],"author":[{"embeddable":true,"href":"https:\/\/institutounao.com.mx\/index.php\/wp-json\/wp\/v2\/users\/1"}],"replies":[{"embeddable":true,"href":"https:\/\/institutounao.com.mx\/index.php\/wp-json\/wp\/v2\/comments?post=6090"}],"version-history":[{"count":7,"href":"https:\/\/institutounao.com.mx\/index.php\/wp-json\/wp\/v2\/pages\/6090\/revisions"}],"predecessor-version":[{"id":6124,"href":"https:\/\/institutounao.com.mx\/index.php\/wp-json\/wp\/v2\/pages\/6090\/revisions\/6124"}],"wp:attachment":[{"href":"https:\/\/institutounao.com.mx\/index.php\/wp-json\/wp\/v2\/media?parent=6090"}],"curies":[{"name":"wp","href":"https:\/\/api.w.org\/{rel}","templated":true}]}}