{"id":6063,"date":"2023-06-08T23:09:20","date_gmt":"2023-06-08T23:09:20","guid":{"rendered":"https:\/\/institutounao.com.mx\/?page_id=6063"},"modified":"2023-06-08T23:15:07","modified_gmt":"2023-06-08T23:15:07","slug":"ecp23-38-motricidad-fina-etapas-del-agarre-del-lapiz","status":"publish","type":"page","link":"https:\/\/institutounao.com.mx\/index.php\/ecp23-38-motricidad-fina-etapas-del-agarre-del-lapiz\/","title":{"rendered":"ECP23.38 Motricidad Fina: Etapas del Agarre del L\u00e1piz"},"content":{"rendered":"\t\t<div data-elementor-type=\"wp-page\" data-elementor-id=\"6063\" class=\"elementor elementor-6063\">\n\t\t\t\t\t\t<section class=\"elementor-section elementor-top-section elementor-element elementor-element-d11149d elementor-section-boxed elementor-section-height-default elementor-section-height-default\" data-id=\"d11149d\" data-element_type=\"section\" data-e-type=\"section\">\n\t\t\t\t\t\t<div class=\"elementor-container elementor-column-gap-default\">\n\t\t\t\t\t<div class=\"elementor-column elementor-col-100 elementor-top-column elementor-element elementor-element-f4745fb\" data-id=\"f4745fb\" data-element_type=\"column\" data-e-type=\"column\">\n\t\t\t<div class=\"elementor-widget-wrap elementor-element-populated\">\n\t\t\t\t\t\t<div class=\"elementor-element elementor-element-3f057a3 elementor-widget elementor-widget-heading\" data-id=\"3f057a3\" data-element_type=\"widget\" data-e-type=\"widget\" data-widget_type=\"heading.default\">\n\t\t\t\t<div class=\"elementor-widget-container\">\n\t\t\t\t\t<h2 class=\"elementor-heading-title elementor-size-default\">Motricidad Fina: Etapas del Agarre del L\u00e1piz<\/h2>\t\t\t\t<\/div>\n\t\t\t\t<\/div>\n\t\t\t\t\t<\/div>\n\t\t<\/div>\n\t\t\t\t\t<\/div>\n\t\t<\/section>\n\t\t\t\t<section class=\"elementor-section elementor-top-section elementor-element elementor-element-16ec95d elementor-section-boxed elementor-section-height-default elementor-section-height-default\" data-id=\"16ec95d\" data-element_type=\"section\" data-e-type=\"section\">\n\t\t\t\t\t\t<div class=\"elementor-container elementor-column-gap-default\">\n\t\t\t\t\t<div class=\"elementor-column elementor-col-100 elementor-top-column elementor-element elementor-element-1127a98\" data-id=\"1127a98\" data-element_type=\"column\" data-e-type=\"column\">\n\t\t\t<div class=\"elementor-widget-wrap elementor-element-populated\">\n\t\t\t\t\t\t<div class=\"elementor-element elementor-element-4e76229 elementor-widget elementor-widget-text-editor\" data-id=\"4e76229\" data-element_type=\"widget\" data-e-type=\"widget\" data-widget_type=\"text-editor.default\">\n\t\t\t\t<div class=\"elementor-widget-container\">\n\t\t\t\t\t\t\t\t\t<h4><strong>Acreditaci\u00f3n de Actividades<\/strong><\/h4>\t\t\t\t\t\t\t\t<\/div>\n\t\t\t\t<\/div>\n\t\t\t\t\t<\/div>\n\t\t<\/div>\n\t\t\t\t\t<\/div>\n\t\t<\/section>\n\t\t\t\t<section class=\"elementor-section elementor-top-section elementor-element elementor-element-01423f7 elementor-section-boxed elementor-section-height-default elementor-section-height-default\" data-id=\"01423f7\" data-element_type=\"section\" data-e-type=\"section\">\n\t\t\t\t\t\t<div class=\"elementor-container elementor-column-gap-default\">\n\t\t\t\t\t<div class=\"elementor-column elementor-col-100 elementor-top-column elementor-element elementor-element-00f4125\" data-id=\"00f4125\" data-element_type=\"column\" data-e-type=\"column\">\n\t\t\t<div class=\"elementor-widget-wrap elementor-element-populated\">\n\t\t\t\t\t\t<div class=\"elementor-element elementor-element-707842e elementor-widget elementor-widget-text-editor\" data-id=\"707842e\" data-element_type=\"widget\" data-e-type=\"widget\" data-widget_type=\"text-editor.default\">\n\t\t\t\t<div class=\"elementor-widget-container\">\n\t\t\t\t\t\t\t\t\t<p><strong>Datos Generales:<\/strong><\/p><p>Instituci\u00f3n: Instituto Universitario Antequera de Oaxaca.<br \/><span style=\"font-size: 16px;\">Clave de Plantel: 20MSY0104Y<\/span>.<br \/><span style=\"font-size: 16px;\">Periodo: 06 y 07 de junio de 2023.<\/span><br \/>Modalidad: Virtual.<br \/>Horas lectivas: 10 horas lectivas.<br \/>Imparte: MTRA. VERONICA CAMACHO AVILA<\/p><p><strong>Participantes que acreditaron:\u00a0<\/strong><\/p><ul><li>SARAI NARES ESPINOZA<\/li><li>MARTHA DELFINA HERN\u00c1NDEZ GONZ\u00c1LEZ<\/li><li>MIRIAM MAGA\u00d1A DOMINGUEZ<\/li><li>MARIA DE LOS ANGELES LOPEZ BACA<\/li><li>VALERIA SARAHI RAMIREZ BRIONES<\/li><li>EDER GIOVANNI GOMEZ RAMIREZ<\/li><li>BLANCA ELENA RUIZ ZARATE<\/li><li>JUANA CECILIA GARCIA PEREZ<\/li><li>NORMA CAUDILLO VILLANUEVA<\/li><li>JENNY JUDITH BARENCA TRINIDAD<\/li><li>ALBA YANETH GALAZ ESTALA<\/li><li>WENDY CAMPOS APARICIO<\/li><li>JACOBO BELTRAN FLORES<\/li><li>DALIA ADILENE GOMEZ VARGAS<\/li><li>MIRIAM HERNANDEZ RAMIREZ<\/li><li>CITLALLITZIN EDITH MEZA ZENTENO<\/li><li>BERTHA ANGELICA SOSA REYES<\/li><li>BLANCA ELIZABETH AMADOR ALVARADO<\/li><li>SILVIA ESPERANZA LOPEZ GUTIERREZ<\/li><li>NANCY CESAR SILVA<\/li><li>SAYURI ZURITA RODRIGUEZ<\/li><li>CELISFLORA CRUZ LOPEZ<\/li><li>CHRISTIAN ELIZABETH ALFONZO MELGAR<\/li><li>YOLANDA GARCIA TREJO<\/li><\/ul>\t\t\t\t\t\t\t\t<\/div>\n\t\t\t\t<\/div>\n\t\t\t\t\t<\/div>\n\t\t<\/div>\n\t\t\t\t\t<\/div>\n\t\t<\/section>\n\t\t\t\t<\/div>\n\t\t","protected":false},"excerpt":{"rendered":"<p>Motricidad Fina: Etapas del Agarre del L\u00e1piz Acreditaci\u00f3n de Actividades Datos Generales: Instituci\u00f3n: Instituto Universitario Antequera de Oaxaca.Clave de Plantel: 20MSY0104Y.Periodo: 06 y 07 de junio de 2023.Modalidad: Virtual.Horas lectivas: 10 horas lectivas.Imparte: MTRA. VERONICA CAMACHO AVILA Participantes que acreditaron:\u00a0 SARAI NARES ESPINOZA MARTHA DELFINA HERN\u00c1NDEZ GONZ\u00c1LEZ MIRIAM MAGA\u00d1A DOMINGUEZ <a class=\"read-more\" href=\"https:\/\/institutounao.com.mx\/index.php\/ecp23-38-motricidad-fina-etapas-del-agarre-del-lapiz\/\">Read More&#8230;<\/a><\/p>\n","protected":false},"author":1,"featured_media":0,"parent":0,"menu_order":0,"comment_status":"closed","ping_status":"closed","template":"","meta":{"_joinchat":[],"footnotes":""},"class_list":["post-6063","page","type-page","status-publish","hentry"],"jetpack_sharing_enabled":true,"_links":{"self":[{"href":"https:\/\/institutounao.com.mx\/index.php\/wp-json\/wp\/v2\/pages\/6063","targetHints":{"allow":["GET"]}}],"collection":[{"href":"https:\/\/institutounao.com.mx\/index.php\/wp-json\/wp\/v2\/pages"}],"about":[{"href":"https:\/\/institutounao.com.mx\/index.php\/wp-json\/wp\/v2\/types\/page"}],"author":[{"embeddable":true,"href":"https:\/\/institutounao.com.mx\/index.php\/wp-json\/wp\/v2\/users\/1"}],"replies":[{"embeddable":true,"href":"https:\/\/institutounao.com.mx\/index.php\/wp-json\/wp\/v2\/comments?post=6063"}],"version-history":[{"count":7,"href":"https:\/\/institutounao.com.mx\/index.php\/wp-json\/wp\/v2\/pages\/6063\/revisions"}],"predecessor-version":[{"id":6070,"href":"https:\/\/institutounao.com.mx\/index.php\/wp-json\/wp\/v2\/pages\/6063\/revisions\/6070"}],"wp:attachment":[{"href":"https:\/\/institutounao.com.mx\/index.php\/wp-json\/wp\/v2\/media?parent=6063"}],"curies":[{"name":"wp","href":"https:\/\/api.w.org\/{rel}","templated":true}]}}