{"id":6045,"date":"2023-06-06T23:06:42","date_gmt":"2023-06-06T23:06:42","guid":{"rendered":"https:\/\/institutounao.com.mx\/?page_id=6045"},"modified":"2023-06-06T23:23:27","modified_gmt":"2023-06-06T23:23:27","slug":"ecp23-03-tecnicas-e-instrumentos-de-evaluacion-de-la-lectoescritura","status":"publish","type":"page","link":"https:\/\/institutounao.com.mx\/index.php\/ecp23-03-tecnicas-e-instrumentos-de-evaluacion-de-la-lectoescritura\/","title":{"rendered":"ECP23-03 T\u00e9cnicas e Instrumentos de Evaluaci\u00f3n de la Lectoescritura"},"content":{"rendered":"\t\t<div data-elementor-type=\"wp-page\" data-elementor-id=\"6045\" class=\"elementor elementor-6045\">\n\t\t\t\t\t\t<section class=\"elementor-section elementor-top-section elementor-element elementor-element-dffc603 elementor-section-boxed elementor-section-height-default elementor-section-height-default\" data-id=\"dffc603\" data-element_type=\"section\" data-e-type=\"section\">\n\t\t\t\t\t\t<div class=\"elementor-container elementor-column-gap-default\">\n\t\t\t\t\t<div class=\"elementor-column elementor-col-100 elementor-top-column elementor-element elementor-element-ab67a72\" data-id=\"ab67a72\" data-element_type=\"column\" data-e-type=\"column\">\n\t\t\t<div class=\"elementor-widget-wrap elementor-element-populated\">\n\t\t\t\t\t\t<div class=\"elementor-element elementor-element-6f93823 elementor-widget elementor-widget-heading\" data-id=\"6f93823\" data-element_type=\"widget\" data-e-type=\"widget\" data-widget_type=\"heading.default\">\n\t\t\t\t<div class=\"elementor-widget-container\">\n\t\t\t\t\t<h4 class=\"elementor-heading-title elementor-size-default\">Taller Pedag\u00f3gico<\/h4>\t\t\t\t<\/div>\n\t\t\t\t<\/div>\n\t\t\t\t\t<\/div>\n\t\t<\/div>\n\t\t\t\t\t<\/div>\n\t\t<\/section>\n\t\t\t\t<section class=\"elementor-section elementor-top-section elementor-element elementor-element-1542ddd elementor-section-boxed elementor-section-height-default elementor-section-height-default\" data-id=\"1542ddd\" data-element_type=\"section\" data-e-type=\"section\">\n\t\t\t\t\t\t<div class=\"elementor-container elementor-column-gap-default\">\n\t\t\t\t\t<div class=\"elementor-column elementor-col-100 elementor-top-column elementor-element elementor-element-85c2960\" data-id=\"85c2960\" data-element_type=\"column\" data-e-type=\"column\">\n\t\t\t<div class=\"elementor-widget-wrap elementor-element-populated\">\n\t\t\t\t\t\t<div class=\"elementor-element elementor-element-290cd57 elementor-widget elementor-widget-heading\" data-id=\"290cd57\" data-element_type=\"widget\" data-e-type=\"widget\" data-widget_type=\"heading.default\">\n\t\t\t\t<div class=\"elementor-widget-container\">\n\t\t\t\t\t<h2 class=\"elementor-heading-title elementor-size-default\">T\u00e9cnicas e Instrumentos de Evaluaci\u00f3n de la Lectoescritura<\/h2>\t\t\t\t<\/div>\n\t\t\t\t<\/div>\n\t\t\t\t\t<\/div>\n\t\t<\/div>\n\t\t\t\t\t<\/div>\n\t\t<\/section>\n\t\t\t\t<section class=\"elementor-section elementor-top-section elementor-element elementor-element-2860902 elementor-section-boxed elementor-section-height-default elementor-section-height-default\" data-id=\"2860902\" data-element_type=\"section\" data-e-type=\"section\">\n\t\t\t\t\t\t<div class=\"elementor-container elementor-column-gap-default\">\n\t\t\t\t\t<div class=\"elementor-column elementor-col-100 elementor-top-column elementor-element elementor-element-4c1fa0e\" data-id=\"4c1fa0e\" data-element_type=\"column\" data-e-type=\"column\">\n\t\t\t<div class=\"elementor-widget-wrap elementor-element-populated\">\n\t\t\t\t\t\t<div class=\"elementor-element elementor-element-5dd83a7 elementor-tabs-view-vertical elementor-widget elementor-widget-tabs\" data-id=\"5dd83a7\" data-element_type=\"widget\" data-e-type=\"widget\" data-widget_type=\"tabs.default\">\n\t\t\t\t<div class=\"elementor-widget-container\">\n\t\t\t\t\t\t\t<div class=\"elementor-tabs\">\n\t\t\t<div class=\"elementor-tabs-wrapper\" role=\"tablist\" >\n\t\t\t\t\t\t\t\t\t<div id=\"elementor-tab-title-9841\" class=\"elementor-tab-title elementor-tab-desktop-title\" aria-selected=\"true\" data-tab=\"1\" role=\"tab\" tabindex=\"0\" aria-controls=\"elementor-tab-content-9841\" aria-expanded=\"false\">Informaci\u00f3n General: <\/div>\n\t\t\t\t\t\t\t\t\t<div id=\"elementor-tab-title-9842\" class=\"elementor-tab-title elementor-tab-desktop-title\" aria-selected=\"false\" data-tab=\"2\" role=\"tab\" tabindex=\"-1\" aria-controls=\"elementor-tab-content-9842\" aria-expanded=\"false\">Contenido:<\/div>\n\t\t\t\t\t\t\t\t\t<div id=\"elementor-tab-title-9843\" class=\"elementor-tab-title elementor-tab-desktop-title\" aria-selected=\"false\" data-tab=\"3\" role=\"tab\" tabindex=\"-1\" aria-controls=\"elementor-tab-content-9843\" aria-expanded=\"false\">Costo y formas de pago: <\/div>\n\t\t\t\t\t\t\t\t\t<div id=\"elementor-tab-title-9844\" class=\"elementor-tab-title elementor-tab-desktop-title\" aria-selected=\"false\" data-tab=\"4\" role=\"tab\" tabindex=\"-1\" aria-controls=\"elementor-tab-content-9844\" aria-expanded=\"false\">Acreditaci\u00f3n:<\/div>\n\t\t\t\t\t\t\t\t\t<div id=\"elementor-tab-title-9845\" class=\"elementor-tab-title elementor-tab-desktop-title\" aria-selected=\"false\" data-tab=\"5\" role=\"tab\" tabindex=\"-1\" aria-controls=\"elementor-tab-content-9845\" aria-expanded=\"false\">Tutor Pedag\u00f3gico:<\/div>\n\t\t\t\t\t\t\t<\/div>\n\t\t\t<div class=\"elementor-tabs-content-wrapper\" role=\"tablist\" aria-orientation=\"vertical\">\n\t\t\t\t\t\t\t\t\t<div class=\"elementor-tab-title elementor-tab-mobile-title\" aria-selected=\"true\" data-tab=\"1\" role=\"tab\" tabindex=\"0\" aria-controls=\"elementor-tab-content-9841\" aria-expanded=\"false\">Informaci\u00f3n General: <\/div>\n\t\t\t\t\t<div id=\"elementor-tab-content-9841\" class=\"elementor-tab-content elementor-clearfix\" data-tab=\"1\" role=\"tabpanel\" aria-labelledby=\"elementor-tab-title-9841\" tabindex=\"0\" hidden=\"false\"><p><span style=\"font-weight: 400;\">En este taller daremos respuesta a estas y otras preguntas acerca de la lectoescritura, abordando pautas de observaci\u00f3n y pruebas de evaluaci\u00f3n que estoy segura te ayudar\u00e1n a mejorar el acompa\u00f1amiento que brindas a tus estudiantes.<\/span><\/p><p>\u00a0<\/p><p><span style=\"font-weight: 400;\">Dirigido a:<\/span><\/p><p><span style=\"font-weight: 400;\">\ud83d\udd16 Profesores y profesoras de educaci\u00f3n preescolar, educaci\u00f3n primaria, educaci\u00f3n especial.<\/span><\/p><p><span style=\"font-weight: 400;\">\ud83d\udd16 Estudiantes en las \u00e1reas: psicolog\u00eda, educaci\u00f3n especial, pedagog\u00eda, psicopedagog\u00eda, ciencias de la educaci\u00f3n y\/o \u00e1reas afines.<\/span><\/p><p><span style=\"font-weight: 400;\">\ud83d\udd16 Psic\u00f3logos educativos &#8211; psicoterapeutas infantiles.<\/span><\/p><p><span style=\"font-weight: 400;\">\ud83d\udd16 Personas interesadas en el trabajo con ni\u00f1os y adolescentes.<\/span><\/p><p><span style=\"font-weight: 400;\">\u00a0<\/span><\/p><p><span style=\"font-weight: 400;\">\u23f0Per\u00edodo: s\u00e1bado 24 de\u00a0 junio 2023;<\/span><span style=\"font-weight: 400;\"> de 09:00 a 13:00 h.\u00a0 (hora del centro de M\u00e9xico).<\/span><\/p><p><span style=\"font-weight: 400;\">\ud83d\udcbbModalidad: Virtual<\/span><span style=\"font-weight: 400;\">\u00a0<\/span><span style=\"font-size: 16px; font-family: var( --e-global-typography-text-font-family ), Sans-serif; font-weight: var( --e-global-typography-text-font-weight );\">(plataforma de ZOOM).<\/span><\/p><\/div>\n\t\t\t\t\t\t\t\t\t<div class=\"elementor-tab-title elementor-tab-mobile-title\" aria-selected=\"false\" data-tab=\"2\" role=\"tab\" tabindex=\"-1\" aria-controls=\"elementor-tab-content-9842\" aria-expanded=\"false\">Contenido:<\/div>\n\t\t\t\t\t<div id=\"elementor-tab-content-9842\" class=\"elementor-tab-content elementor-clearfix\" data-tab=\"2\" role=\"tabpanel\" aria-labelledby=\"elementor-tab-title-9842\" tabindex=\"0\" hidden=\"hidden\"><p><span style=\"font-weight: 400;\">\ud83d\udd38 Tema I. Procesos cognitivos que intervienen en el proceso lectoescritor.<\/span><\/p><p><span style=\"font-weight: 400;\">\ud83d\udd38 Tema II. Evaluaci\u00f3n del proceso de adquisici\u00f3n; retraso lector<\/span><\/p><ul><li><span style=\"font-weight: 400;\">Pautas de observaci\u00f3n del proceso de adquisici\u00f3n de la lectura.<\/span><\/li><li>Pautas de observaci\u00f3n del proceso de adquisici\u00f3n de la escritura.<\/li><li>Evaluaci\u00f3n de las dificultades de la lectura y la escritura.\u00a0<\/li><\/ul><p><span style=\"font-weight: 400;\">\ud83d\udd38 Tema III. Pruebas para evaluar el nivel de adquisici\u00f3n del lenguaje escrito y oral<\/span><\/p><\/div>\n\t\t\t\t\t\t\t\t\t<div class=\"elementor-tab-title elementor-tab-mobile-title\" aria-selected=\"false\" data-tab=\"3\" role=\"tab\" tabindex=\"-1\" aria-controls=\"elementor-tab-content-9843\" aria-expanded=\"false\">Costo y formas de pago: <\/div>\n\t\t\t\t\t<div id=\"elementor-tab-content-9843\" class=\"elementor-tab-content elementor-clearfix\" data-tab=\"3\" role=\"tabpanel\" aria-labelledby=\"elementor-tab-title-9843\" tabindex=\"0\" hidden=\"hidden\"><p><strong>$600.00 M. N.<\/strong><\/p><p><strong>Formas de pago:<\/strong><\/p><p>1. Realiza tu pago por medio de transferencia, dep\u00f3sito bancario, oxxo o con tarjeta de cr\u00e9dito.<\/p><p>Nota: En el concepto del pago, escribe tu nombre completo.<\/p><p>2. Env\u00eda tu comprobante de pago, v\u00eda WhatsApp al siguiente n\u00famero: 951 226 83 23.<\/p><p>Datos bancarios<br \/>Titular de la cuenta: Universidad Antequera de Oaxaca A.C.<br \/>RFC: UAO1603011L5<\/p><p>\u2705 BBVA BANCOMER.<br \/>\u25ab\ufe0f N\u00famero de cuenta: 0117466188<br \/>\u25ab\ufe0f CLABE: 0126 1000 1174 6618 88<\/p><p>\u2705 SANTANDER <br \/>\u25ab\ufe0f N\u00famero de cuenta: 65505544709<br \/>\u25ab\ufe0f CLABE: 0146 1065 5055 4470 96<br \/>\u25ab\ufe0f No de tarjeta: 5579 0890 0420 8982<\/p><p>\u2705 Pago en tiendas OXXO:<br \/>\u25ab\ufe0f No de tarjeta: 5579 0890 0420 8982 (Santander).<\/p><p>\u2705 Pago con tarjeta de cr\u00e9dito (solicite el link).<\/p><\/div>\n\t\t\t\t\t\t\t\t\t<div class=\"elementor-tab-title elementor-tab-mobile-title\" aria-selected=\"false\" data-tab=\"4\" role=\"tab\" tabindex=\"-1\" aria-controls=\"elementor-tab-content-9844\" aria-expanded=\"false\">Acreditaci\u00f3n:<\/div>\n\t\t\t\t\t<div id=\"elementor-tab-content-9844\" class=\"elementor-tab-content elementor-clearfix\" data-tab=\"4\" role=\"tabpanel\" aria-labelledby=\"elementor-tab-title-9844\" tabindex=\"0\" hidden=\"hidden\"><p><span style=\"font-weight: 400;\">\ud83d\udcdd Constancia\u00a0 con validez curricular: 10 horas lectivas.<\/span><\/p><\/div>\n\t\t\t\t\t\t\t\t\t<div class=\"elementor-tab-title elementor-tab-mobile-title\" aria-selected=\"false\" data-tab=\"5\" role=\"tab\" tabindex=\"-1\" aria-controls=\"elementor-tab-content-9845\" aria-expanded=\"false\">Tutor Pedag\u00f3gico:<\/div>\n\t\t\t\t\t<div id=\"elementor-tab-content-9845\" class=\"elementor-tab-content elementor-clearfix\" data-tab=\"5\" role=\"tabpanel\" aria-labelledby=\"elementor-tab-title-9845\" tabindex=\"0\" hidden=\"hidden\"><p><img decoding=\"async\" class=\"size-full wp-image-6048 alignleft\" src=\"https:\/\/institutounao.com.mx\/wp-content\/uploads\/2023\/06\/Pag-web-3.png\" alt=\"\" width=\"176\" height=\"176\" srcset=\"https:\/\/institutounao.com.mx\/wp-content\/uploads\/2023\/06\/Pag-web-3.png 176w, https:\/\/institutounao.com.mx\/wp-content\/uploads\/2023\/06\/Pag-web-3-150x150.png 150w, https:\/\/institutounao.com.mx\/wp-content\/uploads\/2023\/06\/Pag-web-3-165x165.png 165w\" sizes=\"(max-width: 176px) 100vw, 176px\" \/><\/p><p><strong>MTRA. PATRICIA GABRIELA CORTES CARRION<\/strong><\/p><ul><li>Tutora pedag\u00f3gica del Instituto UNAO.<\/li><li>Pr\u00e1ctica profesional y especialidazada en Administraci\u00f3n de Instituciones Educativas.<\/li><\/ul><\/div>\n\t\t\t\t\t\t\t<\/div>\n\t\t<\/div>\n\t\t\t\t\t\t<\/div>\n\t\t\t\t<\/div>\n\t\t\t\t\t<\/div>\n\t\t<\/div>\n\t\t\t\t\t<\/div>\n\t\t<\/section>\n\t\t\t\t<\/div>\n\t\t","protected":false},"excerpt":{"rendered":"<p>Taller Pedag\u00f3gico T\u00e9cnicas e Instrumentos de Evaluaci\u00f3n de la Lectoescritura Informaci\u00f3n General: Contenido: Costo y formas de pago: Acreditaci\u00f3n: Tutor Pedag\u00f3gico: Informaci\u00f3n General: En este taller daremos respuesta a estas y otras preguntas acerca de la lectoescritura, abordando pautas de observaci\u00f3n y pruebas de evaluaci\u00f3n que estoy segura te ayudar\u00e1n <a class=\"read-more\" href=\"https:\/\/institutounao.com.mx\/index.php\/ecp23-03-tecnicas-e-instrumentos-de-evaluacion-de-la-lectoescritura\/\">Read More&#8230;<\/a><\/p>\n","protected":false},"author":1,"featured_media":0,"parent":0,"menu_order":0,"comment_status":"closed","ping_status":"closed","template":"","meta":{"_joinchat":[],"footnotes":""},"class_list":["post-6045","page","type-page","status-publish","hentry"],"jetpack_sharing_enabled":true,"_links":{"self":[{"href":"https:\/\/institutounao.com.mx\/index.php\/wp-json\/wp\/v2\/pages\/6045","targetHints":{"allow":["GET"]}}],"collection":[{"href":"https:\/\/institutounao.com.mx\/index.php\/wp-json\/wp\/v2\/pages"}],"about":[{"href":"https:\/\/institutounao.com.mx\/index.php\/wp-json\/wp\/v2\/types\/page"}],"author":[{"embeddable":true,"href":"https:\/\/institutounao.com.mx\/index.php\/wp-json\/wp\/v2\/users\/1"}],"replies":[{"embeddable":true,"href":"https:\/\/institutounao.com.mx\/index.php\/wp-json\/wp\/v2\/comments?post=6045"}],"version-history":[{"count":4,"href":"https:\/\/institutounao.com.mx\/index.php\/wp-json\/wp\/v2\/pages\/6045\/revisions"}],"predecessor-version":[{"id":6051,"href":"https:\/\/institutounao.com.mx\/index.php\/wp-json\/wp\/v2\/pages\/6045\/revisions\/6051"}],"wp:attachment":[{"href":"https:\/\/institutounao.com.mx\/index.php\/wp-json\/wp\/v2\/media?parent=6045"}],"curies":[{"name":"wp","href":"https:\/\/api.w.org\/{rel}","templated":true}]}}