{"id":5959,"date":"2023-05-31T16:50:20","date_gmt":"2023-05-31T16:50:20","guid":{"rendered":"https:\/\/institutounao.com.mx\/?page_id=5959"},"modified":"2023-05-31T17:05:12","modified_gmt":"2023-05-31T17:05:12","slug":"ecp23-37-metodologia-para-disenar-cursos-de-capacitacion","status":"publish","type":"page","link":"https:\/\/institutounao.com.mx\/index.php\/ecp23-37-metodologia-para-disenar-cursos-de-capacitacion\/","title":{"rendered":"ECP23.37 Metodolog\u00eda para Dise\u00f1ar Cursos de Capacitaci\u00f3n"},"content":{"rendered":"\t\t<div data-elementor-type=\"wp-page\" data-elementor-id=\"5959\" class=\"elementor elementor-5959\">\n\t\t\t\t\t\t<section class=\"elementor-section elementor-top-section elementor-element elementor-element-9214c3b elementor-section-boxed elementor-section-height-default elementor-section-height-default\" data-id=\"9214c3b\" data-element_type=\"section\" data-e-type=\"section\">\n\t\t\t\t\t\t<div class=\"elementor-container elementor-column-gap-default\">\n\t\t\t\t\t<div class=\"elementor-column elementor-col-100 elementor-top-column elementor-element elementor-element-748ddd1\" data-id=\"748ddd1\" data-element_type=\"column\" data-e-type=\"column\">\n\t\t\t<div class=\"elementor-widget-wrap elementor-element-populated\">\n\t\t\t\t\t\t<div class=\"elementor-element elementor-element-e864a01 elementor-widget elementor-widget-heading\" data-id=\"e864a01\" data-element_type=\"widget\" data-e-type=\"widget\" data-widget_type=\"heading.default\">\n\t\t\t\t<div class=\"elementor-widget-container\">\n\t\t\t\t\t<h2 class=\"elementor-heading-title elementor-size-default\">Metodolog\u00eda para Dise\u00f1ar Cursos de Capacitaci\u00f3n<\/h2>\t\t\t\t<\/div>\n\t\t\t\t<\/div>\n\t\t\t\t\t<\/div>\n\t\t<\/div>\n\t\t\t\t\t<\/div>\n\t\t<\/section>\n\t\t\t\t<section class=\"elementor-section elementor-top-section elementor-element elementor-element-e196337 elementor-section-boxed elementor-section-height-default elementor-section-height-default\" data-id=\"e196337\" data-element_type=\"section\" data-e-type=\"section\">\n\t\t\t\t\t\t<div class=\"elementor-container elementor-column-gap-default\">\n\t\t\t\t\t<div class=\"elementor-column elementor-col-100 elementor-top-column elementor-element elementor-element-61ade06\" data-id=\"61ade06\" data-element_type=\"column\" data-e-type=\"column\">\n\t\t\t<div class=\"elementor-widget-wrap elementor-element-populated\">\n\t\t\t\t\t\t<div class=\"elementor-element elementor-element-84672e0 elementor-widget elementor-widget-text-editor\" data-id=\"84672e0\" data-element_type=\"widget\" data-e-type=\"widget\" data-widget_type=\"text-editor.default\">\n\t\t\t\t<div class=\"elementor-widget-container\">\n\t\t\t\t\t\t\t\t\t<h4><strong>Acreditaci\u00f3n de Actividades<\/strong><\/h4>\t\t\t\t\t\t\t\t<\/div>\n\t\t\t\t<\/div>\n\t\t\t\t\t<\/div>\n\t\t<\/div>\n\t\t\t\t\t<\/div>\n\t\t<\/section>\n\t\t\t\t<section class=\"elementor-section elementor-top-section elementor-element elementor-element-2bddd47 elementor-section-boxed elementor-section-height-default elementor-section-height-default\" data-id=\"2bddd47\" data-element_type=\"section\" data-e-type=\"section\">\n\t\t\t\t\t\t<div class=\"elementor-container elementor-column-gap-default\">\n\t\t\t\t\t<div class=\"elementor-column elementor-col-100 elementor-top-column elementor-element elementor-element-46500df\" data-id=\"46500df\" data-element_type=\"column\" data-e-type=\"column\">\n\t\t\t<div class=\"elementor-widget-wrap elementor-element-populated\">\n\t\t\t\t\t\t<div class=\"elementor-element elementor-element-7be4ce2 elementor-widget elementor-widget-text-editor\" data-id=\"7be4ce2\" data-element_type=\"widget\" data-e-type=\"widget\" data-widget_type=\"text-editor.default\">\n\t\t\t\t<div class=\"elementor-widget-container\">\n\t\t\t\t\t\t\t\t\t<p><strong>Datos Generales:<\/strong><\/p><p>Instituci\u00f3n: Instituto Universitario Antequera de Oaxaca.<br \/><span style=\"font-size: 16px;\">Clave de Plantel: 20MSY0104Y<\/span>.<br \/><span style=\"font-size: 16px;\">Periodo: 31 mayo de 2023.<\/span><br \/>Modalidad: Virtual.<br \/>Horas lectivas: 5 horas lectivas.<br \/>Imparte: MTRO. JAIME PADILLA RAMIREZ<\/p><p><strong>Participantes que acreditaron:\u00a0<\/strong><\/p><ul><li>OSIRIS TORRES RAMIREZ<\/li><li>LILIANA ROSALIA SANTOS FLORES<\/li><li>GABRIELA SORIANO HERRERA<\/li><li>MARIA DEL CARMEN MARTINEZ GARCIA<\/li><li>BRENDA ELIZABETH VERA ESTRADA<\/li><li>OSCAR MEJIA BRAVO<\/li><li>ROCIO ALVAREZ SANCHEZ<\/li><li>GUADALUPE VILLALBA HERNANDEZ<\/li><li>ANDREA ITZEL CRUZ CHAVEZ<\/li><li>VANESSA CRUZ CHAVEZ<\/li><\/ul>\t\t\t\t\t\t\t\t<\/div>\n\t\t\t\t<\/div>\n\t\t\t\t\t<\/div>\n\t\t<\/div>\n\t\t\t\t\t<\/div>\n\t\t<\/section>\n\t\t\t\t<\/div>\n\t\t","protected":false},"excerpt":{"rendered":"<p>Metodolog\u00eda para Dise\u00f1ar Cursos de Capacitaci\u00f3n Acreditaci\u00f3n de Actividades Datos Generales: Instituci\u00f3n: Instituto Universitario Antequera de Oaxaca.Clave de Plantel: 20MSY0104Y.Periodo: 31 mayo de 2023.Modalidad: Virtual.Horas lectivas: 5 horas lectivas.Imparte: MTRO. JAIME PADILLA RAMIREZ Participantes que acreditaron:\u00a0 OSIRIS TORRES RAMIREZ LILIANA ROSALIA SANTOS FLORES GABRIELA SORIANO HERRERA MARIA DEL CARMEN MARTINEZ <a class=\"read-more\" href=\"https:\/\/institutounao.com.mx\/index.php\/ecp23-37-metodologia-para-disenar-cursos-de-capacitacion\/\">Read More&#8230;<\/a><\/p>\n","protected":false},"author":1,"featured_media":0,"parent":0,"menu_order":0,"comment_status":"closed","ping_status":"closed","template":"","meta":{"_joinchat":[],"footnotes":""},"class_list":["post-5959","page","type-page","status-publish","hentry"],"jetpack_sharing_enabled":true,"_links":{"self":[{"href":"https:\/\/institutounao.com.mx\/index.php\/wp-json\/wp\/v2\/pages\/5959","targetHints":{"allow":["GET"]}}],"collection":[{"href":"https:\/\/institutounao.com.mx\/index.php\/wp-json\/wp\/v2\/pages"}],"about":[{"href":"https:\/\/institutounao.com.mx\/index.php\/wp-json\/wp\/v2\/types\/page"}],"author":[{"embeddable":true,"href":"https:\/\/institutounao.com.mx\/index.php\/wp-json\/wp\/v2\/users\/1"}],"replies":[{"embeddable":true,"href":"https:\/\/institutounao.com.mx\/index.php\/wp-json\/wp\/v2\/comments?post=5959"}],"version-history":[{"count":4,"href":"https:\/\/institutounao.com.mx\/index.php\/wp-json\/wp\/v2\/pages\/5959\/revisions"}],"predecessor-version":[{"id":5963,"href":"https:\/\/institutounao.com.mx\/index.php\/wp-json\/wp\/v2\/pages\/5959\/revisions\/5963"}],"wp:attachment":[{"href":"https:\/\/institutounao.com.mx\/index.php\/wp-json\/wp\/v2\/media?parent=5959"}],"curies":[{"name":"wp","href":"https:\/\/api.w.org\/{rel}","templated":true}]}}