{"id":5929,"date":"2023-05-23T16:48:25","date_gmt":"2023-05-23T16:48:25","guid":{"rendered":"https:\/\/institutounao.com.mx\/?page_id=5929"},"modified":"2023-05-23T17:13:18","modified_gmt":"2023-05-23T17:13:18","slug":"ecp23-35-planeacion-didactica-nuevo-modelo-educativo-nem","status":"publish","type":"page","link":"https:\/\/institutounao.com.mx\/index.php\/ecp23-35-planeacion-didactica-nuevo-modelo-educativo-nem\/","title":{"rendered":"ECP23.35 Planeaci\u00f3n Did\u00e1ctica: Nuevo Modelo Educativo (NEM)"},"content":{"rendered":"\t\t<div data-elementor-type=\"wp-page\" data-elementor-id=\"5929\" class=\"elementor elementor-5929\">\n\t\t\t\t\t\t<section class=\"elementor-section elementor-top-section elementor-element elementor-element-4320a9b elementor-section-boxed elementor-section-height-default elementor-section-height-default\" data-id=\"4320a9b\" data-element_type=\"section\" data-e-type=\"section\">\n\t\t\t\t\t\t<div class=\"elementor-container elementor-column-gap-default\">\n\t\t\t\t\t<div class=\"elementor-column elementor-col-100 elementor-top-column elementor-element elementor-element-8355e36\" data-id=\"8355e36\" data-element_type=\"column\" data-e-type=\"column\">\n\t\t\t<div class=\"elementor-widget-wrap\">\n\t\t\t\t\t\t\t<\/div>\n\t\t<\/div>\n\t\t\t\t\t<\/div>\n\t\t<\/section>\n\t\t\t\t<section class=\"elementor-section elementor-top-section elementor-element elementor-element-1ed0952 elementor-section-boxed elementor-section-height-default elementor-section-height-default\" data-id=\"1ed0952\" data-element_type=\"section\" data-e-type=\"section\">\n\t\t\t\t\t\t<div class=\"elementor-container elementor-column-gap-default\">\n\t\t\t\t\t<div class=\"elementor-column elementor-col-100 elementor-top-column elementor-element elementor-element-c969e89\" data-id=\"c969e89\" data-element_type=\"column\" data-e-type=\"column\">\n\t\t\t<div class=\"elementor-widget-wrap elementor-element-populated\">\n\t\t\t\t\t\t<div class=\"elementor-element elementor-element-8ae3d6b elementor-widget elementor-widget-heading\" data-id=\"8ae3d6b\" data-element_type=\"widget\" data-e-type=\"widget\" data-widget_type=\"heading.default\">\n\t\t\t\t<div class=\"elementor-widget-container\">\n\t\t\t\t\t<h2 class=\"elementor-heading-title elementor-size-default\">Planeaci\u00f3n Did\u00e1ctica: Nuevo Modelo Educativo (NEM)<\/h2>\t\t\t\t<\/div>\n\t\t\t\t<\/div>\n\t\t\t\t<div class=\"elementor-element elementor-element-104936a elementor-widget elementor-widget-text-editor\" data-id=\"104936a\" data-element_type=\"widget\" data-e-type=\"widget\" data-widget_type=\"text-editor.default\">\n\t\t\t\t<div class=\"elementor-widget-container\">\n\t\t\t\t\t\t\t\t\t<h4><strong>Acreditaci\u00f3n de Actividades<\/strong><\/h4>\t\t\t\t\t\t\t\t<\/div>\n\t\t\t\t<\/div>\n\t\t\t\t<div class=\"elementor-element elementor-element-1bccf10 elementor-widget elementor-widget-text-editor\" data-id=\"1bccf10\" data-element_type=\"widget\" data-e-type=\"widget\" data-widget_type=\"text-editor.default\">\n\t\t\t\t<div class=\"elementor-widget-container\">\n\t\t\t\t\t\t\t\t\t<p><strong>Datos Generales:<\/strong><\/p><p>Instituci\u00f3n: Instituto Universitario Antequera de Oaxaca.<br \/><span style=\"font-size: 16px;\">Clave de Plantel: 20MSY0104Y<\/span>.<br \/><span style=\"font-size: 16px;\">Periodo: 21 de mayo de 2023.<\/span><br \/>Modalidad: Virtual.<br \/>Horas lectivas: 10 horas lectivas.<br \/>Imparte: MTRA. VERONICA CAMACHO AVILA<\/p><p><strong>Participantes que acreditaron:\u00a0<\/strong><\/p><ul><li>JACQUELINE DANIA ARREOLA RODR\u00cdGUEZ<\/li><li>ANTONIA COSIO GARCIA<\/li><li>ZULEIDY BANDA CARVAJAL<\/li><li>MICHELLE ANDRADE RUBAL<\/li><li>CRISTINA SUAREZ ESPINO<\/li><li>ANNA KAREN MARAVILLA LOPEZ<\/li><li>MARISOL ARRIAGA BARAJAS<\/li><li>SANJUANITA SANCHEZ GUTIERREZ<\/li><li>EDITH WENDY ALMARAZ LUNA<\/li><li>ANA KAREN CRUZ SANTIAGO<\/li><li>ADA BARCENAS OLIVERA<\/li><li>BLANCA SILVIA JAIME HERNANDEZ<\/li><li>DIANA ANAYELI RESENDIZ RODRIGUEZ<\/li><li>JACOBO BELTRAN FLORES<\/li><li>EDUARDO TORRES MARIN<\/li><li>MARIA MAGDALENA GARCIA TOVAR<\/li><li>MARIA ALEJANDRA JOSEFINA RODRIGUEZ TORRES<\/li><li>VIVIANA ORTIZ VALLE<\/li><li>MIRIAM MEDELLIN MARQUEZ<\/li><li><span style=\"font-size: inherit;\">CLAUDIA CANTU GOMEZ<\/span><\/li><li>JORGE HERNANDEZ<\/li><li><span style=\"font-size: inherit;\">LUZ MARITZA RESENDIZ ALVAREZ<\/span><\/li><li>LILIANA LOLVE ROSALES OSORIO<\/li><li>CORALIA GARCIA ZU\u00d1IGA\u00a0<\/li><\/ul>\t\t\t\t\t\t\t\t<\/div>\n\t\t\t\t<\/div>\n\t\t\t\t\t<\/div>\n\t\t<\/div>\n\t\t\t\t\t<\/div>\n\t\t<\/section>\n\t\t\t\t<\/div>\n\t\t","protected":false},"excerpt":{"rendered":"<p>Planeaci\u00f3n Did\u00e1ctica: Nuevo Modelo Educativo (NEM) Acreditaci\u00f3n de Actividades Datos Generales: Instituci\u00f3n: Instituto Universitario Antequera de Oaxaca.Clave de Plantel: 20MSY0104Y.Periodo: 21 de mayo de 2023.Modalidad: Virtual.Horas lectivas: 10 horas lectivas.Imparte: MTRA. VERONICA CAMACHO AVILA Participantes que acreditaron:\u00a0 JACQUELINE DANIA ARREOLA RODR\u00cdGUEZ ANTONIA COSIO GARCIA ZULEIDY BANDA CARVAJAL MICHELLE ANDRADE RUBAL <a class=\"read-more\" href=\"https:\/\/institutounao.com.mx\/index.php\/ecp23-35-planeacion-didactica-nuevo-modelo-educativo-nem\/\">Read More&#8230;<\/a><\/p>\n","protected":false},"author":1,"featured_media":0,"parent":0,"menu_order":0,"comment_status":"closed","ping_status":"closed","template":"","meta":{"_joinchat":[],"footnotes":""},"class_list":["post-5929","page","type-page","status-publish","hentry"],"jetpack_sharing_enabled":true,"_links":{"self":[{"href":"https:\/\/institutounao.com.mx\/index.php\/wp-json\/wp\/v2\/pages\/5929","targetHints":{"allow":["GET"]}}],"collection":[{"href":"https:\/\/institutounao.com.mx\/index.php\/wp-json\/wp\/v2\/pages"}],"about":[{"href":"https:\/\/institutounao.com.mx\/index.php\/wp-json\/wp\/v2\/types\/page"}],"author":[{"embeddable":true,"href":"https:\/\/institutounao.com.mx\/index.php\/wp-json\/wp\/v2\/users\/1"}],"replies":[{"embeddable":true,"href":"https:\/\/institutounao.com.mx\/index.php\/wp-json\/wp\/v2\/comments?post=5929"}],"version-history":[{"count":13,"href":"https:\/\/institutounao.com.mx\/index.php\/wp-json\/wp\/v2\/pages\/5929\/revisions"}],"predecessor-version":[{"id":5945,"href":"https:\/\/institutounao.com.mx\/index.php\/wp-json\/wp\/v2\/pages\/5929\/revisions\/5945"}],"wp:attachment":[{"href":"https:\/\/institutounao.com.mx\/index.php\/wp-json\/wp\/v2\/media?parent=5929"}],"curies":[{"name":"wp","href":"https:\/\/api.w.org\/{rel}","templated":true}]}}