{"id":5636,"date":"2023-03-26T19:41:25","date_gmt":"2023-03-26T19:41:25","guid":{"rendered":"https:\/\/institutounao.com.mx\/?page_id=5636"},"modified":"2023-03-26T19:49:11","modified_gmt":"2023-03-26T19:49:11","slug":"se23-17-boletas-de-evaluacion-seminario-de-regularizacion-de-maestria","status":"publish","type":"page","link":"https:\/\/institutounao.com.mx\/index.php\/se23-17-boletas-de-evaluacion-seminario-de-regularizacion-de-maestria\/","title":{"rendered":"SE23.17 Boletas de Evaluaci\u00f3n Seminario de Regularizaci\u00f3n de Maestr\u00eda"},"content":{"rendered":"\t\t<div data-elementor-type=\"wp-page\" data-elementor-id=\"5636\" class=\"elementor elementor-5636\">\n\t\t\t\t\t\t<section class=\"elementor-section elementor-top-section elementor-element elementor-element-779a5fe elementor-section-boxed elementor-section-height-default elementor-section-height-default\" data-id=\"779a5fe\" data-element_type=\"section\" data-e-type=\"section\">\n\t\t\t\t\t\t<div class=\"elementor-container elementor-column-gap-default\">\n\t\t\t\t\t<div class=\"elementor-column elementor-col-100 elementor-top-column elementor-element elementor-element-e3521ee\" data-id=\"e3521ee\" data-element_type=\"column\" data-e-type=\"column\">\n\t\t\t<div class=\"elementor-widget-wrap elementor-element-populated\">\n\t\t\t\t\t\t<div class=\"elementor-element elementor-element-8787ec2 elementor-widget elementor-widget-heading\" data-id=\"8787ec2\" data-element_type=\"widget\" data-e-type=\"widget\" data-widget_type=\"heading.default\">\n\t\t\t\t<div class=\"elementor-widget-container\">\n\t\t\t\t\t<h2 class=\"elementor-heading-title elementor-size-default\">Maestr\u00eda en Pedagog\u00eda<\/h2>\t\t\t\t<\/div>\n\t\t\t\t<\/div>\n\t\t\t\t\t<\/div>\n\t\t<\/div>\n\t\t\t\t\t<\/div>\n\t\t<\/section>\n\t\t\t\t<section class=\"elementor-section elementor-top-section elementor-element elementor-element-89da205 elementor-section-boxed elementor-section-height-default elementor-section-height-default\" data-id=\"89da205\" data-element_type=\"section\" data-e-type=\"section\">\n\t\t\t\t\t\t<div class=\"elementor-container elementor-column-gap-default\">\n\t\t\t\t\t<div class=\"elementor-column elementor-col-100 elementor-top-column elementor-element elementor-element-e544569\" data-id=\"e544569\" data-element_type=\"column\" data-e-type=\"column\">\n\t\t\t<div class=\"elementor-widget-wrap elementor-element-populated\">\n\t\t\t\t\t\t<div class=\"elementor-element elementor-element-fbd15b2 elementor-widget elementor-widget-text-editor\" data-id=\"fbd15b2\" data-element_type=\"widget\" data-e-type=\"widget\" data-widget_type=\"text-editor.default\">\n\t\t\t\t<div class=\"elementor-widget-container\">\n\t\t\t\t\t\t\t\t\t<p><span style=\"font-family: Poppins, sans-serif; font-size: 16px;\">Estudiantes que aprobaron el seminario de regularizaci\u00f3n\u00a0 correspondiente al ciclo escolar julio &#8211; diciembre 2022.<\/span><\/p>\t\t\t\t\t\t\t\t<\/div>\n\t\t\t\t<\/div>\n\t\t\t\t\t<\/div>\n\t\t<\/div>\n\t\t\t\t\t<\/div>\n\t\t<\/section>\n\t\t\t\t<section class=\"elementor-section elementor-top-section elementor-element elementor-element-1ba8e7b elementor-section-boxed elementor-section-height-default elementor-section-height-default\" data-id=\"1ba8e7b\" data-element_type=\"section\" data-e-type=\"section\">\n\t\t\t\t\t\t<div class=\"elementor-container elementor-column-gap-default\">\n\t\t\t\t\t<div class=\"elementor-column elementor-col-100 elementor-top-column elementor-element elementor-element-caf8e1d\" data-id=\"caf8e1d\" data-element_type=\"column\" data-e-type=\"column\">\n\t\t\t<div class=\"elementor-widget-wrap elementor-element-populated\">\n\t\t\t\t\t\t<div class=\"elementor-element elementor-element-cf2f463 elementor-widget elementor-widget-text-editor\" data-id=\"cf2f463\" data-element_type=\"widget\" data-e-type=\"widget\" data-widget_type=\"text-editor.default\">\n\t\t\t\t<div class=\"elementor-widget-container\">\n\t\t\t\t\t\t\t\t\t<p><strong><span style=\"font-size: 16px; font-family: var( --e-global-typography-text-font-family ), Sans-serif;\">Asignatura: PPD002. Did\u00e1ctica: Enfoque Sociocultural<\/span><\/strong><\/p><p><span style=\"font-weight: bold; line-height: inherit; font-size: 16px;\">Semestre: Primero<\/span><span style=\"font-size: 16px; font-weight: 600;\"><br \/><\/span><\/p><p><span style=\"font-size: 16px; font-weight: 600;\">Promedio \/ Nombre del Estudiante<\/span><\/p>\t\t\t\t\t\t\t\t<\/div>\n\t\t\t\t<\/div>\n\t\t\t\t\t<\/div>\n\t\t<\/div>\n\t\t\t\t\t<\/div>\n\t\t<\/section>\n\t\t\t\t<section class=\"elementor-section elementor-top-section elementor-element elementor-element-481a445 elementor-section-boxed elementor-section-height-default elementor-section-height-default\" data-id=\"481a445\" data-element_type=\"section\" data-e-type=\"section\">\n\t\t\t\t\t\t<div class=\"elementor-container elementor-column-gap-default\">\n\t\t\t\t\t<div class=\"elementor-column elementor-col-100 elementor-top-column elementor-element elementor-element-b190a6a\" data-id=\"b190a6a\" data-element_type=\"column\" data-e-type=\"column\">\n\t\t\t<div class=\"elementor-widget-wrap elementor-element-populated\">\n\t\t\t\t\t\t<div class=\"elementor-element elementor-element-8c80ace elementor-widget elementor-widget-text-editor\" data-id=\"8c80ace\" data-element_type=\"widget\" data-e-type=\"widget\" data-widget_type=\"text-editor.default\">\n\t\t\t\t<div class=\"elementor-widget-container\">\n\t\t\t\t\t\t\t\t\t<p style=\"margin-bottom: 16px; font-size: 16px;\"><span style=\"font-family: var( --e-global-typography-text-font-family ), Sans-serif; font-size: 16px; font-weight: var( --e-global-typography-text-font-weight );\">9.1\u00a0 \u00a0 \u00a0 \u00a0 \u00a0 ERICK EDWIN VASQUEZ OCAMPO<\/span><\/p>\t\t\t\t\t\t\t\t<\/div>\n\t\t\t\t<\/div>\n\t\t\t\t\t<\/div>\n\t\t<\/div>\n\t\t\t\t\t<\/div>\n\t\t<\/section>\n\t\t\t\t<section class=\"elementor-section elementor-top-section elementor-element elementor-element-e177c01 elementor-section-boxed elementor-section-height-default elementor-section-height-default\" data-id=\"e177c01\" data-element_type=\"section\" data-e-type=\"section\">\n\t\t\t\t\t\t<div class=\"elementor-container elementor-column-gap-default\">\n\t\t\t\t\t<div class=\"elementor-column elementor-col-100 elementor-top-column elementor-element elementor-element-e03ac8c\" data-id=\"e03ac8c\" data-element_type=\"column\" data-e-type=\"column\">\n\t\t\t<div class=\"elementor-widget-wrap elementor-element-populated\">\n\t\t\t\t\t\t<div class=\"elementor-element elementor-element-2ce3d25 elementor-widget elementor-widget-text-editor\" data-id=\"2ce3d25\" data-element_type=\"widget\" data-e-type=\"widget\" data-widget_type=\"text-editor.default\">\n\t\t\t\t<div class=\"elementor-widget-container\">\n\t\t\t\t\t\t\t\t\t<p><strong><span style=\"font-size: 16px; font-family: var( --e-global-typography-text-font-family ), Sans-serif;\">Asignatura: PPD002. Did\u00e1ctica: Enfoque Constructivista<\/span><\/strong><\/p>\n<p><span style=\"font-size: 16px; font-weight: 700;\">Semestre: Primero<\/span><span style=\"font-size: 16px; font-weight: 600;\"><br><\/span><\/p><p><span style=\"font-size: 16px; font-weight: 600;\">Promedio \/ Nombre del Estudiante<\/span><\/p>\t\t\t\t\t\t\t\t<\/div>\n\t\t\t\t<\/div>\n\t\t\t\t\t<\/div>\n\t\t<\/div>\n\t\t\t\t\t<\/div>\n\t\t<\/section>\n\t\t\t\t<section class=\"elementor-section elementor-top-section elementor-element elementor-element-3d4d507 elementor-section-boxed elementor-section-height-default elementor-section-height-default\" data-id=\"3d4d507\" data-element_type=\"section\" data-e-type=\"section\">\n\t\t\t\t\t\t<div class=\"elementor-container elementor-column-gap-default\">\n\t\t\t\t\t<div class=\"elementor-column elementor-col-100 elementor-top-column elementor-element elementor-element-d508e5d\" data-id=\"d508e5d\" data-element_type=\"column\" data-e-type=\"column\">\n\t\t\t<div class=\"elementor-widget-wrap elementor-element-populated\">\n\t\t\t\t\t\t<div class=\"elementor-element elementor-element-824abed elementor-widget elementor-widget-text-editor\" data-id=\"824abed\" data-element_type=\"widget\" data-e-type=\"widget\" data-widget_type=\"text-editor.default\">\n\t\t\t\t<div class=\"elementor-widget-container\">\n\t\t\t\t\t\t\t\t\t<p style=\"margin-bottom: 16px; font-size: 16px;\"><span style=\"font-family: var( --e-global-typography-text-font-family ), Sans-serif; font-size: 16px; font-weight: var( --e-global-typography-text-font-weight );\">8.45\u00a0 \u00a0 \u00a0MAYARI MIJANGOS VALERIO<\/span><\/p>\t\t\t\t\t\t\t\t<\/div>\n\t\t\t\t<\/div>\n\t\t\t\t\t<\/div>\n\t\t<\/div>\n\t\t\t\t\t<\/div>\n\t\t<\/section>\n\t\t\t\t<section class=\"elementor-section elementor-top-section elementor-element elementor-element-70638b0 elementor-section-boxed elementor-section-height-default elementor-section-height-default\" data-id=\"70638b0\" data-element_type=\"section\" data-e-type=\"section\">\n\t\t\t\t\t\t<div class=\"elementor-container elementor-column-gap-default\">\n\t\t\t\t\t<div class=\"elementor-column elementor-col-100 elementor-top-column elementor-element elementor-element-69f3c0d\" data-id=\"69f3c0d\" data-element_type=\"column\" data-e-type=\"column\">\n\t\t\t<div class=\"elementor-widget-wrap elementor-element-populated\">\n\t\t\t\t\t\t<div class=\"elementor-element elementor-element-ba80b94 elementor-widget elementor-widget-text-editor\" data-id=\"ba80b94\" data-element_type=\"widget\" data-e-type=\"widget\" data-widget_type=\"text-editor.default\">\n\t\t\t\t<div class=\"elementor-widget-container\">\n\t\t\t\t\t\t\t\t\t<p><strong><span style=\"font-size: 16px; font-family: var( --e-global-typography-text-font-family ), Sans-serif;\">Asignatura: LPD002. Tecnopedagog\u00eda<\/span><\/strong><\/p><p><span style=\"font-size: 16px; font-weight: bold;\">Semestre: Segundo<\/span><strong><span style=\"font-size: 16px; font-family: var( --e-global-typography-text-font-family ), Sans-serif;\"><br \/><\/span><\/strong><\/p><p><span style=\"font-size: 16px; font-weight: 600;\">Promedio \/ Nombre del Estudiante<\/span><\/p>\t\t\t\t\t\t\t\t<\/div>\n\t\t\t\t<\/div>\n\t\t\t\t\t<\/div>\n\t\t<\/div>\n\t\t\t\t\t<\/div>\n\t\t<\/section>\n\t\t\t\t<section class=\"elementor-section elementor-top-section elementor-element elementor-element-769fda1 elementor-section-boxed elementor-section-height-default elementor-section-height-default\" data-id=\"769fda1\" data-element_type=\"section\" data-e-type=\"section\">\n\t\t\t\t\t\t<div class=\"elementor-container elementor-column-gap-default\">\n\t\t\t\t\t<div class=\"elementor-column elementor-col-100 elementor-top-column elementor-element elementor-element-aa94715\" data-id=\"aa94715\" data-element_type=\"column\" data-e-type=\"column\">\n\t\t\t<div class=\"elementor-widget-wrap elementor-element-populated\">\n\t\t\t\t\t\t<div class=\"elementor-element elementor-element-4716c33 elementor-widget elementor-widget-text-editor\" data-id=\"4716c33\" data-element_type=\"widget\" data-e-type=\"widget\" data-widget_type=\"text-editor.default\">\n\t\t\t\t<div class=\"elementor-widget-container\">\n\t\t\t\t\t\t\t\t\t<p style=\"margin-bottom: 16px; font-size: 16px;\"><span style=\"font-family: var( --e-global-typography-text-font-family ), Sans-serif; font-size: 16px; font-weight: var( --e-global-typography-text-font-weight );\">8.5\u00a0 \u00a0 \u00a0 \u00a0SARA CARREON GAMBOA<\/span><\/p><p>8\u00a0 \u00a0 \u00a0 \u00a0 \u00a0 \u00a0RAQUEL HENRIQUEZ JIMENEZ<\/p><p style=\"margin-bottom: 16px; font-size: 16px;\"><span style=\"font-family: var( --e-global-typography-text-font-family ), Sans-serif; font-size: 16px; font-weight: var( --e-global-typography-text-font-weight );\">\u00a0<\/span><\/p><p>\u00a0<\/p>\t\t\t\t\t\t\t\t<\/div>\n\t\t\t\t<\/div>\n\t\t\t\t\t<\/div>\n\t\t<\/div>\n\t\t\t\t\t<\/div>\n\t\t<\/section>\n\t\t\t\t<\/div>\n\t\t","protected":false},"excerpt":{"rendered":"<p>Maestr\u00eda en Pedagog\u00eda Estudiantes que aprobaron el seminario de regularizaci\u00f3n\u00a0 correspondiente al ciclo escolar julio &#8211; diciembre 2022. Asignatura: PPD002. Did\u00e1ctica: Enfoque Sociocultural Semestre: Primero Promedio \/ Nombre del Estudiante 9.1\u00a0 \u00a0 \u00a0 \u00a0 \u00a0 ERICK EDWIN VASQUEZ OCAMPO Asignatura: PPD002. Did\u00e1ctica: Enfoque Constructivista Semestre: Primero Promedio \/ Nombre del <a class=\"read-more\" href=\"https:\/\/institutounao.com.mx\/index.php\/se23-17-boletas-de-evaluacion-seminario-de-regularizacion-de-maestria\/\">Read More&#8230;<\/a><\/p>\n","protected":false},"author":1,"featured_media":0,"parent":0,"menu_order":0,"comment_status":"closed","ping_status":"closed","template":"","meta":{"_joinchat":[],"footnotes":""},"class_list":["post-5636","page","type-page","status-publish","hentry"],"jetpack_sharing_enabled":true,"_links":{"self":[{"href":"https:\/\/institutounao.com.mx\/index.php\/wp-json\/wp\/v2\/pages\/5636","targetHints":{"allow":["GET"]}}],"collection":[{"href":"https:\/\/institutounao.com.mx\/index.php\/wp-json\/wp\/v2\/pages"}],"about":[{"href":"https:\/\/institutounao.com.mx\/index.php\/wp-json\/wp\/v2\/types\/page"}],"author":[{"embeddable":true,"href":"https:\/\/institutounao.com.mx\/index.php\/wp-json\/wp\/v2\/users\/1"}],"replies":[{"embeddable":true,"href":"https:\/\/institutounao.com.mx\/index.php\/wp-json\/wp\/v2\/comments?post=5636"}],"version-history":[{"count":5,"href":"https:\/\/institutounao.com.mx\/index.php\/wp-json\/wp\/v2\/pages\/5636\/revisions"}],"predecessor-version":[{"id":6984,"href":"https:\/\/institutounao.com.mx\/index.php\/wp-json\/wp\/v2\/pages\/5636\/revisions\/6984"}],"wp:attachment":[{"href":"https:\/\/institutounao.com.mx\/index.php\/wp-json\/wp\/v2\/media?parent=5636"}],"curies":[{"name":"wp","href":"https:\/\/api.w.org\/{rel}","templated":true}]}}