{"id":5454,"date":"2023-03-10T17:44:19","date_gmt":"2023-03-10T17:44:19","guid":{"rendered":"https:\/\/institutounao.com.mx\/?page_id=5454"},"modified":"2023-03-10T18:03:18","modified_gmt":"2023-03-10T18:03:18","slug":"ecp23-18-diplomado-en-ludopedagogia","status":"publish","type":"page","link":"https:\/\/institutounao.com.mx\/index.php\/ecp23-18-diplomado-en-ludopedagogia\/","title":{"rendered":"ECP23.18 Diplomado en Ludopedagog\u00eda"},"content":{"rendered":"\t\t<div data-elementor-type=\"wp-page\" data-elementor-id=\"5454\" class=\"elementor elementor-5454\">\n\t\t\t\t\t\t<section class=\"elementor-section elementor-top-section elementor-element elementor-element-9ac472d elementor-section-boxed elementor-section-height-default elementor-section-height-default\" data-id=\"9ac472d\" data-element_type=\"section\" data-e-type=\"section\">\n\t\t\t\t\t\t<div class=\"elementor-container elementor-column-gap-default\">\n\t\t\t\t\t<div class=\"elementor-column elementor-col-100 elementor-top-column elementor-element elementor-element-d27a350\" data-id=\"d27a350\" data-element_type=\"column\" data-e-type=\"column\">\n\t\t\t<div class=\"elementor-widget-wrap elementor-element-populated\">\n\t\t\t\t\t\t<div class=\"elementor-element elementor-element-10409cb elementor-widget elementor-widget-heading\" data-id=\"10409cb\" data-element_type=\"widget\" data-e-type=\"widget\" data-widget_type=\"heading.default\">\n\t\t\t\t<div class=\"elementor-widget-container\">\n\t\t\t\t\t<h2 class=\"elementor-heading-title elementor-size-default\">Diplomado en Ludopedagog\u00eda<\/h2>\t\t\t\t<\/div>\n\t\t\t\t<\/div>\n\t\t\t\t\t<\/div>\n\t\t<\/div>\n\t\t\t\t\t<\/div>\n\t\t<\/section>\n\t\t\t\t<section class=\"elementor-section elementor-top-section elementor-element elementor-element-b60eba6 elementor-section-boxed elementor-section-height-default elementor-section-height-default\" data-id=\"b60eba6\" data-element_type=\"section\" data-e-type=\"section\">\n\t\t\t\t\t\t<div class=\"elementor-container elementor-column-gap-default\">\n\t\t\t\t\t<div class=\"elementor-column elementor-col-100 elementor-top-column elementor-element elementor-element-810dbcf\" data-id=\"810dbcf\" data-element_type=\"column\" data-e-type=\"column\">\n\t\t\t<div class=\"elementor-widget-wrap elementor-element-populated\">\n\t\t\t\t\t\t<div class=\"elementor-element elementor-element-2fa3343 elementor-widget elementor-widget-text-editor\" data-id=\"2fa3343\" data-element_type=\"widget\" data-e-type=\"widget\" data-widget_type=\"text-editor.default\">\n\t\t\t\t<div class=\"elementor-widget-container\">\n\t\t\t\t\t\t\t\t\t<h4><strong>Acreditaci\u00f3n de Actividades<\/strong><\/h4>\t\t\t\t\t\t\t\t<\/div>\n\t\t\t\t<\/div>\n\t\t\t\t\t<\/div>\n\t\t<\/div>\n\t\t\t\t\t<\/div>\n\t\t<\/section>\n\t\t\t\t<section class=\"elementor-section elementor-top-section elementor-element elementor-element-564fbe2 elementor-section-boxed elementor-section-height-default elementor-section-height-default\" data-id=\"564fbe2\" data-element_type=\"section\" data-e-type=\"section\">\n\t\t\t\t\t\t<div class=\"elementor-container elementor-column-gap-default\">\n\t\t\t\t\t<div class=\"elementor-column elementor-col-100 elementor-top-column elementor-element elementor-element-d1c629a\" data-id=\"d1c629a\" data-element_type=\"column\" data-e-type=\"column\">\n\t\t\t<div class=\"elementor-widget-wrap elementor-element-populated\">\n\t\t\t\t\t\t<div class=\"elementor-element elementor-element-b6ba466 elementor-widget elementor-widget-text-editor\" data-id=\"b6ba466\" data-element_type=\"widget\" data-e-type=\"widget\" data-widget_type=\"text-editor.default\">\n\t\t\t\t<div class=\"elementor-widget-container\">\n\t\t\t\t\t\t\t\t\t<p><strong>Datos Generales:<\/strong><\/p><p>Instituci\u00f3n: Instituto Universitario Antequera de Oaxaca.<br \/><span style=\"font-size: 16px;\">Clave de Plantel: 20MSY0104Y<\/span>.<br \/><span style=\"font-size: 16px;\">Periodo: <span data-sheets-value=\"{&quot;1&quot;:2,&quot;2&quot;:&quot;Del 05 de noviembre 2022 al 18 de febrero de 2023. &quot;}\" data-sheets-userformat=\"{&quot;2&quot;:1021,&quot;3&quot;:{&quot;1&quot;:0},&quot;5&quot;:{&quot;1&quot;:[{&quot;1&quot;:2,&quot;2&quot;:0,&quot;5&quot;:{&quot;1&quot;:2,&quot;2&quot;:0}},{&quot;1&quot;:0,&quot;2&quot;:0,&quot;3&quot;:3},{&quot;1&quot;:1,&quot;2&quot;:0,&quot;4&quot;:1}]},&quot;6&quot;:{&quot;1&quot;:[{&quot;1&quot;:2,&quot;2&quot;:0,&quot;5&quot;:{&quot;1&quot;:2,&quot;2&quot;:0}},{&quot;1&quot;:0,&quot;2&quot;:0,&quot;3&quot;:3},{&quot;1&quot;:1,&quot;2&quot;:0,&quot;4&quot;:1}]},&quot;7&quot;:{&quot;1&quot;:[{&quot;1&quot;:2,&quot;2&quot;:0,&quot;5&quot;:{&quot;1&quot;:2,&quot;2&quot;:0}},{&quot;1&quot;:0,&quot;2&quot;:0,&quot;3&quot;:3},{&quot;1&quot;:1,&quot;2&quot;:0,&quot;4&quot;:1}]},&quot;8&quot;:{&quot;1&quot;:[{&quot;1&quot;:2,&quot;2&quot;:0,&quot;5&quot;:{&quot;1&quot;:2,&quot;2&quot;:0}},{&quot;1&quot;:0,&quot;2&quot;:0,&quot;3&quot;:3},{&quot;1&quot;:1,&quot;2&quot;:0,&quot;4&quot;:1}]},&quot;9&quot;:1,&quot;10&quot;:1,&quot;11&quot;:4,&quot;12&quot;:0}\">Del 05 de noviembre 2022 al 18 de febrero de 2023. <\/span><\/span><br \/>Modalidad: Virtual.<br \/>Horas lectivas: 120 horas lectivas.<br \/>Imparte: MTRA. CONCEPCI\u00d3N MARTINEZ CAMACHO y MTRA. GABINA IBARRA JUAREZ.<\/p><p><strong>Participantes que acreditaron:\u00a0<\/strong><\/p><ul><li><p><span data-sheets-value=\"{&quot;1&quot;:2,&quot;2&quot;:&quot;MARIA FERNANDA MONTIEL MENESES\\nKARINA GARCIA AVENDA\u00d1O\\nGUADALUPE YUNUEN GUERRERO MORA\\nANA GABRIELA HERNANDEZ GOMEZ\\nRUTILIO RUBIO SOTERO\\nLILIA ROSARIO HERNANDEZ RIVERA\\nLAURA MARIA PIEDRAGIL GONZALEZ\\nLETICIA NOHEMI ESLAVA AYALA\\nKAREN JATZIBE LOPEZ HERNANDEZ&quot;}\" data-sheets-userformat=\"{&quot;2&quot;:701,&quot;3&quot;:{&quot;1&quot;:0},&quot;5&quot;:{&quot;1&quot;:[{&quot;1&quot;:2,&quot;2&quot;:0,&quot;5&quot;:{&quot;1&quot;:2,&quot;2&quot;:0}},{&quot;1&quot;:0,&quot;2&quot;:0,&quot;3&quot;:3},{&quot;1&quot;:1,&quot;2&quot;:0,&quot;4&quot;:1}]},&quot;6&quot;:{&quot;1&quot;:[{&quot;1&quot;:2,&quot;2&quot;:0,&quot;5&quot;:{&quot;1&quot;:2,&quot;2&quot;:0}},{&quot;1&quot;:0,&quot;2&quot;:0,&quot;3&quot;:3},{&quot;1&quot;:1,&quot;2&quot;:0,&quot;4&quot;:1}]},&quot;7&quot;:{&quot;1&quot;:[{&quot;1&quot;:2,&quot;2&quot;:0,&quot;5&quot;:{&quot;1&quot;:2,&quot;2&quot;:0}},{&quot;1&quot;:0,&quot;2&quot;:0,&quot;3&quot;:3},{&quot;1&quot;:1,&quot;2&quot;:0,&quot;4&quot;:1}]},&quot;8&quot;:{&quot;1&quot;:[{&quot;1&quot;:2,&quot;2&quot;:0,&quot;5&quot;:{&quot;1&quot;:2,&quot;2&quot;:0}},{&quot;1&quot;:0,&quot;2&quot;:0,&quot;3&quot;:3},{&quot;1&quot;:1,&quot;2&quot;:0,&quot;4&quot;:1}]},&quot;10&quot;:1,&quot;12&quot;:0}\">MARIA FERNANDA MONTIEL MENESES<br \/><\/span><\/p><\/li><li><p><span data-sheets-value=\"{&quot;1&quot;:2,&quot;2&quot;:&quot;MARIA FERNANDA MONTIEL MENESES\\nKARINA GARCIA AVENDA\u00d1O\\nGUADALUPE YUNUEN GUERRERO MORA\\nANA GABRIELA HERNANDEZ GOMEZ\\nRUTILIO RUBIO SOTERO\\nLILIA ROSARIO HERNANDEZ RIVERA\\nLAURA MARIA PIEDRAGIL GONZALEZ\\nLETICIA NOHEMI ESLAVA AYALA\\nKAREN JATZIBE LOPEZ HERNANDEZ&quot;}\" data-sheets-userformat=\"{&quot;2&quot;:701,&quot;3&quot;:{&quot;1&quot;:0},&quot;5&quot;:{&quot;1&quot;:[{&quot;1&quot;:2,&quot;2&quot;:0,&quot;5&quot;:{&quot;1&quot;:2,&quot;2&quot;:0}},{&quot;1&quot;:0,&quot;2&quot;:0,&quot;3&quot;:3},{&quot;1&quot;:1,&quot;2&quot;:0,&quot;4&quot;:1}]},&quot;6&quot;:{&quot;1&quot;:[{&quot;1&quot;:2,&quot;2&quot;:0,&quot;5&quot;:{&quot;1&quot;:2,&quot;2&quot;:0}},{&quot;1&quot;:0,&quot;2&quot;:0,&quot;3&quot;:3},{&quot;1&quot;:1,&quot;2&quot;:0,&quot;4&quot;:1}]},&quot;7&quot;:{&quot;1&quot;:[{&quot;1&quot;:2,&quot;2&quot;:0,&quot;5&quot;:{&quot;1&quot;:2,&quot;2&quot;:0}},{&quot;1&quot;:0,&quot;2&quot;:0,&quot;3&quot;:3},{&quot;1&quot;:1,&quot;2&quot;:0,&quot;4&quot;:1}]},&quot;8&quot;:{&quot;1&quot;:[{&quot;1&quot;:2,&quot;2&quot;:0,&quot;5&quot;:{&quot;1&quot;:2,&quot;2&quot;:0}},{&quot;1&quot;:0,&quot;2&quot;:0,&quot;3&quot;:3},{&quot;1&quot;:1,&quot;2&quot;:0,&quot;4&quot;:1}]},&quot;10&quot;:1,&quot;12&quot;:0}\">KARINA GARCIA AVENDA\u00d1O<br \/><\/span><\/p><\/li><li><p><span data-sheets-value=\"{&quot;1&quot;:2,&quot;2&quot;:&quot;MARIA FERNANDA MONTIEL MENESES\\nKARINA GARCIA AVENDA\u00d1O\\nGUADALUPE YUNUEN GUERRERO MORA\\nANA GABRIELA HERNANDEZ GOMEZ\\nRUTILIO RUBIO SOTERO\\nLILIA ROSARIO HERNANDEZ RIVERA\\nLAURA MARIA PIEDRAGIL GONZALEZ\\nLETICIA NOHEMI ESLAVA AYALA\\nKAREN JATZIBE LOPEZ HERNANDEZ&quot;}\" data-sheets-userformat=\"{&quot;2&quot;:701,&quot;3&quot;:{&quot;1&quot;:0},&quot;5&quot;:{&quot;1&quot;:[{&quot;1&quot;:2,&quot;2&quot;:0,&quot;5&quot;:{&quot;1&quot;:2,&quot;2&quot;:0}},{&quot;1&quot;:0,&quot;2&quot;:0,&quot;3&quot;:3},{&quot;1&quot;:1,&quot;2&quot;:0,&quot;4&quot;:1}]},&quot;6&quot;:{&quot;1&quot;:[{&quot;1&quot;:2,&quot;2&quot;:0,&quot;5&quot;:{&quot;1&quot;:2,&quot;2&quot;:0}},{&quot;1&quot;:0,&quot;2&quot;:0,&quot;3&quot;:3},{&quot;1&quot;:1,&quot;2&quot;:0,&quot;4&quot;:1}]},&quot;7&quot;:{&quot;1&quot;:[{&quot;1&quot;:2,&quot;2&quot;:0,&quot;5&quot;:{&quot;1&quot;:2,&quot;2&quot;:0}},{&quot;1&quot;:0,&quot;2&quot;:0,&quot;3&quot;:3},{&quot;1&quot;:1,&quot;2&quot;:0,&quot;4&quot;:1}]},&quot;8&quot;:{&quot;1&quot;:[{&quot;1&quot;:2,&quot;2&quot;:0,&quot;5&quot;:{&quot;1&quot;:2,&quot;2&quot;:0}},{&quot;1&quot;:0,&quot;2&quot;:0,&quot;3&quot;:3},{&quot;1&quot;:1,&quot;2&quot;:0,&quot;4&quot;:1}]},&quot;10&quot;:1,&quot;12&quot;:0}\">GUADALUPE YUNUEN GUERRERO MORA<br \/><\/span><\/p><\/li><li><p><span data-sheets-value=\"{&quot;1&quot;:2,&quot;2&quot;:&quot;MARIA FERNANDA MONTIEL MENESES\\nKARINA GARCIA AVENDA\u00d1O\\nGUADALUPE YUNUEN GUERRERO MORA\\nANA GABRIELA HERNANDEZ GOMEZ\\nRUTILIO RUBIO SOTERO\\nLILIA ROSARIO HERNANDEZ RIVERA\\nLAURA MARIA PIEDRAGIL GONZALEZ\\nLETICIA NOHEMI ESLAVA AYALA\\nKAREN JATZIBE LOPEZ HERNANDEZ&quot;}\" data-sheets-userformat=\"{&quot;2&quot;:701,&quot;3&quot;:{&quot;1&quot;:0},&quot;5&quot;:{&quot;1&quot;:[{&quot;1&quot;:2,&quot;2&quot;:0,&quot;5&quot;:{&quot;1&quot;:2,&quot;2&quot;:0}},{&quot;1&quot;:0,&quot;2&quot;:0,&quot;3&quot;:3},{&quot;1&quot;:1,&quot;2&quot;:0,&quot;4&quot;:1}]},&quot;6&quot;:{&quot;1&quot;:[{&quot;1&quot;:2,&quot;2&quot;:0,&quot;5&quot;:{&quot;1&quot;:2,&quot;2&quot;:0}},{&quot;1&quot;:0,&quot;2&quot;:0,&quot;3&quot;:3},{&quot;1&quot;:1,&quot;2&quot;:0,&quot;4&quot;:1}]},&quot;7&quot;:{&quot;1&quot;:[{&quot;1&quot;:2,&quot;2&quot;:0,&quot;5&quot;:{&quot;1&quot;:2,&quot;2&quot;:0}},{&quot;1&quot;:0,&quot;2&quot;:0,&quot;3&quot;:3},{&quot;1&quot;:1,&quot;2&quot;:0,&quot;4&quot;:1}]},&quot;8&quot;:{&quot;1&quot;:[{&quot;1&quot;:2,&quot;2&quot;:0,&quot;5&quot;:{&quot;1&quot;:2,&quot;2&quot;:0}},{&quot;1&quot;:0,&quot;2&quot;:0,&quot;3&quot;:3},{&quot;1&quot;:1,&quot;2&quot;:0,&quot;4&quot;:1}]},&quot;10&quot;:1,&quot;12&quot;:0}\">ANA GABRIELA HERNANDEZ GOMEZ<br \/><\/span><\/p><\/li><li><p><span data-sheets-value=\"{&quot;1&quot;:2,&quot;2&quot;:&quot;MARIA FERNANDA MONTIEL MENESES\\nKARINA GARCIA AVENDA\u00d1O\\nGUADALUPE YUNUEN GUERRERO MORA\\nANA GABRIELA HERNANDEZ GOMEZ\\nRUTILIO RUBIO SOTERO\\nLILIA ROSARIO HERNANDEZ RIVERA\\nLAURA MARIA PIEDRAGIL GONZALEZ\\nLETICIA NOHEMI ESLAVA AYALA\\nKAREN JATZIBE LOPEZ HERNANDEZ&quot;}\" data-sheets-userformat=\"{&quot;2&quot;:701,&quot;3&quot;:{&quot;1&quot;:0},&quot;5&quot;:{&quot;1&quot;:[{&quot;1&quot;:2,&quot;2&quot;:0,&quot;5&quot;:{&quot;1&quot;:2,&quot;2&quot;:0}},{&quot;1&quot;:0,&quot;2&quot;:0,&quot;3&quot;:3},{&quot;1&quot;:1,&quot;2&quot;:0,&quot;4&quot;:1}]},&quot;6&quot;:{&quot;1&quot;:[{&quot;1&quot;:2,&quot;2&quot;:0,&quot;5&quot;:{&quot;1&quot;:2,&quot;2&quot;:0}},{&quot;1&quot;:0,&quot;2&quot;:0,&quot;3&quot;:3},{&quot;1&quot;:1,&quot;2&quot;:0,&quot;4&quot;:1}]},&quot;7&quot;:{&quot;1&quot;:[{&quot;1&quot;:2,&quot;2&quot;:0,&quot;5&quot;:{&quot;1&quot;:2,&quot;2&quot;:0}},{&quot;1&quot;:0,&quot;2&quot;:0,&quot;3&quot;:3},{&quot;1&quot;:1,&quot;2&quot;:0,&quot;4&quot;:1}]},&quot;8&quot;:{&quot;1&quot;:[{&quot;1&quot;:2,&quot;2&quot;:0,&quot;5&quot;:{&quot;1&quot;:2,&quot;2&quot;:0}},{&quot;1&quot;:0,&quot;2&quot;:0,&quot;3&quot;:3},{&quot;1&quot;:1,&quot;2&quot;:0,&quot;4&quot;:1}]},&quot;10&quot;:1,&quot;12&quot;:0}\">RUTILIO RUBIO SOTERO<br \/><\/span><\/p><\/li><li><p><span data-sheets-value=\"{&quot;1&quot;:2,&quot;2&quot;:&quot;MARIA FERNANDA MONTIEL MENESES\\nKARINA GARCIA AVENDA\u00d1O\\nGUADALUPE YUNUEN GUERRERO MORA\\nANA GABRIELA HERNANDEZ GOMEZ\\nRUTILIO RUBIO SOTERO\\nLILIA ROSARIO HERNANDEZ RIVERA\\nLAURA MARIA PIEDRAGIL GONZALEZ\\nLETICIA NOHEMI ESLAVA AYALA\\nKAREN JATZIBE LOPEZ HERNANDEZ&quot;}\" data-sheets-userformat=\"{&quot;2&quot;:701,&quot;3&quot;:{&quot;1&quot;:0},&quot;5&quot;:{&quot;1&quot;:[{&quot;1&quot;:2,&quot;2&quot;:0,&quot;5&quot;:{&quot;1&quot;:2,&quot;2&quot;:0}},{&quot;1&quot;:0,&quot;2&quot;:0,&quot;3&quot;:3},{&quot;1&quot;:1,&quot;2&quot;:0,&quot;4&quot;:1}]},&quot;6&quot;:{&quot;1&quot;:[{&quot;1&quot;:2,&quot;2&quot;:0,&quot;5&quot;:{&quot;1&quot;:2,&quot;2&quot;:0}},{&quot;1&quot;:0,&quot;2&quot;:0,&quot;3&quot;:3},{&quot;1&quot;:1,&quot;2&quot;:0,&quot;4&quot;:1}]},&quot;7&quot;:{&quot;1&quot;:[{&quot;1&quot;:2,&quot;2&quot;:0,&quot;5&quot;:{&quot;1&quot;:2,&quot;2&quot;:0}},{&quot;1&quot;:0,&quot;2&quot;:0,&quot;3&quot;:3},{&quot;1&quot;:1,&quot;2&quot;:0,&quot;4&quot;:1}]},&quot;8&quot;:{&quot;1&quot;:[{&quot;1&quot;:2,&quot;2&quot;:0,&quot;5&quot;:{&quot;1&quot;:2,&quot;2&quot;:0}},{&quot;1&quot;:0,&quot;2&quot;:0,&quot;3&quot;:3},{&quot;1&quot;:1,&quot;2&quot;:0,&quot;4&quot;:1}]},&quot;10&quot;:1,&quot;12&quot;:0}\">LILIA ROSARIO HERNANDEZ RIVERA<br \/><\/span><\/p><\/li><li><p><span data-sheets-value=\"{&quot;1&quot;:2,&quot;2&quot;:&quot;MARIA FERNANDA MONTIEL MENESES\\nKARINA GARCIA AVENDA\u00d1O\\nGUADALUPE YUNUEN GUERRERO MORA\\nANA GABRIELA HERNANDEZ GOMEZ\\nRUTILIO RUBIO SOTERO\\nLILIA ROSARIO HERNANDEZ RIVERA\\nLAURA MARIA PIEDRAGIL GONZALEZ\\nLETICIA NOHEMI ESLAVA AYALA\\nKAREN JATZIBE LOPEZ HERNANDEZ&quot;}\" data-sheets-userformat=\"{&quot;2&quot;:701,&quot;3&quot;:{&quot;1&quot;:0},&quot;5&quot;:{&quot;1&quot;:[{&quot;1&quot;:2,&quot;2&quot;:0,&quot;5&quot;:{&quot;1&quot;:2,&quot;2&quot;:0}},{&quot;1&quot;:0,&quot;2&quot;:0,&quot;3&quot;:3},{&quot;1&quot;:1,&quot;2&quot;:0,&quot;4&quot;:1}]},&quot;6&quot;:{&quot;1&quot;:[{&quot;1&quot;:2,&quot;2&quot;:0,&quot;5&quot;:{&quot;1&quot;:2,&quot;2&quot;:0}},{&quot;1&quot;:0,&quot;2&quot;:0,&quot;3&quot;:3},{&quot;1&quot;:1,&quot;2&quot;:0,&quot;4&quot;:1}]},&quot;7&quot;:{&quot;1&quot;:[{&quot;1&quot;:2,&quot;2&quot;:0,&quot;5&quot;:{&quot;1&quot;:2,&quot;2&quot;:0}},{&quot;1&quot;:0,&quot;2&quot;:0,&quot;3&quot;:3},{&quot;1&quot;:1,&quot;2&quot;:0,&quot;4&quot;:1}]},&quot;8&quot;:{&quot;1&quot;:[{&quot;1&quot;:2,&quot;2&quot;:0,&quot;5&quot;:{&quot;1&quot;:2,&quot;2&quot;:0}},{&quot;1&quot;:0,&quot;2&quot;:0,&quot;3&quot;:3},{&quot;1&quot;:1,&quot;2&quot;:0,&quot;4&quot;:1}]},&quot;10&quot;:1,&quot;12&quot;:0}\">LAURA MARIA PIEDRAGIL GONZALEZ<br \/><\/span><\/p><\/li><li><p><span data-sheets-value=\"{&quot;1&quot;:2,&quot;2&quot;:&quot;MARIA FERNANDA MONTIEL MENESES\\nKARINA GARCIA AVENDA\u00d1O\\nGUADALUPE YUNUEN GUERRERO MORA\\nANA GABRIELA HERNANDEZ GOMEZ\\nRUTILIO RUBIO SOTERO\\nLILIA ROSARIO HERNANDEZ RIVERA\\nLAURA MARIA PIEDRAGIL GONZALEZ\\nLETICIA NOHEMI ESLAVA AYALA\\nKAREN JATZIBE LOPEZ HERNANDEZ&quot;}\" data-sheets-userformat=\"{&quot;2&quot;:701,&quot;3&quot;:{&quot;1&quot;:0},&quot;5&quot;:{&quot;1&quot;:[{&quot;1&quot;:2,&quot;2&quot;:0,&quot;5&quot;:{&quot;1&quot;:2,&quot;2&quot;:0}},{&quot;1&quot;:0,&quot;2&quot;:0,&quot;3&quot;:3},{&quot;1&quot;:1,&quot;2&quot;:0,&quot;4&quot;:1}]},&quot;6&quot;:{&quot;1&quot;:[{&quot;1&quot;:2,&quot;2&quot;:0,&quot;5&quot;:{&quot;1&quot;:2,&quot;2&quot;:0}},{&quot;1&quot;:0,&quot;2&quot;:0,&quot;3&quot;:3},{&quot;1&quot;:1,&quot;2&quot;:0,&quot;4&quot;:1}]},&quot;7&quot;:{&quot;1&quot;:[{&quot;1&quot;:2,&quot;2&quot;:0,&quot;5&quot;:{&quot;1&quot;:2,&quot;2&quot;:0}},{&quot;1&quot;:0,&quot;2&quot;:0,&quot;3&quot;:3},{&quot;1&quot;:1,&quot;2&quot;:0,&quot;4&quot;:1}]},&quot;8&quot;:{&quot;1&quot;:[{&quot;1&quot;:2,&quot;2&quot;:0,&quot;5&quot;:{&quot;1&quot;:2,&quot;2&quot;:0}},{&quot;1&quot;:0,&quot;2&quot;:0,&quot;3&quot;:3},{&quot;1&quot;:1,&quot;2&quot;:0,&quot;4&quot;:1}]},&quot;10&quot;:1,&quot;12&quot;:0}\">LETICIA NOHEMI ESLAVA AYALA<br \/><\/span><\/p><\/li><li><p><span data-sheets-value=\"{&quot;1&quot;:2,&quot;2&quot;:&quot;MARIA FERNANDA MONTIEL MENESES\\nKARINA GARCIA AVENDA\u00d1O\\nGUADALUPE YUNUEN GUERRERO MORA\\nANA GABRIELA HERNANDEZ GOMEZ\\nRUTILIO RUBIO SOTERO\\nLILIA ROSARIO HERNANDEZ RIVERA\\nLAURA MARIA PIEDRAGIL GONZALEZ\\nLETICIA NOHEMI ESLAVA AYALA\\nKAREN JATZIBE LOPEZ HERNANDEZ&quot;}\" data-sheets-userformat=\"{&quot;2&quot;:701,&quot;3&quot;:{&quot;1&quot;:0},&quot;5&quot;:{&quot;1&quot;:[{&quot;1&quot;:2,&quot;2&quot;:0,&quot;5&quot;:{&quot;1&quot;:2,&quot;2&quot;:0}},{&quot;1&quot;:0,&quot;2&quot;:0,&quot;3&quot;:3},{&quot;1&quot;:1,&quot;2&quot;:0,&quot;4&quot;:1}]},&quot;6&quot;:{&quot;1&quot;:[{&quot;1&quot;:2,&quot;2&quot;:0,&quot;5&quot;:{&quot;1&quot;:2,&quot;2&quot;:0}},{&quot;1&quot;:0,&quot;2&quot;:0,&quot;3&quot;:3},{&quot;1&quot;:1,&quot;2&quot;:0,&quot;4&quot;:1}]},&quot;7&quot;:{&quot;1&quot;:[{&quot;1&quot;:2,&quot;2&quot;:0,&quot;5&quot;:{&quot;1&quot;:2,&quot;2&quot;:0}},{&quot;1&quot;:0,&quot;2&quot;:0,&quot;3&quot;:3},{&quot;1&quot;:1,&quot;2&quot;:0,&quot;4&quot;:1}]},&quot;8&quot;:{&quot;1&quot;:[{&quot;1&quot;:2,&quot;2&quot;:0,&quot;5&quot;:{&quot;1&quot;:2,&quot;2&quot;:0}},{&quot;1&quot;:0,&quot;2&quot;:0,&quot;3&quot;:3},{&quot;1&quot;:1,&quot;2&quot;:0,&quot;4&quot;:1}]},&quot;10&quot;:1,&quot;12&quot;:0}\">KAREN JATZIBE LOPEZ HERNANDEZ<\/span><\/p><\/li><\/ul>\t\t\t\t\t\t\t\t<\/div>\n\t\t\t\t<\/div>\n\t\t\t\t\t<\/div>\n\t\t<\/div>\n\t\t\t\t\t<\/div>\n\t\t<\/section>\n\t\t\t\t<\/div>\n\t\t","protected":false},"excerpt":{"rendered":"<p>Diplomado en Ludopedagog\u00eda Acreditaci\u00f3n de Actividades Datos Generales: Instituci\u00f3n: Instituto Universitario Antequera de Oaxaca.Clave de Plantel: 20MSY0104Y.Periodo: Del 05 de noviembre 2022 al 18 de febrero de 2023. Modalidad: Virtual.Horas lectivas: 120 horas lectivas.Imparte: MTRA. CONCEPCI\u00d3N MARTINEZ CAMACHO y MTRA. GABINA IBARRA JUAREZ. Participantes que acreditaron:\u00a0 MARIA FERNANDA MONTIEL MENESES <a class=\"read-more\" href=\"https:\/\/institutounao.com.mx\/index.php\/ecp23-18-diplomado-en-ludopedagogia\/\">Read More&#8230;<\/a><\/p>\n","protected":false},"author":1,"featured_media":0,"parent":0,"menu_order":0,"comment_status":"closed","ping_status":"closed","template":"","meta":{"_joinchat":[],"footnotes":""},"class_list":["post-5454","page","type-page","status-publish","hentry"],"jetpack_sharing_enabled":true,"_links":{"self":[{"href":"https:\/\/institutounao.com.mx\/index.php\/wp-json\/wp\/v2\/pages\/5454","targetHints":{"allow":["GET"]}}],"collection":[{"href":"https:\/\/institutounao.com.mx\/index.php\/wp-json\/wp\/v2\/pages"}],"about":[{"href":"https:\/\/institutounao.com.mx\/index.php\/wp-json\/wp\/v2\/types\/page"}],"author":[{"embeddable":true,"href":"https:\/\/institutounao.com.mx\/index.php\/wp-json\/wp\/v2\/users\/1"}],"replies":[{"embeddable":true,"href":"https:\/\/institutounao.com.mx\/index.php\/wp-json\/wp\/v2\/comments?post=5454"}],"version-history":[{"count":4,"href":"https:\/\/institutounao.com.mx\/index.php\/wp-json\/wp\/v2\/pages\/5454\/revisions"}],"predecessor-version":[{"id":5459,"href":"https:\/\/institutounao.com.mx\/index.php\/wp-json\/wp\/v2\/pages\/5454\/revisions\/5459"}],"wp:attachment":[{"href":"https:\/\/institutounao.com.mx\/index.php\/wp-json\/wp\/v2\/media?parent=5454"}],"curies":[{"name":"wp","href":"https:\/\/api.w.org\/{rel}","templated":true}]}}