{"id":5266,"date":"2023-02-10T20:26:29","date_gmt":"2023-02-10T20:26:29","guid":{"rendered":"https:\/\/institutounao.com.mx\/?page_id=5266"},"modified":"2023-02-10T20:32:15","modified_gmt":"2023-02-10T20:32:15","slug":"se23-10-taller-de-habilidades-investigativas-redaccion-de-textos-academicos","status":"publish","type":"page","link":"https:\/\/institutounao.com.mx\/index.php\/se23-10-taller-de-habilidades-investigativas-redaccion-de-textos-academicos\/","title":{"rendered":"SE23.10 Taller de Habilidades Investigativas &#8211; Redacci\u00f3n de Textos Acad\u00e9micos"},"content":{"rendered":"\t\t<div data-elementor-type=\"wp-page\" data-elementor-id=\"5266\" class=\"elementor elementor-5266\">\n\t\t\t\t\t\t<section class=\"elementor-section elementor-top-section elementor-element elementor-element-2be2ca5 elementor-section-boxed elementor-section-height-default elementor-section-height-default\" data-id=\"2be2ca5\" data-element_type=\"section\" data-e-type=\"section\">\n\t\t\t\t\t\t<div class=\"elementor-container elementor-column-gap-default\">\n\t\t\t\t\t<div class=\"elementor-column elementor-col-100 elementor-top-column elementor-element elementor-element-530efec\" data-id=\"530efec\" data-element_type=\"column\" data-e-type=\"column\">\n\t\t\t<div class=\"elementor-widget-wrap elementor-element-populated\">\n\t\t\t\t\t\t<div class=\"elementor-element elementor-element-765efe1 elementor-widget elementor-widget-heading\" data-id=\"765efe1\" data-element_type=\"widget\" data-e-type=\"widget\" data-widget_type=\"heading.default\">\n\t\t\t\t<div class=\"elementor-widget-container\">\n\t\t\t\t\t<h2 class=\"elementor-heading-title elementor-size-default\">Taller de Habilidades Investigativas - Redacci\u00f3n de Textos Acad\u00e9micos<\/h2>\t\t\t\t<\/div>\n\t\t\t\t<\/div>\n\t\t\t\t\t<\/div>\n\t\t<\/div>\n\t\t\t\t\t<\/div>\n\t\t<\/section>\n\t\t\t\t<section class=\"elementor-section elementor-top-section elementor-element elementor-element-11a0b53 elementor-section-boxed elementor-section-height-default elementor-section-height-default\" data-id=\"11a0b53\" data-element_type=\"section\" data-e-type=\"section\">\n\t\t\t\t\t\t<div class=\"elementor-container elementor-column-gap-default\">\n\t\t\t\t\t<div class=\"elementor-column elementor-col-100 elementor-top-column elementor-element elementor-element-44d7e9c\" data-id=\"44d7e9c\" data-element_type=\"column\" data-e-type=\"column\">\n\t\t\t<div class=\"elementor-widget-wrap elementor-element-populated\">\n\t\t\t\t\t\t<div class=\"elementor-element elementor-element-9ce2fb9 elementor-widget elementor-widget-text-editor\" data-id=\"9ce2fb9\" data-element_type=\"widget\" data-e-type=\"widget\" data-widget_type=\"text-editor.default\">\n\t\t\t\t<div class=\"elementor-widget-container\">\n\t\t\t\t\t\t\t\t\t<h4><strong>Acreditaci\u00f3n de Actividades<\/strong><\/h4>\t\t\t\t\t\t\t\t<\/div>\n\t\t\t\t<\/div>\n\t\t\t\t\t<\/div>\n\t\t<\/div>\n\t\t\t\t\t<\/div>\n\t\t<\/section>\n\t\t\t\t<section class=\"elementor-section elementor-top-section elementor-element elementor-element-e962efe elementor-section-boxed elementor-section-height-default elementor-section-height-default\" data-id=\"e962efe\" data-element_type=\"section\" data-e-type=\"section\">\n\t\t\t\t\t\t<div class=\"elementor-container elementor-column-gap-default\">\n\t\t\t\t\t<div class=\"elementor-column elementor-col-100 elementor-top-column elementor-element elementor-element-ed012ce\" data-id=\"ed012ce\" data-element_type=\"column\" data-e-type=\"column\">\n\t\t\t<div class=\"elementor-widget-wrap elementor-element-populated\">\n\t\t\t\t\t\t<div class=\"elementor-element elementor-element-c678798 elementor-widget elementor-widget-text-editor\" data-id=\"c678798\" data-element_type=\"widget\" data-e-type=\"widget\" data-widget_type=\"text-editor.default\">\n\t\t\t\t<div class=\"elementor-widget-container\">\n\t\t\t\t\t\t\t\t\t<p>Instituci\u00f3n: Instituto Universitario Antequera de Oaxaca.\u00a0<\/p><p>Ciclo Escolar: julio &#8211; diciembre 2022.<\/p><p>Programa: Maestr\u00eda en Pedagog\u00eda.<\/p><p>Semestre: Segundo.<\/p><p>Modalidad: Virtual.<\/p><p>Horas lectivas: 20 horas lectivas.<\/p><p>Imparte: Mtra. ALICIA CONCEPCION SOLANO FELIX.<\/p><p>Participantes que acreditaron:\u00a0<\/p><ul><li><p>PMP1-2022-2 GABRIELA PACHECO CRUZ.<\/p><\/li><li><p>PMP5-2022-2 CESAR MAYREN RUIZ PEREZ.<\/p><\/li><li><p>PMP7-2022-2 FABIOLA VALDIVIEZO LOPEZ.<\/p><\/li><li><p>PMP9-2022-2 RAQUEL HENRIQUEZ JIMENEZ.<\/p><\/li><li><p>PMP10-2022-2 DAMARIZ ALAVEZ CRUZ.<\/p><\/li><\/ul>\t\t\t\t\t\t\t\t<\/div>\n\t\t\t\t<\/div>\n\t\t\t\t\t<\/div>\n\t\t<\/div>\n\t\t\t\t\t<\/div>\n\t\t<\/section>\n\t\t\t\t<\/div>\n\t\t","protected":false},"excerpt":{"rendered":"<p>Taller de Habilidades Investigativas &#8211; Redacci\u00f3n de Textos Acad\u00e9micos Acreditaci\u00f3n de Actividades Instituci\u00f3n: Instituto Universitario Antequera de Oaxaca.\u00a0 Ciclo Escolar: julio &#8211; diciembre 2022. Programa: Maestr\u00eda en Pedagog\u00eda. Semestre: Segundo. Modalidad: Virtual. Horas lectivas: 20 horas lectivas. Imparte: Mtra. ALICIA CONCEPCION SOLANO FELIX. Participantes que acreditaron:\u00a0 PMP1-2022-2 GABRIELA PACHECO CRUZ. <a class=\"read-more\" href=\"https:\/\/institutounao.com.mx\/index.php\/se23-10-taller-de-habilidades-investigativas-redaccion-de-textos-academicos\/\">Read More&#8230;<\/a><\/p>\n","protected":false},"author":1,"featured_media":0,"parent":0,"menu_order":0,"comment_status":"closed","ping_status":"closed","template":"","meta":{"_joinchat":[],"footnotes":""},"class_list":["post-5266","page","type-page","status-publish","hentry"],"jetpack_sharing_enabled":true,"_links":{"self":[{"href":"https:\/\/institutounao.com.mx\/index.php\/wp-json\/wp\/v2\/pages\/5266","targetHints":{"allow":["GET"]}}],"collection":[{"href":"https:\/\/institutounao.com.mx\/index.php\/wp-json\/wp\/v2\/pages"}],"about":[{"href":"https:\/\/institutounao.com.mx\/index.php\/wp-json\/wp\/v2\/types\/page"}],"author":[{"embeddable":true,"href":"https:\/\/institutounao.com.mx\/index.php\/wp-json\/wp\/v2\/users\/1"}],"replies":[{"embeddable":true,"href":"https:\/\/institutounao.com.mx\/index.php\/wp-json\/wp\/v2\/comments?post=5266"}],"version-history":[{"count":7,"href":"https:\/\/institutounao.com.mx\/index.php\/wp-json\/wp\/v2\/pages\/5266\/revisions"}],"predecessor-version":[{"id":5277,"href":"https:\/\/institutounao.com.mx\/index.php\/wp-json\/wp\/v2\/pages\/5266\/revisions\/5277"}],"wp:attachment":[{"href":"https:\/\/institutounao.com.mx\/index.php\/wp-json\/wp\/v2\/media?parent=5266"}],"curies":[{"name":"wp","href":"https:\/\/api.w.org\/{rel}","templated":true}]}}