{"id":4898,"date":"2023-01-04T20:10:50","date_gmt":"2023-01-04T20:10:50","guid":{"rendered":"https:\/\/institutounao.com.mx\/?page_id=4898"},"modified":"2023-03-07T18:56:42","modified_gmt":"2023-03-07T18:56:42","slug":"inscripciones-especialidad-en-intervencion-pedagogica-en-el-lenguaje-enero-junio-2023","status":"publish","type":"page","link":"https:\/\/institutounao.com.mx\/index.php\/inscripciones-especialidad-en-intervencion-pedagogica-en-el-lenguaje-enero-junio-2023\/","title":{"rendered":"Inscripciones &#8211; Especialidad en Intervenci\u00f3n Pedag\u00f3gica en el Lenguaje enero &#8211; junio 2023"},"content":{"rendered":"\t\t<div data-elementor-type=\"wp-page\" data-elementor-id=\"4898\" class=\"elementor elementor-4898\">\n\t\t\t\t\t\t<section class=\"elementor-section elementor-top-section elementor-element elementor-element-ac17e75 elementor-section-boxed elementor-section-height-default elementor-section-height-default\" data-id=\"ac17e75\" data-element_type=\"section\" data-e-type=\"section\">\n\t\t\t\t\t\t<div class=\"elementor-container elementor-column-gap-default\">\n\t\t\t\t\t<div class=\"elementor-column elementor-col-100 elementor-top-column elementor-element elementor-element-7358392\" data-id=\"7358392\" data-element_type=\"column\" data-e-type=\"column\">\n\t\t\t<div class=\"elementor-widget-wrap elementor-element-populated\">\n\t\t\t\t\t\t<div class=\"elementor-element elementor-element-02b5e7b elementor-widget elementor-widget-text-editor\" data-id=\"02b5e7b\" data-element_type=\"widget\" data-e-type=\"widget\" data-widget_type=\"text-editor.default\">\n\t\t\t\t<div class=\"elementor-widget-container\">\n\t\t\t\t\t\t\t\t\t<p><span style=\"font-family: Poppins, sans-serif; font-size: 16px;\">Estudiantes inscritos\u00a0al ciclo escolar enero &#8211; junio 2023 en la Especialidad en Intervenci\u00f3n Pedag\u00f3gica en el Lenguaje y que recibieron de conformidad la siguiente documentaci\u00f3n:<\/span><\/p>\t\t\t\t\t\t\t\t<\/div>\n\t\t\t\t<\/div>\n\t\t\t\t\t<\/div>\n\t\t<\/div>\n\t\t\t\t\t<\/div>\n\t\t<\/section>\n\t\t\t\t<section class=\"elementor-section elementor-top-section elementor-element elementor-element-5f07843 elementor-section-boxed elementor-section-height-default elementor-section-height-default\" data-id=\"5f07843\" data-element_type=\"section\" data-e-type=\"section\">\n\t\t\t\t\t\t<div class=\"elementor-container elementor-column-gap-default\">\n\t\t\t\t\t<div class=\"elementor-column elementor-col-100 elementor-top-column elementor-element elementor-element-818c134\" data-id=\"818c134\" data-element_type=\"column\" data-e-type=\"column\">\n\t\t\t<div class=\"elementor-widget-wrap elementor-element-populated\">\n\t\t\t\t\t\t<div class=\"elementor-element elementor-element-85fdf8b elementor-widget elementor-widget-text-editor\" data-id=\"85fdf8b\" data-element_type=\"widget\" data-e-type=\"widget\" data-widget_type=\"text-editor.default\">\n\t\t\t\t<div class=\"elementor-widget-container\">\n\t\t\t\t\t\t\t\t\t<ul style=\"font-size: 16px; font-family: Poppins, sans-serif;\"><li>Formato de inscripci\u00f3n y reinscripci\u00f3n al plan de estudios.<\/li><li>Renovaci\u00f3n de beca.<\/li><li>Oficio de asignaci\u00f3n de beca.<\/li><li>Carta compromiso de pagos.<\/li><\/ul>\t\t\t\t\t\t\t\t<\/div>\n\t\t\t\t<\/div>\n\t\t\t\t\t<\/div>\n\t\t<\/div>\n\t\t\t\t\t<\/div>\n\t\t<\/section>\n\t\t\t\t<section class=\"elementor-section elementor-top-section elementor-element elementor-element-9c875c5 elementor-section-boxed elementor-section-height-default elementor-section-height-default\" data-id=\"9c875c5\" data-element_type=\"section\" data-e-type=\"section\">\n\t\t\t\t\t\t<div class=\"elementor-container elementor-column-gap-default\">\n\t\t\t\t\t<div class=\"elementor-column elementor-col-100 elementor-top-column elementor-element elementor-element-7ebab88\" data-id=\"7ebab88\" data-element_type=\"column\" data-e-type=\"column\">\n\t\t\t<div class=\"elementor-widget-wrap elementor-element-populated\">\n\t\t\t\t\t\t<div class=\"elementor-element elementor-element-91c274e elementor-widget-divider--view-line_icon elementor-view-default elementor-widget-divider--element-align-center elementor-widget elementor-widget-divider\" data-id=\"91c274e\" data-element_type=\"widget\" data-e-type=\"widget\" data-widget_type=\"divider.default\">\n\t\t\t\t<div class=\"elementor-widget-container\">\n\t\t\t\t\t\t\t<div class=\"elementor-divider\">\n\t\t\t<span class=\"elementor-divider-separator\">\n\t\t\t\t\t\t\t<div class=\"elementor-icon elementor-divider__element\">\n\t\t\t\t\t<i aria-hidden=\"true\" class=\"fas fa-angle-double-down\"><\/i><\/div>\n\t\t\t\t\t\t<\/span>\n\t\t<\/div>\n\t\t\t\t\t\t<\/div>\n\t\t\t\t<\/div>\n\t\t\t\t\t<\/div>\n\t\t<\/div>\n\t\t\t\t\t<\/div>\n\t\t<\/section>\n\t\t\t\t<section class=\"elementor-section elementor-top-section elementor-element elementor-element-bb05844 elementor-section-boxed elementor-section-height-default elementor-section-height-default\" data-id=\"bb05844\" data-element_type=\"section\" data-e-type=\"section\">\n\t\t\t\t\t\t<div class=\"elementor-container elementor-column-gap-default\">\n\t\t\t\t\t<div class=\"elementor-column elementor-col-100 elementor-top-column elementor-element elementor-element-346ff36\" data-id=\"346ff36\" data-element_type=\"column\" data-e-type=\"column\">\n\t\t\t<div class=\"elementor-widget-wrap elementor-element-populated\">\n\t\t\t\t\t\t<div class=\"elementor-element elementor-element-64a8f7d elementor-widget elementor-widget-text-editor\" data-id=\"64a8f7d\" data-element_type=\"widget\" data-e-type=\"widget\" data-widget_type=\"text-editor.default\">\n\t\t\t\t<div class=\"elementor-widget-container\">\n\t\t\t\t\t\t\t\t\t<p>Segundo Semestre<\/p>\t\t\t\t\t\t\t\t<\/div>\n\t\t\t\t<\/div>\n\t\t\t\t\t<\/div>\n\t\t<\/div>\n\t\t\t\t\t<\/div>\n\t\t<\/section>\n\t\t\t\t<section class=\"elementor-section elementor-top-section elementor-element elementor-element-b172099 elementor-section-boxed elementor-section-height-default elementor-section-height-default\" data-id=\"b172099\" data-element_type=\"section\" data-e-type=\"section\">\n\t\t\t\t\t\t<div class=\"elementor-container elementor-column-gap-default\">\n\t\t\t\t\t<div class=\"elementor-column elementor-col-100 elementor-top-column elementor-element elementor-element-d0d47fd\" data-id=\"d0d47fd\" data-element_type=\"column\" data-e-type=\"column\">\n\t\t\t<div class=\"elementor-widget-wrap elementor-element-populated\">\n\t\t\t\t\t\t<div class=\"elementor-element elementor-element-7192fc2 elementor-widget elementor-widget-text-editor\" data-id=\"7192fc2\" data-element_type=\"widget\" data-e-type=\"widget\" data-widget_type=\"text-editor.default\">\n\t\t\t\t<div class=\"elementor-widget-container\">\n\t\t\t\t\t\t\t\t\t<p>NAYELI SANCHEZ VELASQUEZ.<\/p><p>PAOLA NOEMI RAMIREZ MACHUCA.<\/p><p>ELIZABETH SANCHEZ HERNANDEZ.<\/p><p>TAHIS GISELA JIMENEZ PUEBLA.<\/p><p>MARIA DE LOS ANGELES VELASQUEZ JACINTO.<\/p><p>MAYRA VIDAL BRAVO.<\/p><p>ARMANDO CASTILLO MERA.<\/p><p>SONIA GUADALUPE VELAZQUEZ CONSILCO.<\/p><p>JAZMIN CORTES ROJAS.<\/p>\t\t\t\t\t\t\t\t<\/div>\n\t\t\t\t<\/div>\n\t\t\t\t<div class=\"elementor-element elementor-element-5e4655f elementor-widget-divider--view-line_icon elementor-view-default elementor-widget-divider--element-align-center elementor-widget elementor-widget-divider\" data-id=\"5e4655f\" data-element_type=\"widget\" data-e-type=\"widget\" data-widget_type=\"divider.default\">\n\t\t\t\t<div class=\"elementor-widget-container\">\n\t\t\t\t\t\t\t<div class=\"elementor-divider\">\n\t\t\t<span class=\"elementor-divider-separator\">\n\t\t\t\t\t\t\t<div class=\"elementor-icon elementor-divider__element\">\n\t\t\t\t\t<i aria-hidden=\"true\" class=\"fas fa-angle-double-down\"><\/i><\/div>\n\t\t\t\t\t\t<\/span>\n\t\t<\/div>\n\t\t\t\t\t\t<\/div>\n\t\t\t\t<\/div>\n\t\t\t\t\t<\/div>\n\t\t<\/div>\n\t\t\t\t\t<\/div>\n\t\t<\/section>\n\t\t\t\t<section class=\"elementor-section elementor-top-section elementor-element elementor-element-3b28429 elementor-section-boxed elementor-section-height-default elementor-section-height-default\" data-id=\"3b28429\" data-element_type=\"section\" data-e-type=\"section\">\n\t\t\t\t\t\t<div class=\"elementor-container elementor-column-gap-default\">\n\t\t\t\t\t<div class=\"elementor-column elementor-col-100 elementor-top-column elementor-element elementor-element-e67fc86\" data-id=\"e67fc86\" data-element_type=\"column\" data-e-type=\"column\">\n\t\t\t<div class=\"elementor-widget-wrap elementor-element-populated\">\n\t\t\t\t\t\t<div class=\"elementor-element elementor-element-022f89b elementor-widget elementor-widget-text-editor\" data-id=\"022f89b\" data-element_type=\"widget\" data-e-type=\"widget\" data-widget_type=\"text-editor.default\">\n\t\t\t\t<div class=\"elementor-widget-container\">\n\t\t\t\t\t\t\t\t\t<p>Primer Semestre<\/p>\t\t\t\t\t\t\t\t<\/div>\n\t\t\t\t<\/div>\n\t\t\t\t\t<\/div>\n\t\t<\/div>\n\t\t\t\t\t<\/div>\n\t\t<\/section>\n\t\t\t\t<section class=\"elementor-section elementor-top-section elementor-element elementor-element-21bedfb elementor-section-boxed elementor-section-height-default elementor-section-height-default\" data-id=\"21bedfb\" data-element_type=\"section\" data-e-type=\"section\">\n\t\t\t\t\t\t<div class=\"elementor-container elementor-column-gap-default\">\n\t\t\t\t\t<div class=\"elementor-column elementor-col-100 elementor-top-column elementor-element elementor-element-2a1ffde\" data-id=\"2a1ffde\" data-element_type=\"column\" data-e-type=\"column\">\n\t\t\t<div class=\"elementor-widget-wrap elementor-element-populated\">\n\t\t\t\t\t\t<div class=\"elementor-element elementor-element-8cc39f0 elementor-widget elementor-widget-text-editor\" data-id=\"8cc39f0\" data-element_type=\"widget\" data-e-type=\"widget\" data-widget_type=\"text-editor.default\">\n\t\t\t\t<div class=\"elementor-widget-container\">\n\t\t\t\t\t\t\t\t\t<p>LAURA JULISSA GONZALEZ MARTINEZ.<\/p>\n<p>JOCELYN CITLALLI VERA HARO.<\/p>\n<p>CECILIA DOMINGUEZ ALTAMIRANO.<\/p>\n<p>LUIS ARTURO NAVARRETE MIRANDA.<\/p>\n<p>ALEJANDRA MANUELA PEREZ BALDERAS.<\/p>\n<p>MARIA GUADALUPE VAZQUEZ SANCHEZ.<\/p>\n<p>MIRIAN ISABEL HERNANDEZ CASTILLO.&nbsp;<\/p><p>DULCE MARIA AMBRIZ CARMONA.&nbsp;<\/p><p>MAYRA ISABEL ZURITA GUZMAN.<\/p><p>MARIA GUADALUPE ARGAEZ ROSALES.<\/p><p>KARLA GUADALUPE DUARTE MORALES.<\/p><p>KATARINE MORENO FLORES.<\/p><p>MARIA ADELINA TORRES MEZA.<\/p><p>MARIA DE LA LUZ MINERVA ZEPEDA MONTIEL.&nbsp;<\/p><p>ALINA GONZALEZ TERAN.&nbsp;<\/p><p>EMMANUEL ENRIQUE CHACON MEDINA.<\/p><p>DIANA MARIA DEL SOCORRO BAEZA DOMINGUEZ.<\/p><p>ITZEL DIAZ INFANTE MARTINEZ.<\/p><p>BEATRIZ MONTALVO NU\u00d1EZ.<\/p>\t\t\t\t\t\t\t\t<\/div>\n\t\t\t\t<\/div>\n\t\t\t\t\t<\/div>\n\t\t<\/div>\n\t\t\t\t\t<\/div>\n\t\t<\/section>\n\t\t\t\t<\/div>\n\t\t","protected":false},"excerpt":{"rendered":"<p>Estudiantes inscritos\u00a0al ciclo escolar enero &#8211; junio 2023 en la Especialidad en Intervenci\u00f3n Pedag\u00f3gica en el Lenguaje y que recibieron de conformidad la siguiente documentaci\u00f3n: Formato de inscripci\u00f3n y reinscripci\u00f3n al plan de estudios. Renovaci\u00f3n de beca. Oficio de asignaci\u00f3n de beca. Carta compromiso de pagos. Segundo Semestre NAYELI SANCHEZ <a class=\"read-more\" href=\"https:\/\/institutounao.com.mx\/index.php\/inscripciones-especialidad-en-intervencion-pedagogica-en-el-lenguaje-enero-junio-2023\/\">Read More&#8230;<\/a><\/p>\n","protected":false},"author":1,"featured_media":0,"parent":0,"menu_order":0,"comment_status":"closed","ping_status":"closed","template":"","meta":{"_joinchat":[],"footnotes":""},"class_list":["post-4898","page","type-page","status-publish","hentry"],"jetpack_sharing_enabled":true,"_links":{"self":[{"href":"https:\/\/institutounao.com.mx\/index.php\/wp-json\/wp\/v2\/pages\/4898","targetHints":{"allow":["GET"]}}],"collection":[{"href":"https:\/\/institutounao.com.mx\/index.php\/wp-json\/wp\/v2\/pages"}],"about":[{"href":"https:\/\/institutounao.com.mx\/index.php\/wp-json\/wp\/v2\/types\/page"}],"author":[{"embeddable":true,"href":"https:\/\/institutounao.com.mx\/index.php\/wp-json\/wp\/v2\/users\/1"}],"replies":[{"embeddable":true,"href":"https:\/\/institutounao.com.mx\/index.php\/wp-json\/wp\/v2\/comments?post=4898"}],"version-history":[{"count":7,"href":"https:\/\/institutounao.com.mx\/index.php\/wp-json\/wp\/v2\/pages\/4898\/revisions"}],"predecessor-version":[{"id":5416,"href":"https:\/\/institutounao.com.mx\/index.php\/wp-json\/wp\/v2\/pages\/4898\/revisions\/5416"}],"wp:attachment":[{"href":"https:\/\/institutounao.com.mx\/index.php\/wp-json\/wp\/v2\/media?parent=4898"}],"curies":[{"name":"wp","href":"https:\/\/api.w.org\/{rel}","templated":true}]}}