{"id":3683,"date":"2022-07-18T15:49:05","date_gmt":"2022-07-18T15:49:05","guid":{"rendered":"https:\/\/institutounao.com.mx\/?page_id=3683"},"modified":"2023-03-16T23:03:30","modified_gmt":"2023-03-16T23:03:30","slug":"diplomado-en-evaluacion-de-y-para-el-aprendizaje","status":"publish","type":"page","link":"https:\/\/institutounao.com.mx\/index.php\/diplomado-en-evaluacion-de-y-para-el-aprendizaje\/","title":{"rendered":"Diplomado en Evaluaci\u00f3n de y para el Aprendizaje"},"content":{"rendered":"\t\t<div data-elementor-type=\"wp-page\" data-elementor-id=\"3683\" class=\"elementor elementor-3683\">\n\t\t\t\t\t\t<section class=\"elementor-section elementor-top-section elementor-element elementor-element-d99a0c6 elementor-section-boxed elementor-section-height-default elementor-section-height-default\" data-id=\"d99a0c6\" data-element_type=\"section\" data-e-type=\"section\">\n\t\t\t\t\t\t<div class=\"elementor-container elementor-column-gap-default\">\n\t\t\t\t\t<div class=\"elementor-column elementor-col-100 elementor-top-column elementor-element elementor-element-fe9775d\" data-id=\"fe9775d\" data-element_type=\"column\" data-e-type=\"column\">\n\t\t\t<div class=\"elementor-widget-wrap elementor-element-populated\">\n\t\t\t\t\t\t<div class=\"elementor-element elementor-element-24a6100 elementor-widget elementor-widget-heading\" data-id=\"24a6100\" data-element_type=\"widget\" data-e-type=\"widget\" data-widget_type=\"heading.default\">\n\t\t\t\t<div class=\"elementor-widget-container\">\n\t\t\t\t\t<h2 class=\"elementor-heading-title elementor-size-default\">Diplomado en Evaluaci\u00f3n de y para el Aprendizaje<\/h2>\t\t\t\t<\/div>\n\t\t\t\t<\/div>\n\t\t\t\t\t<\/div>\n\t\t<\/div>\n\t\t\t\t\t<\/div>\n\t\t<\/section>\n\t\t\t\t<section class=\"elementor-section elementor-top-section elementor-element elementor-element-4c19677 elementor-section-boxed elementor-section-height-default elementor-section-height-default\" data-id=\"4c19677\" data-element_type=\"section\" data-e-type=\"section\">\n\t\t\t\t\t\t<div class=\"elementor-container elementor-column-gap-default\">\n\t\t\t\t\t<div class=\"elementor-column elementor-col-100 elementor-top-column elementor-element elementor-element-fb8854a\" data-id=\"fb8854a\" data-element_type=\"column\" data-e-type=\"column\">\n\t\t\t<div class=\"elementor-widget-wrap elementor-element-populated\">\n\t\t\t\t\t\t<div class=\"elementor-element elementor-element-361dad0 elementor-widget elementor-widget-text-editor\" data-id=\"361dad0\" data-element_type=\"widget\" data-e-type=\"widget\" data-widget_type=\"text-editor.default\">\n\t\t\t\t<div class=\"elementor-widget-container\">\n\t\t\t\t\t\t\t\t\t<h4><strong>Acreditaci\u00f3n de Actividades<\/strong><\/h4>\t\t\t\t\t\t\t\t<\/div>\n\t\t\t\t<\/div>\n\t\t\t\t\t<\/div>\n\t\t<\/div>\n\t\t\t\t\t<\/div>\n\t\t<\/section>\n\t\t\t\t<section class=\"elementor-section elementor-top-section elementor-element elementor-element-534b938 elementor-section-boxed elementor-section-height-default elementor-section-height-default\" data-id=\"534b938\" data-element_type=\"section\" data-e-type=\"section\">\n\t\t\t\t\t\t<div class=\"elementor-container elementor-column-gap-default\">\n\t\t\t\t\t<div class=\"elementor-column elementor-col-100 elementor-top-column elementor-element elementor-element-155ad3c\" data-id=\"155ad3c\" data-element_type=\"column\" data-e-type=\"column\">\n\t\t\t<div class=\"elementor-widget-wrap elementor-element-populated\">\n\t\t\t\t\t\t<div class=\"elementor-element elementor-element-9d1ca7b elementor-widget elementor-widget-text-editor\" data-id=\"9d1ca7b\" data-element_type=\"widget\" data-e-type=\"widget\" data-widget_type=\"text-editor.default\">\n\t\t\t\t<div class=\"elementor-widget-container\">\n\t\t\t\t\t\t\t\t\t<p><strong>Datos Generales:<\/strong><\/p><p>Instituci\u00f3n: Instituto Universitario Antequera de Oaxaca.<br \/><span style=\"font-size: 16px;\">Clave de Plantel: 20MSY0104Y<\/span>.<br \/><span style=\"font-size: 16px;\">Periodo: 30 de marzo al 29 de junio de 2022. <\/span><br \/>Modalidad: Virtual.<br \/>Horas lectivas: 120 horas lectivas.<br \/><span style=\"font-size: 1rem;\"><br \/><b>Participantes que acreditaron:\u00a0<\/b><\/span><\/p><ul><li>ALICIA PASTRANA PACHO.<\/li><li>AMADA NOEMI GONZALEZ GALVEZ.<\/li><li>DIANA AURELIA LOPEZ AYORA.<\/li><li>ELIZABETH MATEHUALA SAAVEDRA.<\/li><li>ERIKA DE JESUS MENDOZA RODRIGUEZ.<\/li><li>JUAN CARLOS TAPIA CORDOVA.<\/li><li>KARLA BEATRIZ ROMERO AGUAYO.<\/li><li>ORLANDO VALLE DIAZ.<\/li><li>MONSERRAT CANTON PEREZ.<\/li><\/ul>\t\t\t\t\t\t\t\t<\/div>\n\t\t\t\t<\/div>\n\t\t\t\t\t<\/div>\n\t\t<\/div>\n\t\t\t\t\t<\/div>\n\t\t<\/section>\n\t\t\t\t<\/div>\n\t\t","protected":false},"excerpt":{"rendered":"<p>Diplomado en Evaluaci\u00f3n de y para el Aprendizaje Acreditaci\u00f3n de Actividades Datos Generales: Instituci\u00f3n: Instituto Universitario Antequera de Oaxaca.Clave de Plantel: 20MSY0104Y.Periodo: 30 de marzo al 29 de junio de 2022. Modalidad: Virtual.Horas lectivas: 120 horas lectivas. Participantes que acreditaron:\u00a0 ALICIA PASTRANA PACHO. AMADA NOEMI GONZALEZ GALVEZ. DIANA AURELIA LOPEZ <a class=\"read-more\" href=\"https:\/\/institutounao.com.mx\/index.php\/diplomado-en-evaluacion-de-y-para-el-aprendizaje\/\">Read More&#8230;<\/a><\/p>\n","protected":false},"author":1,"featured_media":0,"parent":0,"menu_order":0,"comment_status":"closed","ping_status":"closed","template":"","meta":{"_joinchat":[],"footnotes":""},"class_list":["post-3683","page","type-page","status-publish","hentry"],"jetpack_sharing_enabled":true,"_links":{"self":[{"href":"https:\/\/institutounao.com.mx\/index.php\/wp-json\/wp\/v2\/pages\/3683","targetHints":{"allow":["GET"]}}],"collection":[{"href":"https:\/\/institutounao.com.mx\/index.php\/wp-json\/wp\/v2\/pages"}],"about":[{"href":"https:\/\/institutounao.com.mx\/index.php\/wp-json\/wp\/v2\/types\/page"}],"author":[{"embeddable":true,"href":"https:\/\/institutounao.com.mx\/index.php\/wp-json\/wp\/v2\/users\/1"}],"replies":[{"embeddable":true,"href":"https:\/\/institutounao.com.mx\/index.php\/wp-json\/wp\/v2\/comments?post=3683"}],"version-history":[{"count":7,"href":"https:\/\/institutounao.com.mx\/index.php\/wp-json\/wp\/v2\/pages\/3683\/revisions"}],"predecessor-version":[{"id":5602,"href":"https:\/\/institutounao.com.mx\/index.php\/wp-json\/wp\/v2\/pages\/3683\/revisions\/5602"}],"wp:attachment":[{"href":"https:\/\/institutounao.com.mx\/index.php\/wp-json\/wp\/v2\/media?parent=3683"}],"curies":[{"name":"wp","href":"https:\/\/api.w.org\/{rel}","templated":true}]}}