{"id":3645,"date":"2022-07-06T14:18:34","date_gmt":"2022-07-06T14:18:34","guid":{"rendered":"https:\/\/institutounao.com.mx\/?page_id=3645"},"modified":"2022-09-13T21:36:54","modified_gmt":"2022-09-13T21:36:54","slug":"constancias-a-estudiantes","status":"publish","type":"page","link":"https:\/\/institutounao.com.mx\/index.php\/constancias-a-estudiantes\/","title":{"rendered":"Constancias &#8211; Situaci\u00f3n Acad\u00e9mica"},"content":{"rendered":"\t\t<div data-elementor-type=\"wp-page\" data-elementor-id=\"3645\" class=\"elementor elementor-3645\">\n\t\t\t\t\t\t<section class=\"elementor-section elementor-top-section elementor-element elementor-element-374cd0f elementor-section-boxed elementor-section-height-default elementor-section-height-default\" data-id=\"374cd0f\" data-element_type=\"section\" data-e-type=\"section\">\n\t\t\t\t\t\t<div class=\"elementor-container elementor-column-gap-default\">\n\t\t\t\t\t<div class=\"elementor-column elementor-col-100 elementor-top-column elementor-element elementor-element-09a2d53\" data-id=\"09a2d53\" data-element_type=\"column\" data-e-type=\"column\">\n\t\t\t<div class=\"elementor-widget-wrap elementor-element-populated\">\n\t\t\t\t\t\t<div class=\"elementor-element elementor-element-848baf7 elementor-widget elementor-widget-heading\" data-id=\"848baf7\" data-element_type=\"widget\" data-e-type=\"widget\" data-widget_type=\"heading.default\">\n\t\t\t\t<div class=\"elementor-widget-container\">\n\t\t\t\t\t<h2 class=\"elementor-heading-title elementor-size-default\">Constancias de Situaci\u00f3n Acad\u00e9mica<\/h2>\t\t\t\t<\/div>\n\t\t\t\t<\/div>\n\t\t\t\t\t<\/div>\n\t\t<\/div>\n\t\t\t\t\t<\/div>\n\t\t<\/section>\n\t\t\t\t<section class=\"elementor-section elementor-top-section elementor-element elementor-element-40ffdbb elementor-section-boxed elementor-section-height-default elementor-section-height-default\" data-id=\"40ffdbb\" data-element_type=\"section\" data-e-type=\"section\">\n\t\t\t\t\t\t<div class=\"elementor-container elementor-column-gap-default\">\n\t\t\t\t\t<div class=\"elementor-column elementor-col-100 elementor-top-column elementor-element elementor-element-ce4c70d\" data-id=\"ce4c70d\" data-element_type=\"column\" data-e-type=\"column\">\n\t\t\t<div class=\"elementor-widget-wrap elementor-element-populated\">\n\t\t\t\t\t\t<div class=\"elementor-element elementor-element-36d4fd7 elementor-widget elementor-widget-text-editor\" data-id=\"36d4fd7\" data-element_type=\"widget\" data-e-type=\"widget\" data-widget_type=\"text-editor.default\">\n\t\t\t\t<div class=\"elementor-widget-container\">\n\t\t\t\t\t\t\t\t\t<p>Nombre de estudiante:&nbsp;<span style=\"font-size: 16px;\">NORMA ITZEL GONZALEZ MENDEZ.<\/span><br><\/p>\n<p>Tipo de constancia:&nbsp;<span style=\"font-size: 16px;\">Constancia de Situaci\u00f3n Acad\u00e9mica.<\/span><\/p>\n<p>No. constancia:&nbsp;001\/DG\/2023-1.<\/p>\n<p>Ciclo escolar:&nbsp;julio-diciembre 2022.<\/p>\n<p>Fecha de expedici\u00f3n:&nbsp;<span style=\"font-size: 16px;\">05 de julio de 2022<\/span><\/p>\t\t\t\t\t\t\t\t<\/div>\n\t\t\t\t<\/div>\n\t\t\t\t\t<\/div>\n\t\t<\/div>\n\t\t\t\t\t<\/div>\n\t\t<\/section>\n\t\t\t\t<section class=\"elementor-section elementor-top-section elementor-element elementor-element-2e4cffd elementor-section-boxed elementor-section-height-default elementor-section-height-default\" data-id=\"2e4cffd\" data-element_type=\"section\" data-e-type=\"section\">\n\t\t\t\t\t\t<div class=\"elementor-container elementor-column-gap-default\">\n\t\t\t\t\t<div class=\"elementor-column elementor-col-100 elementor-top-column elementor-element elementor-element-556decb\" data-id=\"556decb\" data-element_type=\"column\" data-e-type=\"column\">\n\t\t\t<div class=\"elementor-widget-wrap elementor-element-populated\">\n\t\t\t\t\t\t<div class=\"elementor-element elementor-element-ac75ffa elementor-widget-divider--view-line elementor-widget elementor-widget-divider\" data-id=\"ac75ffa\" data-element_type=\"widget\" data-e-type=\"widget\" data-widget_type=\"divider.default\">\n\t\t\t\t<div class=\"elementor-widget-container\">\n\t\t\t\t\t\t\t<div class=\"elementor-divider\">\n\t\t\t<span class=\"elementor-divider-separator\">\n\t\t\t\t\t\t<\/span>\n\t\t<\/div>\n\t\t\t\t\t\t<\/div>\n\t\t\t\t<\/div>\n\t\t\t\t\t<\/div>\n\t\t<\/div>\n\t\t\t\t\t<\/div>\n\t\t<\/section>\n\t\t\t\t<section class=\"elementor-section elementor-top-section elementor-element elementor-element-36cb79f elementor-section-boxed elementor-section-height-default elementor-section-height-default\" data-id=\"36cb79f\" data-element_type=\"section\" data-e-type=\"section\">\n\t\t\t\t\t\t<div class=\"elementor-container elementor-column-gap-default\">\n\t\t\t\t\t<div class=\"elementor-column elementor-col-100 elementor-top-column elementor-element elementor-element-ee331c7\" data-id=\"ee331c7\" data-element_type=\"column\" data-e-type=\"column\">\n\t\t\t<div class=\"elementor-widget-wrap elementor-element-populated\">\n\t\t\t\t\t\t<div class=\"elementor-element elementor-element-a848cee elementor-widget elementor-widget-text-editor\" data-id=\"a848cee\" data-element_type=\"widget\" data-e-type=\"widget\" data-widget_type=\"text-editor.default\">\n\t\t\t\t<div class=\"elementor-widget-container\">\n\t\t\t\t\t\t\t\t\t<p style=\"font-size: 16px; font-family: Poppins, sans-serif;\">Nombre de estudiante:\u00a0<span style=\"font-size: 16px;\">JOSE LUIS AVILA QUIJANO<\/span><\/p><p style=\"font-size: 16px; font-family: Poppins, sans-serif;\">Tipo de constancia:\u00a0<span style=\"font-size: 16px;\">Constancia de Situaci\u00f3n Acad\u00e9mica.<\/span><\/p><p style=\"font-size: 16px; font-family: Poppins, sans-serif;\">No. constancia:\u00a0003\/DG\/2023-1.<\/p><p style=\"font-size: 16px; font-family: Poppins, sans-serif;\">Ciclo escolar:\u00a0julio-diciembre 2022.<\/p><p style=\"font-size: 16px; font-family: Poppins, sans-serif;\">Fecha de expedici\u00f3n:\u00a0<span style=\"font-size: 16px;\">30 de agosto de 2022<\/span><\/p>\t\t\t\t\t\t\t\t<\/div>\n\t\t\t\t<\/div>\n\t\t\t\t\t<\/div>\n\t\t<\/div>\n\t\t\t\t\t<\/div>\n\t\t<\/section>\n\t\t\t\t<section class=\"elementor-section elementor-top-section elementor-element elementor-element-2fae72d elementor-section-boxed elementor-section-height-default elementor-section-height-default\" data-id=\"2fae72d\" data-element_type=\"section\" data-e-type=\"section\">\n\t\t\t\t\t\t<div class=\"elementor-container elementor-column-gap-default\">\n\t\t\t\t\t<div class=\"elementor-column elementor-col-100 elementor-top-column elementor-element elementor-element-4e636d6\" data-id=\"4e636d6\" data-element_type=\"column\" data-e-type=\"column\">\n\t\t\t<div class=\"elementor-widget-wrap elementor-element-populated\">\n\t\t\t\t\t\t<div class=\"elementor-element elementor-element-903e23e elementor-widget-divider--view-line elementor-widget elementor-widget-divider\" data-id=\"903e23e\" data-element_type=\"widget\" data-e-type=\"widget\" data-widget_type=\"divider.default\">\n\t\t\t\t<div class=\"elementor-widget-container\">\n\t\t\t\t\t\t\t<div class=\"elementor-divider\">\n\t\t\t<span class=\"elementor-divider-separator\">\n\t\t\t\t\t\t<\/span>\n\t\t<\/div>\n\t\t\t\t\t\t<\/div>\n\t\t\t\t<\/div>\n\t\t\t\t\t<\/div>\n\t\t<\/div>\n\t\t\t\t\t<\/div>\n\t\t<\/section>\n\t\t\t\t<section class=\"elementor-section elementor-top-section elementor-element elementor-element-ec0ebf9 elementor-section-boxed elementor-section-height-default elementor-section-height-default\" data-id=\"ec0ebf9\" data-element_type=\"section\" data-e-type=\"section\">\n\t\t\t\t\t\t<div class=\"elementor-container elementor-column-gap-default\">\n\t\t\t\t\t<div class=\"elementor-column elementor-col-100 elementor-top-column elementor-element elementor-element-96f0c1f\" data-id=\"96f0c1f\" data-element_type=\"column\" data-e-type=\"column\">\n\t\t\t<div class=\"elementor-widget-wrap elementor-element-populated\">\n\t\t\t\t\t\t<div class=\"elementor-element elementor-element-d256a15 elementor-widget elementor-widget-text-editor\" data-id=\"d256a15\" data-element_type=\"widget\" data-e-type=\"widget\" data-widget_type=\"text-editor.default\">\n\t\t\t\t<div class=\"elementor-widget-container\">\n\t\t\t\t\t\t\t\t\t<p style=\"font-size: 16px; font-family: Poppins, sans-serif;\">Nombre de estudiante:\u00a0<span style=\"font-size: 16px;\">KAROL VAZQUEZ ROMERO<\/span><\/p><p style=\"font-size: 16px; font-family: Poppins, sans-serif;\">Tipo de constancia:\u00a0<span style=\"font-size: 16px;\">Constancia de Situaci\u00f3n Acad\u00e9mica.<\/span><\/p><p style=\"font-size: 16px; font-family: Poppins, sans-serif;\">No. constancia:\u00a0004\/DG\/2023-1.<\/p><p style=\"font-size: 16px; font-family: Poppins, sans-serif;\">Ciclo escolar:\u00a0julio-diciembre 2022.<\/p><p style=\"font-size: 16px; font-family: Poppins, sans-serif;\">Fecha de expedici\u00f3n:\u00a0<span style=\"font-size: 16px;\">31 de agosto de 2022<\/span><\/p>\t\t\t\t\t\t\t\t<\/div>\n\t\t\t\t<\/div>\n\t\t\t\t\t<\/div>\n\t\t<\/div>\n\t\t\t\t\t<\/div>\n\t\t<\/section>\n\t\t\t\t<section class=\"elementor-section elementor-top-section elementor-element elementor-element-3c5b697 elementor-section-boxed elementor-section-height-default elementor-section-height-default\" data-id=\"3c5b697\" data-element_type=\"section\" data-e-type=\"section\">\n\t\t\t\t\t\t<div class=\"elementor-container elementor-column-gap-default\">\n\t\t\t\t\t<div class=\"elementor-column elementor-col-100 elementor-top-column elementor-element elementor-element-16bcb96\" data-id=\"16bcb96\" data-element_type=\"column\" data-e-type=\"column\">\n\t\t\t<div class=\"elementor-widget-wrap elementor-element-populated\">\n\t\t\t\t\t\t<div class=\"elementor-element elementor-element-2870bda elementor-widget-divider--view-line elementor-widget elementor-widget-divider\" data-id=\"2870bda\" data-element_type=\"widget\" data-e-type=\"widget\" data-widget_type=\"divider.default\">\n\t\t\t\t<div class=\"elementor-widget-container\">\n\t\t\t\t\t\t\t<div class=\"elementor-divider\">\n\t\t\t<span class=\"elementor-divider-separator\">\n\t\t\t\t\t\t<\/span>\n\t\t<\/div>\n\t\t\t\t\t\t<\/div>\n\t\t\t\t<\/div>\n\t\t\t\t\t<\/div>\n\t\t<\/div>\n\t\t\t\t\t<\/div>\n\t\t<\/section>\n\t\t\t\t<section class=\"elementor-section elementor-top-section elementor-element elementor-element-f751513 elementor-section-boxed elementor-section-height-default elementor-section-height-default\" data-id=\"f751513\" data-element_type=\"section\" data-e-type=\"section\">\n\t\t\t\t\t\t<div class=\"elementor-container elementor-column-gap-default\">\n\t\t\t\t\t<div class=\"elementor-column elementor-col-100 elementor-top-column elementor-element elementor-element-e5c7a6d\" data-id=\"e5c7a6d\" data-element_type=\"column\" data-e-type=\"column\">\n\t\t\t<div class=\"elementor-widget-wrap elementor-element-populated\">\n\t\t\t\t\t\t<div class=\"elementor-element elementor-element-1b64801 elementor-widget elementor-widget-text-editor\" data-id=\"1b64801\" data-element_type=\"widget\" data-e-type=\"widget\" data-widget_type=\"text-editor.default\">\n\t\t\t\t<div class=\"elementor-widget-container\">\n\t\t\t\t\t\t\t\t\t<p style=\"\"><font face=\"Poppins, sans-serif\">Nombre de estudiante:&nbsp;LORENA&nbsp;<\/font><span style=\"font-family: Poppins, sans-serif; font-size: 16px; font-weight: var( --e-global-typography-text-font-weight );\">AGUILAR<\/span><span style=\"font-family: Poppins, sans-serif; font-weight: var( --e-global-typography-text-font-weight );\">&nbsp;CORTES&nbsp;<\/span><\/p>\n<p style=\"font-size: 16px; font-family: Poppins, sans-serif;\">Tipo de constancia:&nbsp;<span style=\"font-size: 16px;\">Constancia de Situaci\u00f3n Acad\u00e9mica.<\/span><\/p>\n<p style=\"font-size: 16px; font-family: Poppins, sans-serif;\">No. constancia:&nbsp;005\/DG\/2023-1<\/p>\n<p style=\"font-size: 16px; font-family: Poppins, sans-serif;\">Ciclo escolar:&nbsp;julio-diciembre 2022.<\/p>\n<p style=\"font-size: 16px; font-family: Poppins, sans-serif;\">Fecha de expedici\u00f3n: 06 de septiembre<span style=\"font-size: 16px;\">&nbsp;de 2022<\/span><\/p>\t\t\t\t\t\t\t\t<\/div>\n\t\t\t\t<\/div>\n\t\t\t\t\t<\/div>\n\t\t<\/div>\n\t\t\t\t\t<\/div>\n\t\t<\/section>\n\t\t\t\t<\/div>\n\t\t","protected":false},"excerpt":{"rendered":"<p>Constancias de Situaci\u00f3n Acad\u00e9mica Nombre de estudiante:&nbsp;NORMA ITZEL GONZALEZ MENDEZ. Tipo de constancia:&nbsp;Constancia de Situaci\u00f3n Acad\u00e9mica. No. constancia:&nbsp;001\/DG\/2023-1. Ciclo escolar:&nbsp;julio-diciembre 2022. Fecha de expedici\u00f3n:&nbsp;05 de julio de 2022 Nombre de estudiante:&nbsp;JOSE LUIS AVILA QUIJANO Tipo de constancia:&nbsp;Constancia de Situaci\u00f3n Acad\u00e9mica. No. constancia:&nbsp;003\/DG\/2023-1. Ciclo escolar:&nbsp;julio-diciembre 2022. Fecha de expedici\u00f3n:&nbsp;30 de agosto <a class=\"read-more\" href=\"https:\/\/institutounao.com.mx\/index.php\/constancias-a-estudiantes\/\">Read More&#8230;<\/a><\/p>\n","protected":false},"author":1,"featured_media":0,"parent":0,"menu_order":0,"comment_status":"closed","ping_status":"closed","template":"","meta":{"_joinchat":[],"footnotes":""},"class_list":["post-3645","page","type-page","status-publish","hentry"],"jetpack_sharing_enabled":true,"_links":{"self":[{"href":"https:\/\/institutounao.com.mx\/index.php\/wp-json\/wp\/v2\/pages\/3645","targetHints":{"allow":["GET"]}}],"collection":[{"href":"https:\/\/institutounao.com.mx\/index.php\/wp-json\/wp\/v2\/pages"}],"about":[{"href":"https:\/\/institutounao.com.mx\/index.php\/wp-json\/wp\/v2\/types\/page"}],"author":[{"embeddable":true,"href":"https:\/\/institutounao.com.mx\/index.php\/wp-json\/wp\/v2\/users\/1"}],"replies":[{"embeddable":true,"href":"https:\/\/institutounao.com.mx\/index.php\/wp-json\/wp\/v2\/comments?post=3645"}],"version-history":[{"count":36,"href":"https:\/\/institutounao.com.mx\/index.php\/wp-json\/wp\/v2\/pages\/3645\/revisions"}],"predecessor-version":[{"id":4210,"href":"https:\/\/institutounao.com.mx\/index.php\/wp-json\/wp\/v2\/pages\/3645\/revisions\/4210"}],"wp:attachment":[{"href":"https:\/\/institutounao.com.mx\/index.php\/wp-json\/wp\/v2\/media?parent=3645"}],"curies":[{"name":"wp","href":"https:\/\/api.w.org\/{rel}","templated":true}]}}