{"id":3620,"date":"2022-07-03T16:48:06","date_gmt":"2022-07-03T16:48:06","guid":{"rendered":"https:\/\/institutounao.com.mx\/?page_id=3620"},"modified":"2022-08-18T20:52:25","modified_gmt":"2022-08-18T20:52:25","slug":"licenciatura-en-pedagogia-2","status":"publish","type":"page","link":"https:\/\/institutounao.com.mx\/index.php\/licenciatura-en-pedagogia-2\/","title":{"rendered":"Inscripciones &#8211; Licenciatura en Pedagog\u00eda"},"content":{"rendered":"\t\t<div data-elementor-type=\"wp-page\" data-elementor-id=\"3620\" class=\"elementor elementor-3620\">\n\t\t\t\t\t\t<section class=\"elementor-section elementor-top-section elementor-element elementor-element-25d606c elementor-section-boxed elementor-section-height-default elementor-section-height-default\" data-id=\"25d606c\" data-element_type=\"section\" data-e-type=\"section\">\n\t\t\t\t\t\t<div class=\"elementor-container elementor-column-gap-default\">\n\t\t\t\t\t<div class=\"elementor-column elementor-col-100 elementor-top-column elementor-element elementor-element-badef1d\" data-id=\"badef1d\" data-element_type=\"column\" data-e-type=\"column\">\n\t\t\t<div class=\"elementor-widget-wrap elementor-element-populated\">\n\t\t\t\t\t\t<div class=\"elementor-element elementor-element-dea4d88 elementor-widget elementor-widget-text-editor\" data-id=\"dea4d88\" data-element_type=\"widget\" data-e-type=\"widget\" data-widget_type=\"text-editor.default\">\n\t\t\t\t<div class=\"elementor-widget-container\">\n\t\t\t\t\t\t\t\t\t<p>Estudiantes inscritos&nbsp;al ciclo escolar julio &#8211; diciembre 2022 en la Licenciatura en Pedagog\u00eda y que recibieron de conformidad la siguiente documentaci\u00f3n:<\/p>\n<ul>\n<li>Formato de inscripci\u00f3n y reinscripci\u00f3n al plan de estudios.<\/li>\n<li>Renovaci\u00f3n de beca.<\/li>\n<li>Oficio de asignaci\u00f3n de beca.<\/li>\n<li>Carta compromiso de pagos.<\/li>\n<\/ul>\t\t\t\t\t\t\t\t<\/div>\n\t\t\t\t<\/div>\n\t\t\t\t\t<\/div>\n\t\t<\/div>\n\t\t\t\t\t<\/div>\n\t\t<\/section>\n\t\t\t\t<section class=\"elementor-section elementor-top-section elementor-element elementor-element-f245f5a elementor-section-boxed elementor-section-height-default elementor-section-height-default\" data-id=\"f245f5a\" data-element_type=\"section\" data-e-type=\"section\">\n\t\t\t\t\t\t<div class=\"elementor-container elementor-column-gap-default\">\n\t\t\t\t\t<div class=\"elementor-column elementor-col-100 elementor-top-column elementor-element elementor-element-598ef1b\" data-id=\"598ef1b\" data-element_type=\"column\" data-e-type=\"column\">\n\t\t\t<div class=\"elementor-widget-wrap elementor-element-populated\">\n\t\t\t\t\t\t<div class=\"elementor-element elementor-element-1d12a76 elementor-widget-divider--view-line_icon elementor-view-default elementor-widget-divider--element-align-center elementor-widget elementor-widget-divider\" data-id=\"1d12a76\" data-element_type=\"widget\" data-e-type=\"widget\" data-widget_type=\"divider.default\">\n\t\t\t\t<div class=\"elementor-widget-container\">\n\t\t\t\t\t\t\t<div class=\"elementor-divider\">\n\t\t\t<span class=\"elementor-divider-separator\">\n\t\t\t\t\t\t\t<div class=\"elementor-icon elementor-divider__element\">\n\t\t\t\t\t<i aria-hidden=\"true\" class=\"fas fa-angle-double-down\"><\/i><\/div>\n\t\t\t\t\t\t<\/span>\n\t\t<\/div>\n\t\t\t\t\t\t<\/div>\n\t\t\t\t<\/div>\n\t\t\t\t\t<\/div>\n\t\t<\/div>\n\t\t\t\t\t<\/div>\n\t\t<\/section>\n\t\t\t\t<section class=\"elementor-section elementor-top-section elementor-element elementor-element-a1f9669 elementor-section-boxed elementor-section-height-default elementor-section-height-default\" data-id=\"a1f9669\" data-element_type=\"section\" data-e-type=\"section\">\n\t\t\t\t\t\t<div class=\"elementor-container elementor-column-gap-default\">\n\t\t\t\t\t<div class=\"elementor-column elementor-col-100 elementor-top-column elementor-element elementor-element-76bdbe9\" data-id=\"76bdbe9\" data-element_type=\"column\" data-e-type=\"column\">\n\t\t\t<div class=\"elementor-widget-wrap elementor-element-populated\">\n\t\t\t\t\t\t<div class=\"elementor-element elementor-element-be50490 elementor-widget elementor-widget-text-editor\" data-id=\"be50490\" data-element_type=\"widget\" data-e-type=\"widget\" data-widget_type=\"text-editor.default\">\n\t\t\t\t<div class=\"elementor-widget-container\">\n\t\t\t\t\t\t\t\t\t<p style=\"font-size: 16px; font-family: Poppins, sans-serif;\">Tercer Semestre<\/p>\t\t\t\t\t\t\t\t<\/div>\n\t\t\t\t<\/div>\n\t\t\t\t\t<\/div>\n\t\t<\/div>\n\t\t\t\t\t<\/div>\n\t\t<\/section>\n\t\t\t\t<section class=\"elementor-section elementor-top-section elementor-element elementor-element-b17d6aa elementor-section-boxed elementor-section-height-default elementor-section-height-default\" data-id=\"b17d6aa\" data-element_type=\"section\" data-e-type=\"section\">\n\t\t\t\t\t\t<div class=\"elementor-container elementor-column-gap-default\">\n\t\t\t\t\t<div class=\"elementor-column elementor-col-100 elementor-top-column elementor-element elementor-element-9f71da3\" data-id=\"9f71da3\" data-element_type=\"column\" data-e-type=\"column\">\n\t\t\t<div class=\"elementor-widget-wrap elementor-element-populated\">\n\t\t\t\t\t\t<div class=\"elementor-element elementor-element-e2e51f9 elementor-widget elementor-widget-text-editor\" data-id=\"e2e51f9\" data-element_type=\"widget\" data-e-type=\"widget\" data-widget_type=\"text-editor.default\">\n\t\t\t\t<div class=\"elementor-widget-container\">\n\t\t\t\t\t\t\t\t\t<p>ALEJANDRA RIOS SANCHEZ<\/p><p>ASHLEY PAMELA VELAZQUEZ REYES<\/p><p>AUREA HAIDELY ALALUF TENORIO<\/p><p>BRENDA MARIA LEYVA MORA<\/p><p>CAROLINA SANTIAGO CRUZ<\/p><p>DIANA ITZEL MARTINEZ VIDAL<\/p><p>EDITH HIPOLITO BERNABE<\/p><p>ESTEFANY ANAIS BAUTISTA BAUTISTA<\/p><p>KAREN BELEN MORALES MARTINEZ<\/p><p>LAURA LIBIA GARCIA PAZ<\/p><p>OSIRIS BAUTISTA MARTINEZ<\/p>\t\t\t\t\t\t\t\t<\/div>\n\t\t\t\t<\/div>\n\t\t\t\t<div class=\"elementor-element elementor-element-cecf567 elementor-widget-divider--view-line_icon elementor-view-default elementor-widget-divider--element-align-center elementor-widget elementor-widget-divider\" data-id=\"cecf567\" data-element_type=\"widget\" data-e-type=\"widget\" data-widget_type=\"divider.default\">\n\t\t\t\t<div class=\"elementor-widget-container\">\n\t\t\t\t\t\t\t<div class=\"elementor-divider\">\n\t\t\t<span class=\"elementor-divider-separator\">\n\t\t\t\t\t\t\t<div class=\"elementor-icon elementor-divider__element\">\n\t\t\t\t\t<i aria-hidden=\"true\" class=\"fas fa-angle-double-down\"><\/i><\/div>\n\t\t\t\t\t\t<\/span>\n\t\t<\/div>\n\t\t\t\t\t\t<\/div>\n\t\t\t\t<\/div>\n\t\t\t\t\t<\/div>\n\t\t<\/div>\n\t\t\t\t\t<\/div>\n\t\t<\/section>\n\t\t\t\t<section class=\"elementor-section elementor-top-section elementor-element elementor-element-f79aca5 elementor-section-boxed elementor-section-height-default elementor-section-height-default\" data-id=\"f79aca5\" data-element_type=\"section\" data-e-type=\"section\">\n\t\t\t\t\t\t<div class=\"elementor-container elementor-column-gap-default\">\n\t\t\t\t\t<div class=\"elementor-column elementor-col-100 elementor-top-column elementor-element elementor-element-a732965\" data-id=\"a732965\" data-element_type=\"column\" data-e-type=\"column\">\n\t\t\t<div class=\"elementor-widget-wrap elementor-element-populated\">\n\t\t\t\t\t\t<div class=\"elementor-element elementor-element-66cf006 elementor-widget elementor-widget-text-editor\" data-id=\"66cf006\" data-element_type=\"widget\" data-e-type=\"widget\" data-widget_type=\"text-editor.default\">\n\t\t\t\t<div class=\"elementor-widget-container\">\n\t\t\t\t\t\t\t\t\t<p style=\"font-size: 16px; font-family: Poppins, sans-serif;\">Primer Semestre<\/p>\t\t\t\t\t\t\t\t<\/div>\n\t\t\t\t<\/div>\n\t\t\t\t\t<\/div>\n\t\t<\/div>\n\t\t\t\t\t<\/div>\n\t\t<\/section>\n\t\t\t\t<section class=\"elementor-section elementor-top-section elementor-element elementor-element-110355b elementor-section-boxed elementor-section-height-default elementor-section-height-default\" data-id=\"110355b\" data-element_type=\"section\" data-e-type=\"section\">\n\t\t\t\t\t\t<div class=\"elementor-container elementor-column-gap-default\">\n\t\t\t\t\t<div class=\"elementor-column elementor-col-100 elementor-top-column elementor-element elementor-element-874390b\" data-id=\"874390b\" data-element_type=\"column\" data-e-type=\"column\">\n\t\t\t<div class=\"elementor-widget-wrap elementor-element-populated\">\n\t\t\t\t\t\t<div class=\"elementor-element elementor-element-8e48f43 elementor-widget elementor-widget-text-editor\" data-id=\"8e48f43\" data-element_type=\"widget\" data-e-type=\"widget\" data-widget_type=\"text-editor.default\">\n\t\t\t\t<div class=\"elementor-widget-container\">\n\t\t\t\t\t\t\t\t\t<p>BELNIDA ADABELLA MORALES CHAVEZ<\/p><div>CLAUDIA GUITIERREZ VICTORIA<br><\/div>\n<p>ESBEYDI ORTEGA SANTIAGO<\/p>\n<p>FERNANDA PATRICIA FRANCO REYES<\/p>\n<p>ITZEL PAOLA MEZA NERI<\/p>\n<p>JOSHYRA SAGUILAN PRUDENTE<\/p>\n<p>MARCO ANTONIO CHAGOYA BELTRAN<\/p>\n<p>MARIA DEL CARMEN JARQUIN FRANCO<\/p>\n<p>MAYRA ISABEL SANCHEZ MARTINEZ<\/p>\n<p>PABLO DIAZ PEREZ<\/p>\t\t\t\t\t\t\t\t<\/div>\n\t\t\t\t<\/div>\n\t\t\t\t\t<\/div>\n\t\t<\/div>\n\t\t\t\t\t<\/div>\n\t\t<\/section>\n\t\t\t\t<\/div>\n\t\t","protected":false},"excerpt":{"rendered":"<p>Estudiantes inscritos&nbsp;al ciclo escolar julio &#8211; diciembre 2022 en la Licenciatura en Pedagog\u00eda y que recibieron de conformidad la siguiente documentaci\u00f3n: Formato de inscripci\u00f3n y reinscripci\u00f3n al plan de estudios. Renovaci\u00f3n de beca. Oficio de asignaci\u00f3n de beca. Carta compromiso de pagos. Tercer Semestre ALEJANDRA RIOS SANCHEZ ASHLEY PAMELA VELAZQUEZ <a class=\"read-more\" href=\"https:\/\/institutounao.com.mx\/index.php\/licenciatura-en-pedagogia-2\/\">Read More&#8230;<\/a><\/p>\n","protected":false},"author":1,"featured_media":0,"parent":0,"menu_order":0,"comment_status":"closed","ping_status":"closed","template":"","meta":{"_joinchat":[],"footnotes":""},"class_list":["post-3620","page","type-page","status-publish","hentry"],"jetpack_sharing_enabled":true,"_links":{"self":[{"href":"https:\/\/institutounao.com.mx\/index.php\/wp-json\/wp\/v2\/pages\/3620","targetHints":{"allow":["GET"]}}],"collection":[{"href":"https:\/\/institutounao.com.mx\/index.php\/wp-json\/wp\/v2\/pages"}],"about":[{"href":"https:\/\/institutounao.com.mx\/index.php\/wp-json\/wp\/v2\/types\/page"}],"author":[{"embeddable":true,"href":"https:\/\/institutounao.com.mx\/index.php\/wp-json\/wp\/v2\/users\/1"}],"replies":[{"embeddable":true,"href":"https:\/\/institutounao.com.mx\/index.php\/wp-json\/wp\/v2\/comments?post=3620"}],"version-history":[{"count":26,"href":"https:\/\/institutounao.com.mx\/index.php\/wp-json\/wp\/v2\/pages\/3620\/revisions"}],"predecessor-version":[{"id":4067,"href":"https:\/\/institutounao.com.mx\/index.php\/wp-json\/wp\/v2\/pages\/3620\/revisions\/4067"}],"wp:attachment":[{"href":"https:\/\/institutounao.com.mx\/index.php\/wp-json\/wp\/v2\/media?parent=3620"}],"curies":[{"name":"wp","href":"https:\/\/api.w.org\/{rel}","templated":true}]}}