{"id":2567,"date":"2022-01-27T15:56:44","date_gmt":"2022-01-27T15:56:44","guid":{"rendered":"https:\/\/institutounao.com.mx\/?page_id=2567"},"modified":"2022-02-01T16:00:20","modified_gmt":"2022-02-01T16:00:20","slug":"seleccion-de-personal-diseno-y-aplicacion-de-entrevista-de-trabajo","status":"publish","type":"page","link":"https:\/\/institutounao.com.mx\/index.php\/seleccion-de-personal-diseno-y-aplicacion-de-entrevista-de-trabajo\/","title":{"rendered":"Selecci\u00f3n de Personal: Dise\u00f1o y Aplicaci\u00f3n de Entrevista de Trabajo."},"content":{"rendered":"\t\t<div data-elementor-type=\"wp-page\" data-elementor-id=\"2567\" class=\"elementor elementor-2567\">\n\t\t\t\t\t\t<section class=\"elementor-section elementor-top-section elementor-element elementor-element-f107543 elementor-section-boxed elementor-section-height-default elementor-section-height-default\" data-id=\"f107543\" data-element_type=\"section\" data-e-type=\"section\">\n\t\t\t\t\t\t<div class=\"elementor-container elementor-column-gap-default\">\n\t\t\t\t\t<div class=\"elementor-column elementor-col-100 elementor-top-column elementor-element elementor-element-b38364b\" data-id=\"b38364b\" data-element_type=\"column\" data-e-type=\"column\">\n\t\t\t<div class=\"elementor-widget-wrap elementor-element-populated\">\n\t\t\t\t\t\t<div class=\"elementor-element elementor-element-dfd00d3 elementor-widget elementor-widget-heading\" data-id=\"dfd00d3\" data-element_type=\"widget\" data-e-type=\"widget\" data-widget_type=\"heading.default\">\n\t\t\t\t<div class=\"elementor-widget-container\">\n\t\t\t\t\t<h2 class=\"elementor-heading-title elementor-size-default\">Selecci\u00f3n de Personal: Dise\u00f1o y Aplicaci\u00f3n de Entrevista de Trabajo.<\/h2>\t\t\t\t<\/div>\n\t\t\t\t<\/div>\n\t\t\t\t\t<\/div>\n\t\t<\/div>\n\t\t\t\t\t<\/div>\n\t\t<\/section>\n\t\t\t\t<section class=\"elementor-section elementor-top-section elementor-element elementor-element-11e614e elementor-section-boxed elementor-section-height-default elementor-section-height-default\" data-id=\"11e614e\" data-element_type=\"section\" data-e-type=\"section\">\n\t\t\t\t\t\t<div class=\"elementor-container elementor-column-gap-default\">\n\t\t\t\t\t<div class=\"elementor-column elementor-col-100 elementor-top-column elementor-element elementor-element-e969ccb\" data-id=\"e969ccb\" data-element_type=\"column\" data-e-type=\"column\">\n\t\t\t<div class=\"elementor-widget-wrap elementor-element-populated\">\n\t\t\t\t\t\t<div class=\"elementor-element elementor-element-e2f74c3 elementor-widget elementor-widget-image\" data-id=\"e2f74c3\" data-element_type=\"widget\" data-e-type=\"widget\" data-widget_type=\"image.default\">\n\t\t\t\t<div class=\"elementor-widget-container\">\n\t\t\t\t\t\t\t\t\t\t\t\t\t\t\t<img fetchpriority=\"high\" decoding=\"async\" width=\"791\" height=\"1024\" src=\"https:\/\/institutounao.com.mx\/wp-content\/uploads\/2022\/02\/TALLER_1_page-0001-791x1024.jpg\" class=\"attachment-large size-large wp-image-2588\" alt=\"\" srcset=\"https:\/\/institutounao.com.mx\/wp-content\/uploads\/2022\/02\/TALLER_1_page-0001-791x1024.jpg 791w, https:\/\/institutounao.com.mx\/wp-content\/uploads\/2022\/02\/TALLER_1_page-0001-232x300.jpg 232w, https:\/\/institutounao.com.mx\/wp-content\/uploads\/2022\/02\/TALLER_1_page-0001-768x994.jpg 768w, https:\/\/institutounao.com.mx\/wp-content\/uploads\/2022\/02\/TALLER_1_page-0001-1187x1536.jpg 1187w, https:\/\/institutounao.com.mx\/wp-content\/uploads\/2022\/02\/TALLER_1_page-0001-600x776.jpg 600w, https:\/\/institutounao.com.mx\/wp-content\/uploads\/2022\/02\/TALLER_1_page-0001.jpg 1275w\" sizes=\"(max-width: 791px) 100vw, 791px\" \/>\t\t\t\t\t\t\t\t\t\t\t\t\t\t\t<\/div>\n\t\t\t\t<\/div>\n\t\t\t\t\t<\/div>\n\t\t<\/div>\n\t\t\t\t\t<\/div>\n\t\t<\/section>\n\t\t\t\t<\/div>\n\t\t","protected":false},"excerpt":{"rendered":"<p>Selecci\u00f3n de Personal: Dise\u00f1o y Aplicaci\u00f3n de Entrevista de Trabajo.<\/p>\n","protected":false},"author":1,"featured_media":0,"parent":0,"menu_order":0,"comment_status":"closed","ping_status":"closed","template":"","meta":{"_joinchat":[],"footnotes":""},"class_list":["post-2567","page","type-page","status-publish","hentry"],"jetpack_sharing_enabled":true,"_links":{"self":[{"href":"https:\/\/institutounao.com.mx\/index.php\/wp-json\/wp\/v2\/pages\/2567","targetHints":{"allow":["GET"]}}],"collection":[{"href":"https:\/\/institutounao.com.mx\/index.php\/wp-json\/wp\/v2\/pages"}],"about":[{"href":"https:\/\/institutounao.com.mx\/index.php\/wp-json\/wp\/v2\/types\/page"}],"author":[{"embeddable":true,"href":"https:\/\/institutounao.com.mx\/index.php\/wp-json\/wp\/v2\/users\/1"}],"replies":[{"embeddable":true,"href":"https:\/\/institutounao.com.mx\/index.php\/wp-json\/wp\/v2\/comments?post=2567"}],"version-history":[{"count":7,"href":"https:\/\/institutounao.com.mx\/index.php\/wp-json\/wp\/v2\/pages\/2567\/revisions"}],"predecessor-version":[{"id":2591,"href":"https:\/\/institutounao.com.mx\/index.php\/wp-json\/wp\/v2\/pages\/2567\/revisions\/2591"}],"wp:attachment":[{"href":"https:\/\/institutounao.com.mx\/index.php\/wp-json\/wp\/v2\/media?parent=2567"}],"curies":[{"name":"wp","href":"https:\/\/api.w.org\/{rel}","templated":true}]}}