{"id":1401,"date":"2021-07-25T14:48:45","date_gmt":"2021-07-25T14:48:45","guid":{"rendered":"http:\/\/institutounao.com.mx\/?page_id=1401"},"modified":"2021-08-24T18:34:51","modified_gmt":"2021-08-24T18:34:51","slug":"identificacion-de-senales-de-alarma-en-el-desarrollo-de-ninos-menores-de-2-anos","status":"publish","type":"page","link":"https:\/\/institutounao.com.mx\/index.php\/identificacion-de-senales-de-alarma-en-el-desarrollo-de-ninos-menores-de-2-anos\/","title":{"rendered":"Identificaci\u00f3n de Se\u00f1ales de Alarma en el Desarrollo de ni\u00f1os menores de 2 a\u00f1os."},"content":{"rendered":"\n<figure class=\"wp-block-image\"><img fetchpriority=\"high\" decoding=\"async\" width=\"791\" height=\"1024\" src=\"http:\/\/institutounao.com.mx\/wp-content\/uploads\/2021\/08\/60.SE\u00d1ALES-DE-ALARMA-791x1024.jpg\" alt=\"\" class=\"wp-image-1453\" srcset=\"https:\/\/institutounao.com.mx\/wp-content\/uploads\/2021\/08\/60.SE\u00d1ALES-DE-ALARMA-791x1024.jpg 791w, https:\/\/institutounao.com.mx\/wp-content\/uploads\/2021\/08\/60.SE\u00d1ALES-DE-ALARMA-600x776.jpg 600w, https:\/\/institutounao.com.mx\/wp-content\/uploads\/2021\/08\/60.SE\u00d1ALES-DE-ALARMA-232x300.jpg 232w, https:\/\/institutounao.com.mx\/wp-content\/uploads\/2021\/08\/60.SE\u00d1ALES-DE-ALARMA-768x994.jpg 768w, https:\/\/institutounao.com.mx\/wp-content\/uploads\/2021\/08\/60.SE\u00d1ALES-DE-ALARMA.jpg 1275w\" sizes=\"(max-width: 791px) 100vw, 791px\" \/><\/figure>\n\n\n\n<p><\/p>\n","protected":false},"excerpt":{"rendered":"","protected":false},"author":1,"featured_media":0,"parent":0,"menu_order":0,"comment_status":"closed","ping_status":"closed","template":"","meta":{"_joinchat":[],"footnotes":""},"class_list":["post-1401","page","type-page","status-publish","hentry"],"jetpack_sharing_enabled":true,"_links":{"self":[{"href":"https:\/\/institutounao.com.mx\/index.php\/wp-json\/wp\/v2\/pages\/1401","targetHints":{"allow":["GET"]}}],"collection":[{"href":"https:\/\/institutounao.com.mx\/index.php\/wp-json\/wp\/v2\/pages"}],"about":[{"href":"https:\/\/institutounao.com.mx\/index.php\/wp-json\/wp\/v2\/types\/page"}],"author":[{"embeddable":true,"href":"https:\/\/institutounao.com.mx\/index.php\/wp-json\/wp\/v2\/users\/1"}],"replies":[{"embeddable":true,"href":"https:\/\/institutounao.com.mx\/index.php\/wp-json\/wp\/v2\/comments?post=1401"}],"version-history":[{"count":2,"href":"https:\/\/institutounao.com.mx\/index.php\/wp-json\/wp\/v2\/pages\/1401\/revisions"}],"predecessor-version":[{"id":1454,"href":"https:\/\/institutounao.com.mx\/index.php\/wp-json\/wp\/v2\/pages\/1401\/revisions\/1454"}],"wp:attachment":[{"href":"https:\/\/institutounao.com.mx\/index.php\/wp-json\/wp\/v2\/media?parent=1401"}],"curies":[{"name":"wp","href":"https:\/\/api.w.org\/{rel}","templated":true}]}}