{"id":1338,"date":"2021-06-25T21:09:40","date_gmt":"2021-06-25T21:09:40","guid":{"rendered":"http:\/\/institutounao.com.mx\/?page_id=1338"},"modified":"2021-06-30T18:22:58","modified_gmt":"2021-06-30T18:22:58","slug":"estrategias-de-intervencion-para-el-manejo-del-estres-infantil","status":"publish","type":"page","link":"https:\/\/institutounao.com.mx\/index.php\/estrategias-de-intervencion-para-el-manejo-del-estres-infantil\/","title":{"rendered":"Estrategias de Intervenci\u00f3n para el Manejo del Estr\u00e9s Infant\u00edl."},"content":{"rendered":"\n<figure class=\"wp-block-image\"><img fetchpriority=\"high\" decoding=\"async\" width=\"791\" height=\"1024\" src=\"http:\/\/institutounao.com.mx\/wp-content\/uploads\/2021\/06\/51.ESTRES-INFANTIL_page-0001-791x1024.jpg\" alt=\"\" class=\"wp-image-1357\" srcset=\"https:\/\/institutounao.com.mx\/wp-content\/uploads\/2021\/06\/51.ESTRES-INFANTIL_page-0001-791x1024.jpg 791w, https:\/\/institutounao.com.mx\/wp-content\/uploads\/2021\/06\/51.ESTRES-INFANTIL_page-0001-600x776.jpg 600w, https:\/\/institutounao.com.mx\/wp-content\/uploads\/2021\/06\/51.ESTRES-INFANTIL_page-0001-232x300.jpg 232w, https:\/\/institutounao.com.mx\/wp-content\/uploads\/2021\/06\/51.ESTRES-INFANTIL_page-0001-768x994.jpg 768w, https:\/\/institutounao.com.mx\/wp-content\/uploads\/2021\/06\/51.ESTRES-INFANTIL_page-0001.jpg 1275w\" sizes=\"(max-width: 791px) 100vw, 791px\" \/><\/figure>\n\n\n\n<figure class=\"wp-block-image\"><img decoding=\"async\" width=\"791\" height=\"1024\" src=\"http:\/\/institutounao.com.mx\/wp-content\/uploads\/2021\/06\/51.ESTRES-INFANTIL_page-0002-791x1024.jpg\" alt=\"\" class=\"wp-image-1358\" srcset=\"https:\/\/institutounao.com.mx\/wp-content\/uploads\/2021\/06\/51.ESTRES-INFANTIL_page-0002-791x1024.jpg 791w, https:\/\/institutounao.com.mx\/wp-content\/uploads\/2021\/06\/51.ESTRES-INFANTIL_page-0002-600x776.jpg 600w, https:\/\/institutounao.com.mx\/wp-content\/uploads\/2021\/06\/51.ESTRES-INFANTIL_page-0002-232x300.jpg 232w, https:\/\/institutounao.com.mx\/wp-content\/uploads\/2021\/06\/51.ESTRES-INFANTIL_page-0002-768x994.jpg 768w, https:\/\/institutounao.com.mx\/wp-content\/uploads\/2021\/06\/51.ESTRES-INFANTIL_page-0002.jpg 1275w\" sizes=\"(max-width: 791px) 100vw, 791px\" \/><\/figure>\n\n\n\n<p><\/p>\n","protected":false},"excerpt":{"rendered":"","protected":false},"author":1,"featured_media":0,"parent":0,"menu_order":0,"comment_status":"closed","ping_status":"closed","template":"","meta":{"_joinchat":[],"footnotes":""},"class_list":["post-1338","page","type-page","status-publish","hentry"],"jetpack_sharing_enabled":true,"_links":{"self":[{"href":"https:\/\/institutounao.com.mx\/index.php\/wp-json\/wp\/v2\/pages\/1338","targetHints":{"allow":["GET"]}}],"collection":[{"href":"https:\/\/institutounao.com.mx\/index.php\/wp-json\/wp\/v2\/pages"}],"about":[{"href":"https:\/\/institutounao.com.mx\/index.php\/wp-json\/wp\/v2\/types\/page"}],"author":[{"embeddable":true,"href":"https:\/\/institutounao.com.mx\/index.php\/wp-json\/wp\/v2\/users\/1"}],"replies":[{"embeddable":true,"href":"https:\/\/institutounao.com.mx\/index.php\/wp-json\/wp\/v2\/comments?post=1338"}],"version-history":[{"count":2,"href":"https:\/\/institutounao.com.mx\/index.php\/wp-json\/wp\/v2\/pages\/1338\/revisions"}],"predecessor-version":[{"id":1359,"href":"https:\/\/institutounao.com.mx\/index.php\/wp-json\/wp\/v2\/pages\/1338\/revisions\/1359"}],"wp:attachment":[{"href":"https:\/\/institutounao.com.mx\/index.php\/wp-json\/wp\/v2\/media?parent=1338"}],"curies":[{"name":"wp","href":"https:\/\/api.w.org\/{rel}","templated":true}]}}