{"id":11756,"date":"2026-02-25T20:16:58","date_gmt":"2026-02-25T20:16:58","guid":{"rendered":"https:\/\/institutounao.com.mx\/?page_id=11756"},"modified":"2026-03-12T23:23:46","modified_gmt":"2026-03-12T23:23:46","slug":"ecp26-2-9-taller-pedagogico-jugando-con-las-letras-un-viaje-montessori-hacia-la-lectoescritura","status":"publish","type":"page","link":"https:\/\/institutounao.com.mx\/index.php\/ecp26-2-9-taller-pedagogico-jugando-con-las-letras-un-viaje-montessori-hacia-la-lectoescritura\/","title":{"rendered":"ECP26-2.9 TALLER PEDAG\u00d3GICO JUGANDO CON LAS LETRAS: UN VIAJE MONTESSORI HACIA LA LECTOESCRITURA."},"content":{"rendered":"\t\t<div data-elementor-type=\"wp-page\" data-elementor-id=\"11756\" class=\"elementor elementor-11756\">\n\t\t\t\t\t\t<section class=\"elementor-section elementor-top-section elementor-element elementor-element-439c778 elementor-section-boxed elementor-section-height-default elementor-section-height-default\" data-id=\"439c778\" data-element_type=\"section\" data-e-type=\"section\">\n\t\t\t\t\t\t<div class=\"elementor-container elementor-column-gap-default\">\n\t\t\t\t\t<div class=\"elementor-column elementor-col-100 elementor-top-column elementor-element elementor-element-e68a00c\" data-id=\"e68a00c\" data-element_type=\"column\" data-e-type=\"column\">\n\t\t\t<div class=\"elementor-widget-wrap elementor-element-populated\">\n\t\t\t\t\t\t<div class=\"elementor-element elementor-element-f138c5d elementor-widget elementor-widget-heading\" data-id=\"f138c5d\" data-element_type=\"widget\" data-e-type=\"widget\" data-widget_type=\"heading.default\">\n\t\t\t\t<div class=\"elementor-widget-container\">\n\t\t\t\t\t<h4 class=\"elementor-heading-title elementor-size-default\">TALLER PEDAG\u00d3GICO JUGANDO CON LAS LETRAS: UN VIAJE MONTESSORI HACIA LA LECTOESCRITURA.<\/h4>\t\t\t\t<\/div>\n\t\t\t\t<\/div>\n\t\t\t\t\t<\/div>\n\t\t<\/div>\n\t\t\t\t\t<\/div>\n\t\t<\/section>\n\t\t\t\t<section class=\"elementor-section elementor-top-section elementor-element elementor-element-df1d499 elementor-section-boxed elementor-section-height-default elementor-section-height-default\" data-id=\"df1d499\" data-element_type=\"section\" data-e-type=\"section\">\n\t\t\t\t\t\t<div class=\"elementor-container elementor-column-gap-default\">\n\t\t\t\t\t<div class=\"elementor-column elementor-col-100 elementor-top-column elementor-element elementor-element-dd84c56\" data-id=\"dd84c56\" data-element_type=\"column\" data-e-type=\"column\">\n\t\t\t<div class=\"elementor-widget-wrap elementor-element-populated\">\n\t\t\t\t\t\t<div class=\"elementor-element elementor-element-ea788e2 elementor-widget elementor-widget-text-editor\" data-id=\"ea788e2\" data-element_type=\"widget\" data-e-type=\"widget\" data-widget_type=\"text-editor.default\">\n\t\t\t\t<div class=\"elementor-widget-container\">\n\t\t\t\t\t\t\t\t\t<p style=\"text-align: center;\"><strong>Acreditaci\u00f3n de Actividades.<\/strong><\/p><p><b>Datos Generales:<\/b><\/p><p>Instituci\u00f3n: Instituto Universitario Antequera de Oaxaca.<br \/>Clave de Plantel: 20MSY0104Y.<br \/>Periodo: 7 de marzo de 2026.<br \/>Modalidad:\u00a0Virtual.<br \/>Horas lectivas: 14 horas lectivas.<br \/>Imparte: <span data-sheets-root=\"1\">MTRA. ALEJANDRA RODRIGUEZ FUENTES.<\/span><\/p><p><b>Participantes que acreditaron:<\/b><\/p><ol><li>ALMA ALICIA LOMELI AGUERO<\/li><li>ALONDRA GUADALUPE POUMIAN GOMEZ<\/li><li>AMPARO PLUMA PLUMA<\/li><li>ANA LAURA ROMAN JACINTO<\/li><li>ANDREA GABRIELA RUIZ MOLINA<\/li><li>ANGELICA ADAN MENDEZ<\/li><li>ANGELICA GARCIA LOPEZ<\/li><li>ANGELICA ZINTZ\u00daN AMAYA<\/li><li>ARACELI SOBERANES GUERRERO<\/li><li>AURORA REYES MARTINEZ<\/li><li>CAROLINA RODRIGUEZ ROBLEDO<\/li><li>CECILIA ELIZABETH ALVAREZ SALGADO<\/li><li>DOLORES ARGELIA MENDOZA SERRANO<\/li><li>FABIOLA SANTIAGO VASQUEZ<\/li><li>GABRIELA GUTI\u00c9RREZ GONZ\u00c1LEZ<\/li><li>GADIEL SALINAS HERNANDEZ<\/li><li>GUADALUPE LILIANA RODRIGUEZ GONZALEZ<\/li><li>ITZEL PAOLA CORREA GUTI\u00c9RREZ<\/li><li>JORGE SOTO OCHOA<\/li><li>MAGALI SANCHEZ CISNEROS<\/li><li>MAGDELY LOPEZ MARTINEZ<\/li><li>MARIA DEL ROSARIO ARANA SANDOVAL<\/li><li>MARIA DEL ROSARIO GALINDO PAULINO<\/li><li>MARIA DEL ROSARIO GONZALEZ CRUZ<\/li><li>MARIA TERESA DE JESUS RUELAS HERNANDEZ<\/li><li>MARIA ZAZIL-HA ARCEO LOBATO<\/li><li>M\u00d3NICA CRIST\u00d3BAL HERN\u00c1NDEZ<\/li><li>NADENY YATZIRI RIVERA COLLADO<\/li><li>PAOLA BOBADILLA ROSALES<\/li><\/ol>\t\t\t\t\t\t\t\t<\/div>\n\t\t\t\t<\/div>\n\t\t\t\t\t<\/div>\n\t\t<\/div>\n\t\t\t\t\t<\/div>\n\t\t<\/section>\n\t\t\t\t<\/div>\n\t\t","protected":false},"excerpt":{"rendered":"<p>TALLER PEDAG\u00d3GICO JUGANDO CON LAS LETRAS: UN VIAJE MONTESSORI HACIA LA LECTOESCRITURA. Acreditaci\u00f3n de Actividades. Datos Generales: Instituci\u00f3n: Instituto Universitario Antequera de Oaxaca.Clave de Plantel: 20MSY0104Y.Periodo: 7 de marzo de 2026.Modalidad:\u00a0Virtual.Horas lectivas: 14 horas lectivas.Imparte: MTRA. ALEJANDRA RODRIGUEZ FUENTES. Participantes que acreditaron: ALMA ALICIA LOMELI AGUERO ALONDRA GUADALUPE POUMIAN GOMEZ <a class=\"read-more\" href=\"https:\/\/institutounao.com.mx\/index.php\/ecp26-2-9-taller-pedagogico-jugando-con-las-letras-un-viaje-montessori-hacia-la-lectoescritura\/\">Read More&#8230;<\/a><\/p>\n","protected":false},"author":1,"featured_media":0,"parent":0,"menu_order":0,"comment_status":"closed","ping_status":"closed","template":"","meta":{"_joinchat":[],"footnotes":""},"class_list":["post-11756","page","type-page","status-publish","hentry"],"jetpack_sharing_enabled":true,"_links":{"self":[{"href":"https:\/\/institutounao.com.mx\/index.php\/wp-json\/wp\/v2\/pages\/11756","targetHints":{"allow":["GET"]}}],"collection":[{"href":"https:\/\/institutounao.com.mx\/index.php\/wp-json\/wp\/v2\/pages"}],"about":[{"href":"https:\/\/institutounao.com.mx\/index.php\/wp-json\/wp\/v2\/types\/page"}],"author":[{"embeddable":true,"href":"https:\/\/institutounao.com.mx\/index.php\/wp-json\/wp\/v2\/users\/1"}],"replies":[{"embeddable":true,"href":"https:\/\/institutounao.com.mx\/index.php\/wp-json\/wp\/v2\/comments?post=11756"}],"version-history":[{"count":8,"href":"https:\/\/institutounao.com.mx\/index.php\/wp-json\/wp\/v2\/pages\/11756\/revisions"}],"predecessor-version":[{"id":11874,"href":"https:\/\/institutounao.com.mx\/index.php\/wp-json\/wp\/v2\/pages\/11756\/revisions\/11874"}],"wp:attachment":[{"href":"https:\/\/institutounao.com.mx\/index.php\/wp-json\/wp\/v2\/media?parent=11756"}],"curies":[{"name":"wp","href":"https:\/\/api.w.org\/{rel}","templated":true}]}}