{"id":11729,"date":"2026-02-11T19:21:52","date_gmt":"2026-02-11T19:21:52","guid":{"rendered":"https:\/\/institutounao.com.mx\/?page_id=11729"},"modified":"2026-02-11T19:27:39","modified_gmt":"2026-02-11T19:27:39","slug":"ecp26-2-5-taller-pedagogico-lectoescritura-con-el-metodo-troncoso","status":"publish","type":"page","link":"https:\/\/institutounao.com.mx\/index.php\/ecp26-2-5-taller-pedagogico-lectoescritura-con-el-metodo-troncoso\/","title":{"rendered":"ECP26-2.5 TALLER PEDAG\u00d3GICO LECTOESCRITURA CON EL M\u00c9TODO TRONCOSO."},"content":{"rendered":"\t\t<div data-elementor-type=\"wp-page\" data-elementor-id=\"11729\" class=\"elementor elementor-11729\">\n\t\t\t\t\t\t<section class=\"elementor-section elementor-top-section elementor-element elementor-element-9bca50d elementor-section-boxed elementor-section-height-default elementor-section-height-default\" data-id=\"9bca50d\" data-element_type=\"section\" data-e-type=\"section\">\n\t\t\t\t\t\t<div class=\"elementor-container elementor-column-gap-default\">\n\t\t\t\t\t<div class=\"elementor-column elementor-col-100 elementor-top-column elementor-element elementor-element-ecd3aa1\" data-id=\"ecd3aa1\" data-element_type=\"column\" data-e-type=\"column\">\n\t\t\t<div class=\"elementor-widget-wrap elementor-element-populated\">\n\t\t\t\t\t\t<div class=\"elementor-element elementor-element-caa8297 elementor-widget elementor-widget-heading\" data-id=\"caa8297\" data-element_type=\"widget\" data-e-type=\"widget\" data-widget_type=\"heading.default\">\n\t\t\t\t<div class=\"elementor-widget-container\">\n\t\t\t\t\t<h4 class=\"elementor-heading-title elementor-size-default\">TALLER PEDAG\u00d3GICO LECTOESCRITURA CON EL M\u00c9TODO TRONCOSO.<\/h4>\t\t\t\t<\/div>\n\t\t\t\t<\/div>\n\t\t\t\t\t<\/div>\n\t\t<\/div>\n\t\t\t\t\t<\/div>\n\t\t<\/section>\n\t\t\t\t<section class=\"elementor-section elementor-top-section elementor-element elementor-element-3bd3066 elementor-section-boxed elementor-section-height-default elementor-section-height-default\" data-id=\"3bd3066\" data-element_type=\"section\" data-e-type=\"section\">\n\t\t\t\t\t\t<div class=\"elementor-container elementor-column-gap-default\">\n\t\t\t\t\t<div class=\"elementor-column elementor-col-100 elementor-top-column elementor-element elementor-element-455a330\" data-id=\"455a330\" data-element_type=\"column\" data-e-type=\"column\">\n\t\t\t<div class=\"elementor-widget-wrap elementor-element-populated\">\n\t\t\t\t\t\t<div class=\"elementor-element elementor-element-b91e6db elementor-widget elementor-widget-text-editor\" data-id=\"b91e6db\" data-element_type=\"widget\" data-e-type=\"widget\" data-widget_type=\"text-editor.default\">\n\t\t\t\t<div class=\"elementor-widget-container\">\n\t\t\t\t\t\t\t\t\t<p style=\"text-align: center;\"><strong>Acreditaci\u00f3n de Actividades.<\/strong><\/p><p><b>Datos Generales:<\/b><\/p><p>Instituci\u00f3n: Instituto Universitario Antequera de Oaxaca.<br \/>Clave de Plantel: 20MSY0104Y.<br \/>Periodo: 4 y 5 de febrero de 2026.<br \/>Modalidad:\u00a0Virtual.<br \/>Horas lectivas: 14 horas lectivas.<br \/>Imparte: MTRA. VERONICA CAMACHO AVILA.<\/p><p><b>Participantes que acreditaron:\u00a0<\/b><\/p><ol><li>ADRIANA ISABEL SOTO SILVA<\/li><li>ANAHI VALENTE URBANO<\/li><li>ANDREA DUARTE PEREZ<\/li><li>ANDREA PAOLA LOPEZ MARTINEZ<\/li><li>ANGELICA PAOLA TORRES CHAGOYA<\/li><li>BEATRIZ ELENA PACHUCA SEBANTIAN<\/li><li>BRENDA KARINA ORTIZ CRUZ<\/li><li>CAROLINA ZURITA CRUZ<\/li><li>CLAUDIA EDITH JIMENEZ MARTINEZ<\/li><li>DOLORES ALMANZA GARCIA<\/li><li>EDNA LILIANA LUNA GARCIA<\/li><li>FATIMA JULISSA RICO MENDOZA<\/li><li>FERNANDA LOURDES GARCIA RAMOS<\/li><li>FERNANDO RODRIGUEZ FIGUEROA<\/li><li>GRACIELA ALEJANDRA VELAZQUEZ ULLOA<\/li><li>GUADALUPE YUNUEN GUERRERO MORA<\/li><li>HUGUETTE DOLORES UBALLE ROCHA<\/li><li>JENNY CASAS ORTIZ<\/li><li>JESSICA ISABEL SALCEDO MORALES<\/li><li>JORGE SOTO OCHOA<\/li><li>JOSUE YANIKC ROLDAN MEDINA<\/li><li>LAURA LILIANA VAZQUEZ RODRIGUEZ<\/li><li>LAURA MORA CUAPIO<\/li><li>LAURA PATRICIA VALENCIA CASTELLANOS<\/li><li>LESLIE LUGO MOCTEZUMA<\/li><li>MA. DE SAN JUAN GONZALEZ CRUZ<\/li><li>MAR\u00cdA DE LOS ANGELES CABELLO MART\u00cdNEZ<\/li><li>MARIA DEL CARMEN SOBERANES MUNGUIA<\/li><li>MARIA GUADALUPE BECERRA ESCOBEDO<\/li><li>MAR\u00cdA NAVARRETE RAMIREZ<\/li><li>MARTHA ALICIA RAMOS SANTIAGO<\/li><li>MITZI YAMILET CASTELLANOS DIAS<\/li><li>NADIA CERVANTES ARIAS<\/li><li>NORMA MURILLO VILLA<\/li><li>SANT\u00cdSIMA TRINIDAD VASQUEZ SANCHEZ<\/li><li>SCARLETT VANESSA GARCIA TORRES<\/li><li>SIRLEY SHAMARA PLATA SOSA<\/li><li>TERESA GARCIA CASTRO<\/li><li>YESENIA CRUZ CARRILLO<\/li><li>ZOILA HERNANDEZ GARCIA<\/li><\/ol>\t\t\t\t\t\t\t\t<\/div>\n\t\t\t\t<\/div>\n\t\t\t\t\t<\/div>\n\t\t<\/div>\n\t\t\t\t\t<\/div>\n\t\t<\/section>\n\t\t\t\t<\/div>\n\t\t","protected":false},"excerpt":{"rendered":"<p>TALLER PEDAG\u00d3GICO LECTOESCRITURA CON EL M\u00c9TODO TRONCOSO. Acreditaci\u00f3n de Actividades. Datos Generales: Instituci\u00f3n: Instituto Universitario Antequera de Oaxaca.Clave de Plantel: 20MSY0104Y.Periodo: 4 y 5 de febrero de 2026.Modalidad:\u00a0Virtual.Horas lectivas: 14 horas lectivas.Imparte: MTRA. VERONICA CAMACHO AVILA. Participantes que acreditaron:\u00a0 ADRIANA ISABEL SOTO SILVA ANAHI VALENTE URBANO ANDREA DUARTE PEREZ ANDREA <a class=\"read-more\" href=\"https:\/\/institutounao.com.mx\/index.php\/ecp26-2-5-taller-pedagogico-lectoescritura-con-el-metodo-troncoso\/\">Read More&#8230;<\/a><\/p>\n","protected":false},"author":1,"featured_media":0,"parent":0,"menu_order":0,"comment_status":"closed","ping_status":"closed","template":"","meta":{"_joinchat":[],"footnotes":""},"class_list":["post-11729","page","type-page","status-publish","hentry"],"jetpack_sharing_enabled":true,"_links":{"self":[{"href":"https:\/\/institutounao.com.mx\/index.php\/wp-json\/wp\/v2\/pages\/11729","targetHints":{"allow":["GET"]}}],"collection":[{"href":"https:\/\/institutounao.com.mx\/index.php\/wp-json\/wp\/v2\/pages"}],"about":[{"href":"https:\/\/institutounao.com.mx\/index.php\/wp-json\/wp\/v2\/types\/page"}],"author":[{"embeddable":true,"href":"https:\/\/institutounao.com.mx\/index.php\/wp-json\/wp\/v2\/users\/1"}],"replies":[{"embeddable":true,"href":"https:\/\/institutounao.com.mx\/index.php\/wp-json\/wp\/v2\/comments?post=11729"}],"version-history":[{"count":5,"href":"https:\/\/institutounao.com.mx\/index.php\/wp-json\/wp\/v2\/pages\/11729\/revisions"}],"predecessor-version":[{"id":11734,"href":"https:\/\/institutounao.com.mx\/index.php\/wp-json\/wp\/v2\/pages\/11729\/revisions\/11734"}],"wp:attachment":[{"href":"https:\/\/institutounao.com.mx\/index.php\/wp-json\/wp\/v2\/media?parent=11729"}],"curies":[{"name":"wp","href":"https:\/\/api.w.org\/{rel}","templated":true}]}}