{"id":11477,"date":"2025-12-29T03:27:31","date_gmt":"2025-12-29T03:27:31","guid":{"rendered":"https:\/\/institutounao.com.mx\/?page_id=11477"},"modified":"2025-12-29T03:37:17","modified_gmt":"2025-12-29T03:37:17","slug":"se26-1-35-especialidad-en-docencia-estudiantes-reinscritos-al-ciclo-escolar-enero-junio-2026-2026-2","status":"publish","type":"page","link":"https:\/\/institutounao.com.mx\/index.php\/se26-1-35-especialidad-en-docencia-estudiantes-reinscritos-al-ciclo-escolar-enero-junio-2026-2026-2\/","title":{"rendered":"SE26-1.35 Especialidad en Docencia\/ Estudiantes reinscritos al ciclo escolar enero-junio 2026 (2026-2)"},"content":{"rendered":"\t\t<div data-elementor-type=\"wp-page\" data-elementor-id=\"11477\" class=\"elementor elementor-11477\">\n\t\t\t\t\t\t<section class=\"elementor-section elementor-top-section elementor-element elementor-element-b42a9fd elementor-section-boxed elementor-section-height-default elementor-section-height-default\" data-id=\"b42a9fd\" data-element_type=\"section\" data-e-type=\"section\">\n\t\t\t\t\t\t<div class=\"elementor-container elementor-column-gap-default\">\n\t\t\t\t\t<div class=\"elementor-column elementor-col-100 elementor-top-column elementor-element elementor-element-2fc9468\" data-id=\"2fc9468\" data-element_type=\"column\" data-e-type=\"column\">\n\t\t\t<div class=\"elementor-widget-wrap elementor-element-populated\">\n\t\t\t\t\t\t<div class=\"elementor-element elementor-element-6ef6cbb elementor-widget elementor-widget-heading\" data-id=\"6ef6cbb\" data-element_type=\"widget\" data-e-type=\"widget\" data-widget_type=\"heading.default\">\n\t\t\t\t<div class=\"elementor-widget-container\">\n\t\t\t\t\t<h2 class=\"elementor-heading-title elementor-size-default\">Especialidad en Docencia.<\/h2>\t\t\t\t<\/div>\n\t\t\t\t<\/div>\n\t\t\t\t\t<\/div>\n\t\t<\/div>\n\t\t\t\t\t<\/div>\n\t\t<\/section>\n\t\t\t\t<section class=\"elementor-section elementor-top-section elementor-element elementor-element-d97b49c elementor-section-boxed elementor-section-height-default elementor-section-height-default\" data-id=\"d97b49c\" data-element_type=\"section\" data-e-type=\"section\">\n\t\t\t\t\t\t<div class=\"elementor-container elementor-column-gap-default\">\n\t\t\t\t\t<div class=\"elementor-column elementor-col-100 elementor-top-column elementor-element elementor-element-d2d8d38\" data-id=\"d2d8d38\" data-element_type=\"column\" data-e-type=\"column\">\n\t\t\t<div class=\"elementor-widget-wrap elementor-element-populated\">\n\t\t\t\t\t\t<div class=\"elementor-element elementor-element-5a998c3 elementor-widget__width-initial elementor-widget elementor-widget-text-editor\" data-id=\"5a998c3\" data-element_type=\"widget\" data-e-type=\"widget\" data-widget_type=\"text-editor.default\">\n\t\t\t\t<div class=\"elementor-widget-container\">\n\t\t\t\t\t\t\t\t\t<p><span style=\"font-family: Poppins, sans-serif; font-size: 16px;\">Estudiantes reinscritos al ciclo escolar enero- junio 2026 (2026-2) en la Especialidda en Docencia y que recibieron de conformidad la siguiente documentaci\u00f3n:\u00a0<\/span><\/p>\t\t\t\t\t\t\t\t<\/div>\n\t\t\t\t<\/div>\n\t\t\t\t\t<\/div>\n\t\t<\/div>\n\t\t\t\t\t<\/div>\n\t\t<\/section>\n\t\t\t\t<section class=\"elementor-section elementor-top-section elementor-element elementor-element-7472c2a elementor-section-boxed elementor-section-height-default elementor-section-height-default\" data-id=\"7472c2a\" data-element_type=\"section\" data-e-type=\"section\">\n\t\t\t\t\t\t<div class=\"elementor-container elementor-column-gap-default\">\n\t\t\t\t\t<div class=\"elementor-column elementor-col-100 elementor-top-column elementor-element elementor-element-74317e6\" data-id=\"74317e6\" data-element_type=\"column\" data-e-type=\"column\">\n\t\t\t<div class=\"elementor-widget-wrap elementor-element-populated\">\n\t\t\t\t\t\t<div class=\"elementor-element elementor-element-9b1d6bd elementor-widget elementor-widget-text-editor\" data-id=\"9b1d6bd\" data-element_type=\"widget\" data-e-type=\"widget\" data-widget_type=\"text-editor.default\">\n\t\t\t\t<div class=\"elementor-widget-container\">\n\t\t\t\t\t\t\t\t\t<ul style=\"font-size: 16px; font-family: Poppins, sans-serif;\"><li>Formato de reinscripci\u00f3n al plan de estudios.<\/li><li>Renovaci\u00f3n de beca.<\/li><li>Oficio de asignaci\u00f3n de beca.<\/li><li>Carta compromiso de pagos.<\/li><\/ul>\t\t\t\t\t\t\t\t<\/div>\n\t\t\t\t<\/div>\n\t\t\t\t\t<\/div>\n\t\t<\/div>\n\t\t\t\t\t<\/div>\n\t\t<\/section>\n\t\t\t\t<section class=\"elementor-section elementor-top-section elementor-element elementor-element-e97f507 elementor-section-boxed elementor-section-height-default elementor-section-height-default\" data-id=\"e97f507\" data-element_type=\"section\" data-e-type=\"section\">\n\t\t\t\t\t\t<div class=\"elementor-container elementor-column-gap-default\">\n\t\t\t\t\t<div class=\"elementor-column elementor-col-100 elementor-top-column elementor-element elementor-element-d701035\" data-id=\"d701035\" data-element_type=\"column\" data-e-type=\"column\">\n\t\t\t<div class=\"elementor-widget-wrap elementor-element-populated\">\n\t\t\t\t\t\t<div class=\"elementor-element elementor-element-10aaf91 elementor-widget elementor-widget-text-editor\" data-id=\"10aaf91\" data-element_type=\"widget\" data-e-type=\"widget\" data-widget_type=\"text-editor.default\">\n\t\t\t\t<div class=\"elementor-widget-container\">\n\t\t\t\t\t\t\t\t\t<p>PED2 2026-1&nbsp; &nbsp;MONICA SALAS RODRIGUEZ.<br>PED4 2026-1&nbsp; &nbsp;YSELA EVA MARIN HUERTA.<br>PED6 2026-1&nbsp; &nbsp;NANCY JULIANA RAMIREZ HERNANDEZ.<br>PED7 2026-1&nbsp; JORGE ALBERTO MONTOYA GONZALEZ.<br>PED8 2026-1&nbsp; &nbsp;FATIMA DURAZO MORENO.<\/p>\t\t\t\t\t\t\t\t<\/div>\n\t\t\t\t<\/div>\n\t\t\t\t\t<\/div>\n\t\t<\/div>\n\t\t\t\t\t<\/div>\n\t\t<\/section>\n\t\t\t\t<\/div>\n\t\t","protected":false},"excerpt":{"rendered":"<p>Especialidad en Docencia. Estudiantes reinscritos al ciclo escolar enero- junio 2026 (2026-2) en la Especialidda en Docencia y que recibieron de conformidad la siguiente documentaci\u00f3n:\u00a0 Formato de reinscripci\u00f3n al plan de estudios. Renovaci\u00f3n de beca. Oficio de asignaci\u00f3n de beca. Carta compromiso de pagos. PED2 2026-1&nbsp; &nbsp;MONICA SALAS RODRIGUEZ.PED4 2026-1&nbsp; <a class=\"read-more\" href=\"https:\/\/institutounao.com.mx\/index.php\/se26-1-35-especialidad-en-docencia-estudiantes-reinscritos-al-ciclo-escolar-enero-junio-2026-2026-2\/\">Read More&#8230;<\/a><\/p>\n","protected":false},"author":1,"featured_media":0,"parent":0,"menu_order":0,"comment_status":"closed","ping_status":"closed","template":"","meta":{"_joinchat":[],"footnotes":""},"class_list":["post-11477","page","type-page","status-publish","hentry"],"jetpack_sharing_enabled":true,"_links":{"self":[{"href":"https:\/\/institutounao.com.mx\/index.php\/wp-json\/wp\/v2\/pages\/11477","targetHints":{"allow":["GET"]}}],"collection":[{"href":"https:\/\/institutounao.com.mx\/index.php\/wp-json\/wp\/v2\/pages"}],"about":[{"href":"https:\/\/institutounao.com.mx\/index.php\/wp-json\/wp\/v2\/types\/page"}],"author":[{"embeddable":true,"href":"https:\/\/institutounao.com.mx\/index.php\/wp-json\/wp\/v2\/users\/1"}],"replies":[{"embeddable":true,"href":"https:\/\/institutounao.com.mx\/index.php\/wp-json\/wp\/v2\/comments?post=11477"}],"version-history":[{"count":7,"href":"https:\/\/institutounao.com.mx\/index.php\/wp-json\/wp\/v2\/pages\/11477\/revisions"}],"predecessor-version":[{"id":11487,"href":"https:\/\/institutounao.com.mx\/index.php\/wp-json\/wp\/v2\/pages\/11477\/revisions\/11487"}],"wp:attachment":[{"href":"https:\/\/institutounao.com.mx\/index.php\/wp-json\/wp\/v2\/media?parent=11477"}],"curies":[{"name":"wp","href":"https:\/\/api.w.org\/{rel}","templated":true}]}}