{"id":11463,"date":"2025-12-28T06:29:01","date_gmt":"2025-12-28T06:29:01","guid":{"rendered":"https:\/\/institutounao.com.mx\/?page_id=11463"},"modified":"2025-12-28T06:32:43","modified_gmt":"2025-12-28T06:32:43","slug":"se26-1-34-amaestria-en-pedagogia-estudiantes-acreditados-en-el-taller-de-habilidades-investigativas-construccion-del-objeto-de-estudio","status":"publish","type":"page","link":"https:\/\/institutounao.com.mx\/index.php\/se26-1-34-amaestria-en-pedagogia-estudiantes-acreditados-en-el-taller-de-habilidades-investigativas-construccion-del-objeto-de-estudio\/","title":{"rendered":"SE26-1.34 AMaestr\u00eda en Pedagog\u00eda \/ Estudiantes acreditados en el Taller de Habilidades Investigativas: Construcci\u00f3n del Objeto de Estudio."},"content":{"rendered":"\t\t<div data-elementor-type=\"wp-page\" data-elementor-id=\"11463\" class=\"elementor elementor-11463\">\n\t\t\t\t\t\t<section class=\"elementor-section elementor-top-section elementor-element elementor-element-88d0141 elementor-section-boxed elementor-section-height-default elementor-section-height-default\" data-id=\"88d0141\" data-element_type=\"section\" data-e-type=\"section\">\n\t\t\t\t\t\t<div class=\"elementor-container elementor-column-gap-default\">\n\t\t\t\t\t<div class=\"elementor-column elementor-col-100 elementor-top-column elementor-element elementor-element-9d7efc4\" data-id=\"9d7efc4\" data-element_type=\"column\" data-e-type=\"column\">\n\t\t\t<div class=\"elementor-widget-wrap elementor-element-populated\">\n\t\t\t\t\t\t<div class=\"elementor-element elementor-element-15002fd elementor-widget elementor-widget-heading\" data-id=\"15002fd\" data-element_type=\"widget\" data-e-type=\"widget\" data-widget_type=\"heading.default\">\n\t\t\t\t<div class=\"elementor-widget-container\">\n\t\t\t\t\t<h2 class=\"elementor-heading-title elementor-size-default\">Maestr\u00eda en Pedagog\u00eda.<\/h2>\t\t\t\t<\/div>\n\t\t\t\t<\/div>\n\t\t\t\t\t<\/div>\n\t\t<\/div>\n\t\t\t\t\t<\/div>\n\t\t<\/section>\n\t\t\t\t<section class=\"elementor-section elementor-top-section elementor-element elementor-element-184afc3 elementor-section-boxed elementor-section-height-default elementor-section-height-default\" data-id=\"184afc3\" data-element_type=\"section\" data-e-type=\"section\">\n\t\t\t\t\t\t<div class=\"elementor-container elementor-column-gap-default\">\n\t\t\t\t\t<div class=\"elementor-column elementor-col-100 elementor-top-column elementor-element elementor-element-ce2959f\" data-id=\"ce2959f\" data-element_type=\"column\" data-e-type=\"column\">\n\t\t\t<div class=\"elementor-widget-wrap elementor-element-populated\">\n\t\t\t\t\t\t<div class=\"elementor-element elementor-element-b356a59 elementor-widget elementor-widget-text-editor\" data-id=\"b356a59\" data-element_type=\"widget\" data-e-type=\"widget\" data-widget_type=\"text-editor.default\">\n\t\t\t\t<div class=\"elementor-widget-container\">\n\t\t\t\t\t\t\t\t\t<p><strong>Taller de Habilidades Investigativas: Construcci\u00f3n del Objeto de Estudio.<\/strong><\/p>\t\t\t\t\t\t\t\t<\/div>\n\t\t\t\t<\/div>\n\t\t\t\t\t<\/div>\n\t\t<\/div>\n\t\t\t\t\t<\/div>\n\t\t<\/section>\n\t\t\t\t<section class=\"elementor-section elementor-top-section elementor-element elementor-element-c68c7ee elementor-section-boxed elementor-section-height-default elementor-section-height-default\" data-id=\"c68c7ee\" data-element_type=\"section\" data-e-type=\"section\">\n\t\t\t\t\t\t<div class=\"elementor-container elementor-column-gap-default\">\n\t\t\t\t\t<div class=\"elementor-column elementor-col-100 elementor-top-column elementor-element elementor-element-a0c4829\" data-id=\"a0c4829\" data-element_type=\"column\" data-e-type=\"column\">\n\t\t\t<div class=\"elementor-widget-wrap elementor-element-populated\">\n\t\t\t\t\t\t<div class=\"elementor-element elementor-element-f82cdc9 elementor-widget elementor-widget-text-editor\" data-id=\"f82cdc9\" data-element_type=\"widget\" data-e-type=\"widget\" data-widget_type=\"text-editor.default\">\n\t\t\t\t<div class=\"elementor-widget-container\">\n\t\t\t\t\t\t\t\t\t<p>Instituci\u00f3n: Instituto Universitario Antequera de Oaxaca.\u00a0<br \/>Ciclo Escolar: julio &#8211; diciembre de 2025 (2026-1).<br \/>Programa: Maestr\u00eda en Pedagog\u00eda.<br \/>Semestre: Cuarto.<br \/>Modalidad: Virtual.<br \/>Horas lectivas: 15 horas lectivas.<br \/>Imparte: Dra. NEMESIA CRUZ JACINTO.<\/p><p>Participantes que acreditaron:<\/p>\t\t\t\t\t\t\t\t<\/div>\n\t\t\t\t<\/div>\n\t\t\t\t\t<\/div>\n\t\t<\/div>\n\t\t\t\t\t<\/div>\n\t\t<\/section>\n\t\t\t\t<section class=\"elementor-section elementor-top-section elementor-element elementor-element-d785fd1 elementor-section-boxed elementor-section-height-default elementor-section-height-default\" data-id=\"d785fd1\" data-element_type=\"section\" data-e-type=\"section\">\n\t\t\t\t\t\t<div class=\"elementor-container elementor-column-gap-default\">\n\t\t\t\t\t<div class=\"elementor-column elementor-col-100 elementor-top-column elementor-element elementor-element-c4d53ab\" data-id=\"c4d53ab\" data-element_type=\"column\" data-e-type=\"column\">\n\t\t\t<div class=\"elementor-widget-wrap elementor-element-populated\">\n\t\t\t\t\t\t<div class=\"elementor-element elementor-element-184efb7 elementor-widget elementor-widget-text-editor\" data-id=\"184efb7\" data-element_type=\"widget\" data-e-type=\"widget\" data-widget_type=\"text-editor.default\">\n\t\t\t\t<div class=\"elementor-widget-container\">\n\t\t\t\t\t\t\t\t\t<p><br><\/p>\n<ul>\n<li>PMP1 2024-2&nbsp; &nbsp;ANGELINA CASTILLO PEREZ.<\/li>\n<li>PMP2 2024-2&nbsp; &nbsp;VERONICA GARCIA MONFIL.<\/li>\n<li>PMP3 2024-2&nbsp; &nbsp;CARMELA TORRES GARCIA.<\/li>\n<li>PMP5 2024-2&nbsp; &nbsp;MONICA HERNANDEZ CORTES.<\/li>\n<li>PMP8 2024-2&nbsp; &nbsp;MARITZA PEREZ CRUZ.<\/li>\n<\/ul>\t\t\t\t\t\t\t\t<\/div>\n\t\t\t\t<\/div>\n\t\t\t\t\t<\/div>\n\t\t<\/div>\n\t\t\t\t\t<\/div>\n\t\t<\/section>\n\t\t\t\t<\/div>\n\t\t","protected":false},"excerpt":{"rendered":"<p>Maestr\u00eda en Pedagog\u00eda. Taller de Habilidades Investigativas: Construcci\u00f3n del Objeto de Estudio. Instituci\u00f3n: Instituto Universitario Antequera de Oaxaca.\u00a0Ciclo Escolar: julio &#8211; diciembre de 2025 (2026-1).Programa: Maestr\u00eda en Pedagog\u00eda.Semestre: Cuarto.Modalidad: Virtual.Horas lectivas: 15 horas lectivas.Imparte: Dra. NEMESIA CRUZ JACINTO. Participantes que acreditaron: PMP1 2024-2&nbsp; &nbsp;ANGELINA CASTILLO PEREZ. PMP2 2024-2&nbsp; &nbsp;VERONICA GARCIA <a class=\"read-more\" href=\"https:\/\/institutounao.com.mx\/index.php\/se26-1-34-amaestria-en-pedagogia-estudiantes-acreditados-en-el-taller-de-habilidades-investigativas-construccion-del-objeto-de-estudio\/\">Read More&#8230;<\/a><\/p>\n","protected":false},"author":1,"featured_media":0,"parent":0,"menu_order":0,"comment_status":"closed","ping_status":"closed","template":"","meta":{"_joinchat":[],"footnotes":""},"class_list":["post-11463","page","type-page","status-publish","hentry"],"jetpack_sharing_enabled":true,"_links":{"self":[{"href":"https:\/\/institutounao.com.mx\/index.php\/wp-json\/wp\/v2\/pages\/11463","targetHints":{"allow":["GET"]}}],"collection":[{"href":"https:\/\/institutounao.com.mx\/index.php\/wp-json\/wp\/v2\/pages"}],"about":[{"href":"https:\/\/institutounao.com.mx\/index.php\/wp-json\/wp\/v2\/types\/page"}],"author":[{"embeddable":true,"href":"https:\/\/institutounao.com.mx\/index.php\/wp-json\/wp\/v2\/users\/1"}],"replies":[{"embeddable":true,"href":"https:\/\/institutounao.com.mx\/index.php\/wp-json\/wp\/v2\/comments?post=11463"}],"version-history":[{"count":7,"href":"https:\/\/institutounao.com.mx\/index.php\/wp-json\/wp\/v2\/pages\/11463\/revisions"}],"predecessor-version":[{"id":11470,"href":"https:\/\/institutounao.com.mx\/index.php\/wp-json\/wp\/v2\/pages\/11463\/revisions\/11470"}],"wp:attachment":[{"href":"https:\/\/institutounao.com.mx\/index.php\/wp-json\/wp\/v2\/media?parent=11463"}],"curies":[{"name":"wp","href":"https:\/\/api.w.org\/{rel}","templated":true}]}}