{"id":11446,"date":"2025-12-28T06:21:07","date_gmt":"2025-12-28T06:21:07","guid":{"rendered":"https:\/\/institutounao.com.mx\/?page_id=11446"},"modified":"2025-12-28T06:23:25","modified_gmt":"2025-12-28T06:23:25","slug":"se26-1-32-acreditacion-maestria-en-pedagogia-estudiantes-acreditados-en-el-taller-de-habilidades-investigativas-redaccion-de-textos-academicos","status":"publish","type":"page","link":"https:\/\/institutounao.com.mx\/index.php\/se26-1-32-acreditacion-maestria-en-pedagogia-estudiantes-acreditados-en-el-taller-de-habilidades-investigativas-redaccion-de-textos-academicos\/","title":{"rendered":"SE26-1.32 Acreditaci\u00f3n Maestr\u00eda en Pedagog\u00eda \/ Estudiantes acreditados en el Taller de Habilidades Investigativas: Redacci\u00f3n de Textos Acad\u00e9micos."},"content":{"rendered":"\t\t<div data-elementor-type=\"wp-page\" data-elementor-id=\"11446\" class=\"elementor elementor-11446\">\n\t\t\t\t\t\t<section class=\"elementor-section elementor-top-section elementor-element elementor-element-34389a5 elementor-section-boxed elementor-section-height-default elementor-section-height-default\" data-id=\"34389a5\" data-element_type=\"section\" data-e-type=\"section\">\n\t\t\t\t\t\t<div class=\"elementor-container elementor-column-gap-default\">\n\t\t\t\t\t<div class=\"elementor-column elementor-col-100 elementor-top-column elementor-element elementor-element-da72b78\" data-id=\"da72b78\" data-element_type=\"column\" data-e-type=\"column\">\n\t\t\t<div class=\"elementor-widget-wrap elementor-element-populated\">\n\t\t\t\t\t\t<div class=\"elementor-element elementor-element-6257178 elementor-widget elementor-widget-heading\" data-id=\"6257178\" data-element_type=\"widget\" data-e-type=\"widget\" data-widget_type=\"heading.default\">\n\t\t\t\t<div class=\"elementor-widget-container\">\n\t\t\t\t\t<h2 class=\"elementor-heading-title elementor-size-default\">Maestr\u00eda en Pedagog\u00eda.<\/h2>\t\t\t\t<\/div>\n\t\t\t\t<\/div>\n\t\t\t\t\t<\/div>\n\t\t<\/div>\n\t\t\t\t\t<\/div>\n\t\t<\/section>\n\t\t\t\t<section class=\"elementor-section elementor-top-section elementor-element elementor-element-d568068 elementor-section-boxed elementor-section-height-default elementor-section-height-default\" data-id=\"d568068\" data-element_type=\"section\" data-e-type=\"section\">\n\t\t\t\t\t\t<div class=\"elementor-container elementor-column-gap-default\">\n\t\t\t\t\t<div class=\"elementor-column elementor-col-100 elementor-top-column elementor-element elementor-element-7573a02\" data-id=\"7573a02\" data-element_type=\"column\" data-e-type=\"column\">\n\t\t\t<div class=\"elementor-widget-wrap elementor-element-populated\">\n\t\t\t\t\t\t<div class=\"elementor-element elementor-element-3e7d958 elementor-widget elementor-widget-text-editor\" data-id=\"3e7d958\" data-element_type=\"widget\" data-e-type=\"widget\" data-widget_type=\"text-editor.default\">\n\t\t\t\t<div class=\"elementor-widget-container\">\n\t\t\t\t\t\t\t\t\t<p><strong>Taller de Habilidades Investigativas: Redacci\u00f3n de Textos Acad\u00e9micos.<\/strong><\/p>\t\t\t\t\t\t\t\t<\/div>\n\t\t\t\t<\/div>\n\t\t\t\t\t<\/div>\n\t\t<\/div>\n\t\t\t\t\t<\/div>\n\t\t<\/section>\n\t\t\t\t<section class=\"elementor-section elementor-top-section elementor-element elementor-element-9a6481c elementor-section-boxed elementor-section-height-default elementor-section-height-default\" data-id=\"9a6481c\" data-element_type=\"section\" data-e-type=\"section\">\n\t\t\t\t\t\t<div class=\"elementor-container elementor-column-gap-default\">\n\t\t\t\t\t<div class=\"elementor-column elementor-col-100 elementor-top-column elementor-element elementor-element-fbdcbfb\" data-id=\"fbdcbfb\" data-element_type=\"column\" data-e-type=\"column\">\n\t\t\t<div class=\"elementor-widget-wrap elementor-element-populated\">\n\t\t\t\t\t\t<div class=\"elementor-element elementor-element-b33a2c4 elementor-widget elementor-widget-text-editor\" data-id=\"b33a2c4\" data-element_type=\"widget\" data-e-type=\"widget\" data-widget_type=\"text-editor.default\">\n\t\t\t\t<div class=\"elementor-widget-container\">\n\t\t\t\t\t\t\t\t\t<p>Instituci\u00f3n: Instituto Universitario Antequera de Oaxaca.\u00a0<br \/>Ciclo Escolar: julio &#8211; diciembre de 2025 (2026-1).<br \/>Programa: Maestr\u00eda en Pedagog\u00eda.<br \/>Semestre: Segundo.<br \/>Modalidad: Virtual.<br \/>Horas lectivas: 15 horas lectivas.<br \/>Imparte: Dr. ELISEO CRUZ AGUILAR.<\/p><p>Participantes que acreditaron\/ no acreditaron:\u00a0<\/p>\t\t\t\t\t\t\t\t<\/div>\n\t\t\t\t<\/div>\n\t\t\t\t\t<\/div>\n\t\t<\/div>\n\t\t\t\t\t<\/div>\n\t\t<\/section>\n\t\t\t\t<section class=\"elementor-section elementor-top-section elementor-element elementor-element-8a20d54 elementor-section-boxed elementor-section-height-default elementor-section-height-default\" data-id=\"8a20d54\" data-element_type=\"section\" data-e-type=\"section\">\n\t\t\t\t\t\t<div class=\"elementor-container elementor-column-gap-default\">\n\t\t\t\t\t<div class=\"elementor-column elementor-col-100 elementor-top-column elementor-element elementor-element-9628830\" data-id=\"9628830\" data-element_type=\"column\" data-e-type=\"column\">\n\t\t\t<div class=\"elementor-widget-wrap elementor-element-populated\">\n\t\t\t\t\t\t<div class=\"elementor-element elementor-element-67c5428 elementor-widget elementor-widget-text-editor\" data-id=\"67c5428\" data-element_type=\"widget\" data-e-type=\"widget\" data-widget_type=\"text-editor.default\">\n\t\t\t\t<div class=\"elementor-widget-container\">\n\t\t\t\t\t\t\t\t\t<ul><li><span style=\"font-size: 0.875rem;\">PMP1\u00a0 2025-2\u00a0 \u00a0 \u00a0AMADO\u00a0 JERONIMO HERNANDEZ<\/span>.<\/li><li><span style=\"font-size: 0.875rem;\">PMP2\u00a0 2025-2\u00a0 \u00a0 \u00a0CRISTIAN DE JESUS ALVAREZ GARCIA.<\/span><\/li><li><span style=\"font-size: 0.875rem;\">PMP4\u00a0 2025-2\u00a0 \u00a0 \u00a0JETZABEL GOMES PAZ.<\/span><\/li><li><span style=\"font-size: 0.875rem;\">PMP5 2025-2\u00a0 \u00a0 \u00a0 PAULA ANGELICA PACHECO CASTRO.<\/span><\/li><li><span style=\"font-size: 0.875rem;\">PMP6 2025-2\u00a0 \u00a0 \u00a0 MONSERRAT MARTINEZ CASTILLO.<\/span><\/li><li><span style=\"font-size: 0.875rem;\">PMP9 2025-2\u00a0 \u00a0 \u00a0 ALICIA SANTIAGO SANTOS.<\/span><\/li><li><span style=\"font-size: 0.875rem;\">PMP10 2025-2\u00a0 \u00a0 PATRICIA SOFIA ZAVALETA MARTINEZ.<\/span><\/li><li><span style=\"font-size: 0.875rem;\">PMP11 2025-2\u00a0 \u00a0 CINTHIA SARMIENTO MATUS.<\/span><\/li><li><span style=\"font-size: 0.875rem;\">PMP12 2025-2\u00a0 \u00a0 \u00a0ROCIO ANGELES CRUZ ROMERO<\/span><\/li><\/ul>\t\t\t\t\t\t\t\t<\/div>\n\t\t\t\t<\/div>\n\t\t\t\t\t<\/div>\n\t\t<\/div>\n\t\t\t\t\t<\/div>\n\t\t<\/section>\n\t\t\t\t<\/div>\n\t\t","protected":false},"excerpt":{"rendered":"<p>Maestr\u00eda en Pedagog\u00eda. Taller de Habilidades Investigativas: Redacci\u00f3n de Textos Acad\u00e9micos. Instituci\u00f3n: Instituto Universitario Antequera de Oaxaca.\u00a0Ciclo Escolar: julio &#8211; diciembre de 2025 (2026-1).Programa: Maestr\u00eda en Pedagog\u00eda.Semestre: Segundo.Modalidad: Virtual.Horas lectivas: 15 horas lectivas.Imparte: Dr. ELISEO CRUZ AGUILAR. Participantes que acreditaron\/ no acreditaron:\u00a0 PMP1\u00a0 2025-2\u00a0 \u00a0 \u00a0AMADO\u00a0 JERONIMO HERNANDEZ. PMP2\u00a0 2025-2\u00a0 <a class=\"read-more\" href=\"https:\/\/institutounao.com.mx\/index.php\/se26-1-32-acreditacion-maestria-en-pedagogia-estudiantes-acreditados-en-el-taller-de-habilidades-investigativas-redaccion-de-textos-academicos\/\">Read More&#8230;<\/a><\/p>\n","protected":false},"author":1,"featured_media":0,"parent":0,"menu_order":0,"comment_status":"closed","ping_status":"closed","template":"","meta":{"_joinchat":[],"footnotes":""},"class_list":["post-11446","page","type-page","status-publish","hentry"],"jetpack_sharing_enabled":true,"_links":{"self":[{"href":"https:\/\/institutounao.com.mx\/index.php\/wp-json\/wp\/v2\/pages\/11446","targetHints":{"allow":["GET"]}}],"collection":[{"href":"https:\/\/institutounao.com.mx\/index.php\/wp-json\/wp\/v2\/pages"}],"about":[{"href":"https:\/\/institutounao.com.mx\/index.php\/wp-json\/wp\/v2\/types\/page"}],"author":[{"embeddable":true,"href":"https:\/\/institutounao.com.mx\/index.php\/wp-json\/wp\/v2\/users\/1"}],"replies":[{"embeddable":true,"href":"https:\/\/institutounao.com.mx\/index.php\/wp-json\/wp\/v2\/comments?post=11446"}],"version-history":[{"count":7,"href":"https:\/\/institutounao.com.mx\/index.php\/wp-json\/wp\/v2\/pages\/11446\/revisions"}],"predecessor-version":[{"id":11454,"href":"https:\/\/institutounao.com.mx\/index.php\/wp-json\/wp\/v2\/pages\/11446\/revisions\/11454"}],"wp:attachment":[{"href":"https:\/\/institutounao.com.mx\/index.php\/wp-json\/wp\/v2\/media?parent=11446"}],"curies":[{"name":"wp","href":"https:\/\/api.w.org\/{rel}","templated":true}]}}