{"id":11335,"date":"2025-12-05T17:13:48","date_gmt":"2025-12-05T17:13:48","guid":{"rendered":"https:\/\/institutounao.com.mx\/?page_id=11335"},"modified":"2025-12-21T19:26:27","modified_gmt":"2025-12-21T19:26:27","slug":"ecp26-1-37-diplomado-en-innovacion-digital-para-la-practica-docente","status":"publish","type":"page","link":"https:\/\/institutounao.com.mx\/index.php\/ecp26-1-37-diplomado-en-innovacion-digital-para-la-practica-docente\/","title":{"rendered":"ECP26-1.37 DIPLOMADO EN INNOVACI\u00d3N DIGITAL PARA LA PR\u00c1CTICA DOCENTE"},"content":{"rendered":"\t\t<div data-elementor-type=\"wp-page\" data-elementor-id=\"11335\" class=\"elementor elementor-11335\">\n\t\t\t\t\t\t<section class=\"elementor-section elementor-top-section elementor-element elementor-element-fb3e546 elementor-section-boxed elementor-section-height-default elementor-section-height-default\" data-id=\"fb3e546\" data-element_type=\"section\" data-e-type=\"section\">\n\t\t\t\t\t\t<div class=\"elementor-container elementor-column-gap-default\">\n\t\t\t\t\t<div class=\"elementor-column elementor-col-100 elementor-top-column elementor-element elementor-element-242d19e\" data-id=\"242d19e\" data-element_type=\"column\" data-e-type=\"column\">\n\t\t\t<div class=\"elementor-widget-wrap elementor-element-populated\">\n\t\t\t\t\t\t<div class=\"elementor-element elementor-element-0840af1 elementor-widget elementor-widget-heading\" data-id=\"0840af1\" data-element_type=\"widget\" data-e-type=\"widget\" data-widget_type=\"heading.default\">\n\t\t\t\t<div class=\"elementor-widget-container\">\n\t\t\t\t\t<h4 class=\"elementor-heading-title elementor-size-default\">DIPLOMADO EN INNOVACI\u00d3N DIGITAL PARA LA PR\u00c1CTICA DOCENTE<\/h4>\t\t\t\t<\/div>\n\t\t\t\t<\/div>\n\t\t\t\t\t<\/div>\n\t\t<\/div>\n\t\t\t\t\t<\/div>\n\t\t<\/section>\n\t\t\t\t<section class=\"elementor-section elementor-top-section elementor-element elementor-element-108925c elementor-section-boxed elementor-section-height-default elementor-section-height-default\" data-id=\"108925c\" data-element_type=\"section\" data-e-type=\"section\">\n\t\t\t\t\t\t<div class=\"elementor-container elementor-column-gap-default\">\n\t\t\t\t\t<div class=\"elementor-column elementor-col-100 elementor-top-column elementor-element elementor-element-384d257\" data-id=\"384d257\" data-element_type=\"column\" data-e-type=\"column\">\n\t\t\t<div class=\"elementor-widget-wrap elementor-element-populated\">\n\t\t\t\t\t\t<div class=\"elementor-element elementor-element-f174562 elementor-widget elementor-widget-text-editor\" data-id=\"f174562\" data-element_type=\"widget\" data-e-type=\"widget\" data-widget_type=\"text-editor.default\">\n\t\t\t\t<div class=\"elementor-widget-container\">\n\t\t\t\t\t\t\t\t\t<p style=\"text-align: center;\"><strong>Acreditaci\u00f3n de Actividades.<\/strong><\/p><p><strong>Datos Generales:<\/strong><\/p><p>Instituci\u00f3n: Instituto Universitario Antequera de Oaxaca.<br \/>Clave de Plantel: 20MSY0104Y.<br \/>Periodo: Del 3 de septiembre al 17 de diciembre de 2025.<br \/>Modalidad:\u00a0Virtual.<br \/>Horas lectivas: 120 horas lectivas.<br \/>Imparte: MTRA. M\u00d3NICA ITANDEHUI RUIZ ZAVALA.<\/p><p><strong>Participantes que acreditaron:\u00a0<\/strong><\/p><ul><li>ANA HERNANDEZ ROSARIO<\/li><li>BERTHA MARIA LIMON VAZQUEZ<\/li><li>CLAUDIA RUIZ MARTINEZ<\/li><li>ELIAS MEDINA CUEVAS<\/li><li>ELIZABETH ALDAMA PASTLE<\/li><li>GERMAIN BAUTISTA SARABIA<\/li><li>JAVIER GUTIERREZ HERNANDEZ<\/li><li>JUAN PABLO ANTONIO VELAZQUEZ.<\/li><li>KAREN DANIELA CRUZ QUERO<\/li><li>LORENA CARBALLIDO ORTIZ<\/li><li>MARIA ASUNCION HERNANDEZ LIRA<\/li><li>MARIA DEL ROSARIO GALINDO PAULINO<\/li><li>MARIA MONICA GARCIA ARROYO<\/li><li>MARIANA HERNANDEZ ROSARIO<\/li><li>MARTHA ICELA LUNA RESENDIZ<\/li><li>MARTHA LETICIA AGUILAR HERNANDEZ<\/li><li>PAOLA CABILDO RODRIGUEZ<\/li><li>ROCIO YANED CANO GARCIA<\/li><li>VERONICA ORTEGA GOMEZ<\/li><\/ul>\t\t\t\t\t\t\t\t<\/div>\n\t\t\t\t<\/div>\n\t\t\t\t\t<\/div>\n\t\t<\/div>\n\t\t\t\t\t<\/div>\n\t\t<\/section>\n\t\t\t\t<\/div>\n\t\t","protected":false},"excerpt":{"rendered":"<p>DIPLOMADO EN INNOVACI\u00d3N DIGITAL PARA LA PR\u00c1CTICA DOCENTE Acreditaci\u00f3n de Actividades. Datos Generales: Instituci\u00f3n: Instituto Universitario Antequera de Oaxaca.Clave de Plantel: 20MSY0104Y.Periodo: Del 3 de septiembre al 17 de diciembre de 2025.Modalidad:\u00a0Virtual.Horas lectivas: 120 horas lectivas.Imparte: MTRA. M\u00d3NICA ITANDEHUI RUIZ ZAVALA. Participantes que acreditaron:\u00a0 ANA HERNANDEZ ROSARIO BERTHA MARIA LIMON <a class=\"read-more\" href=\"https:\/\/institutounao.com.mx\/index.php\/ecp26-1-37-diplomado-en-innovacion-digital-para-la-practica-docente\/\">Read More&#8230;<\/a><\/p>\n","protected":false},"author":1,"featured_media":0,"parent":0,"menu_order":0,"comment_status":"closed","ping_status":"closed","template":"","meta":{"_joinchat":[],"footnotes":""},"class_list":["post-11335","page","type-page","status-publish","hentry"],"jetpack_sharing_enabled":true,"_links":{"self":[{"href":"https:\/\/institutounao.com.mx\/index.php\/wp-json\/wp\/v2\/pages\/11335","targetHints":{"allow":["GET"]}}],"collection":[{"href":"https:\/\/institutounao.com.mx\/index.php\/wp-json\/wp\/v2\/pages"}],"about":[{"href":"https:\/\/institutounao.com.mx\/index.php\/wp-json\/wp\/v2\/types\/page"}],"author":[{"embeddable":true,"href":"https:\/\/institutounao.com.mx\/index.php\/wp-json\/wp\/v2\/users\/1"}],"replies":[{"embeddable":true,"href":"https:\/\/institutounao.com.mx\/index.php\/wp-json\/wp\/v2\/comments?post=11335"}],"version-history":[{"count":10,"href":"https:\/\/institutounao.com.mx\/index.php\/wp-json\/wp\/v2\/pages\/11335\/revisions"}],"predecessor-version":[{"id":11385,"href":"https:\/\/institutounao.com.mx\/index.php\/wp-json\/wp\/v2\/pages\/11335\/revisions\/11385"}],"wp:attachment":[{"href":"https:\/\/institutounao.com.mx\/index.php\/wp-json\/wp\/v2\/media?parent=11335"}],"curies":[{"name":"wp","href":"https:\/\/api.w.org\/{rel}","templated":true}]}}