{"id":11144,"date":"2025-10-28T21:54:01","date_gmt":"2025-10-28T21:54:01","guid":{"rendered":"https:\/\/institutounao.com.mx\/?page_id=11144"},"modified":"2025-10-28T22:00:08","modified_gmt":"2025-10-28T22:00:08","slug":"se26-1-21-constancia-de-situacion-academica","status":"publish","type":"page","link":"https:\/\/institutounao.com.mx\/index.php\/se26-1-21-constancia-de-situacion-academica\/","title":{"rendered":"SE26-1.21 Constancia de Situaci\u00f3n Acad\u00e9mica"},"content":{"rendered":"\t\t<div data-elementor-type=\"wp-page\" data-elementor-id=\"11144\" class=\"elementor elementor-11144\">\n\t\t\t\t\t\t<section class=\"elementor-section elementor-top-section elementor-element elementor-element-91ea4c3 elementor-section-boxed elementor-section-height-default elementor-section-height-default\" data-id=\"91ea4c3\" data-element_type=\"section\" data-e-type=\"section\">\n\t\t\t\t\t\t<div class=\"elementor-container elementor-column-gap-default\">\n\t\t\t\t\t<div class=\"elementor-column elementor-col-100 elementor-top-column elementor-element elementor-element-7346704\" data-id=\"7346704\" data-element_type=\"column\" data-e-type=\"column\">\n\t\t\t<div class=\"elementor-widget-wrap elementor-element-populated\">\n\t\t\t\t\t\t<div class=\"elementor-element elementor-element-894c4c5 elementor-widget elementor-widget-text-editor\" data-id=\"894c4c5\" data-element_type=\"widget\" data-e-type=\"widget\" data-widget_type=\"text-editor.default\">\n\t\t\t\t<div class=\"elementor-widget-container\">\n\t\t\t\t\t\t\t\t\t<p style=\"text-align: center;\">Registro de documentaci\u00f3n.<\/p>\t\t\t\t\t\t\t\t<\/div>\n\t\t\t\t<\/div>\n\t\t\t\t\t<\/div>\n\t\t<\/div>\n\t\t\t\t\t<\/div>\n\t\t<\/section>\n\t\t\t\t<section class=\"elementor-section elementor-top-section elementor-element elementor-element-ba192ea elementor-section-boxed elementor-section-height-default elementor-section-height-default\" data-id=\"ba192ea\" data-element_type=\"section\" data-e-type=\"section\">\n\t\t\t\t\t\t<div class=\"elementor-container elementor-column-gap-default\">\n\t\t\t\t\t<div class=\"elementor-column elementor-col-100 elementor-top-column elementor-element elementor-element-79114ee\" data-id=\"79114ee\" data-element_type=\"column\" data-e-type=\"column\">\n\t\t\t<div class=\"elementor-widget-wrap elementor-element-populated\">\n\t\t\t\t\t\t<div class=\"elementor-element elementor-element-1cebc96 elementor-widget elementor-widget-text-editor\" data-id=\"1cebc96\" data-element_type=\"widget\" data-e-type=\"widget\" data-widget_type=\"text-editor.default\">\n\t\t\t\t<div class=\"elementor-widget-container\">\n\t\t\t\t\t\t\t\t\t<p>Nombre del estudiante:&nbsp;<b>&nbsp;MIRIAM HERNANDEZ RAMIREZ.<\/b><\/p>\n<p>Tipo de constancia: CONSTANCIA DE SITUACI\u00d3N ACAD\u00c9MICA.<\/p>\n<p>No. Constancia: 015\/DA\/2026-1\/DIGITAL.<\/p>\n<p>Ciclo escolar: JULIO- DICIEMBRE 2025.<\/p>\n<p>Fecha de expedici\u00f3n: 28 de octubre de 2025.<\/p>\t\t\t\t\t\t\t\t<\/div>\n\t\t\t\t<\/div>\n\t\t\t\t\t<\/div>\n\t\t<\/div>\n\t\t\t\t\t<\/div>\n\t\t<\/section>\n\t\t\t\t<\/div>\n\t\t","protected":false},"excerpt":{"rendered":"<p>Registro de documentaci\u00f3n. Nombre del estudiante:&nbsp;&nbsp;MIRIAM HERNANDEZ RAMIREZ. Tipo de constancia: CONSTANCIA DE SITUACI\u00d3N ACAD\u00c9MICA. No. Constancia: 015\/DA\/2026-1\/DIGITAL. Ciclo escolar: JULIO- DICIEMBRE 2025. Fecha de expedici\u00f3n: 28 de octubre de 2025.<\/p>\n","protected":false},"author":1,"featured_media":0,"parent":0,"menu_order":0,"comment_status":"closed","ping_status":"closed","template":"","meta":{"_joinchat":[],"footnotes":""},"class_list":["post-11144","page","type-page","status-publish","hentry"],"jetpack_sharing_enabled":true,"_links":{"self":[{"href":"https:\/\/institutounao.com.mx\/index.php\/wp-json\/wp\/v2\/pages\/11144","targetHints":{"allow":["GET"]}}],"collection":[{"href":"https:\/\/institutounao.com.mx\/index.php\/wp-json\/wp\/v2\/pages"}],"about":[{"href":"https:\/\/institutounao.com.mx\/index.php\/wp-json\/wp\/v2\/types\/page"}],"author":[{"embeddable":true,"href":"https:\/\/institutounao.com.mx\/index.php\/wp-json\/wp\/v2\/users\/1"}],"replies":[{"embeddable":true,"href":"https:\/\/institutounao.com.mx\/index.php\/wp-json\/wp\/v2\/comments?post=11144"}],"version-history":[{"count":7,"href":"https:\/\/institutounao.com.mx\/index.php\/wp-json\/wp\/v2\/pages\/11144\/revisions"}],"predecessor-version":[{"id":11153,"href":"https:\/\/institutounao.com.mx\/index.php\/wp-json\/wp\/v2\/pages\/11144\/revisions\/11153"}],"wp:attachment":[{"href":"https:\/\/institutounao.com.mx\/index.php\/wp-json\/wp\/v2\/media?parent=11144"}],"curies":[{"name":"wp","href":"https:\/\/api.w.org\/{rel}","templated":true}]}}