{"id":11126,"date":"2025-10-10T01:39:06","date_gmt":"2025-10-10T01:39:06","guid":{"rendered":"https:\/\/institutounao.com.mx\/?page_id=11126"},"modified":"2025-10-30T18:20:36","modified_gmt":"2025-10-30T18:20:36","slug":"ecp26-1-30-iv-congreso-nacional-en-educacion-y-docencia-la-educacion-socioemocional","status":"publish","type":"page","link":"https:\/\/institutounao.com.mx\/index.php\/ecp26-1-30-iv-congreso-nacional-en-educacion-y-docencia-la-educacion-socioemocional\/","title":{"rendered":"ECP26-1.30 IV CONGRESO NACIONAL EN EDUCACI\u00d3N Y DOCENCIA: LA EDUCACI\u00d3N SOCIOEMOCIONAL."},"content":{"rendered":"\t\t<div data-elementor-type=\"wp-page\" data-elementor-id=\"11126\" class=\"elementor elementor-11126\">\n\t\t\t\t\t\t<section class=\"elementor-section elementor-top-section elementor-element elementor-element-8d6a048 elementor-section-boxed elementor-section-height-default elementor-section-height-default\" data-id=\"8d6a048\" data-element_type=\"section\" data-e-type=\"section\">\n\t\t\t\t\t\t<div class=\"elementor-container elementor-column-gap-default\">\n\t\t\t\t\t<div class=\"elementor-column elementor-col-100 elementor-top-column elementor-element elementor-element-521b527\" data-id=\"521b527\" data-element_type=\"column\" data-e-type=\"column\">\n\t\t\t<div class=\"elementor-widget-wrap elementor-element-populated\">\n\t\t\t\t\t\t<div class=\"elementor-element elementor-element-489543c elementor-widget elementor-widget-heading\" data-id=\"489543c\" data-element_type=\"widget\" data-e-type=\"widget\" data-widget_type=\"heading.default\">\n\t\t\t\t<div class=\"elementor-widget-container\">\n\t\t\t\t\t<h4 class=\"elementor-heading-title elementor-size-default\">IV CONGRESO NACIONAL EN EDUCACI\u00d3N Y DOCENCIA: LA EDUCACI\u00d3N SOCIOEMOCIONAL.<\/h4>\t\t\t\t<\/div>\n\t\t\t\t<\/div>\n\t\t\t\t\t<\/div>\n\t\t<\/div>\n\t\t\t\t\t<\/div>\n\t\t<\/section>\n\t\t\t\t<section class=\"elementor-section elementor-top-section elementor-element elementor-element-607e115 elementor-section-boxed elementor-section-height-default elementor-section-height-default\" data-id=\"607e115\" data-element_type=\"section\" data-e-type=\"section\">\n\t\t\t\t\t\t<div class=\"elementor-container elementor-column-gap-default\">\n\t\t\t\t\t<div class=\"elementor-column elementor-col-100 elementor-top-column elementor-element elementor-element-81171f1\" data-id=\"81171f1\" data-element_type=\"column\" data-e-type=\"column\">\n\t\t\t<div class=\"elementor-widget-wrap elementor-element-populated\">\n\t\t\t\t\t\t<div class=\"elementor-element elementor-element-637b99d elementor-widget elementor-widget-text-editor\" data-id=\"637b99d\" data-element_type=\"widget\" data-e-type=\"widget\" data-widget_type=\"text-editor.default\">\n\t\t\t\t<div class=\"elementor-widget-container\">\n\t\t\t\t\t\t\t\t\t<p style=\"text-align: center;\"><strong>Acreditaci\u00f3n de Actividades.<\/strong><\/p><p><strong>Datos Generales:<\/strong><\/p><p>Instituci\u00f3n: Instituto Universitario Antequera de Oaxaca.<br \/>Clave de Plantel: 20MSY0104Y.<br \/>Periodo: 18 y 19 de octubre de 2025.<br \/>Modalidad:\u00a0Virtual.<br \/>Horas lectivas: 30 horas lectivas.<\/p><p><strong>Conferenciantes:<\/strong><\/p><ol><li>MTRA. IVONNE KLEIN KREISLER<\/li><li>DRA. HILDA PATI\u00d1O HERN\u00c1NDEZ<\/li><li>MTRA. SANDRA PAMELA PONCE JUAREZ<\/li><li>MTRA. BARBARA MU\u00d1OZ ALONSO REYES<\/li><li>MTRO. GERARDO MORA GUTIERREZ<\/li><\/ol><p><strong>Talleristas:<\/strong><\/p><ol><li>MTRA. PATRICIA GABRIELA CORT\u00c9S CARRI\u00d3N<\/li><li>MTRA. ALEJANDRA RODR\u00cdGUEZ FUENTES<\/li><li>DR. \u00c1NGEL OMAR ROMERO MOLINA<\/li><li>MTRA. HEIDY BEGO\u00d1A FRAGUAS<\/li><li>MTRA. BARBARA MU\u00d1OZ ALONSO REYES<\/li><li>MTRA. CLAUDIA VILLALOBOS<\/li><li>MTRA. BELINDA LILLIAN RIVERA IBARRA<\/li><\/ol><p><strong>Participantes:\u00a0<\/strong><\/p><ol><li>ZORAIDA PAULA SALINAS CAMACHO<\/li><li>ADELI GUADALUPE SANTOS CRUZ<\/li><li>RAFAEL HERNANDEZ LOPEZ<\/li><li>GISELA BEATRIZ HERNANDEZ GONZALEZ<\/li><li>LAURA ESTELA LAZARO DE LA CRUZ<\/li><li>LAURA MARTIN MARQUEZ ROA<\/li><li>YANELI ASIVADET HERNANDEZ ESLAVA<\/li><li>ADRIANA ALEJANDRA MORENO MEDINA<\/li><li>CONCEPCION MARITZA JARQUIN OLIVERA<\/li><li>ANA GENNY GUERRERO CRUZ<\/li><li>DIANA SELENE LOPEZ GIJON<\/li><li>LILIA PATRICIA RUIZ RUIZ<\/li><li>NANCY ALAVEZ LOPEZ<\/li><li>HERNAN ALBERTO TUZ SANCHEZ<\/li><li>HEIDI GABRIELA CRUZ NIETO<\/li><li>ISAI GARCIA CRUZ<\/li><li>SERGIO ROSARIO SANTIAGO<\/li><li>MONICA LOPEZ GUERRERO<\/li><li>MARTHA MENDEZ RAMIREZ<\/li><li>CINTHIA ABIGAIL ESCOBAR SOLIS<\/li><li>AYRTON EDWIN OLEA GOMEZ<\/li><li>JENNY RESENDIZ RIOS<\/li><li>NATALIA CHAVERO LOPEZ<\/li><li>MARTIN DANIEL NIEVES JUAREZ<\/li><li>GABRIELA LOPEZ SALAZAR<\/li><li>ALEJANDRA DELGADO DELGADO<\/li><li>JUDITH ELENA MARTINEZ MELGAREJO<\/li><li>SANDRA LOPEZ ESCOBAR<\/li><li>RUTH GUADALUPE DE LOS SANTOS HERNANDEZ<\/li><li>ANA ISABEL LARA CALVARIO<\/li><li>JUAN CARLOS GUZMAN RODRIGUEZ<\/li><li>PATRICIA TELLEZ BAUTISTA<\/li><li>SARA LILIA MARTINEZ PEREZ<\/li><li>JOSEFINA CECILIA OLIVEROS ALVARADO<\/li><li>MARIA CARLA FRANZ ROMERO<\/li><li>LILIA DEL CARMEN RAMIREZ HERNANDEZ<\/li><li>GRACIELA AGUILLON SANCHEZ<\/li><li>DAMARIZ ALAVEZ CRUZ<\/li><li>JENNIFER JOHANNA CHE RODRIGUEZ<\/li><li>MARNELY GUADALUPE FERNANDEZ TOH<\/li><li>DANIELA GUADALUPE MENDEZ SANTIAGO<\/li><li>CAROLINA JIMENEZ FRAILE<\/li><li>ANGELA IVONNE SANTIN HERNANDEZ<\/li><li>NATALIA ALEJANDRA TENORIO REYES<\/li><li>ROSALBA CRISTINA MARTIN GARCIA<\/li><li>ALEYMA LOVERA PALACIOS<\/li><li>MARIA VIRGINIA HEREDIA GURUBEL<\/li><li>SHERLYN LILIAN MARTINEZ CETZ<\/li><li>MARTHA SUSANA OJEDA PUC<\/li><li>MARIANI MONSERRAT POLANCO CHAN<\/li><li>CITLALI GUADALUPE MARTINEZ KOO<\/li><li>EVELYN MICHELLE CARRILLO OVANDO<\/li><li>YULIANI ROCIO CANO CARRE\u00d1O<\/li><li>INES AIRAM PEREZ XOLO<\/li><li>LORENA LISSET JAVIER DE LOS SANTOS<\/li><li>ADDA EDITH GUERRERO TELLO<\/li><li>NATALIA ZOE CASTRO MORENO<\/li><li>ANGELA PAOLA CAN PACHECO<\/li><li>MICHELLE ESTEFANIA GALICIA HERNANDEZ<\/li><li>YANELI RUBI GIL HERNANDEZ<\/li><li>MARIA MONSERRAT MONTILLO VEGA<\/li><li>JOSSELIN MAYTE RAMIREZ BARRERA<\/li><li>ALEXIA TORRES ESQUIVEL<\/li><li>ALEYDA ELIZABETH ZAPATA LOPEZ<\/li><li>KELLY KOUDDY GUTIERREZ LUCAS<\/li><li>REBECA FERNANDA JIMENEZ VALADEZ<\/li><li>HARUMI ITZEL VAZQUEZ MOGUEL<\/li><li>BETZI KARINA PALACIOS MORALES<\/li><li>VICTOR MARTINEZ GONZALEZ<\/li><li>BRISAS KAROLINA HERNANDEZ HUCHIM<\/li><li>CONSTANZA ENCALADA GARMA<\/li><li>LARISHA MONTSERRATH DIAZ BRICENO<\/li><li>MIRANDA IVET PEREZ TZEC<\/li><li>PAOLA ANDREA GONZALEZ MAC<\/li><li>NAOMI MARIEL ORDO\u00d1EZ MARIN<\/li><li>ASHANTY BELEN HEREDIA SOTO<\/li><li>MIA FRIAS CONTRERAS<\/li><li>MARIA ADELA CASTELLANOS PEREZ<\/li><li>FLORA AZALEA LUNA RAMOS<\/li><li>KARINA FRANCO RAMIREZ<\/li><li>CHRISTIAN YAMIL MAY POOL<\/li><li>WENDY VALERIA CAAMAL DZIB<\/li><li>LIZBETH ANDREA TAMAY GARCIA<\/li><li>GUADALUPE DEL CARMEN FRANCO TAMAYO<\/li><li>LIZET NOEMY BURGOS CHAN<\/li><li>ANGELY AREMY VAZQUEZ CETINA<\/li><li>ANGEL VALIER CRUZ<\/li><li>REYNA BEATRIZ CRUZ DZIB<\/li><li>GABRIELA CONCEPCION ALCOCER COB<\/li><li>JOSSELIN DEL CARMEN DE LA O ESPARZA<\/li><li>LAURA PAOLA MARTINEZ BOLAINA<\/li><li>ADRIAN MELQUISEDEC CUPUL TUN<\/li><li>MIA FERNANDA AY PUC<\/li><li>CAROL CLARICE NEGRETE KUYOC<\/li><li>BERENICE DEL ROSARIO CANUL MONTALVO<\/li><li>CITLALY TOLEDO OSORIO<\/li><li>LAURA ITZEL ALBARRAN NOH<\/li><li>OKSANA YAZID LOPEZ REJON<\/li><li>DAYANA ABIGAIL TAMAY TUN<\/li><li>ALEXANDRA ADAMARIS SALAZAR LOPEZ<\/li><li>MERLY DAYANA BARRIOS ECHEVERRIA<\/li><li>KIMBERLY ADZIRI PEREZ HERNANDEZ<\/li><li>ALONDRA ANABEL VASQUEZ VALENZUELA<\/li><li>KARINA GABRIELA DE AVILA VELASQUEZ<\/li><li>SUSAN LIZETH LUNA SALGADO<\/li><li>VANESSA JOANA CHI CAAMAL<\/li><li>FATIMA MISHELLE CASANGO MENDEZ<\/li><li>AKASHA ALEXANDRA HINOJOSA ALGARA<\/li><li>CLAUDIA PATRICIA ANGELES MONTALVO<\/li><li>MARIA DE LOS ANGELES ESPA\u00d1A CARRILLO<\/li><li>EIRA YATHANA ENRIQUEZ PAT<\/li><li>YAH MUT MARIA DE LOS ANGELES<\/li><li>GENESIS MONSERRATH BACAB BALAM<\/li><li>CAMILA MONTZERRAT DAMIAN PEREZ<\/li><li>SAMANTHA DE DIOS REYES<\/li><li>FRIDA SOFIA LOBATO ALMEYDA<\/li><li>EMILY JOSELYN NOVELO SOBERANIS<\/li><li>CARMEN DE LOS ANGELES GARCIA SERENO<\/li><li>AVILA BERNAL ARANZA YANELL<\/li><li>ASTRID YAMILY SOSA CHAN<\/li><li>KARLA DARANI CHACON TAJE<\/li><li>JORGE DAVID PASCACIO VERA<\/li><li>ISABEL TORRES MENESES<\/li><li>MINERVA HERNANDEZ JIMENEZ<\/li><li>RUTH AMAIRANI SANCHEZ DOMINGUEZ<\/li><li>PAOLA GUTIERREZ DE LA TORRE<\/li><li>DANIA JUDITH ALFARO CHAN<\/li><li>KEYLA PRISCILA PUC KUYOC<\/li><li>NATALIA NAVA ROMERO<\/li><li>DANIELA JOCELYN RAMIREZ FITCH<\/li><li>XIOMARA YAQUELIN GUILLERMO MAY<\/li><li>LILIA CAMILA MALDONADO RAMOS<\/li><li>YAIR ANTONIO PEREZ CHAN<\/li><li>JUDITH GUADALUPE CUTZ COUOH<\/li><li>WENDY GUADALUPE GARCIA CASTILLO<\/li><li>LIZBETH MARIA HERNANDEZ VIDAL<\/li><li>CLAUDIA GEORGINA CAMPOS ARCEO<\/li><li>JAQUELINE SANCHEZ GOMEZ<\/li><li>ELISA ARROYO SALINAS<\/li><li>ASHLEY ELIZABETH CRUZ FRANCO<\/li><li>ERIKA DIANELA TAMAYO CANO<\/li><li>FERNANDA MONSERRAT GONZALEZ NAVA<\/li><li>DAFNE YASURI CUXIN PETUL<\/li><li>PAOLA GUADALUPE MARTINEZ ESTRELLA<\/li><li>ASHLEY JOSEPHINE JAIME CORTEZ<\/li><li>ABRIL JAQUELINE OLAGUE SOSA<\/li><li>ALMA YAMILET CASTRO SANTIAGO<\/li><li>JOSELIN RAMIREZ CUPUL<\/li><li>JESUS ELISEO NAVA MIRANDA<\/li><li>NAOMI MICHELLE PACHECO GARCIA<\/li><li>GUADALUPE CID MARTINEZ<\/li><li>DIANA CAROLINA CAMPECHANO ESPINOSA<\/li><li>MARIA DANIELA CANUL TAMAH<\/li><li>MIGUEL ITZAEL JIMENEZ NOH<\/li><li>ANDREA ELIZABETH RIVAS CUPUL<\/li><li>WENDY DEL ROSARIO GARCIA PECH<\/li><li>YULIANA JAZMIN PAT TZUC<\/li><li>LUZ ELENA BAUTISTA GUTIERREZ<\/li><li>ADELAIDA LAINEZ MORALES<\/li><li>FRANCIS ITZAIANA MEDINA MARQUEZ<\/li><li>MARIA EUGENIA MEDINA ALVAREZ<\/li><li>JENIFER GUADALUPE GONZALEZ MORALES<\/li><li>KARLA BEATRIZ FERNANDEZ LOPEZ<\/li><li>HADID JAHESSY ITURBIDE CEME<\/li><li>FATIMA HERNANDEZ CARRASCO<\/li><li>MARIANA ISABEL MOGUEL CAHUICH<\/li><li>ELDA YAZURI BRISE\u00d1O CANUL<\/li><li>YANILEYSI DELFINA YEH GIL<\/li><li>JARID MONSERRAT DE DIOS MENDOZA<\/li><li>JUDITH DE LOS ANGELES ROBLES NU\u00d1EZ<\/li><li>CRISTIAN YUNEL GOMEZ CAAMAL<\/li><li>BERENIS JIMENEZ NAZARIO<\/li><li>PAOLA GUADALUPE LEON MARTINEZ<\/li><li>KAREN DANIELA CRUZ QUERO<\/li><li>MIRIAM HERNANDEZ RAMIREZ<\/li><li>ANEL ROSADO ANTONIO<\/li><li>KARINA WALESA CUEVAS ONOFRE<\/li><li>JOSEFINA ROSARIO LOPEZ AGUILAR<\/li><li>MARIA LUCERO CARRE\u00d1O BALTAZAR<\/li><li>EDUARDO VIDAL AVENDA\u00d1O<\/li><li>ARTURO ROSALES ROSALES<\/li><li>ELIZABETH GARCIA SERRANO<\/li><li>ARACELY SANCHEZ CRUZ<\/li><li>ELIZABETH SANTOS REYES<\/li><li>LAURA LIBIA GARCIA PAZ<\/li><li>TANIA SANTIAGO MIGUEL<\/li><li>CRISTIAN DE JESUS ALVAREZ GARCIA<\/li><li>CINTHIA SARMIENTO MATUS<\/li><li>PAULA ANGELICA PACHECO CASTRO<\/li><li>ROCIO ANGELES CRUZ ROMERO<\/li><li>PATRICIA SOFIA ZAVALETA MARTINEZ<\/li><li>MONSERRAT MARTINEZ CASTILLO<\/li><li>AMADO JERONIMO HERNANDEZ<\/li><li>ALICIA SANTIAGO SANTOS<\/li><li>JETZABEL GOMEZ PAZ<\/li><li>GABRIELA REYNA MORALES LOPEZ<\/li><li>JULIETA ESPINOSA ESPINOSA<\/li><li>ROCIO YANED CANO GARCIA<\/li><li>JUANA NALLELY SANCHEZ AYUSO<\/li><li>DIANA LAURA VILLEGAS SANTIAGO<\/li><li>ITANDEHUI GARCIA AUDELO<\/li><li>KARINA SARAHI CASTA\u00d1EDA CASTILLO<\/li><li>ANGELA BETZABEL PEREZ GARCIA<\/li><li>JOVITA MORALES REYES<\/li><li>HERMELINDA GIL OSORIO<\/li><li>IRVING FLORES DIAZ<\/li><li>GETSEMANI CUEVAS CRUZ<\/li><li>MONICA ELENA SANTOS CRUZ<\/li><li>ESAU HERNANDEZ FRANCO<\/li><li>MONICA HERNANDEZ CORTES<\/li><li>VERONICA MONFIL GARCIA<\/li><li>CARMELA TORRES GARCIA<\/li><li>MARITZA PEREZ CRUZ<\/li><li>ANGELINA CASTILLO PEREZ<\/li><li>YSELA EVA MARIN HUERTA<\/li><li>NANCY JULIANA RAMIREZ HERNANDEZ<\/li><li>JORGE ALBERTO MONTOYA GONZALEZ<\/li><li>FATIMA DURAZO MORENO<\/li><li>MARTHA VALDEZ GONZALEZ<\/li><li>MONICA SALAS RODRIGUEZ<\/li><li>JAVIER GUTIERREZ HERNANDEZ<\/li><li>MARIA ELENA ALCANTARA VARGAS<\/li><li>NAYELY DEL ROSARIO LOPEZ DIAZ<\/li><li>LUIS ARTURO QUINTO CAMACHO<\/li><li>DELIA SHELEM MARTINEZ RUIZ<\/li><li>FABIOLA CASTRO LOPEZ<\/li><li>JOSE ANTONIO PEREZ RAMOS<\/li><li>MARCELA ROMO RIVERO<\/li><li>ERIKA GONZALEZ DE SALCEDA RAMIREZ<\/li><li>JEANETT KARINA GIRON GONZALEZ<\/li><li>CLARA MORENO URIBE<\/li><li>ARMANDO ALEJANDRO BURGOS MANJARREZ<\/li><li>NORMA LISSETH FRANK ALMARAZ<\/li><li>BRENDA ARACELY CAMPISTA VARGAS<\/li><li>HAIDE NORMA TEJADA CELIS<\/li><li>BERTHA ANGELICA SOSA REYES<\/li><li>KARLA MONSERRAT CASTILLO ROJAS<\/li><li>DANIELA HIDEKEL HAROS HERNANDEZ<\/li><li>MARIA ANGELA SOLIS RIOS<\/li><li>YAZMIN MARTINEZ NAVARRO<\/li><li>ALMA PATRICIA ABARCA GARCIA<\/li><li>VERONICA RUIZ GABRIEL<\/li><li>MONICA LOPEZ MU\u00d1OZ<\/li><li>GLORIA CHAVEZ PIEDRA<\/li><li>MARIA DE LOURDES VALDIVIESO PERALTA<\/li><li>DARLINCA VALENZUELA GARCIA<\/li><li>JESUS GERMAN CARRO CANCHE<\/li><li>DIANA PAOLA GARCIA CHAVEZ<\/li><li>CINTHIA BIANEY AGUILAR OCHOA<\/li><li>JERED GUADALUPE CHAVEZ PORRAS<\/li><li>ARIANNA ACOSTA VARGAS<\/li><li>VALERIA HERNANDEZ LUNA<\/li><li>LAURA GABRIELA FLORES GONZALEZ<\/li><li>KARINA DOMINGUEZ PAZ<\/li><li>ELVIA ROMAN RIOS<\/li><li>EDGAR EDUARDO GUTIERREZ ALCANTARA<\/li><li>NAIL ELENA PATRICIA ALVAREZ ARAGON<\/li><li>MARIA TERESA REYES IBA\u00d1EZ<\/li><li>DULCE ISABELE MALDONADO HERNANDEZ<\/li><li>LAURA LILIANA V\u00c1ZQUEZ RODR\u00cdGUEZ<\/li><li>JOHANNA ALESSANDRA MARRUFO MOO<\/li><li>EDUARDO RAMIREZ GONZALEZ<\/li><li>DIANA LAURA LARA LARA<\/li><li>CATALINA TORRES GALLEGOS<\/li><li>DIANA LAURA ROMERO SANCHEZ<\/li><li>OLIVER RESENDIZ SANCHEZ<\/li><li>ARIAGNA ITZEL CRUZ RAMOS<\/li><li>OLIVIA ELIZABETH MARTINEZ VILLAR<\/li><li>TRACY MARIELA SALAZAR SIERRA<\/li><li>SINDY LUZANILLA CHAVEZ<\/li><li>KARLA MARIANA RAMIREZ TORRALVA<\/li><li>SILVIA JIMENEZ LOPEZ<\/li><li>ISABEL LAZARO ALEJO<\/li><li>ALHENA YUNUEN MENDOZA NAVARRO<\/li><li>ZAIRA JANET LOPEZ LOPEZ<\/li><li>LADY NATHALIE REYES SALAS<\/li><li>MARIA MARTHA PABLO CRUZ<\/li><li>ANAYELI DURAN SAN PEDRO<\/li><li>ROSA ICELA GUZMAN PALMA<\/li><li>CARMEN REYES CRUZ<\/li><li>MARIA GUADALUPE DURAN SAN PEDRO<\/li><li>TZABOJY AUREA RODRIGUEZ MARQUEZ<\/li><li>HOCHELI MARTINEZ MENDEZ<\/li><li>MARTHA MARIA SIBAJA AVENDA\u00d1O<\/li><li>MADSA ROCIO RODRIGUEZ MARQUEZ<\/li><li>LILIANA LOPEZ VASQUEZ<\/li><li>LAURA ELENA RODRIGUEZ BARRON<\/li><li>FERNANDA PATRICIA FRANCO REYES<\/li><li>ESBEYDI ORTEGA SANTIAGO<\/li><li>VERONICA CAMACHO AVILA<\/li><li>DONNY ALBERTO CRUZ VASQUEZ<\/li><li>LETICIA GUADALUPE JUAREZ ZARATE<\/li><li>JOSE DE JESUS JUAREZ GONZALEZ<\/li><li>JOSE ANIBAL OJEDA NU\u00d1EZ<\/li><li>LETICIA LOPEZ ESPA\u00d1A<\/li><li>KARLA CERVANTES LANDA<\/li><li>CONCEPCION MARTINEZ CAMACHO<\/li><li>TANIA LIZBETH HERNANDEZ CRUZ<\/li><li>ELISEO CRUZ AGUILAR<\/li><li>AMAURI GOMEZ PEREZ<\/li><li>AZUCENA BAUSTISTA CUEVAS<\/li><\/ol>\t\t\t\t\t\t\t\t<\/div>\n\t\t\t\t<\/div>\n\t\t\t\t\t<\/div>\n\t\t<\/div>\n\t\t\t\t\t<\/div>\n\t\t<\/section>\n\t\t\t\t<\/div>\n\t\t","protected":false},"excerpt":{"rendered":"<p>IV CONGRESO NACIONAL EN EDUCACI\u00d3N Y DOCENCIA: LA EDUCACI\u00d3N SOCIOEMOCIONAL. Acreditaci\u00f3n de Actividades. Datos Generales: Instituci\u00f3n: Instituto Universitario Antequera de Oaxaca.Clave de Plantel: 20MSY0104Y.Periodo: 18 y 19 de octubre de 2025.Modalidad:\u00a0Virtual.Horas lectivas: 30 horas lectivas. Conferenciantes: MTRA. IVONNE KLEIN KREISLER DRA. HILDA PATI\u00d1O HERN\u00c1NDEZ MTRA. SANDRA PAMELA PONCE JUAREZ MTRA. <a class=\"read-more\" href=\"https:\/\/institutounao.com.mx\/index.php\/ecp26-1-30-iv-congreso-nacional-en-educacion-y-docencia-la-educacion-socioemocional\/\">Read More&#8230;<\/a><\/p>\n","protected":false},"author":1,"featured_media":0,"parent":0,"menu_order":0,"comment_status":"closed","ping_status":"closed","template":"","meta":{"_joinchat":[],"footnotes":""},"class_list":["post-11126","page","type-page","status-publish","hentry"],"jetpack_sharing_enabled":true,"_links":{"self":[{"href":"https:\/\/institutounao.com.mx\/index.php\/wp-json\/wp\/v2\/pages\/11126","targetHints":{"allow":["GET"]}}],"collection":[{"href":"https:\/\/institutounao.com.mx\/index.php\/wp-json\/wp\/v2\/pages"}],"about":[{"href":"https:\/\/institutounao.com.mx\/index.php\/wp-json\/wp\/v2\/types\/page"}],"author":[{"embeddable":true,"href":"https:\/\/institutounao.com.mx\/index.php\/wp-json\/wp\/v2\/users\/1"}],"replies":[{"embeddable":true,"href":"https:\/\/institutounao.com.mx\/index.php\/wp-json\/wp\/v2\/comments?post=11126"}],"version-history":[{"count":13,"href":"https:\/\/institutounao.com.mx\/index.php\/wp-json\/wp\/v2\/pages\/11126\/revisions"}],"predecessor-version":[{"id":11172,"href":"https:\/\/institutounao.com.mx\/index.php\/wp-json\/wp\/v2\/pages\/11126\/revisions\/11172"}],"wp:attachment":[{"href":"https:\/\/institutounao.com.mx\/index.php\/wp-json\/wp\/v2\/media?parent=11126"}],"curies":[{"name":"wp","href":"https:\/\/api.w.org\/{rel}","templated":true}]}}