{"id":11086,"date":"2025-10-03T01:27:55","date_gmt":"2025-10-03T01:27:55","guid":{"rendered":"https:\/\/institutounao.com.mx\/?page_id=11086"},"modified":"2025-11-22T17:48:26","modified_gmt":"2025-11-22T17:48:26","slug":"ecp26-1-26-taller-pedagogico-actividades-montessori-para-el-desarrollo-de-la-mente-matematica","status":"publish","type":"page","link":"https:\/\/institutounao.com.mx\/index.php\/ecp26-1-26-taller-pedagogico-actividades-montessori-para-el-desarrollo-de-la-mente-matematica\/","title":{"rendered":"ECP26-1.26 TALLER PEDAG\u00d3GICO ACTIVIDADES MONTESSORI PARA EL DESARROLLO DE LA MENTE MATEM\u00c1TICA"},"content":{"rendered":"\t\t<div data-elementor-type=\"wp-page\" data-elementor-id=\"11086\" class=\"elementor elementor-11086\">\n\t\t\t\t\t\t<section class=\"elementor-section elementor-top-section elementor-element elementor-element-4d01a4d elementor-section-boxed elementor-section-height-default elementor-section-height-default\" data-id=\"4d01a4d\" data-element_type=\"section\" data-e-type=\"section\">\n\t\t\t\t\t\t<div class=\"elementor-container elementor-column-gap-default\">\n\t\t\t\t\t<div class=\"elementor-column elementor-col-100 elementor-top-column elementor-element elementor-element-6d2f874\" data-id=\"6d2f874\" data-element_type=\"column\" data-e-type=\"column\">\n\t\t\t<div class=\"elementor-widget-wrap elementor-element-populated\">\n\t\t\t\t\t\t<div class=\"elementor-element elementor-element-8dfa2cf elementor-widget elementor-widget-heading\" data-id=\"8dfa2cf\" data-element_type=\"widget\" data-e-type=\"widget\" data-widget_type=\"heading.default\">\n\t\t\t\t<div class=\"elementor-widget-container\">\n\t\t\t\t\t<h4 class=\"elementor-heading-title elementor-size-default\">TALLER PEDAG\u00d3GICO ACTIVIDADES MONTESSORI PARA EL DESARROLLO DE LA MENTE MATEM\u00c1TICA<\/h4>\t\t\t\t<\/div>\n\t\t\t\t<\/div>\n\t\t\t\t\t<\/div>\n\t\t<\/div>\n\t\t\t\t\t<\/div>\n\t\t<\/section>\n\t\t\t\t<section class=\"elementor-section elementor-top-section elementor-element elementor-element-ad3d7fa elementor-section-boxed elementor-section-height-default elementor-section-height-default\" data-id=\"ad3d7fa\" data-element_type=\"section\" data-e-type=\"section\">\n\t\t\t\t\t\t<div class=\"elementor-container elementor-column-gap-default\">\n\t\t\t\t\t<div class=\"elementor-column elementor-col-100 elementor-top-column elementor-element elementor-element-2fe393f\" data-id=\"2fe393f\" data-element_type=\"column\" data-e-type=\"column\">\n\t\t\t<div class=\"elementor-widget-wrap elementor-element-populated\">\n\t\t\t\t\t\t<div class=\"elementor-element elementor-element-6f8bfb7 elementor-widget elementor-widget-text-editor\" data-id=\"6f8bfb7\" data-element_type=\"widget\" data-e-type=\"widget\" data-widget_type=\"text-editor.default\">\n\t\t\t\t<div class=\"elementor-widget-container\">\n\t\t\t\t\t\t\t\t\t<p style=\"text-align: center;\"><strong>Acreditaci\u00f3n de Actividades.<\/strong><\/p><p><strong>Datos Generales:<\/strong><\/p><p>Instituci\u00f3n: Instituto Universitario Antequera de Oaxaca.<br \/>Clave de Plantel: 20MSY0104Y.<br \/>Periodo: 18 y 19 de noviembre de 2025.<br \/>Modalidad:\u00a0Virtual.<br \/>Horas lectivas: 10 horas lectivas.<br \/>Imparte: MTRA. ALEJANDRA RODRIGUEZ FUENTES.<\/p><p><strong>Participantes que acreditaron:\u00a0<\/strong><\/p><ol><li>ADRIANA SOSA CARPENTER<\/li><li>AILIN SAYURI BAUTISTA GARCIA<\/li><li>ALEJANDRA ANGEL RAMOS<\/li><li>BEATRIZ HERNANDEZ VITE<\/li><li>BERENICE QUIROZ DOMINGUEZ<\/li><li>CRISTINA MARICELA RAMIREZ HERNANDEZ<\/li><li>ERIKA YULIANA DIAZ JIMENEZ<\/li><li>JORGE SOTO OCHOA<\/li><li>LAURA MARTINEZ MORA<\/li><li>MAIRA ALICIA MALDONADO HERNANDEZ<\/li><li>MARIA TERESA HERNANDEZ MENDEZ<\/li><li>MARIANA PACEHCO MEDINA<\/li><li>MONSERRAT DIAZ PERSABAL<\/li><li>NANCY ALAVEZ LOPEZ<\/li><li>NORA ELIZABETH MARQUEZ COLIN<\/li><li>NORMA HERNANDEZ GOMEZ<\/li><li>SARAHI ANGUELES RODRIGUEZ<\/li><li>VERONICA OCHOA CORTES<\/li><li>ZELINDA MARQUEZ SANCHEZ<\/li><\/ol>\t\t\t\t\t\t\t\t<\/div>\n\t\t\t\t<\/div>\n\t\t\t\t\t<\/div>\n\t\t<\/div>\n\t\t\t\t\t<\/div>\n\t\t<\/section>\n\t\t\t\t<\/div>\n\t\t","protected":false},"excerpt":{"rendered":"<p>TALLER PEDAG\u00d3GICO ACTIVIDADES MONTESSORI PARA EL DESARROLLO DE LA MENTE MATEM\u00c1TICA Acreditaci\u00f3n de Actividades. Datos Generales: Instituci\u00f3n: Instituto Universitario Antequera de Oaxaca.Clave de Plantel: 20MSY0104Y.Periodo: 18 y 19 de noviembre de 2025.Modalidad:\u00a0Virtual.Horas lectivas: 10 horas lectivas.Imparte: MTRA. ALEJANDRA RODRIGUEZ FUENTES. Participantes que acreditaron:\u00a0 ADRIANA SOSA CARPENTER AILIN SAYURI BAUTISTA GARCIA <a class=\"read-more\" href=\"https:\/\/institutounao.com.mx\/index.php\/ecp26-1-26-taller-pedagogico-actividades-montessori-para-el-desarrollo-de-la-mente-matematica\/\">Read More&#8230;<\/a><\/p>\n","protected":false},"author":1,"featured_media":0,"parent":0,"menu_order":0,"comment_status":"closed","ping_status":"closed","template":"","meta":{"_joinchat":[],"footnotes":""},"class_list":["post-11086","page","type-page","status-publish","hentry"],"jetpack_sharing_enabled":true,"_links":{"self":[{"href":"https:\/\/institutounao.com.mx\/index.php\/wp-json\/wp\/v2\/pages\/11086","targetHints":{"allow":["GET"]}}],"collection":[{"href":"https:\/\/institutounao.com.mx\/index.php\/wp-json\/wp\/v2\/pages"}],"about":[{"href":"https:\/\/institutounao.com.mx\/index.php\/wp-json\/wp\/v2\/types\/page"}],"author":[{"embeddable":true,"href":"https:\/\/institutounao.com.mx\/index.php\/wp-json\/wp\/v2\/users\/1"}],"replies":[{"embeddable":true,"href":"https:\/\/institutounao.com.mx\/index.php\/wp-json\/wp\/v2\/comments?post=11086"}],"version-history":[{"count":10,"href":"https:\/\/institutounao.com.mx\/index.php\/wp-json\/wp\/v2\/pages\/11086\/revisions"}],"predecessor-version":[{"id":11297,"href":"https:\/\/institutounao.com.mx\/index.php\/wp-json\/wp\/v2\/pages\/11086\/revisions\/11297"}],"wp:attachment":[{"href":"https:\/\/institutounao.com.mx\/index.php\/wp-json\/wp\/v2\/media?parent=11086"}],"curies":[{"name":"wp","href":"https:\/\/api.w.org\/{rel}","templated":true}]}}