{"id":10916,"date":"2025-08-26T09:18:52","date_gmt":"2025-08-26T09:18:52","guid":{"rendered":"https:\/\/institutounao.com.mx\/?page_id=10916"},"modified":"2025-08-26T09:22:32","modified_gmt":"2025-08-26T09:22:32","slug":"se26-1-12-constancia-de-situacion-academica","status":"publish","type":"page","link":"https:\/\/institutounao.com.mx\/index.php\/se26-1-12-constancia-de-situacion-academica\/","title":{"rendered":"SE26-1.12 Constancia de Situaci\u00f3n Acad\u00e9mica"},"content":{"rendered":"\t\t<div data-elementor-type=\"wp-page\" data-elementor-id=\"10916\" class=\"elementor elementor-10916\">\n\t\t\t\t\t\t<section class=\"elementor-section elementor-top-section elementor-element elementor-element-bbda98e elementor-section-boxed elementor-section-height-default elementor-section-height-default\" data-id=\"bbda98e\" data-element_type=\"section\" data-e-type=\"section\">\n\t\t\t\t\t\t<div class=\"elementor-container elementor-column-gap-default\">\n\t\t\t\t\t<div class=\"elementor-column elementor-col-100 elementor-top-column elementor-element elementor-element-9eaa9ad\" data-id=\"9eaa9ad\" data-element_type=\"column\" data-e-type=\"column\">\n\t\t\t<div class=\"elementor-widget-wrap elementor-element-populated\">\n\t\t\t\t\t\t<div class=\"elementor-element elementor-element-51a9710 elementor-widget elementor-widget-text-editor\" data-id=\"51a9710\" data-element_type=\"widget\" data-e-type=\"widget\" data-widget_type=\"text-editor.default\">\n\t\t\t\t<div class=\"elementor-widget-container\">\n\t\t\t\t\t\t\t\t\t<p style=\"text-align: center;\">Registro de documentaci\u00f3n.<\/p>\t\t\t\t\t\t\t\t<\/div>\n\t\t\t\t<\/div>\n\t\t\t\t\t<\/div>\n\t\t<\/div>\n\t\t\t\t\t<\/div>\n\t\t<\/section>\n\t\t\t\t<section class=\"elementor-section elementor-top-section elementor-element elementor-element-ed14b41 elementor-section-boxed elementor-section-height-default elementor-section-height-default\" data-id=\"ed14b41\" data-element_type=\"section\" data-e-type=\"section\">\n\t\t\t\t\t\t<div class=\"elementor-container elementor-column-gap-default\">\n\t\t\t\t\t<div class=\"elementor-column elementor-col-100 elementor-top-column elementor-element elementor-element-cc5da15\" data-id=\"cc5da15\" data-element_type=\"column\" data-e-type=\"column\">\n\t\t\t<div class=\"elementor-widget-wrap elementor-element-populated\">\n\t\t\t\t\t\t<div class=\"elementor-element elementor-element-aea58c9 elementor-widget elementor-widget-text-editor\" data-id=\"aea58c9\" data-element_type=\"widget\" data-e-type=\"widget\" data-widget_type=\"text-editor.default\">\n\t\t\t\t<div class=\"elementor-widget-container\">\n\t\t\t\t\t\t\t\t\t<p>Nombre del estudiante:&nbsp;<b>&nbsp;REYNA GABRIELA MORALES LOPEZ.<\/b><\/p>\n<p>Tipo de constancia: CONSTANCIA DE SITUACI\u00d3N ACAD\u00c9MICA.<\/p>\n<p>No. Constancia: 006\/DA\/2026-1\/DIGITAL.<\/p>\n<p>Ciclo escolar: JULIO- DICIEMBRE 2025.<\/p>\n<p>Fecha de expedici\u00f3n: 26 de agosto de 2025.<\/p>\t\t\t\t\t\t\t\t<\/div>\n\t\t\t\t<\/div>\n\t\t\t\t\t<\/div>\n\t\t<\/div>\n\t\t\t\t\t<\/div>\n\t\t<\/section>\n\t\t\t\t<\/div>\n\t\t","protected":false},"excerpt":{"rendered":"<p>Registro de documentaci\u00f3n. Nombre del estudiante:&nbsp;&nbsp;REYNA GABRIELA MORALES LOPEZ. Tipo de constancia: CONSTANCIA DE SITUACI\u00d3N ACAD\u00c9MICA. No. Constancia: 006\/DA\/2026-1\/DIGITAL. Ciclo escolar: JULIO- DICIEMBRE 2025. Fecha de expedici\u00f3n: 26 de agosto de 2025.<\/p>\n","protected":false},"author":1,"featured_media":0,"parent":0,"menu_order":0,"comment_status":"closed","ping_status":"closed","template":"","meta":{"_joinchat":[],"footnotes":""},"class_list":["post-10916","page","type-page","status-publish","hentry"],"jetpack_sharing_enabled":true,"_links":{"self":[{"href":"https:\/\/institutounao.com.mx\/index.php\/wp-json\/wp\/v2\/pages\/10916","targetHints":{"allow":["GET"]}}],"collection":[{"href":"https:\/\/institutounao.com.mx\/index.php\/wp-json\/wp\/v2\/pages"}],"about":[{"href":"https:\/\/institutounao.com.mx\/index.php\/wp-json\/wp\/v2\/types\/page"}],"author":[{"embeddable":true,"href":"https:\/\/institutounao.com.mx\/index.php\/wp-json\/wp\/v2\/users\/1"}],"replies":[{"embeddable":true,"href":"https:\/\/institutounao.com.mx\/index.php\/wp-json\/wp\/v2\/comments?post=10916"}],"version-history":[{"count":7,"href":"https:\/\/institutounao.com.mx\/index.php\/wp-json\/wp\/v2\/pages\/10916\/revisions"}],"predecessor-version":[{"id":10923,"href":"https:\/\/institutounao.com.mx\/index.php\/wp-json\/wp\/v2\/pages\/10916\/revisions\/10923"}],"wp:attachment":[{"href":"https:\/\/institutounao.com.mx\/index.php\/wp-json\/wp\/v2\/media?parent=10916"}],"curies":[{"name":"wp","href":"https:\/\/api.w.org\/{rel}","templated":true}]}}