{"id":10850,"date":"2025-08-12T21:00:55","date_gmt":"2025-08-12T21:00:55","guid":{"rendered":"https:\/\/institutounao.com.mx\/?page_id=10850"},"modified":"2025-08-12T21:45:21","modified_gmt":"2025-08-12T21:45:21","slug":"se26-1-8-constancia-revisor-externo-de-informe-de-tesis-doctoral","status":"publish","type":"page","link":"https:\/\/institutounao.com.mx\/index.php\/se26-1-8-constancia-revisor-externo-de-informe-de-tesis-doctoral\/","title":{"rendered":"SE26-1.8 Constancia Revisor Externo de informe de Tesis Doctoral"},"content":{"rendered":"\t\t<div data-elementor-type=\"wp-page\" data-elementor-id=\"10850\" class=\"elementor elementor-10850\">\n\t\t\t\t\t\t<section class=\"elementor-section elementor-top-section elementor-element elementor-element-fc56054 elementor-section-boxed elementor-section-height-default elementor-section-height-default\" data-id=\"fc56054\" data-element_type=\"section\" data-e-type=\"section\">\n\t\t\t\t\t\t<div class=\"elementor-container elementor-column-gap-default\">\n\t\t\t\t\t<div class=\"elementor-column elementor-col-100 elementor-top-column elementor-element elementor-element-4bbd5b8\" data-id=\"4bbd5b8\" data-element_type=\"column\" data-e-type=\"column\">\n\t\t\t<div class=\"elementor-widget-wrap elementor-element-populated\">\n\t\t\t\t\t\t<div class=\"elementor-element elementor-element-877ca47 elementor-widget elementor-widget-text-editor\" data-id=\"877ca47\" data-element_type=\"widget\" data-e-type=\"widget\" data-widget_type=\"text-editor.default\">\n\t\t\t\t<div class=\"elementor-widget-container\">\n\t\t\t\t\t\t\t\t\t<p style=\"text-align: center;\"><b>REGISTRO DE DOCUMENTACI\u00d3N.<\/b><\/p>\t\t\t\t\t\t\t\t<\/div>\n\t\t\t\t<\/div>\n\t\t\t\t\t<\/div>\n\t\t<\/div>\n\t\t\t\t\t<\/div>\n\t\t<\/section>\n\t\t\t\t<section class=\"elementor-section elementor-top-section elementor-element elementor-element-9ac41b0 elementor-section-boxed elementor-section-height-default elementor-section-height-default\" data-id=\"9ac41b0\" data-element_type=\"section\" data-e-type=\"section\">\n\t\t\t\t\t\t<div class=\"elementor-container elementor-column-gap-default\">\n\t\t\t\t\t<div class=\"elementor-column elementor-col-100 elementor-top-column elementor-element elementor-element-df9c0e5\" data-id=\"df9c0e5\" data-element_type=\"column\" data-e-type=\"column\">\n\t\t\t<div class=\"elementor-widget-wrap elementor-element-populated\">\n\t\t\t\t\t\t<div class=\"elementor-element elementor-element-c11f207 elementor-widget__width-initial elementor-widget elementor-widget-text-editor\" data-id=\"c11f207\" data-element_type=\"widget\" data-e-type=\"widget\" data-widget_type=\"text-editor.default\">\n\t\t\t\t<div class=\"elementor-widget-container\">\n\t\t\t\t\t\t\t\t\t<p style=\"font-size: 16px; font-family: Poppins, sans-serif;\">Nombre: Dr. MIGUEL ANGEL RAMIREZ ZARAGOZA&nbsp;<b>.<\/b><\/p>\n<p style=\"font-size: 16px; font-family: Poppins, sans-serif;\">Tipo de constancia:&nbsp;<span style=\"font-size: 16px;\">Constancia como dictaminador externo en la revisi\u00f3n de investigaci\u00f3n de Informe de Tesis Doctoral.<\/span><\/p>\n<p style=\"font-size: 16px; font-family: Poppins, sans-serif;\">Ciclo escolar: enero-junio 2025.<\/p>\n<p style=\"font-size: 16px; font-family: Poppins, sans-serif;\">Fecha de expedici\u00f3n: 20 de julio de 2025.<\/p>\t\t\t\t\t\t\t\t<\/div>\n\t\t\t\t<\/div>\n\t\t\t\t\t<\/div>\n\t\t<\/div>\n\t\t\t\t\t<\/div>\n\t\t<\/section>\n\t\t\t\t<\/div>\n\t\t","protected":false},"excerpt":{"rendered":"<p>REGISTRO DE DOCUMENTACI\u00d3N. Nombre: Dr. MIGUEL ANGEL RAMIREZ ZARAGOZA&nbsp;. Tipo de constancia:&nbsp;Constancia como dictaminador externo en la revisi\u00f3n de investigaci\u00f3n de Informe de Tesis Doctoral. Ciclo escolar: enero-junio 2025. Fecha de expedici\u00f3n: 20 de julio de 2025.<\/p>\n","protected":false},"author":1,"featured_media":0,"parent":0,"menu_order":0,"comment_status":"closed","ping_status":"closed","template":"","meta":{"_joinchat":[],"footnotes":""},"class_list":["post-10850","page","type-page","status-publish","hentry"],"jetpack_sharing_enabled":true,"_links":{"self":[{"href":"https:\/\/institutounao.com.mx\/index.php\/wp-json\/wp\/v2\/pages\/10850","targetHints":{"allow":["GET"]}}],"collection":[{"href":"https:\/\/institutounao.com.mx\/index.php\/wp-json\/wp\/v2\/pages"}],"about":[{"href":"https:\/\/institutounao.com.mx\/index.php\/wp-json\/wp\/v2\/types\/page"}],"author":[{"embeddable":true,"href":"https:\/\/institutounao.com.mx\/index.php\/wp-json\/wp\/v2\/users\/1"}],"replies":[{"embeddable":true,"href":"https:\/\/institutounao.com.mx\/index.php\/wp-json\/wp\/v2\/comments?post=10850"}],"version-history":[{"count":7,"href":"https:\/\/institutounao.com.mx\/index.php\/wp-json\/wp\/v2\/pages\/10850\/revisions"}],"predecessor-version":[{"id":10858,"href":"https:\/\/institutounao.com.mx\/index.php\/wp-json\/wp\/v2\/pages\/10850\/revisions\/10858"}],"wp:attachment":[{"href":"https:\/\/institutounao.com.mx\/index.php\/wp-json\/wp\/v2\/media?parent=10850"}],"curies":[{"name":"wp","href":"https:\/\/api.w.org\/{rel}","templated":true}]}}