{"id":10821,"date":"2025-08-07T19:54:15","date_gmt":"2025-08-07T19:54:15","guid":{"rendered":"https:\/\/institutounao.com.mx\/?page_id=10821"},"modified":"2025-09-18T20:41:18","modified_gmt":"2025-09-18T20:41:18","slug":"ecp26-1-15-taller-pedagogico-jugando-con-las-letras-un-viaje-montessori-hacia-la-lectoescritura","status":"publish","type":"page","link":"https:\/\/institutounao.com.mx\/index.php\/ecp26-1-15-taller-pedagogico-jugando-con-las-letras-un-viaje-montessori-hacia-la-lectoescritura\/","title":{"rendered":"ECP26-1.15 TALLER PEDAG\u00d3GICO JUGANDO CON LAS LETRAS: UN VIAJE MONTESSORI HACIA LA LECTOESCRITURA"},"content":{"rendered":"\t\t<div data-elementor-type=\"wp-page\" data-elementor-id=\"10821\" class=\"elementor elementor-10821\">\n\t\t\t\t\t\t<section class=\"elementor-section elementor-top-section elementor-element elementor-element-232f35f elementor-section-boxed elementor-section-height-default elementor-section-height-default\" data-id=\"232f35f\" data-element_type=\"section\" data-e-type=\"section\">\n\t\t\t\t\t\t<div class=\"elementor-container elementor-column-gap-default\">\n\t\t\t\t\t<div class=\"elementor-column elementor-col-100 elementor-top-column elementor-element elementor-element-708f25b\" data-id=\"708f25b\" data-element_type=\"column\" data-e-type=\"column\">\n\t\t\t<div class=\"elementor-widget-wrap elementor-element-populated\">\n\t\t\t\t\t\t<div class=\"elementor-element elementor-element-f60b5cf elementor-widget elementor-widget-heading\" data-id=\"f60b5cf\" data-element_type=\"widget\" data-e-type=\"widget\" data-widget_type=\"heading.default\">\n\t\t\t\t<div class=\"elementor-widget-container\">\n\t\t\t\t\t<h4 class=\"elementor-heading-title elementor-size-default\">TALLER PEDAG\u00d3GICO JUGANDO CON LAS LETRAS: UN VIAJE MONTESSORI HACIA LA LECTOESCRITURA<\/h4>\t\t\t\t<\/div>\n\t\t\t\t<\/div>\n\t\t\t\t\t<\/div>\n\t\t<\/div>\n\t\t\t\t\t<\/div>\n\t\t<\/section>\n\t\t\t\t<section class=\"elementor-section elementor-top-section elementor-element elementor-element-cf55d3e elementor-section-boxed elementor-section-height-default elementor-section-height-default\" data-id=\"cf55d3e\" data-element_type=\"section\" data-e-type=\"section\">\n\t\t\t\t\t\t<div class=\"elementor-container elementor-column-gap-default\">\n\t\t\t\t\t<div class=\"elementor-column elementor-col-100 elementor-top-column elementor-element elementor-element-d49634f\" data-id=\"d49634f\" data-element_type=\"column\" data-e-type=\"column\">\n\t\t\t<div class=\"elementor-widget-wrap elementor-element-populated\">\n\t\t\t\t\t\t<div class=\"elementor-element elementor-element-ce906a0 elementor-widget elementor-widget-text-editor\" data-id=\"ce906a0\" data-element_type=\"widget\" data-e-type=\"widget\" data-widget_type=\"text-editor.default\">\n\t\t\t\t<div class=\"elementor-widget-container\">\n\t\t\t\t\t\t\t\t\t<p style=\"text-align: center;\"><strong>Acreditaci\u00f3n de Actividades.<\/strong><\/p><p><strong>Datos Generales:<\/strong><\/p><p>Instituci\u00f3n: Instituto Universitario Antequera de Oaxaca.<br \/>Clave de Plantel: 20MSY0104Y.<br \/>Periodo: 9 y 10 de septiembre de 2025.<br \/>Modalidad:\u00a0Virtual.<br \/>Horas lectivas: 10 horas lectivas.<br \/>Imparte: MTRA. ALEJANDRA RODRIGUEZ FUENTES.<\/p><p><strong>Participantes que acreditaron:\u00a0<\/strong><\/p><ol><li>ALICIA GUTIERREZ GARCIA<\/li><li>CITLALLI NATIVIDAD RIOS MATIAS<\/li><li>CLAUDIA MAYELI ORT\u00cdZ MORALES<\/li><li>DALIA ADILENE GOMEZ VARGAS<\/li><li>ELDA RODRIGUEZ MORALES<\/li><li>ELODIA YAMMEL HERNANDEZ GARCIA<\/li><li>GAUDENCIO GUADALUPE MERINO<\/li><li>HANNIA VALERIA MENDOZA GALARZA<\/li><li>JOSE ANTONIO GUILLEN LIEVANO<\/li><li>JOSEBEAM MAXIMINO BAUTISTA MARCIAL<\/li><li>KARINA CONTRERAS ORTIZ<\/li><li>KATY CRUCITA FUENTES LOPEZ<\/li><li>LEYTA RUIZ MEDINA<\/li><li>MA. DE SAN JUAN GONZALEZ CRUZ<\/li><li>MARIA DEL CARMEN HERNANDEZ GIMENO<\/li><li>MARIA ESPERANZA LOPEZ DOMINGUEZ<\/li><li>MARIA FERNANDA ALVAREZ HERRERA<\/li><li>MARIA GUADALUPE LOPEZ VILLORDO<\/li><li>MARISOL BATUN CRUZ<\/li><li>MICHELLE ZULEIMA CASTELLANOS GASPAR<\/li><li>MONICA AlLEJANDRA ZAVALA ALEGRE<\/li><li>QUETZALLI SANCHEZ GOMEZ<\/li><li>ROCIO BAUTISTA BRAVO<\/li><li>SARA TAPIA SANCHEZ<\/li><li>THELMA ELIZABETH R\u00cdOS P\u00c9REZ<\/li><li>YANELI LOPEZ MALDONADO<\/li><\/ol>\t\t\t\t\t\t\t\t<\/div>\n\t\t\t\t<\/div>\n\t\t\t\t\t<\/div>\n\t\t<\/div>\n\t\t\t\t\t<\/div>\n\t\t<\/section>\n\t\t\t\t<\/div>\n\t\t","protected":false},"excerpt":{"rendered":"<p>TALLER PEDAG\u00d3GICO JUGANDO CON LAS LETRAS: UN VIAJE MONTESSORI HACIA LA LECTOESCRITURA Acreditaci\u00f3n de Actividades. Datos Generales: Instituci\u00f3n: Instituto Universitario Antequera de Oaxaca.Clave de Plantel: 20MSY0104Y.Periodo: 9 y 10 de septiembre de 2025.Modalidad:\u00a0Virtual.Horas lectivas: 10 horas lectivas.Imparte: MTRA. ALEJANDRA RODRIGUEZ FUENTES. Participantes que acreditaron:\u00a0 ALICIA GUTIERREZ GARCIA CITLALLI NATIVIDAD RIOS <a class=\"read-more\" href=\"https:\/\/institutounao.com.mx\/index.php\/ecp26-1-15-taller-pedagogico-jugando-con-las-letras-un-viaje-montessori-hacia-la-lectoescritura\/\">Read More&#8230;<\/a><\/p>\n","protected":false},"author":1,"featured_media":0,"parent":0,"menu_order":0,"comment_status":"closed","ping_status":"closed","template":"","meta":{"_joinchat":[],"footnotes":""},"class_list":["post-10821","page","type-page","status-publish","hentry"],"jetpack_sharing_enabled":true,"_links":{"self":[{"href":"https:\/\/institutounao.com.mx\/index.php\/wp-json\/wp\/v2\/pages\/10821","targetHints":{"allow":["GET"]}}],"collection":[{"href":"https:\/\/institutounao.com.mx\/index.php\/wp-json\/wp\/v2\/pages"}],"about":[{"href":"https:\/\/institutounao.com.mx\/index.php\/wp-json\/wp\/v2\/types\/page"}],"author":[{"embeddable":true,"href":"https:\/\/institutounao.com.mx\/index.php\/wp-json\/wp\/v2\/users\/1"}],"replies":[{"embeddable":true,"href":"https:\/\/institutounao.com.mx\/index.php\/wp-json\/wp\/v2\/comments?post=10821"}],"version-history":[{"count":7,"href":"https:\/\/institutounao.com.mx\/index.php\/wp-json\/wp\/v2\/pages\/10821\/revisions"}],"predecessor-version":[{"id":11039,"href":"https:\/\/institutounao.com.mx\/index.php\/wp-json\/wp\/v2\/pages\/10821\/revisions\/11039"}],"wp:attachment":[{"href":"https:\/\/institutounao.com.mx\/index.php\/wp-json\/wp\/v2\/media?parent=10821"}],"curies":[{"name":"wp","href":"https:\/\/api.w.org\/{rel}","templated":true}]}}