{"id":1073,"date":"2021-03-16T23:16:23","date_gmt":"2021-03-16T23:16:23","guid":{"rendered":"http:\/\/institutounao.com.mx\/?page_id=1073"},"modified":"2022-10-07T22:45:53","modified_gmt":"2022-10-07T22:45:53","slug":"uso-de-las-taxonomias-en-la-planeacion-didactica-2","status":"publish","type":"page","link":"https:\/\/institutounao.com.mx\/index.php\/uso-de-las-taxonomias-en-la-planeacion-didactica-2\/","title":{"rendered":"Uso de las taxonom\u00edas en la planeaci\u00f3n did\u00e1ctica."},"content":{"rendered":"\n<p><\/p>\n\n\n\n<figure class=\"wp-block-image\"><img fetchpriority=\"high\" decoding=\"async\" width=\"791\" height=\"1024\" src=\"http:\/\/institutounao.com.mx\/wp-content\/uploads\/2021\/04\/20.-USO-DE-LAS-TAXONOMIAS_page-0001-791x1024.jpg\" alt=\"\" class=\"wp-image-1134\" srcset=\"https:\/\/institutounao.com.mx\/wp-content\/uploads\/2021\/04\/20.-USO-DE-LAS-TAXONOMIAS_page-0001-791x1024.jpg 791w, https:\/\/institutounao.com.mx\/wp-content\/uploads\/2021\/04\/20.-USO-DE-LAS-TAXONOMIAS_page-0001-600x776.jpg 600w, https:\/\/institutounao.com.mx\/wp-content\/uploads\/2021\/04\/20.-USO-DE-LAS-TAXONOMIAS_page-0001-232x300.jpg 232w, https:\/\/institutounao.com.mx\/wp-content\/uploads\/2021\/04\/20.-USO-DE-LAS-TAXONOMIAS_page-0001-768x994.jpg 768w, https:\/\/institutounao.com.mx\/wp-content\/uploads\/2021\/04\/20.-USO-DE-LAS-TAXONOMIAS_page-0001.jpg 1275w\" sizes=\"(max-width: 791px) 100vw, 791px\" \/><\/figure>\n\n\n\n<figure class=\"wp-block-image size-large\"><img decoding=\"async\" width=\"791\" height=\"1024\" src=\"https:\/\/institutounao.com.mx\/wp-content\/uploads\/2021\/12\/30.-USO-DE-LAS-TAXONOMIAS-EN-LA-PLANEACION-DIDACTICA_page-0001-791x1024.jpg\" alt=\"\" class=\"wp-image-2423\" srcset=\"https:\/\/institutounao.com.mx\/wp-content\/uploads\/2021\/12\/30.-USO-DE-LAS-TAXONOMIAS-EN-LA-PLANEACION-DIDACTICA_page-0001-791x1024.jpg 791w, https:\/\/institutounao.com.mx\/wp-content\/uploads\/2021\/12\/30.-USO-DE-LAS-TAXONOMIAS-EN-LA-PLANEACION-DIDACTICA_page-0001-232x300.jpg 232w, https:\/\/institutounao.com.mx\/wp-content\/uploads\/2021\/12\/30.-USO-DE-LAS-TAXONOMIAS-EN-LA-PLANEACION-DIDACTICA_page-0001-768x994.jpg 768w, https:\/\/institutounao.com.mx\/wp-content\/uploads\/2021\/12\/30.-USO-DE-LAS-TAXONOMIAS-EN-LA-PLANEACION-DIDACTICA_page-0001-1187x1536.jpg 1187w, https:\/\/institutounao.com.mx\/wp-content\/uploads\/2021\/12\/30.-USO-DE-LAS-TAXONOMIAS-EN-LA-PLANEACION-DIDACTICA_page-0001-600x776.jpg 600w, https:\/\/institutounao.com.mx\/wp-content\/uploads\/2021\/12\/30.-USO-DE-LAS-TAXONOMIAS-EN-LA-PLANEACION-DIDACTICA_page-0001.jpg 1275w\" sizes=\"(max-width: 791px) 100vw, 791px\" \/><\/figure>\n\n\n\n<figure class=\"wp-block-image size-large\"><img decoding=\"async\" width=\"791\" height=\"1024\" src=\"https:\/\/institutounao.com.mx\/wp-content\/uploads\/2022\/03\/03.-USO-DE-LAS-TAXONOMIAS-EN-LA-PLANEACION-DIDACTICA.-copia_page-0001-791x1024.jpg\" alt=\"\" class=\"wp-image-2866\" srcset=\"https:\/\/institutounao.com.mx\/wp-content\/uploads\/2022\/03\/03.-USO-DE-LAS-TAXONOMIAS-EN-LA-PLANEACION-DIDACTICA.-copia_page-0001-791x1024.jpg 791w, https:\/\/institutounao.com.mx\/wp-content\/uploads\/2022\/03\/03.-USO-DE-LAS-TAXONOMIAS-EN-LA-PLANEACION-DIDACTICA.-copia_page-0001-232x300.jpg 232w, https:\/\/institutounao.com.mx\/wp-content\/uploads\/2022\/03\/03.-USO-DE-LAS-TAXONOMIAS-EN-LA-PLANEACION-DIDACTICA.-copia_page-0001-768x994.jpg 768w, https:\/\/institutounao.com.mx\/wp-content\/uploads\/2022\/03\/03.-USO-DE-LAS-TAXONOMIAS-EN-LA-PLANEACION-DIDACTICA.-copia_page-0001-1187x1536.jpg 1187w, https:\/\/institutounao.com.mx\/wp-content\/uploads\/2022\/03\/03.-USO-DE-LAS-TAXONOMIAS-EN-LA-PLANEACION-DIDACTICA.-copia_page-0001-600x776.jpg 600w, https:\/\/institutounao.com.mx\/wp-content\/uploads\/2022\/03\/03.-USO-DE-LAS-TAXONOMIAS-EN-LA-PLANEACION-DIDACTICA.-copia_page-0001.jpg 1275w\" sizes=\"(max-width: 791px) 100vw, 791px\" \/><\/figure>\n\n\n\n<figure class=\"wp-block-image size-large\"><img loading=\"lazy\" decoding=\"async\" width=\"791\" height=\"1024\" src=\"https:\/\/institutounao.com.mx\/wp-content\/uploads\/2022\/03\/03.-USO-DE-LAS-TAXONOMIAS-EN-LA-PLANEACION-DIDACTICA.-copia_page-0002-791x1024.jpg\" alt=\"\" class=\"wp-image-2867\" srcset=\"https:\/\/institutounao.com.mx\/wp-content\/uploads\/2022\/03\/03.-USO-DE-LAS-TAXONOMIAS-EN-LA-PLANEACION-DIDACTICA.-copia_page-0002-791x1024.jpg 791w, https:\/\/institutounao.com.mx\/wp-content\/uploads\/2022\/03\/03.-USO-DE-LAS-TAXONOMIAS-EN-LA-PLANEACION-DIDACTICA.-copia_page-0002-232x300.jpg 232w, https:\/\/institutounao.com.mx\/wp-content\/uploads\/2022\/03\/03.-USO-DE-LAS-TAXONOMIAS-EN-LA-PLANEACION-DIDACTICA.-copia_page-0002-768x994.jpg 768w, https:\/\/institutounao.com.mx\/wp-content\/uploads\/2022\/03\/03.-USO-DE-LAS-TAXONOMIAS-EN-LA-PLANEACION-DIDACTICA.-copia_page-0002-1187x1536.jpg 1187w, https:\/\/institutounao.com.mx\/wp-content\/uploads\/2022\/03\/03.-USO-DE-LAS-TAXONOMIAS-EN-LA-PLANEACION-DIDACTICA.-copia_page-0002-600x776.jpg 600w, https:\/\/institutounao.com.mx\/wp-content\/uploads\/2022\/03\/03.-USO-DE-LAS-TAXONOMIAS-EN-LA-PLANEACION-DIDACTICA.-copia_page-0002.jpg 1275w\" sizes=\"(max-width: 791px) 100vw, 791px\" \/><\/figure>\n\n\n\n<figure class=\"wp-block-image size-large\"><img loading=\"lazy\" decoding=\"async\" width=\"791\" height=\"1024\" src=\"https:\/\/institutounao.com.mx\/wp-content\/uploads\/2022\/10\/WhatsApp-Image-2022-10-07-at-9.46.25-AM-791x1024.jpeg\" alt=\"\" class=\"wp-image-4295\" srcset=\"https:\/\/institutounao.com.mx\/wp-content\/uploads\/2022\/10\/WhatsApp-Image-2022-10-07-at-9.46.25-AM-791x1024.jpeg 791w, https:\/\/institutounao.com.mx\/wp-content\/uploads\/2022\/10\/WhatsApp-Image-2022-10-07-at-9.46.25-AM-232x300.jpeg 232w, https:\/\/institutounao.com.mx\/wp-content\/uploads\/2022\/10\/WhatsApp-Image-2022-10-07-at-9.46.25-AM-768x994.jpeg 768w, https:\/\/institutounao.com.mx\/wp-content\/uploads\/2022\/10\/WhatsApp-Image-2022-10-07-at-9.46.25-AM-600x777.jpeg 600w, https:\/\/institutounao.com.mx\/wp-content\/uploads\/2022\/10\/WhatsApp-Image-2022-10-07-at-9.46.25-AM.jpeg 989w\" sizes=\"(max-width: 791px) 100vw, 791px\" \/><\/figure>\n\n\n\n<p><\/p>\n","protected":false},"excerpt":{"rendered":"","protected":false},"author":1,"featured_media":0,"parent":0,"menu_order":0,"comment_status":"closed","ping_status":"closed","template":"","meta":{"_joinchat":[],"footnotes":""},"class_list":["post-1073","page","type-page","status-publish","hentry"],"jetpack_sharing_enabled":true,"_links":{"self":[{"href":"https:\/\/institutounao.com.mx\/index.php\/wp-json\/wp\/v2\/pages\/1073","targetHints":{"allow":["GET"]}}],"collection":[{"href":"https:\/\/institutounao.com.mx\/index.php\/wp-json\/wp\/v2\/pages"}],"about":[{"href":"https:\/\/institutounao.com.mx\/index.php\/wp-json\/wp\/v2\/types\/page"}],"author":[{"embeddable":true,"href":"https:\/\/institutounao.com.mx\/index.php\/wp-json\/wp\/v2\/users\/1"}],"replies":[{"embeddable":true,"href":"https:\/\/institutounao.com.mx\/index.php\/wp-json\/wp\/v2\/comments?post=1073"}],"version-history":[{"count":5,"href":"https:\/\/institutounao.com.mx\/index.php\/wp-json\/wp\/v2\/pages\/1073\/revisions"}],"predecessor-version":[{"id":4296,"href":"https:\/\/institutounao.com.mx\/index.php\/wp-json\/wp\/v2\/pages\/1073\/revisions\/4296"}],"wp:attachment":[{"href":"https:\/\/institutounao.com.mx\/index.php\/wp-json\/wp\/v2\/media?parent=1073"}],"curies":[{"name":"wp","href":"https:\/\/api.w.org\/{rel}","templated":true}]}}