{"id":10608,"date":"2025-07-10T22:19:45","date_gmt":"2025-07-10T22:19:45","guid":{"rendered":"https:\/\/institutounao.com.mx\/?page_id=10608"},"modified":"2025-08-16T21:25:31","modified_gmt":"2025-08-16T21:25:31","slug":"se25-38-maestria-en-pedagogia-estudiantes-inscritos-al-ciclo-escolar-julio-diciembre-2025-2026-1","status":"publish","type":"page","link":"https:\/\/institutounao.com.mx\/index.php\/se25-38-maestria-en-pedagogia-estudiantes-inscritos-al-ciclo-escolar-julio-diciembre-2025-2026-1\/","title":{"rendered":"SE25.38 Maestr\u00eda en Pedagog\u00eda \/ Estudiantes inscritos al ciclo escolar julio-diciembre 2025 (2026-1)"},"content":{"rendered":"\t\t<div data-elementor-type=\"wp-page\" data-elementor-id=\"10608\" class=\"elementor elementor-10608\">\n\t\t\t\t\t\t<section class=\"elementor-section elementor-top-section elementor-element elementor-element-f29d36f elementor-section-boxed elementor-section-height-default elementor-section-height-default\" data-id=\"f29d36f\" data-element_type=\"section\" data-e-type=\"section\">\n\t\t\t\t\t\t<div class=\"elementor-container elementor-column-gap-default\">\n\t\t\t\t\t<div class=\"elementor-column elementor-col-100 elementor-top-column elementor-element elementor-element-30c0687\" data-id=\"30c0687\" data-element_type=\"column\" data-e-type=\"column\">\n\t\t\t<div class=\"elementor-widget-wrap elementor-element-populated\">\n\t\t\t\t\t\t<div class=\"elementor-element elementor-element-3b1620b elementor-widget elementor-widget-heading\" data-id=\"3b1620b\" data-element_type=\"widget\" data-e-type=\"widget\" data-widget_type=\"heading.default\">\n\t\t\t\t<div class=\"elementor-widget-container\">\n\t\t\t\t\t<h2 class=\"elementor-heading-title elementor-size-default\">Maestr\u00eda en Pedagog\u00eda.<\/h2>\t\t\t\t<\/div>\n\t\t\t\t<\/div>\n\t\t\t\t\t<\/div>\n\t\t<\/div>\n\t\t\t\t\t<\/div>\n\t\t<\/section>\n\t\t\t\t<section class=\"elementor-section elementor-top-section elementor-element elementor-element-4adca20 elementor-section-boxed elementor-section-height-default elementor-section-height-default\" data-id=\"4adca20\" data-element_type=\"section\" data-e-type=\"section\">\n\t\t\t\t\t\t<div class=\"elementor-container elementor-column-gap-default\">\n\t\t\t\t\t<div class=\"elementor-column elementor-col-100 elementor-top-column elementor-element elementor-element-cee5d92\" data-id=\"cee5d92\" data-element_type=\"column\" data-e-type=\"column\">\n\t\t\t<div class=\"elementor-widget-wrap elementor-element-populated\">\n\t\t\t\t\t\t<div class=\"elementor-element elementor-element-9bc4b0e elementor-widget__width-initial elementor-widget elementor-widget-text-editor\" data-id=\"9bc4b0e\" data-element_type=\"widget\" data-e-type=\"widget\" data-widget_type=\"text-editor.default\">\n\t\t\t\t<div class=\"elementor-widget-container\">\n\t\t\t\t\t\t\t\t\t<p><span style=\"font-family: Poppins, sans-serif; font-size: 16px;\">Estudiantes inscritos al ciclo escolar julio &#8211; diciembre\u00a0 2025 (2026-1) en la Maestr\u00eda en Pedagog\u00eda y que recibieron de conformidad la siguiente documentaci\u00f3n:\u00a0<\/span><\/p>\t\t\t\t\t\t\t\t<\/div>\n\t\t\t\t<\/div>\n\t\t\t\t\t<\/div>\n\t\t<\/div>\n\t\t\t\t\t<\/div>\n\t\t<\/section>\n\t\t\t\t<section class=\"elementor-section elementor-top-section elementor-element elementor-element-c40475b elementor-section-boxed elementor-section-height-default elementor-section-height-default\" data-id=\"c40475b\" data-element_type=\"section\" data-e-type=\"section\">\n\t\t\t\t\t\t<div class=\"elementor-container elementor-column-gap-default\">\n\t\t\t\t\t<div class=\"elementor-column elementor-col-100 elementor-top-column elementor-element elementor-element-bd2bce5\" data-id=\"bd2bce5\" data-element_type=\"column\" data-e-type=\"column\">\n\t\t\t<div class=\"elementor-widget-wrap elementor-element-populated\">\n\t\t\t\t\t\t<div class=\"elementor-element elementor-element-ea5c4e5 elementor-widget elementor-widget-text-editor\" data-id=\"ea5c4e5\" data-element_type=\"widget\" data-e-type=\"widget\" data-widget_type=\"text-editor.default\">\n\t\t\t\t<div class=\"elementor-widget-container\">\n\t\t\t\t\t\t\t\t\t<ul style=\"font-size: 16px; font-family: Poppins, sans-serif;\"><li>Formato de inscripci\u00f3n al plan de estudios.<\/li><li>Solicitud de beca.<\/li><li>Oficio de asignaci\u00f3n de beca.<\/li><li>Carta compromiso de pagos.<\/li><\/ul>\t\t\t\t\t\t\t\t<\/div>\n\t\t\t\t<\/div>\n\t\t\t\t\t<\/div>\n\t\t<\/div>\n\t\t\t\t\t<\/div>\n\t\t<\/section>\n\t\t\t\t<section class=\"elementor-section elementor-top-section elementor-element elementor-element-c3c3d6d elementor-section-boxed elementor-section-height-default elementor-section-height-default\" data-id=\"c3c3d6d\" data-element_type=\"section\" data-e-type=\"section\">\n\t\t\t\t\t\t<div class=\"elementor-container elementor-column-gap-default\">\n\t\t\t\t\t<div class=\"elementor-column elementor-col-100 elementor-top-column elementor-element elementor-element-2dc2b89\" data-id=\"2dc2b89\" data-element_type=\"column\" data-e-type=\"column\">\n\t\t\t<div class=\"elementor-widget-wrap elementor-element-populated\">\n\t\t\t\t\t\t<div class=\"elementor-element elementor-element-9e83667 elementor-widget elementor-widget-text-editor\" data-id=\"9e83667\" data-element_type=\"widget\" data-e-type=\"widget\" data-widget_type=\"text-editor.default\">\n\t\t\t\t<div class=\"elementor-widget-container\">\n\t\t\t\t\t\t\t\t\t<p>Primer\u00a0 Semestre.<\/p>\t\t\t\t\t\t\t\t<\/div>\n\t\t\t\t<\/div>\n\t\t\t\t\t<\/div>\n\t\t<\/div>\n\t\t\t\t\t<\/div>\n\t\t<\/section>\n\t\t\t\t<section class=\"elementor-section elementor-top-section elementor-element elementor-element-434ff4e elementor-section-boxed elementor-section-height-default elementor-section-height-default\" data-id=\"434ff4e\" data-element_type=\"section\" data-e-type=\"section\">\n\t\t\t\t\t\t<div class=\"elementor-container elementor-column-gap-default\">\n\t\t\t\t\t<div class=\"elementor-column elementor-col-100 elementor-top-column elementor-element elementor-element-e058fd7\" data-id=\"e058fd7\" data-element_type=\"column\" data-e-type=\"column\">\n\t\t\t<div class=\"elementor-widget-wrap elementor-element-populated\">\n\t\t\t\t\t\t<div class=\"elementor-element elementor-element-94e4aa3 elementor-widget elementor-widget-text-editor\" data-id=\"94e4aa3\" data-element_type=\"widget\" data-e-type=\"widget\" data-widget_type=\"text-editor.default\">\n\t\t\t\t<div class=\"elementor-widget-container\">\n\t\t\t\t\t\t\t\t\t<p>1. ELIZABETH SANTOS REYES.<br>2. ITZEL VASQUEZ SANTIAGO.<br>3. MARIA LUCERO CARRE\u00d1O BALTAZAR.<br>4. ARACELY SANCHEZ CRUZ.<br>5. ARTURO ROSALES ROSALES.<br>6. ELIZABETH GARCIA SERRANO.<br>7. TANIA SANTIAGO MIGUEL.<\/p>\t\t\t\t\t\t\t\t<\/div>\n\t\t\t\t<\/div>\n\t\t\t\t\t<\/div>\n\t\t<\/div>\n\t\t\t\t\t<\/div>\n\t\t<\/section>\n\t\t\t\t<\/div>\n\t\t","protected":false},"excerpt":{"rendered":"<p>Maestr\u00eda en Pedagog\u00eda. Estudiantes inscritos al ciclo escolar julio &#8211; diciembre\u00a0 2025 (2026-1) en la Maestr\u00eda en Pedagog\u00eda y que recibieron de conformidad la siguiente documentaci\u00f3n:\u00a0 Formato de inscripci\u00f3n al plan de estudios. Solicitud de beca. Oficio de asignaci\u00f3n de beca. Carta compromiso de pagos. Primer\u00a0 Semestre. 1. ELIZABETH SANTOS <a class=\"read-more\" href=\"https:\/\/institutounao.com.mx\/index.php\/se25-38-maestria-en-pedagogia-estudiantes-inscritos-al-ciclo-escolar-julio-diciembre-2025-2026-1\/\">Read More&#8230;<\/a><\/p>\n","protected":false},"author":1,"featured_media":0,"parent":0,"menu_order":0,"comment_status":"closed","ping_status":"closed","template":"","meta":{"_joinchat":[],"footnotes":""},"class_list":["post-10608","page","type-page","status-publish","hentry"],"jetpack_sharing_enabled":true,"_links":{"self":[{"href":"https:\/\/institutounao.com.mx\/index.php\/wp-json\/wp\/v2\/pages\/10608","targetHints":{"allow":["GET"]}}],"collection":[{"href":"https:\/\/institutounao.com.mx\/index.php\/wp-json\/wp\/v2\/pages"}],"about":[{"href":"https:\/\/institutounao.com.mx\/index.php\/wp-json\/wp\/v2\/types\/page"}],"author":[{"embeddable":true,"href":"https:\/\/institutounao.com.mx\/index.php\/wp-json\/wp\/v2\/users\/1"}],"replies":[{"embeddable":true,"href":"https:\/\/institutounao.com.mx\/index.php\/wp-json\/wp\/v2\/comments?post=10608"}],"version-history":[{"count":10,"href":"https:\/\/institutounao.com.mx\/index.php\/wp-json\/wp\/v2\/pages\/10608\/revisions"}],"predecessor-version":[{"id":10899,"href":"https:\/\/institutounao.com.mx\/index.php\/wp-json\/wp\/v2\/pages\/10608\/revisions\/10899"}],"wp:attachment":[{"href":"https:\/\/institutounao.com.mx\/index.php\/wp-json\/wp\/v2\/media?parent=10608"}],"curies":[{"name":"wp","href":"https:\/\/api.w.org\/{rel}","templated":true}]}}