{"id":10461,"date":"2025-06-26T22:41:06","date_gmt":"2025-06-26T22:41:06","guid":{"rendered":"https:\/\/institutounao.com.mx\/?page_id=10461"},"modified":"2025-06-26T22:51:36","modified_gmt":"2025-06-26T22:51:36","slug":"se25-27-acreditacion-maestria-en-pedagogia-estudiantes-acreditados-en-el-taller-de-habilidades-investigativas-redaccion-de-textos-academicos","status":"publish","type":"page","link":"https:\/\/institutounao.com.mx\/index.php\/se25-27-acreditacion-maestria-en-pedagogia-estudiantes-acreditados-en-el-taller-de-habilidades-investigativas-redaccion-de-textos-academicos\/","title":{"rendered":"SE25.27 Acreditaci\u00f3n Maestr\u00eda en Pedagog\u00eda &#8211; Estudiantes acreditados en el Taller de Habilidades Investigativas: Redacci\u00f3n de Textos Acad\u00e9micos."},"content":{"rendered":"\t\t<div data-elementor-type=\"wp-page\" data-elementor-id=\"10461\" class=\"elementor elementor-10461\">\n\t\t\t\t\t\t<section class=\"elementor-section elementor-top-section elementor-element elementor-element-66e80a0 elementor-section-boxed elementor-section-height-default elementor-section-height-default\" data-id=\"66e80a0\" data-element_type=\"section\" data-e-type=\"section\">\n\t\t\t\t\t\t<div class=\"elementor-container elementor-column-gap-default\">\n\t\t\t\t\t<div class=\"elementor-column elementor-col-100 elementor-top-column elementor-element elementor-element-218355f\" data-id=\"218355f\" data-element_type=\"column\" data-e-type=\"column\">\n\t\t\t<div class=\"elementor-widget-wrap elementor-element-populated\">\n\t\t\t\t\t\t<div class=\"elementor-element elementor-element-f0613e4 elementor-widget elementor-widget-heading\" data-id=\"f0613e4\" data-element_type=\"widget\" data-e-type=\"widget\" data-widget_type=\"heading.default\">\n\t\t\t\t<div class=\"elementor-widget-container\">\n\t\t\t\t\t<h2 class=\"elementor-heading-title elementor-size-default\">Maestr\u00eda en Pedagog\u00eda.<\/h2>\t\t\t\t<\/div>\n\t\t\t\t<\/div>\n\t\t\t\t\t<\/div>\n\t\t<\/div>\n\t\t\t\t\t<\/div>\n\t\t<\/section>\n\t\t\t\t<section class=\"elementor-section elementor-top-section elementor-element elementor-element-3204f07 elementor-section-boxed elementor-section-height-default elementor-section-height-default\" data-id=\"3204f07\" data-element_type=\"section\" data-e-type=\"section\">\n\t\t\t\t\t\t<div class=\"elementor-container elementor-column-gap-default\">\n\t\t\t\t\t<div class=\"elementor-column elementor-col-100 elementor-top-column elementor-element elementor-element-bd69082\" data-id=\"bd69082\" data-element_type=\"column\" data-e-type=\"column\">\n\t\t\t<div class=\"elementor-widget-wrap elementor-element-populated\">\n\t\t\t\t\t\t<div class=\"elementor-element elementor-element-41211bf elementor-widget elementor-widget-text-editor\" data-id=\"41211bf\" data-element_type=\"widget\" data-e-type=\"widget\" data-widget_type=\"text-editor.default\">\n\t\t\t\t<div class=\"elementor-widget-container\">\n\t\t\t\t\t\t\t\t\t<p><strong>Taller de Habilidades Investigativas: Redacci\u00f3n de Textos Acad\u00e9micos.<\/strong><\/p>\t\t\t\t\t\t\t\t<\/div>\n\t\t\t\t<\/div>\n\t\t\t\t\t<\/div>\n\t\t<\/div>\n\t\t\t\t\t<\/div>\n\t\t<\/section>\n\t\t\t\t<section class=\"elementor-section elementor-top-section elementor-element elementor-element-bfc7929 elementor-section-boxed elementor-section-height-default elementor-section-height-default\" data-id=\"bfc7929\" data-element_type=\"section\" data-e-type=\"section\">\n\t\t\t\t\t\t<div class=\"elementor-container elementor-column-gap-default\">\n\t\t\t\t\t<div class=\"elementor-column elementor-col-100 elementor-top-column elementor-element elementor-element-03198ea\" data-id=\"03198ea\" data-element_type=\"column\" data-e-type=\"column\">\n\t\t\t<div class=\"elementor-widget-wrap elementor-element-populated\">\n\t\t\t\t\t\t<div class=\"elementor-element elementor-element-47f9b46 elementor-widget elementor-widget-text-editor\" data-id=\"47f9b46\" data-element_type=\"widget\" data-e-type=\"widget\" data-widget_type=\"text-editor.default\">\n\t\t\t\t<div class=\"elementor-widget-container\">\n\t\t\t\t\t\t\t\t\t<p>Instituci\u00f3n: Instituto Universitario Antequera de Oaxaca.&nbsp;<br>Ciclo Escolar: enero &#8211; junio de 2025 (2025-2).<br>Programa: Maestr\u00eda en Pedagog\u00eda.<br>Semestre: Segundo.<br>Modalidad: Virtual.<br>Horas lectivas: 15 horas lectivas.<br>Imparte: Dr. JOSE G\u00dcNTER PETRAK ROMERO.<\/p>\n<p>Participantes que acreditaron\/ no acreditaron:&nbsp;<\/p>\n<ul>\n<li>PMP2 2025-1&nbsp; &nbsp; &nbsp; GETSEMANI CUEVAS CRUZ.<\/li>\n<li>PMP3 2025-1&nbsp; &nbsp; &nbsp; HERMELINDA GIL OSORIO.<\/li>\n<li>PMP4 2025-1&nbsp; &nbsp; &nbsp; KARINA SARAHI CASTA\u00d1EDA CASTILLO.<\/li>\n<li>PMP5 2025-1&nbsp; &nbsp; &nbsp; JUANA NALLELY SANCHEZ AYUSO.<\/li>\n<li>PMP6 2025-1&nbsp; &nbsp; &nbsp; ANGELA BETZABEL PEREZ GARCIA.&nbsp;<\/li>\n<li>PMP7 2025-1&nbsp; &nbsp; &nbsp; JULIETA ESPINOSA ESPINOSA.<\/li>\n<li>PMP8 2025-1&nbsp; &nbsp; &nbsp; GABRIELA REYNA MORALES LOPEZ.<\/li>\n<li>PMP9 2025-1&nbsp; &nbsp; &nbsp; ESAU HERNANDEZ FRANCO.<\/li>\n<li>PMP10 2025-1&nbsp; &nbsp; JOVITA MORALES REYES.<\/li>\n<li>PMP11 2025-1&nbsp; &nbsp; MONICA ELENA SANTOS CRUZ.<\/li>\n<li>PMP12 2025-1&nbsp; &nbsp; DIANA LAURA VILLEGAS SANTIAGO.<\/li>\n<li>PMP13 2025-1&nbsp; &nbsp; IRVING FLORES DIAZ.<\/li>\n<li>PMP14 2025-1&nbsp; &nbsp; ITANDEHUI GARCIA AUDELO.<\/li>\n<li>PMP15 2025-1&nbsp; &nbsp; ROCIO YANED&nbsp; CANO GARCIA.<\/li>\n<\/ul>\t\t\t\t\t\t\t\t<\/div>\n\t\t\t\t<\/div>\n\t\t\t\t\t<\/div>\n\t\t<\/div>\n\t\t\t\t\t<\/div>\n\t\t<\/section>\n\t\t\t\t<\/div>\n\t\t","protected":false},"excerpt":{"rendered":"<p>Maestr\u00eda en Pedagog\u00eda. Taller de Habilidades Investigativas: Redacci\u00f3n de Textos Acad\u00e9micos. Instituci\u00f3n: Instituto Universitario Antequera de Oaxaca.&nbsp;Ciclo Escolar: enero &#8211; junio de 2025 (2025-2).Programa: Maestr\u00eda en Pedagog\u00eda.Semestre: Segundo.Modalidad: Virtual.Horas lectivas: 15 horas lectivas.Imparte: Dr. JOSE G\u00dcNTER PETRAK ROMERO. Participantes que acreditaron\/ no acreditaron:&nbsp; PMP2 2025-1&nbsp; &nbsp; &nbsp; GETSEMANI CUEVAS CRUZ. <a class=\"read-more\" href=\"https:\/\/institutounao.com.mx\/index.php\/se25-27-acreditacion-maestria-en-pedagogia-estudiantes-acreditados-en-el-taller-de-habilidades-investigativas-redaccion-de-textos-academicos\/\">Read More&#8230;<\/a><\/p>\n","protected":false},"author":1,"featured_media":0,"parent":0,"menu_order":0,"comment_status":"closed","ping_status":"closed","template":"","meta":{"_joinchat":[],"footnotes":""},"class_list":["post-10461","page","type-page","status-publish","hentry"],"jetpack_sharing_enabled":true,"_links":{"self":[{"href":"https:\/\/institutounao.com.mx\/index.php\/wp-json\/wp\/v2\/pages\/10461","targetHints":{"allow":["GET"]}}],"collection":[{"href":"https:\/\/institutounao.com.mx\/index.php\/wp-json\/wp\/v2\/pages"}],"about":[{"href":"https:\/\/institutounao.com.mx\/index.php\/wp-json\/wp\/v2\/types\/page"}],"author":[{"embeddable":true,"href":"https:\/\/institutounao.com.mx\/index.php\/wp-json\/wp\/v2\/users\/1"}],"replies":[{"embeddable":true,"href":"https:\/\/institutounao.com.mx\/index.php\/wp-json\/wp\/v2\/comments?post=10461"}],"version-history":[{"count":6,"href":"https:\/\/institutounao.com.mx\/index.php\/wp-json\/wp\/v2\/pages\/10461\/revisions"}],"predecessor-version":[{"id":10467,"href":"https:\/\/institutounao.com.mx\/index.php\/wp-json\/wp\/v2\/pages\/10461\/revisions\/10467"}],"wp:attachment":[{"href":"https:\/\/institutounao.com.mx\/index.php\/wp-json\/wp\/v2\/media?parent=10461"}],"curies":[{"name":"wp","href":"https:\/\/api.w.org\/{rel}","templated":true}]}}