{"id":10452,"date":"2025-06-26T22:25:57","date_gmt":"2025-06-26T22:25:57","guid":{"rendered":"https:\/\/institutounao.com.mx\/?page_id=10452"},"modified":"2025-06-26T22:30:25","modified_gmt":"2025-06-26T22:30:25","slug":"se25-26-maestria-en-pedagogia-estudiantes-acreditados-en-el-taller-de-habilidades-investigativas-investigacion-y-analisis-de-textos-academicos","status":"publish","type":"page","link":"https:\/\/institutounao.com.mx\/index.php\/se25-26-maestria-en-pedagogia-estudiantes-acreditados-en-el-taller-de-habilidades-investigativas-investigacion-y-analisis-de-textos-academicos\/","title":{"rendered":"SE25.26 Maestr\u00eda en Pedagog\u00eda &#8211; Estudiantes acreditados en el Taller de Habilidades Investigativas: Investigaci\u00f3n y An\u00e1lisis de Textos Acad\u00e9micos."},"content":{"rendered":"\t\t<div data-elementor-type=\"wp-page\" data-elementor-id=\"10452\" class=\"elementor elementor-10452\">\n\t\t\t\t\t\t<section class=\"elementor-section elementor-top-section elementor-element elementor-element-1888761 elementor-section-boxed elementor-section-height-default elementor-section-height-default\" data-id=\"1888761\" data-element_type=\"section\" data-e-type=\"section\">\n\t\t\t\t\t\t<div class=\"elementor-container elementor-column-gap-default\">\n\t\t\t\t\t<div class=\"elementor-column elementor-col-100 elementor-top-column elementor-element elementor-element-e51a75c\" data-id=\"e51a75c\" data-element_type=\"column\" data-e-type=\"column\">\n\t\t\t<div class=\"elementor-widget-wrap elementor-element-populated\">\n\t\t\t\t\t\t<div class=\"elementor-element elementor-element-f15d9a8 elementor-widget elementor-widget-heading\" data-id=\"f15d9a8\" data-element_type=\"widget\" data-e-type=\"widget\" data-widget_type=\"heading.default\">\n\t\t\t\t<div class=\"elementor-widget-container\">\n\t\t\t\t\t<h2 class=\"elementor-heading-title elementor-size-default\">Maestr\u00eda en Pedagog\u00eda.<\/h2>\t\t\t\t<\/div>\n\t\t\t\t<\/div>\n\t\t\t\t\t<\/div>\n\t\t<\/div>\n\t\t\t\t\t<\/div>\n\t\t<\/section>\n\t\t\t\t<section class=\"elementor-section elementor-top-section elementor-element elementor-element-7ff1866 elementor-section-boxed elementor-section-height-default elementor-section-height-default\" data-id=\"7ff1866\" data-element_type=\"section\" data-e-type=\"section\">\n\t\t\t\t\t\t<div class=\"elementor-container elementor-column-gap-default\">\n\t\t\t\t\t<div class=\"elementor-column elementor-col-100 elementor-top-column elementor-element elementor-element-657cd66\" data-id=\"657cd66\" data-element_type=\"column\" data-e-type=\"column\">\n\t\t\t<div class=\"elementor-widget-wrap elementor-element-populated\">\n\t\t\t\t\t\t<div class=\"elementor-element elementor-element-55906ad elementor-widget elementor-widget-text-editor\" data-id=\"55906ad\" data-element_type=\"widget\" data-e-type=\"widget\" data-widget_type=\"text-editor.default\">\n\t\t\t\t<div class=\"elementor-widget-container\">\n\t\t\t\t\t\t\t\t\t<p><strong>Taller de Habilidades Investigativas: Investigaci\u00f3n y An\u00e1lisis de Textos Acad\u00e9micos.<\/strong><\/p>\t\t\t\t\t\t\t\t<\/div>\n\t\t\t\t<\/div>\n\t\t\t\t\t<\/div>\n\t\t<\/div>\n\t\t\t\t\t<\/div>\n\t\t<\/section>\n\t\t\t\t<section class=\"elementor-section elementor-top-section elementor-element elementor-element-d21fc66 elementor-section-boxed elementor-section-height-default elementor-section-height-default\" data-id=\"d21fc66\" data-element_type=\"section\" data-e-type=\"section\">\n\t\t\t\t\t\t<div class=\"elementor-container elementor-column-gap-default\">\n\t\t\t\t\t<div class=\"elementor-column elementor-col-100 elementor-top-column elementor-element elementor-element-7938424\" data-id=\"7938424\" data-element_type=\"column\" data-e-type=\"column\">\n\t\t\t<div class=\"elementor-widget-wrap elementor-element-populated\">\n\t\t\t\t\t\t<div class=\"elementor-element elementor-element-bfbb4c7 elementor-widget elementor-widget-text-editor\" data-id=\"bfbb4c7\" data-element_type=\"widget\" data-e-type=\"widget\" data-widget_type=\"text-editor.default\">\n\t\t\t\t<div class=\"elementor-widget-container\">\n\t\t\t\t\t\t\t\t\t<p>Instituci\u00f3n: Instituto Universitario Antequera de Oaxaca.&nbsp;<br>Ciclo Escolar: enero &#8211; junio de 2025 (2025-2).<br>Programa: Maestr\u00eda en Pedagog\u00eda.<br>Semestre: Primero.<br>Modalidad: Virtual.<br>Horas lectivas: 12 horas lectivas.<br>Imparte: Dr. JOSE G\u00dcNTER PETRAK ROMERO.<\/p>\n<p>Estudiantes que acreditaron.<\/p>\n<ul>\n<li>PMP1&nbsp; 2025-2&nbsp; &nbsp; &nbsp;AMADO JERONIMO HERNANDEZ.<\/li>\n<li>PMP2&nbsp; 2025-2&nbsp; &nbsp; &nbsp;CRISTIAN DE JESUS ALVAREZ GARCIA.<\/li>\n<li>PMP3&nbsp; 2025-2&nbsp; &nbsp; &nbsp;AMANCIA RAMIREZ RAMIREZ.<\/li>\n<li>PMP4&nbsp; 2025-2&nbsp; &nbsp; &nbsp;JETZABEL GOMES PAZ.<\/li>\n<li>PMP5&nbsp; 2025-2&nbsp; &nbsp; &nbsp;PAULA ANGELICA PACHECO CASTRO.<\/li>\n<li>PMP6&nbsp; 2025-2&nbsp; &nbsp; &nbsp;MONSERRAT MARTINEZ CASTILLO.<\/li>\n<li>PMP9&nbsp; 2025-2&nbsp; &nbsp; &nbsp;ALICIA SANTIAGO SANTOS.<\/li>\n<li>PMP10&nbsp; 2025-2&nbsp; &nbsp;PATRICIA SOFIA ZAVALETA MARTINEZ.<\/li>\n<li>PMP11&nbsp; 2025-2&nbsp; &nbsp;CINTHIA SARMIENTO MATUS.<\/li>\n<li>PMP12&nbsp; 2025-2&nbsp; &nbsp;ROCIO ANGELES CRUZ ROMERO.<\/li>\n<\/ul>\t\t\t\t\t\t\t\t<\/div>\n\t\t\t\t<\/div>\n\t\t\t\t\t<\/div>\n\t\t<\/div>\n\t\t\t\t\t<\/div>\n\t\t<\/section>\n\t\t\t\t<\/div>\n\t\t","protected":false},"excerpt":{"rendered":"<p>Maestr\u00eda en Pedagog\u00eda. Taller de Habilidades Investigativas: Investigaci\u00f3n y An\u00e1lisis de Textos Acad\u00e9micos. Instituci\u00f3n: Instituto Universitario Antequera de Oaxaca.&nbsp;Ciclo Escolar: enero &#8211; junio de 2025 (2025-2).Programa: Maestr\u00eda en Pedagog\u00eda.Semestre: Primero.Modalidad: Virtual.Horas lectivas: 12 horas lectivas.Imparte: Dr. JOSE G\u00dcNTER PETRAK ROMERO. Estudiantes que acreditaron. PMP1&nbsp; 2025-2&nbsp; &nbsp; &nbsp;AMADO JERONIMO HERNANDEZ. PMP2&nbsp; <a class=\"read-more\" href=\"https:\/\/institutounao.com.mx\/index.php\/se25-26-maestria-en-pedagogia-estudiantes-acreditados-en-el-taller-de-habilidades-investigativas-investigacion-y-analisis-de-textos-academicos\/\">Read More&#8230;<\/a><\/p>\n","protected":false},"author":1,"featured_media":0,"parent":0,"menu_order":0,"comment_status":"closed","ping_status":"closed","template":"","meta":{"_joinchat":[],"footnotes":""},"class_list":["post-10452","page","type-page","status-publish","hentry"],"jetpack_sharing_enabled":true,"_links":{"self":[{"href":"https:\/\/institutounao.com.mx\/index.php\/wp-json\/wp\/v2\/pages\/10452","targetHints":{"allow":["GET"]}}],"collection":[{"href":"https:\/\/institutounao.com.mx\/index.php\/wp-json\/wp\/v2\/pages"}],"about":[{"href":"https:\/\/institutounao.com.mx\/index.php\/wp-json\/wp\/v2\/types\/page"}],"author":[{"embeddable":true,"href":"https:\/\/institutounao.com.mx\/index.php\/wp-json\/wp\/v2\/users\/1"}],"replies":[{"embeddable":true,"href":"https:\/\/institutounao.com.mx\/index.php\/wp-json\/wp\/v2\/comments?post=10452"}],"version-history":[{"count":7,"href":"https:\/\/institutounao.com.mx\/index.php\/wp-json\/wp\/v2\/pages\/10452\/revisions"}],"predecessor-version":[{"id":10460,"href":"https:\/\/institutounao.com.mx\/index.php\/wp-json\/wp\/v2\/pages\/10452\/revisions\/10460"}],"wp:attachment":[{"href":"https:\/\/institutounao.com.mx\/index.php\/wp-json\/wp\/v2\/media?parent=10452"}],"curies":[{"name":"wp","href":"https:\/\/api.w.org\/{rel}","templated":true}]}}