{"id":10301,"date":"2025-06-12T22:35:36","date_gmt":"2025-06-12T22:35:36","guid":{"rendered":"https:\/\/institutounao.com.mx\/?page_id=10301"},"modified":"2025-06-12T22:41:48","modified_gmt":"2025-06-12T22:41:48","slug":"elementor-10301","status":"publish","type":"page","link":"https:\/\/institutounao.com.mx\/index.php\/elementor-10301\/","title":{"rendered":"SE25.18 COLOQUIO DE LA MAESTR\u00cdA EN PEDAGOG\u00cdA"},"content":{"rendered":"\t\t<div data-elementor-type=\"wp-page\" data-elementor-id=\"10301\" class=\"elementor elementor-10301\">\n\t\t\t\t\t\t<section class=\"elementor-section elementor-top-section elementor-element elementor-element-c1fd3ba elementor-section-boxed elementor-section-height-default elementor-section-height-default\" data-id=\"c1fd3ba\" data-element_type=\"section\" data-e-type=\"section\">\n\t\t\t\t\t\t<div class=\"elementor-container elementor-column-gap-default\">\n\t\t\t\t\t<div class=\"elementor-column elementor-col-100 elementor-top-column elementor-element elementor-element-83b8b44\" data-id=\"83b8b44\" data-element_type=\"column\" data-e-type=\"column\">\n\t\t\t<div class=\"elementor-widget-wrap elementor-element-populated\">\n\t\t\t\t\t\t<div class=\"elementor-element elementor-element-8589e6e elementor-widget elementor-widget-text-editor\" data-id=\"8589e6e\" data-element_type=\"widget\" data-e-type=\"widget\" data-widget_type=\"text-editor.default\">\n\t\t\t\t<div class=\"elementor-widget-container\">\n\t\t\t\t\t\t\t\t\t<h1 style=\"text-align: center;\"><span style=\"line-height: inherit; color: #000000;\"><span style=\"color: #99cc00;\">COLOQUIO DE MAESTR\u00cdA EN PEDAGOG\u00cdA: DI\u00c1LOGO PARA LA TRANSFORMACI\u00d3N DE OAXACA<\/span><\/span><\/h1>\t\t\t\t\t\t\t\t<\/div>\n\t\t\t\t<\/div>\n\t\t\t\t\t<\/div>\n\t\t<\/div>\n\t\t\t\t\t<\/div>\n\t\t<\/section>\n\t\t\t\t<section class=\"elementor-section elementor-top-section elementor-element elementor-element-22dfd67 elementor-section-boxed elementor-section-height-default elementor-section-height-default\" data-id=\"22dfd67\" data-element_type=\"section\" data-e-type=\"section\">\n\t\t\t\t\t\t<div class=\"elementor-container elementor-column-gap-default\">\n\t\t\t\t\t<div class=\"elementor-column elementor-col-100 elementor-top-column elementor-element elementor-element-efde35f\" data-id=\"efde35f\" data-element_type=\"column\" data-e-type=\"column\">\n\t\t\t<div class=\"elementor-widget-wrap elementor-element-populated\">\n\t\t\t\t\t\t<div class=\"elementor-element elementor-element-1b021be elementor-widget elementor-widget-text-editor\" data-id=\"1b021be\" data-element_type=\"widget\" data-e-type=\"widget\" data-widget_type=\"text-editor.default\">\n\t\t\t\t<div class=\"elementor-widget-container\">\n\t\t\t\t\t\t\t\t\t<p><strong>Datos del Instituto:<\/strong><\/p><p>Instituci\u00f3n: Instituto Universitario Antequera de Oaxaca.<br \/>Clave de Plantel: 20MSY0104Y.<\/p><p><b>Datos de la actividad:<\/b><\/p><ul><li aria-level=\"1\">Maestr\u00eda en Pedagog\u00eda.<\/li><li aria-level=\"1\">Coloquio de Maestr\u00eda \u201cDi\u00e1logo para la transformaci\u00f3n de Oaxaca\u201d.<\/li><li aria-level=\"1\">Mesa de di\u00e1logo: Complejidades y retos del Ser docente.<\/li><li aria-level=\"1\">Fecha y horario: 14 de junio de 2025; 9:00 a 14:00 horas.<\/li><li aria-level=\"1\">Lugar: Instalaciones del Instituto UNAO.<\/li><\/ul><p>\u00a0<\/p><p><strong>Miembros del Jurado.<\/strong><\/p><p>Dra. EDITH ELIZABETH AGUILAR MORALES.<br \/>Dra. LETICIA GUADALUPE JUAREZ ZARATE.<br \/>Dr. ELISEO CRUZ AGUILAR.<br \/>Dra. NEMESIA CRUZ JACINTO.<br \/>Mtra. MONICA ITANDEHUI RUIZ ZAVALA.<br \/>Dr. ANTONIO CLEMENTE ORTEGA VILLAGRAN.<\/p><p>\u00a0<\/p>\t\t\t\t\t\t\t\t<\/div>\n\t\t\t\t<\/div>\n\t\t\t\t\t<\/div>\n\t\t<\/div>\n\t\t\t\t\t<\/div>\n\t\t<\/section>\n\t\t\t\t<\/div>\n\t\t","protected":false},"excerpt":{"rendered":"<p>SE25.18 COLOQUIO DE LA MAESTR\u00cdA EN PEDAGOG\u00cdA COLOQUIO DE MAESTR\u00cdA EN PEDAGOG\u00cdA: DI\u00c1LOGO PARA LA TRANSFORMACI\u00d3N DE OAXACA Datos del Instituto: Instituci\u00f3n: Instituto Universitario Antequera de Oaxaca.Clave de Plantel: 20MSY0104Y. Datos de la actividad: Maestr\u00eda en Pedagog\u00eda. Coloquio de Maestr\u00eda \u201cDi\u00e1logo para la transformaci\u00f3n de Oaxaca\u201d. Mesa de di\u00e1logo: Complejidades <a class=\"read-more\" href=\"https:\/\/institutounao.com.mx\/index.php\/elementor-10301\/\">Read More&#8230;<\/a><\/p>\n","protected":false},"author":1,"featured_media":0,"parent":0,"menu_order":0,"comment_status":"closed","ping_status":"closed","template":"","meta":{"_joinchat":[],"footnotes":""},"class_list":["post-10301","page","type-page","status-publish","hentry"],"jetpack_sharing_enabled":true,"_links":{"self":[{"href":"https:\/\/institutounao.com.mx\/index.php\/wp-json\/wp\/v2\/pages\/10301","targetHints":{"allow":["GET"]}}],"collection":[{"href":"https:\/\/institutounao.com.mx\/index.php\/wp-json\/wp\/v2\/pages"}],"about":[{"href":"https:\/\/institutounao.com.mx\/index.php\/wp-json\/wp\/v2\/types\/page"}],"author":[{"embeddable":true,"href":"https:\/\/institutounao.com.mx\/index.php\/wp-json\/wp\/v2\/users\/1"}],"replies":[{"embeddable":true,"href":"https:\/\/institutounao.com.mx\/index.php\/wp-json\/wp\/v2\/comments?post=10301"}],"version-history":[{"count":8,"href":"https:\/\/institutounao.com.mx\/index.php\/wp-json\/wp\/v2\/pages\/10301\/revisions"}],"predecessor-version":[{"id":10311,"href":"https:\/\/institutounao.com.mx\/index.php\/wp-json\/wp\/v2\/pages\/10301\/revisions\/10311"}],"wp:attachment":[{"href":"https:\/\/institutounao.com.mx\/index.php\/wp-json\/wp\/v2\/media?parent=10301"}],"curies":[{"name":"wp","href":"https:\/\/api.w.org\/{rel}","templated":true}]}}