{"id":10241,"date":"2025-05-30T23:18:33","date_gmt":"2025-05-30T23:18:33","guid":{"rendered":"https:\/\/institutounao.com.mx\/?page_id=10241"},"modified":"2025-07-11T23:23:47","modified_gmt":"2025-07-11T23:23:47","slug":"ecp26-1-2-taller-pedagogico-grafomotricidad-trazos-infantiles","status":"publish","type":"page","link":"https:\/\/institutounao.com.mx\/index.php\/ecp26-1-2-taller-pedagogico-grafomotricidad-trazos-infantiles\/","title":{"rendered":"ECP26-1.2 TALLER PEDAG\u00d3GICO GRAFOMOTRICIDAD: TRAZOS INFANTILES"},"content":{"rendered":"\t\t<div data-elementor-type=\"wp-page\" data-elementor-id=\"10241\" class=\"elementor elementor-10241\">\n\t\t\t\t\t\t<section class=\"elementor-section elementor-top-section elementor-element elementor-element-582675c elementor-section-boxed elementor-section-height-default elementor-section-height-default\" data-id=\"582675c\" data-element_type=\"section\" data-e-type=\"section\">\n\t\t\t\t\t\t<div class=\"elementor-container elementor-column-gap-default\">\n\t\t\t\t\t<div class=\"elementor-column elementor-col-100 elementor-top-column elementor-element elementor-element-2931046\" data-id=\"2931046\" data-element_type=\"column\" data-e-type=\"column\">\n\t\t\t<div class=\"elementor-widget-wrap elementor-element-populated\">\n\t\t\t\t\t\t<div class=\"elementor-element elementor-element-32d2edc elementor-widget elementor-widget-heading\" data-id=\"32d2edc\" data-element_type=\"widget\" data-e-type=\"widget\" data-widget_type=\"heading.default\">\n\t\t\t\t<div class=\"elementor-widget-container\">\n\t\t\t\t\t<h4 class=\"elementor-heading-title elementor-size-default\">TALLER PEDAG\u00d3GICO GRAFOMOTRICIDAD: TRAZOS INFANTILES.<\/h4>\t\t\t\t<\/div>\n\t\t\t\t<\/div>\n\t\t\t\t<div class=\"elementor-element elementor-element-f725a4f elementor-widget elementor-widget-text-editor\" data-id=\"f725a4f\" data-element_type=\"widget\" data-e-type=\"widget\" data-widget_type=\"text-editor.default\">\n\t\t\t\t<div class=\"elementor-widget-container\">\n\t\t\t\t\t\t\t\t\t<p style=\"text-align: center;\"><strong>Acreditaci\u00f3n de Actividades.<\/strong><\/p><p><b>Datos Generales:<\/b><\/p><p>Instituci\u00f3n: Instituto Universitario Antequera de Oaxaca.<br \/>Clave de Plantel: 20MSY0104Y.<br \/>Periodo: 6 de julio de 2025.<br \/>Modalidad:\u00a0Virtual.<br \/>Horas lectivas: 10 horas lectivas.<br \/>Imparte: <span data-sheets-root=\"1\">MTRA. VERONICA CAMACHO AVILA<\/span><span data-sheets-root=\"1\">.<\/span><\/p><p><b>Participantes que acreditaron:\u00a0<\/b><\/p><ol><li>ABIGAIL SARMIENTO OSORIO<\/li><li>ANA LUCIA CASTILLO VILLELA<\/li><li>ANDREA LIZETE SANCHEZ ZALDIVAR<\/li><li>ANINDRA SOSA VEL\u00c1ZQUEZ<\/li><li>ARACELI PEREZ SANTIAGO<\/li><li>CITLALI LAAYETZI LOPEZ SILVA<\/li><li>DIANA PAULINA CORTES PEDRO<\/li><li>ESTEFANIA ALVARADO GUERRA<\/li><li>GABRIELA AGUILAR SALINAS<\/li><li>GUADALUPE BASTIDA GONZAGA.<\/li><li>IVONNE LOPEZ RIOS<\/li><li>JOSE MANUEL CAUICH MARTIN<\/li><li>KARELY MU\u00d1OZ CORTES<\/li><li>LAURA PATRICIA QUEZADA SOTO<\/li><li>LEONILA MIRANDA VELAZQUEZ<\/li><li>LOURDES ALEJANDRA TOLEDO CABRERA<\/li><li>LUZ MARIA RODRIGUEZ VILLASE\u00d1OR<\/li><li>MARCELA ROMO RIVERO<\/li><li>MARIA ANGELICA ZARATE HERN\u00c1NDEZ<\/li><li>MARIA ELISA LOPEZ FANDI\u00d1O<\/li><li>MIRIAM PAOLA HERN\u00c1NDEZ CASILLAS<\/li><li>MIRNA REYES LUNA<\/li><li>NADIA ERIKA CINTORA CASTA\u00d1EDA<\/li><li>NOELLI MIJANGOS S\u00c1NCHEZ<\/li><li>NOEMI DE LA ROSA ESTRADA<\/li><li>NORMA LISETH FRANK ALMARAZ<\/li><li>SAMARA SOFIA MORALES ARROYO<\/li><li>SANDRA ROCIO RUIZ MARTINEZ<\/li><li>YAHAIRA AURORA PALOMO MARIN<\/li><\/ol>\t\t\t\t\t\t\t\t<\/div>\n\t\t\t\t<\/div>\n\t\t\t\t\t<\/div>\n\t\t<\/div>\n\t\t\t\t\t<\/div>\n\t\t<\/section>\n\t\t\t\t<section class=\"elementor-section elementor-top-section elementor-element elementor-element-58a55b2 elementor-section-boxed elementor-section-height-default elementor-section-height-default\" data-id=\"58a55b2\" data-element_type=\"section\" data-e-type=\"section\">\n\t\t\t\t\t\t<div class=\"elementor-container elementor-column-gap-default\">\n\t\t\t\t\t<div class=\"elementor-column elementor-col-100 elementor-top-column elementor-element elementor-element-feb35e2\" data-id=\"feb35e2\" data-element_type=\"column\" data-e-type=\"column\">\n\t\t\t<div class=\"elementor-widget-wrap\">\n\t\t\t\t\t\t\t<\/div>\n\t\t<\/div>\n\t\t\t\t\t<\/div>\n\t\t<\/section>\n\t\t\t\t<\/div>\n\t\t","protected":false},"excerpt":{"rendered":"<p>TALLER PEDAG\u00d3GICO GRAFOMOTRICIDAD: TRAZOS INFANTILES. Acreditaci\u00f3n de Actividades. Datos Generales: Instituci\u00f3n: Instituto Universitario Antequera de Oaxaca.Clave de Plantel: 20MSY0104Y.Periodo: 6 de julio de 2025.Modalidad:\u00a0Virtual.Horas lectivas: 10 horas lectivas.Imparte: MTRA. VERONICA CAMACHO AVILA. Participantes que acreditaron:\u00a0 ABIGAIL SARMIENTO OSORIO ANA LUCIA CASTILLO VILLELA ANDREA LIZETE SANCHEZ ZALDIVAR ANINDRA SOSA VEL\u00c1ZQUEZ ARACELI <a class=\"read-more\" href=\"https:\/\/institutounao.com.mx\/index.php\/ecp26-1-2-taller-pedagogico-grafomotricidad-trazos-infantiles\/\">Read More&#8230;<\/a><\/p>\n","protected":false},"author":1,"featured_media":0,"parent":0,"menu_order":0,"comment_status":"closed","ping_status":"closed","template":"","meta":{"_joinchat":[],"footnotes":""},"class_list":["post-10241","page","type-page","status-publish","hentry"],"jetpack_sharing_enabled":true,"_links":{"self":[{"href":"https:\/\/institutounao.com.mx\/index.php\/wp-json\/wp\/v2\/pages\/10241","targetHints":{"allow":["GET"]}}],"collection":[{"href":"https:\/\/institutounao.com.mx\/index.php\/wp-json\/wp\/v2\/pages"}],"about":[{"href":"https:\/\/institutounao.com.mx\/index.php\/wp-json\/wp\/v2\/types\/page"}],"author":[{"embeddable":true,"href":"https:\/\/institutounao.com.mx\/index.php\/wp-json\/wp\/v2\/users\/1"}],"replies":[{"embeddable":true,"href":"https:\/\/institutounao.com.mx\/index.php\/wp-json\/wp\/v2\/comments?post=10241"}],"version-history":[{"count":17,"href":"https:\/\/institutounao.com.mx\/index.php\/wp-json\/wp\/v2\/pages\/10241\/revisions"}],"predecessor-version":[{"id":10654,"href":"https:\/\/institutounao.com.mx\/index.php\/wp-json\/wp\/v2\/pages\/10241\/revisions\/10654"}],"wp:attachment":[{"href":"https:\/\/institutounao.com.mx\/index.php\/wp-json\/wp\/v2\/media?parent=10241"}],"curies":[{"name":"wp","href":"https:\/\/api.w.org\/{rel}","templated":true}]}}