{"id":10233,"date":"2025-05-30T23:12:24","date_gmt":"2025-05-30T23:12:24","guid":{"rendered":"https:\/\/institutounao.com.mx\/?page_id=10233"},"modified":"2025-06-05T01:09:11","modified_gmt":"2025-06-05T01:09:11","slug":"ecp25-74-diplomado-en-diagnostico-evaluacion-e-intervencion-en-el-transtorno-especifico-de-la-lectura","status":"publish","type":"page","link":"https:\/\/institutounao.com.mx\/index.php\/ecp25-74-diplomado-en-diagnostico-evaluacion-e-intervencion-en-el-transtorno-especifico-de-la-lectura\/","title":{"rendered":"ECP25.74  DIPLOMADO EN DIAGN\u00d3STICO , EVALUACI\u00d3N E INTERVENCI\u00d3N EN EL TRANSTORNO ESPEC\u00cdFICO DE LA LECTURA"},"content":{"rendered":"\t\t<div data-elementor-type=\"wp-page\" data-elementor-id=\"10233\" class=\"elementor elementor-10233\">\n\t\t\t\t\t\t<section class=\"elementor-section elementor-top-section elementor-element elementor-element-efce597 elementor-section-boxed elementor-section-height-default elementor-section-height-default\" data-id=\"efce597\" data-element_type=\"section\" data-e-type=\"section\">\n\t\t\t\t\t\t<div class=\"elementor-container elementor-column-gap-default\">\n\t\t\t\t\t<div class=\"elementor-column elementor-col-100 elementor-top-column elementor-element elementor-element-eeb2696\" data-id=\"eeb2696\" data-element_type=\"column\" data-e-type=\"column\">\n\t\t\t<div class=\"elementor-widget-wrap elementor-element-populated\">\n\t\t\t\t\t\t<div class=\"elementor-element elementor-element-bcd59b7 elementor-widget elementor-widget-heading\" data-id=\"bcd59b7\" data-element_type=\"widget\" data-e-type=\"widget\" data-widget_type=\"heading.default\">\n\t\t\t\t<div class=\"elementor-widget-container\">\n\t\t\t\t\t<h4 class=\"elementor-heading-title elementor-size-default\"> DIPLOMADO EN DIAGN\u00d3STICO , EVALUACI\u00d3N E INTERVENCI\u00d3N EN EL TRANSTORNO ESPEC\u00cdFICO DE LA LECTURA.<\/h4>\t\t\t\t<\/div>\n\t\t\t\t<\/div>\n\t\t\t\t\t<\/div>\n\t\t<\/div>\n\t\t\t\t\t<\/div>\n\t\t<\/section>\n\t\t\t\t<section class=\"elementor-section elementor-top-section elementor-element elementor-element-4510ba2 elementor-section-boxed elementor-section-height-default elementor-section-height-default\" data-id=\"4510ba2\" data-element_type=\"section\" data-e-type=\"section\">\n\t\t\t\t\t\t<div class=\"elementor-container elementor-column-gap-default\">\n\t\t\t\t\t<div class=\"elementor-column elementor-col-100 elementor-top-column elementor-element elementor-element-2c6c99a\" data-id=\"2c6c99a\" data-element_type=\"column\" data-e-type=\"column\">\n\t\t\t<div class=\"elementor-widget-wrap elementor-element-populated\">\n\t\t\t\t\t\t<div class=\"elementor-element elementor-element-75ff17d elementor-widget elementor-widget-text-editor\" data-id=\"75ff17d\" data-element_type=\"widget\" data-e-type=\"widget\" data-widget_type=\"text-editor.default\">\n\t\t\t\t<div class=\"elementor-widget-container\">\n\t\t\t\t\t\t\t\t\t<p style=\"text-align: center;\"><strong>Acreditaci\u00f3n de Actividades.<\/strong><\/p><p><b>Datos Generales:<\/b><\/p><p>Instituci\u00f3n: Instituto Universitario Antequera de Oaxaca.<br \/>Clave de Plantel: 20MSY0104Y.<br \/>Periodo:\u00a0\u00a0<span data-sheets-root=\"1\"> Del 20\u00a0 de febrero al 26 de junio de 2025<\/span>.<br \/>Modalidad:\u00a0Virtual.<br \/>Horas lectivas: 120 horas lectivas.<br \/>Imparte: MTRO. JOSE ANIBAL OJEDA NU\u00d1EZ<span data-sheets-root=\"1\">.<\/span><\/p><p><b>Participantes que acreditaron:\u00a0<\/b><\/p><ol><li>ALONDRA VIDAL CRUZ<\/li><li>AMPARO PLUMA PLUMA<\/li><li>ARELI NAVA LIMA<\/li><li>ARIADNA CABRERA ROJAS<\/li><li>CLAUDIA LIMA PACHECO<\/li><li>DIANA ALEJANDRA AGUILAR ZAMUDIO<\/li><li>EVELYN FERNANDA GARCIA ALBA<\/li><li>ILIANA SARAY SERRANO ARENAS<\/li><li>ITZEL BERENICE RODRIGUEZ RODRIGUEZ<\/li><li>LAURA JULISA GONZALEZ MARTINEZ<\/li><li>MARIA FLORES FLORES<\/li><li>MARIA GUADALUPE BECERRA ESCOBEDO<\/li><li>MARIA SILVESTRE MACEDO ARROYO<\/li><li>MARY ALICIA MORAN TORRES<\/li><li>OSIRIS BAUTISTA MARTINEZ<\/li><li>ROSALIA OROZCO RAMIREZ<\/li><li>YADIRA RUBI SANTIAGO SILVA<\/li><li>YADIRA VILLEGAS ALVAREZ<\/li><li>YAHAIRA AURORA PALOMO MARIN<\/li><\/ol>\t\t\t\t\t\t\t\t<\/div>\n\t\t\t\t<\/div>\n\t\t\t\t\t<\/div>\n\t\t<\/div>\n\t\t\t\t\t<\/div>\n\t\t<\/section>\n\t\t\t\t<\/div>\n\t\t","protected":false},"excerpt":{"rendered":"<p>DIPLOMADO EN DIAGN\u00d3STICO , EVALUACI\u00d3N E INTERVENCI\u00d3N EN EL TRANSTORNO ESPEC\u00cdFICO DE LA LECTURA. Acreditaci\u00f3n de Actividades. Datos Generales: Instituci\u00f3n: Instituto Universitario Antequera de Oaxaca.Clave de Plantel: 20MSY0104Y.Periodo:\u00a0\u00a0 Del 20\u00a0 de febrero al 26 de junio de 2025.Modalidad:\u00a0Virtual.Horas lectivas: 120 horas lectivas.Imparte: MTRO. JOSE ANIBAL OJEDA NU\u00d1EZ. Participantes que acreditaron:\u00a0 <a class=\"read-more\" href=\"https:\/\/institutounao.com.mx\/index.php\/ecp25-74-diplomado-en-diagnostico-evaluacion-e-intervencion-en-el-transtorno-especifico-de-la-lectura\/\">Read More&#8230;<\/a><\/p>\n","protected":false},"author":1,"featured_media":0,"parent":0,"menu_order":0,"comment_status":"closed","ping_status":"closed","template":"","meta":{"_joinchat":[],"footnotes":""},"class_list":["post-10233","page","type-page","status-publish","hentry"],"jetpack_sharing_enabled":true,"_links":{"self":[{"href":"https:\/\/institutounao.com.mx\/index.php\/wp-json\/wp\/v2\/pages\/10233","targetHints":{"allow":["GET"]}}],"collection":[{"href":"https:\/\/institutounao.com.mx\/index.php\/wp-json\/wp\/v2\/pages"}],"about":[{"href":"https:\/\/institutounao.com.mx\/index.php\/wp-json\/wp\/v2\/types\/page"}],"author":[{"embeddable":true,"href":"https:\/\/institutounao.com.mx\/index.php\/wp-json\/wp\/v2\/users\/1"}],"replies":[{"embeddable":true,"href":"https:\/\/institutounao.com.mx\/index.php\/wp-json\/wp\/v2\/comments?post=10233"}],"version-history":[{"count":11,"href":"https:\/\/institutounao.com.mx\/index.php\/wp-json\/wp\/v2\/pages\/10233\/revisions"}],"predecessor-version":[{"id":10271,"href":"https:\/\/institutounao.com.mx\/index.php\/wp-json\/wp\/v2\/pages\/10233\/revisions\/10271"}],"wp:attachment":[{"href":"https:\/\/institutounao.com.mx\/index.php\/wp-json\/wp\/v2\/media?parent=10233"}],"curies":[{"name":"wp","href":"https:\/\/api.w.org\/{rel}","templated":true}]}}