{"id":10076,"date":"2025-04-04T20:18:43","date_gmt":"2025-04-04T20:18:43","guid":{"rendered":"https:\/\/institutounao.com.mx\/?page_id=10076"},"modified":"2025-06-01T18:27:01","modified_gmt":"2025-06-01T18:27:01","slug":"ecp25-67-taller-pedagogico-etapas-de-la-lectoescritura-actividades-de-fortalecimiento","status":"publish","type":"page","link":"https:\/\/institutounao.com.mx\/index.php\/ecp25-67-taller-pedagogico-etapas-de-la-lectoescritura-actividades-de-fortalecimiento\/","title":{"rendered":"ECP25.67 TALLER PEDAG\u00d3GICO ETAPAS DE LA LECTOESCRITURA: ACTIVIDADES DE FORTALECIMIENTO."},"content":{"rendered":"\t\t<div data-elementor-type=\"wp-page\" data-elementor-id=\"10076\" class=\"elementor elementor-10076\">\n\t\t\t\t\t\t<section class=\"elementor-section elementor-top-section elementor-element elementor-element-ccf7b4a elementor-section-boxed elementor-section-height-default elementor-section-height-default\" data-id=\"ccf7b4a\" data-element_type=\"section\" data-e-type=\"section\">\n\t\t\t\t\t\t<div class=\"elementor-container elementor-column-gap-default\">\n\t\t\t\t\t<div class=\"elementor-column elementor-col-100 elementor-top-column elementor-element elementor-element-5f07382\" data-id=\"5f07382\" data-element_type=\"column\" data-e-type=\"column\">\n\t\t\t<div class=\"elementor-widget-wrap elementor-element-populated\">\n\t\t\t\t\t\t<div class=\"elementor-element elementor-element-a9e70d5 elementor-widget elementor-widget-heading\" data-id=\"a9e70d5\" data-element_type=\"widget\" data-e-type=\"widget\" data-widget_type=\"heading.default\">\n\t\t\t\t<div class=\"elementor-widget-container\">\n\t\t\t\t\t<h4 class=\"elementor-heading-title elementor-size-default\">TALLER PEDAG\u00d3GICO ETAPAS DE LA LECTOESCRITURA: ACTIVIDADES DE FORTALECIMIENTO.<\/h4>\t\t\t\t<\/div>\n\t\t\t\t<\/div>\n\t\t\t\t\t<\/div>\n\t\t<\/div>\n\t\t\t\t\t<\/div>\n\t\t<\/section>\n\t\t\t\t<section class=\"elementor-section elementor-top-section elementor-element elementor-element-c39515a elementor-section-boxed elementor-section-height-default elementor-section-height-default\" data-id=\"c39515a\" data-element_type=\"section\" data-e-type=\"section\">\n\t\t\t\t\t\t<div class=\"elementor-container elementor-column-gap-default\">\n\t\t\t\t\t<div class=\"elementor-column elementor-col-100 elementor-top-column elementor-element elementor-element-594c56f\" data-id=\"594c56f\" data-element_type=\"column\" data-e-type=\"column\">\n\t\t\t<div class=\"elementor-widget-wrap elementor-element-populated\">\n\t\t\t\t\t\t<div class=\"elementor-element elementor-element-8a77f26 elementor-widget elementor-widget-text-editor\" data-id=\"8a77f26\" data-element_type=\"widget\" data-e-type=\"widget\" data-widget_type=\"text-editor.default\">\n\t\t\t\t<div class=\"elementor-widget-container\">\n\t\t\t\t\t\t\t\t\t<p style=\"text-align: center;\"><strong>Acreditaci\u00f3n de Actividades.<\/strong><\/p><p><b>Datos Generales:<\/b><\/p><p>Instituci\u00f3n: Instituto Universitario Antequera de Oaxaca.<br \/>Clave de Plantel: 20MSY0104Y.<br \/>Periodo:\u00a0 31<span data-sheets-root=\"1\">\u00a0<\/span>de mayo de 2025 .<br \/>Modalidad:\u00a0Virtual.<br \/>Horas lectivas:\u00a010 horas lectivas.<br \/>Imparte: <span data-sheets-root=\"1\">MTRA. PATRICIA GABRIELA CORTES CARRION<\/span>.<\/p><p><b>Participantes que acreditaron:\u00a0<\/b><\/p><ol><li>AIDEE ELVIRA MARTINEZ ARCINIEGA<\/li><li>ALEJANDRA CERON ARIAS<\/li><li>ANGELINA SOFIA LOPEZ JIMENEZ<\/li><li>CRISTABEL DEL CARMEN SALVATIERRA DIAZ<\/li><li>ITA ANDEHUI REYES LOPEZ<\/li><li>JACQUELINE FRAGOSO RODRIGUEZ<\/li><li>JORGE ZU\u00d1IGA PICHARDO<\/li><li>KARLA FABIOLA LOPEZ LOPEZ<\/li><li>LORENA MEJIA GARCIA<\/li><li>LUIS REY NEMORIO LOPEZ LOPEZ<\/li><li>MARIA JOSEFINA RAMIREZ ALTAMIRANO<\/li><li>MARTHA ALETHIA MENDOZA INFANTE<\/li><li>MIGUEL BAUTISTA MAURO<\/li><li>NORMA VERONICA GUEVARA MERTINEZ<\/li><li>PETRA LEDEZMA MARTINEZ<\/li><li>RICARDO MORENO INIESTA<\/li><li>YULIANA GONZALEZ ORTEGA<\/li><li>ZAIRA RUBI REYES VASQUEZ<\/li><li>ZELINDA MARQUEZ SANCHEZ<\/li><\/ol>\t\t\t\t\t\t\t\t<\/div>\n\t\t\t\t<\/div>\n\t\t\t\t\t<\/div>\n\t\t<\/div>\n\t\t\t\t\t<\/div>\n\t\t<\/section>\n\t\t\t\t<\/div>\n\t\t","protected":false},"excerpt":{"rendered":"<p>TALLER PEDAG\u00d3GICO ETAPAS DE LA LECTOESCRITURA: ACTIVIDADES DE FORTALECIMIENTO. Acreditaci\u00f3n de Actividades. Datos Generales: Instituci\u00f3n: Instituto Universitario Antequera de Oaxaca.Clave de Plantel: 20MSY0104Y.Periodo:\u00a0 31\u00a0de mayo de 2025 .Modalidad:\u00a0Virtual.Horas lectivas:\u00a010 horas lectivas.Imparte: MTRA. PATRICIA GABRIELA CORTES CARRION. Participantes que acreditaron:\u00a0 AIDEE ELVIRA MARTINEZ ARCINIEGA ALEJANDRA CERON ARIAS ANGELINA SOFIA LOPEZ JIMENEZ <a class=\"read-more\" href=\"https:\/\/institutounao.com.mx\/index.php\/ecp25-67-taller-pedagogico-etapas-de-la-lectoescritura-actividades-de-fortalecimiento\/\">Read More&#8230;<\/a><\/p>\n","protected":false},"author":1,"featured_media":0,"parent":0,"menu_order":0,"comment_status":"closed","ping_status":"closed","template":"","meta":{"_joinchat":[],"footnotes":""},"class_list":["post-10076","page","type-page","status-publish","hentry"],"jetpack_sharing_enabled":true,"_links":{"self":[{"href":"https:\/\/institutounao.com.mx\/index.php\/wp-json\/wp\/v2\/pages\/10076","targetHints":{"allow":["GET"]}}],"collection":[{"href":"https:\/\/institutounao.com.mx\/index.php\/wp-json\/wp\/v2\/pages"}],"about":[{"href":"https:\/\/institutounao.com.mx\/index.php\/wp-json\/wp\/v2\/types\/page"}],"author":[{"embeddable":true,"href":"https:\/\/institutounao.com.mx\/index.php\/wp-json\/wp\/v2\/users\/1"}],"replies":[{"embeddable":true,"href":"https:\/\/institutounao.com.mx\/index.php\/wp-json\/wp\/v2\/comments?post=10076"}],"version-history":[{"count":10,"href":"https:\/\/institutounao.com.mx\/index.php\/wp-json\/wp\/v2\/pages\/10076\/revisions"}],"predecessor-version":[{"id":10268,"href":"https:\/\/institutounao.com.mx\/index.php\/wp-json\/wp\/v2\/pages\/10076\/revisions\/10268"}],"wp:attachment":[{"href":"https:\/\/institutounao.com.mx\/index.php\/wp-json\/wp\/v2\/media?parent=10076"}],"curies":[{"name":"wp","href":"https:\/\/api.w.org\/{rel}","templated":true}]}}