{"id":10057,"date":"2025-04-03T18:39:39","date_gmt":"2025-04-03T18:39:39","guid":{"rendered":"https:\/\/institutounao.com.mx\/?page_id=10057"},"modified":"2025-05-09T22:13:22","modified_gmt":"2025-05-09T22:13:22","slug":"ecp25-64-taller-pedagogico-aprendizaje-de-la-lectoescritura-con-el-metodo-silabico","status":"publish","type":"page","link":"https:\/\/institutounao.com.mx\/index.php\/ecp25-64-taller-pedagogico-aprendizaje-de-la-lectoescritura-con-el-metodo-silabico\/","title":{"rendered":"ECP25.64 TALLER PEDAG\u00d3GICO APRENDIZAJE DE LA LECTOESCRITURA CON EL M\u00c9TODO SIL\u00c1BICO"},"content":{"rendered":"\t\t<div data-elementor-type=\"wp-page\" data-elementor-id=\"10057\" class=\"elementor elementor-10057\">\n\t\t\t\t\t\t<section class=\"elementor-section elementor-top-section elementor-element elementor-element-b7ab699 elementor-section-boxed elementor-section-height-default elementor-section-height-default\" data-id=\"b7ab699\" data-element_type=\"section\" data-e-type=\"section\">\n\t\t\t\t\t\t<div class=\"elementor-container elementor-column-gap-default\">\n\t\t\t\t\t<div class=\"elementor-column elementor-col-100 elementor-top-column elementor-element elementor-element-9abf7a0\" data-id=\"9abf7a0\" data-element_type=\"column\" data-e-type=\"column\">\n\t\t\t<div class=\"elementor-widget-wrap elementor-element-populated\">\n\t\t\t\t\t\t<div class=\"elementor-element elementor-element-ca9cfc1 elementor-widget elementor-widget-heading\" data-id=\"ca9cfc1\" data-element_type=\"widget\" data-e-type=\"widget\" data-widget_type=\"heading.default\">\n\t\t\t\t<div class=\"elementor-widget-container\">\n\t\t\t\t\t<h4 class=\"elementor-heading-title elementor-size-default\">TALLER PEDAG\u00d3GICO APRENDIZAJE DE LA LECTOESCRITURA CON EL M\u00c9TODO SIL\u00c1BICO.<\/h4>\t\t\t\t<\/div>\n\t\t\t\t<\/div>\n\t\t\t\t\t<\/div>\n\t\t<\/div>\n\t\t\t\t\t<\/div>\n\t\t<\/section>\n\t\t\t\t<section class=\"elementor-section elementor-top-section elementor-element elementor-element-34b1835 elementor-section-boxed elementor-section-height-default elementor-section-height-default\" data-id=\"34b1835\" data-element_type=\"section\" data-e-type=\"section\">\n\t\t\t\t\t\t<div class=\"elementor-container elementor-column-gap-default\">\n\t\t\t\t\t<div class=\"elementor-column elementor-col-100 elementor-top-column elementor-element elementor-element-9a3654c\" data-id=\"9a3654c\" data-element_type=\"column\" data-e-type=\"column\">\n\t\t\t<div class=\"elementor-widget-wrap elementor-element-populated\">\n\t\t\t\t\t\t<div class=\"elementor-element elementor-element-588f568 elementor-widget elementor-widget-text-editor\" data-id=\"588f568\" data-element_type=\"widget\" data-e-type=\"widget\" data-widget_type=\"text-editor.default\">\n\t\t\t\t<div class=\"elementor-widget-container\">\n\t\t\t\t\t\t\t\t\t<p style=\"text-align: center;\"><strong>Acreditaci\u00f3n de Actividades.<\/strong><\/p><p><b>Datos Generales:<\/b><\/p><p>Instituci\u00f3n: Instituto Universitario Antequera de Oaxaca.<br \/>Clave de Plantel: 20MSY0104Y.<br \/>Periodo:\u00a0 07 y 08\u00a0 de mayo de 2025 .<br \/>Modalidad:\u00a0Virtual.<br \/>Horas lectivas:\u00a010 horas lectivas.<br \/>Imparte: <span data-sheets-root=\"1\">MTRA. CONCEPCION MARTINEZ CAMACHO<\/span>.<\/p><p><b>Participantes que acreditaron:\u00a0<\/b><\/p><ol><li>ADRIANA CAMPO FLORES<\/li><li>ANTONIO RIGOBERTO MORONES MARISCAL<\/li><li>CARMEN JUAREZ VARGAS<\/li><li>CECILIA DOMINGUEZ ALTAMIRANO<\/li><li>DALIA ADILENE GOMEZ VARGAS<\/li><li>DANNYA DULCE SANCHEZ TLATELPA<\/li><li>DOLORES ALMANZA GARCIA<\/li><li>DOLORES ARGELIA MENDOZA SERRANO<\/li><li>ELOINA ANTONIO AGUILAR<\/li><li>ELOINA VICTORINO NAVA<\/li><li>ELSA PATRICIA LIZARRAGA GARZON<\/li><li>GABRIELA GAITAN CHAMORRO<\/li><li>HAYDEE JASMIN COBOS MARTINEZ<\/li><li>JESSICA ISABEL SALCEDO MORALES<\/li><li>KIANA JOANDALY MANZANILLA DOMINGUEZ.<\/li><li>LORENA MEJIA GARCIA<\/li><li>MARIA ASUNCION HERNANDEZ LIRA<\/li><li>MARIA DE LOURDES VALENCIA CASTELLANOS<\/li><li>MARIA GUADALUPE LIZARRAGA VILLANAZUL<\/li><li>MARIA GUADALUPE VILLALOBOS OROPEZA<\/li><li>MARIA TERESA HERNANDEZ MENDEZ<\/li><li>MARTHA GEORGINA NARCISO BALTIERRA<\/li><li>MARYCARMEN GONZALEZ HUERTA<\/li><li>ROSARIO JOCELYN PEREZ CAPUCHINO<\/li><li>SARA LILIA MARTINEZ PEREZ<\/li><li>SILVIA AGRIPINA ARG\u00dcELLO MENDOZA<\/li><li>VALERIA ASENAT FRANCO CISNEROS<\/li><li>XOCHITL JACINTO MENDEZ<\/li><\/ol>\t\t\t\t\t\t\t\t<\/div>\n\t\t\t\t<\/div>\n\t\t\t\t\t<\/div>\n\t\t<\/div>\n\t\t\t\t\t<\/div>\n\t\t<\/section>\n\t\t\t\t<\/div>\n\t\t","protected":false},"excerpt":{"rendered":"<p>TALLER PEDAG\u00d3GICO APRENDIZAJE DE LA LECTOESCRITURA CON EL M\u00c9TODO SIL\u00c1BICO. Acreditaci\u00f3n de Actividades. Datos Generales: Instituci\u00f3n: Instituto Universitario Antequera de Oaxaca.Clave de Plantel: 20MSY0104Y.Periodo:\u00a0 07 y 08\u00a0 de mayo de 2025 .Modalidad:\u00a0Virtual.Horas lectivas:\u00a010 horas lectivas.Imparte: MTRA. CONCEPCION MARTINEZ CAMACHO. Participantes que acreditaron:\u00a0 ADRIANA CAMPO FLORES ANTONIO RIGOBERTO MORONES MARISCAL CARMEN <a class=\"read-more\" href=\"https:\/\/institutounao.com.mx\/index.php\/ecp25-64-taller-pedagogico-aprendizaje-de-la-lectoescritura-con-el-metodo-silabico\/\">Read More&#8230;<\/a><\/p>\n","protected":false},"author":1,"featured_media":0,"parent":0,"menu_order":0,"comment_status":"closed","ping_status":"closed","template":"","meta":{"_joinchat":[],"footnotes":""},"class_list":["post-10057","page","type-page","status-publish","hentry"],"jetpack_sharing_enabled":true,"_links":{"self":[{"href":"https:\/\/institutounao.com.mx\/index.php\/wp-json\/wp\/v2\/pages\/10057","targetHints":{"allow":["GET"]}}],"collection":[{"href":"https:\/\/institutounao.com.mx\/index.php\/wp-json\/wp\/v2\/pages"}],"about":[{"href":"https:\/\/institutounao.com.mx\/index.php\/wp-json\/wp\/v2\/types\/page"}],"author":[{"embeddable":true,"href":"https:\/\/institutounao.com.mx\/index.php\/wp-json\/wp\/v2\/users\/1"}],"replies":[{"embeddable":true,"href":"https:\/\/institutounao.com.mx\/index.php\/wp-json\/wp\/v2\/comments?post=10057"}],"version-history":[{"count":11,"href":"https:\/\/institutounao.com.mx\/index.php\/wp-json\/wp\/v2\/pages\/10057\/revisions"}],"predecessor-version":[{"id":10198,"href":"https:\/\/institutounao.com.mx\/index.php\/wp-json\/wp\/v2\/pages\/10057\/revisions\/10198"}],"wp:attachment":[{"href":"https:\/\/institutounao.com.mx\/index.php\/wp-json\/wp\/v2\/media?parent=10057"}],"curies":[{"name":"wp","href":"https:\/\/api.w.org\/{rel}","templated":true}]}}